{"id":16285,"date":"2026-04-29T10:15:21","date_gmt":"2026-04-29T07:15:21","guid":{"rendered":"https:\/\/mirekskursii.com\/?post_type=product&#038;p=16285\/"},"modified":"2026-04-29T10:32:47","modified_gmt":"2026-04-29T07:32:47","slug":"antalya-tekne-turu-olympos-phaselis-porto-ceneviz","status":"publish","type":"product","link":"https:\/\/mirekskursii.com\/ekskursii\/morskaya-progulka-iz-antalii-olympos-faselis-porto-dzheneviz\/","title":{"rendered":"Antalya'dan tekne turu - Olympos, Phaselis ve Porto Ceneviz"},"content":{"rendered":"<h3 data-start=\"0\" data-end=\"11\"><span style=\"color: #000000;\"><strong>\ud83c\udff4\u200d\u2620\ufe0f Genel Bak\u0131\u015f<\/strong><\/span><\/h3>\n<p data-start=\"13\" data-end=\"400\">Olimpos ve Porto Genoviz'e yap\u0131lacak bir tekne turuyla Kemer sahil \u015feridinin bozulmam\u0131\u015f g\u00fczelli\u011fini ke\u015ffedin <strong data-start=\"121\" data-end=\"145\">Antalya'dan hareketle<\/strong>. Bu yo\u011fun g\u00fcnl\u00fck gezi sizi Akdeniz'in en g\u00fczel ve tenha koylar\u0131na g\u00f6t\u00fcrecek, y\u00fczme, rahatlama ve muhte\u015fem do\u011fal manzaray\u0131 birle\u015ftirecek. \u015eehrin ko\u015fu\u015fturmas\u0131ndan ka\u00e7mak ve do\u011fan\u0131n tad\u0131n\u0131 \u00e7\u0131karmak isteyenler i\u00e7in ideal bir se\u00e7im.<\/p>\n<h3 data-section-id=\"e3prey\" data-start=\"524\" data-end=\"536\">Dahil:<\/h3>\n<p data-start=\"538\" data-end=\"653\"><span style=\"color: #00ff00;\"><strong>\u2713<\/strong> <\/span>Otelden\/otele transfer (Antalya)<br data-start=\"151\" data-end=\"154\" \/><span style=\"color: #00ff00;\"><strong>\u2713<\/strong> <\/span>K\u0131y\u0131 boyunca tekne turu<br data-start=\"188\" data-end=\"191\" \/><span style=\"color: #00ff00;\"><strong>\u2713<\/strong> <\/span>Sigorta<br data-start=\"204\" data-end=\"207\" \/><span style=\"color: #00ff00;\"><strong>\u2713<\/strong> <\/span>Rehber e\u015fli\u011finde<br data-start=\"227\" data-end=\"230\" \/><span style=\"color: #00ff00;\"><strong>\u2713<\/strong> <\/span>Gemide \u00f6\u011fle yeme\u011fi<\/p>\n<h3 data-section-id=\"447a9u\" data-start=\"660\" data-end=\"675\">Dahil de\u011fil:<\/h3>\n<p data-start=\"677\" data-end=\"705\"><span style=\"color: #ff0000;\"><strong>\u2717<\/strong> <\/span>Foto\u011fraf ve video<br data-start=\"691\" data-end=\"694\" \/><span style=\"color: #ff0000;\"><strong>\u2717<\/strong> <\/span>\u0130\u00e7ecekler<\/p>\n<h3 data-section-id=\"13if1nc\" data-start=\"712\" data-end=\"740\">\ud83c\udf1f Turun \u00d6ne \u00c7\u0131kanlar\u0131<\/h3>\n<p data-start=\"742\" data-end=\"1199\">\ud83d\udd39 Antalya'dan Kemer Marina'ya transfer<br data-start=\"657\" data-end=\"660\" \/>\ud83d\udd39 K\u0131y\u0131 \u015feridi boyunca manzaral\u0131 bir deniz yolculu\u011fu<br data-start=\"709\" data-end=\"712\" \/>\ud83d\udd39 Korsan Ma\u011faras\u0131'nda foto\u011fraf molas\u0131<br data-start=\"743\" data-end=\"746\" \/>\ud83d\udd39 Fazelis Koyu'nda y\u00fczme (tarihi atmosfer)<br data-start=\"797\" data-end=\"800\" \/>\ud83d\udd39 Tekirova Teketa\u015f Koyu'nda y\u00fczme molas\u0131<br data-start=\"849\" data-end=\"852\" \/>\ud83d\udd39 Olympos Koyu'nda serbest zaman ve y\u00fczme<br data-start=\"896\" data-end=\"899\" \/>\ud83d\udd39 Porto Genovis K\u00f6rfezi'nde Y\u00fczme<br data-start=\"932\" data-end=\"935\" \/>\ud83d\udd39 \u00dc\u00e7 Adalar'da panoramik mola (y\u00fczme yok)<br data-start=\"988\" data-end=\"991\" \/>\ud83d\udd39 Kayal\u0131k sahil \u015feridine eri\u015fim sa\u011flayan Alakasu Koyu'nda son durak<\/p>\n<h3 data-section-id=\"hosfhg\" data-start=\"1206\" data-end=\"1226\">\ud83d\udcd6 Tur a\u00e7\u0131klamas\u0131<\/h3>\n<div data-start=\"1081\" data-end=\"1310\">G\u00fcn\u00fcn\u00fcz Antalya'daki otelinizden erken \u00e7\u0131k\u0131\u015f ve Kemer Marina'ya konforlu bir transfer ile ba\u015flar. Var\u0131\u015fta tekneye bineceksiniz ve saat 10:00'da pitoresk sahil \u015feridi boyunca bir deniz yolculu\u011funa \u00e7\u0131kacaks\u0131n\u0131z.<\/div>\n<div data-start=\"1312\" data-end=\"1618\">Limandan ayr\u0131ld\u0131ktan hemen sonra foto\u011fraf molas\u0131 verilen \u00fcnl\u00fc Korsan Ma\u011faras\u0131'n\u0131 ge\u00e7eceksiniz.<br data-start=\"1414\" data-end=\"1417\" \/>Y\u00fczmek i\u00e7in ilk durak, do\u011fa ve antik kal\u0131nt\u0131larla \u00e7evrili Fazelis Koyu'dur. Ard\u0131ndan rota, dinlenmek i\u00e7in ideal, sessiz ve tenha bir yer olan Tekirova Teketa\u015f Koyu'na do\u011fru devam eder.<\/div>\n<div data-start=\"1620\" data-end=\"1802\">Bir sonraki durak, y\u00fczmek ve dinlenmek i\u00e7in serbest zaman\u0131n\u0131z olaca\u011f\u0131 Olympos Koyu'dur. Daha sonra b\u00f6lgenin en temiz ve en g\u00fczel koylar\u0131ndan biri olan Porto Genovis Koyu'na gideceksiniz.<\/div>\n<div data-start=\"1804\" data-end=\"2045\">D\u00f6n\u00fc\u015f yolculu\u011fu \u00dc\u00e7 Adalar'da panoramik bir mola i\u00e7erir (ak\u0131nt\u0131lar nedeniyle y\u00fczmek yasakt\u0131r). Son durak Alakasu Koyu'dur; burada tekne k\u0131y\u0131ya yana\u015farak konuklar\u0131n y\u00fczmesine ve istenirse kayal\u0131k k\u0131y\u0131 \u015feridine eri\u015fmesine olanak tan\u0131r.<\/div>\n<div data-start=\"2047\" data-end=\"2132\">Saat 17:00 civar\u0131nda Kemer Marina'ya d\u00f6n\u00fc\u015f ve ard\u0131ndan Antalya'daki otellere geri transfer.<\/div>\n<h3 data-section-id=\"1onxiod\" data-start=\"2329\" data-end=\"2351\">\ud83d\uddfa\ufe0f Tur Program\u0131<\/h3>\n<p data-start=\"2353\" data-end=\"2825\">\ud83d\udd39 Antalya'daki otellerden koleksiyon<br data-start=\"2181\" data-end=\"2184\" \/>\ud83d\udd39 Kemer Marina'ya transfer<br data-start=\"2211\" data-end=\"2214\" \/>\ud83d\udd39 10:00 - Kalk\u0131\u015f<br data-start=\"2236\" data-end=\"2239\" \/>\ud83d\udd39 Korsan Ma\u011faras\u0131 - foto\u011fraf duraklamas\u0131<br data-start=\"2270\" data-end=\"2273\" \/>\ud83d\udd39 Fazelis Koyu - y\u00fczme (30 dk)<br data-start=\"2308\" data-end=\"2311\" \/>\ud83d\udd39 Tekirova Teketa\u015f Koyu - y\u00fczme (30 dk)<br data-start=\"2355\" data-end=\"2358\" \/>\ud83d\udd39 Olympos Koyu - y\u00fczme ve serbest zaman (45 dakika)<br data-start=\"2411\" data-end=\"2414\" \/>\ud83d\udd39 Porto Genovis Koyu - y\u00fczme (45 dakika)<br data-start=\"2456\" data-end=\"2459\" \/>\ud83d\udd39 \u00dc\u00e7 Adalar - panorama dura\u011f\u0131<br data-start=\"2496\" data-end=\"2499\" \/>\ud83d\udd39 Alakasu Koyu - y\u00fczme, kayal\u0131k k\u0131y\u0131ya eri\u015fim (30 dk)<br data-start=\"2562\" data-end=\"2565\" \/>\ud83d\udd39 17:00 - Kemer Marina'ya d\u00f6n\u00fc\u015f<br data-start=\"2603\" data-end=\"2606\" \/>\ud83d\udd39 Antalya otellerine transfer<\/p>\n<h3 data-section-id=\"3t6hqz\" data-start=\"2832\" data-end=\"2862\">\u2139\ufe0f Turunuzdan \u00f6nce bilmeniz gerekenler<\/h3>\n<p data-start=\"2864\" data-end=\"3153\">\ud83d\udd39 Tur s\u00fcresi: yakla\u015f\u0131k 9-10 saat (transferler dahil)<br data-start=\"2729\" data-end=\"2732\" \/>\ud83d\udd39 Tekne kalk\u0131\u015f saati: 10:00<br data-start=\"2765\" data-end=\"2768\" \/>\ud83d\udd39 T\u00fcm ya\u015f kategorileri i\u00e7in uygundur<br data-start=\"2809\" data-end=\"2812\" \/>\ud83d\udd39 Gemide hafif m\u00fczik ve animasyon ile sakin bir atmosfer<br data-start=\"2872\" data-end=\"2875\" \/>\ud83d\udd39 Program hava ko\u015fullar\u0131na ba\u011fl\u0131 olarak de\u011fi\u015febilir<br data-start=\"2938\" data-end=\"2941\" \/>\ud83d\udd39 Tekne \u00fczerinde tente ve g\u00fcne\u015flenme alanlar\u0131 bulunmaktad\u0131r<\/p>\n<h3 data-section-id=\"x3zyqn\" data-start=\"3160\" data-end=\"3184\">\ud83c\udf92 Yan\u0131n\u0131za ne almal\u0131s\u0131n\u0131z<\/h3>\n<p data-start=\"3186\" data-end=\"3350\">\ud83d\udd39 Mayo ve havlu.<br data-start=\"3210\" data-end=\"3213\" \/>\ud83d\udd39 G\u00fcne\u015f kremi ve g\u00fcne\u015f g\u00f6zl\u00fc\u011f\u00fc<br data-start=\"3242\" data-end=\"3245\" \/>\ud83d\udd39 Ba\u015fl\u0131k<br data-start=\"3261\" data-end=\"3264\" \/>\ud83d\udd39 Su ge\u00e7irmez telefon k\u0131l\u0131f\u0131 veya kamera k\u0131l\u0131f\u0131<br data-start=\"3314\" data-end=\"3317\" \/>\ud83d\udd39 Ki\u015fisel harcamalar i\u00e7in nakit<\/p>\n<h3 data-section-id=\"1ggoctv\" data-start=\"3357\" data-end=\"3380\">\ud83d\udeab Tavsiye edilmez<\/h3>\n<p data-start=\"3382\" data-end=\"3468\">\ud83d\udd39 \u015eiddetli deniz tutmas\u0131na e\u011filimli ki\u015filer<br data-start=\"3426\" data-end=\"3429\" \/>\ud83d\udd39 Hareket kabiliyeti k\u0131s\u0131tl\u0131 misafirler<\/p>\n<h3 data-section-id=\"1qv161v\" data-start=\"3475\" data-end=\"3501\">\ud83d\udcb8 Fiyat ve rezervasyon<\/h3>\n<p data-start=\"3503\" data-end=\"3630\">\ud83d\udd39 \u015eimdi rezervasyon yap\u0131n - tur g\u00fcn\u00fc \u00f6deme<br data-start=\"3544\" data-end=\"3547\" \/>\ud83d\udd39 WhatsApp, Telegram, Viber arac\u0131l\u0131\u011f\u0131yla bize ula\u015f\u0131n veya a\u015fa\u011f\u0131daki formu doldurun \ud83d\udc47\ud83c\udffc<\/p>\n<p data-start=\"3503\" data-end=\"3630\">\ud83d\udd39 Ba\u015fka se\u00e7enekler mi ar\u0131yorsunuz? Daha fazlas\u0131n\u0131 ke\u015ffedin<a href=\"https:\/\/mirekskursii.com\/tr\/kemer-turlari\/\"> Kemer'de geziler.<\/a><\/p>","protected":false},"excerpt":{"rendered":"<p>Antalya'dan en iyi deniz turu: Olympos, Faselis ve Porto Genovis. Berrak koylar, y\u00fczme, \u00f6\u011fle yeme\u011fi ve transferler. \u015eimdi rezervasyon yap\u0131n.<\/p>","protected":false},"featured_media":16279,"comment_status":"open","ping_status":"closed","template":"","meta":[],"product_brand":[],"product_cat":[129,123],"product_tag":[107],"class_list":{"0":"post-16285","1":"product","2":"type-product","3":"status-publish","4":"has-post-thumbnail","6":"tour_phys-ekskursii-v-antalya","7":"product_cat-piratskiy-korabl","8":"product_cat-ekskursii-v-antalya","9":"product_tag-antalya","10":"pa_destination-ekskursii-v-antalya","11":"pa_kategori-piratskii-korable","13":"first","14":"instock","15":"sale","16":"featured","17":"shipping-taxable","18":"purchasable","19":"product-type-tour_phys"},"aioseo_notices":[],"_links":{"self":[{"href":"https:\/\/mirekskursii.com\/tr\/wp-json\/wp\/v2\/product\/16285","targetHints":{"allow":["GET"]}}],"collection":[{"href":"https:\/\/mirekskursii.com\/tr\/wp-json\/wp\/v2\/product"}],"about":[{"href":"https:\/\/mirekskursii.com\/tr\/wp-json\/wp\/v2\/types\/product"}],"replies":[{"embeddable":true,"href":"https:\/\/mirekskursii.com\/tr\/wp-json\/wp\/v2\/comments?post=16285"}],"wp:featuredmedia":[{"embeddable":true,"href":"https:\/\/mirekskursii.com\/tr\/wp-json\/wp\/v2\/media\/16279"}],"wp:attachment":[{"href":"https:\/\/mirekskursii.com\/tr\/wp-json\/wp\/v2\/media?parent=16285"}],"wp:term":[{"taxonomy":"product_brand","embeddable":true,"href":"https:\/\/mirekskursii.com\/tr\/wp-json\/wp\/v2\/product_brand?post=16285"},{"taxonomy":"product_cat","embeddable":true,"href":"https:\/\/mirekskursii.com\/tr\/wp-json\/wp\/v2\/product_cat?post=16285"},{"taxonomy":"product_tag","embeddable":true,"href":"https:\/\/mirekskursii.com\/tr\/wp-json\/wp\/v2\/product_tag?post=16285"}],"curies":[{"name":"wp","href":"https:\/\/api.w.org\/{rel}","templated":true}]}}