{"id":16278,"date":"2026-04-27T20:16:00","date_gmt":"2026-04-27T17:16:00","guid":{"rendered":"https:\/\/mirekskursii.com\/?post_type=product&#038;p=16278\/"},"modified":"2026-04-27T21:55:11","modified_gmt":"2026-04-27T18:55:11","slug":"kemer-tekne-turu-olympos-phaselis-porto-ceneviz","status":"publish","type":"product","link":"https:\/\/mirekskursii.com\/ekskursii\/kemer-morskaya-progulka-olympos-faselis-porto-genoese\/","title":{"rendered":"Kemer\u2019den Tekne Turu \u2014 Olympos, Phaselis ve Porto Ceneviz"},"content":{"rendered":"<h3 data-section-id=\"5u7ami\" data-start=\"117\" data-end=\"132\">\ud83c\udff4\u200d\u2620\ufe0f Genel Bak\u0131\u015f<\/h3>\n<p data-start=\"134\" data-end=\"517\">Kemer'den Olimpos ve Porto Genoviz'e yapaca\u011f\u0131n\u0131z bir tekne turuyla Kemer sahil \u015feridinin bozulmam\u0131\u015f g\u00fczelli\u011fini ke\u015ffedin. Bu aksiyon dolu g\u00fcnl\u00fck gezi sizi Akdeniz'in en g\u00fczel ve tenha koylar\u0131ndan baz\u0131lar\u0131na g\u00f6t\u00fcrecek, y\u00fczme, rahatlama ve muhte\u015fem do\u011fal manzaray\u0131 bir araya getirecektir. Kalabal\u0131k g\u00fczergahlardan uzakta dinlendirici ve otantik bir sahil turu arayanlar i\u00e7in ideal bir se\u00e7im.<\/p>\n<h3 data-section-id=\"e3prey\" data-start=\"524\" data-end=\"536\">Dahil:<\/h3>\n<p data-start=\"538\" data-end=\"653\"><span style=\"color: #00ff00;\"><strong>\u2713<\/strong> <\/span>Otelden\/otele transfer (Kemer)<br data-start=\"151\" data-end=\"154\" \/><span style=\"color: #00ff00;\"><strong>\u2713<\/strong> <\/span>K\u0131y\u0131 boyunca tekne turu<br data-start=\"188\" data-end=\"191\" \/><span style=\"color: #00ff00;\"><strong>\u2713<\/strong> <\/span>Sigorta<br data-start=\"204\" data-end=\"207\" \/><span style=\"color: #00ff00;\"><strong>\u2713<\/strong> <\/span>Rehber e\u015fli\u011finde<br data-start=\"227\" data-end=\"230\" \/><span style=\"color: #00ff00;\"><strong>\u2713<\/strong> <\/span>Gemide \u00f6\u011fle yeme\u011fi<\/p>\n<h3 data-section-id=\"447a9u\" data-start=\"660\" data-end=\"675\">Dahil de\u011fil:<\/h3>\n<p data-start=\"677\" data-end=\"705\"><span style=\"color: #ff0000;\"><strong>\u2717<\/strong> <\/span>Foto\u011fraf ve video<br data-start=\"691\" data-end=\"694\" \/><span style=\"color: #ff0000;\"><strong>\u2717<\/strong> <\/span>\u0130\u00e7ecekler<\/p>\n<h3 data-section-id=\"13if1nc\" data-start=\"712\" data-end=\"740\">\ud83c\udf1f Turun \u00d6ne \u00c7\u0131kanlar\u0131<\/h3>\n<p data-start=\"742\" data-end=\"1199\">\ud83d\udd39 Pitoresk sahil \u015feridi boyunca Kemer Marina'dan hareket<br data-start=\"801\" data-end=\"804\" \/>\ud83d\udd39 Korsan Ma\u011faras\u0131'nda foto\u011fraf molas\u0131<br data-start=\"835\" data-end=\"838\" \/>\ud83d\udd39 Fazelis Koyu'nda y\u00fczme (tarihi atmosfer)<br data-start=\"889\" data-end=\"892\" \/>\ud83d\udd39 Tekirova Teketa\u015f Koyu'nda y\u00fczme molas\u0131<br data-start=\"941\" data-end=\"944\" \/>\ud83d\udd39 Olympos Koyu'nda serbest zaman ve y\u00fczme<br data-start=\"988\" data-end=\"991\" \/>\ud83d\udd39 Porto Genovis K\u00f6rfezi'nde Y\u00fczme<br data-start=\"1024\" data-end=\"1027\" \/>\ud83d\udd39 \u00dc\u00e7 Adalar'da panoramik mola (y\u00fczme yok)<br data-start=\"1080\" data-end=\"1083\" \/>\ud83d\udd39 Kayal\u0131k sahil \u015feridine eri\u015fim sa\u011flayan Alakasu Koyu'nda son durak<br data-start=\"1151\" data-end=\"1154\" \/>\ud83d\udd39 G\u00fcr\u00fclt\u00fcl\u00fc partilerin olmad\u0131\u011f\u0131 sakin bir atmosfer<\/p>\n<h3 data-section-id=\"hosfhg\" data-start=\"1206\" data-end=\"1226\">\ud83d\udcd6 Tur a\u00e7\u0131klamas\u0131<\/h3>\n<div data-start=\"1228\" data-end=\"1456\">G\u00fcn\u00fcn\u00fcz Kemer ve \u00e7evresindeki otelinizden konforlu bir transfer ve ard\u0131ndan Kemer Marina'ya k\u0131sa bir yolculukla ba\u015flar. Saat 10:00'da teknenize binecek ve pitoresk sahil \u015feridi boyunca yolculu\u011funuza ba\u015flayacaks\u0131n\u0131z.<\/div>\n<div data-start=\"1458\" data-end=\"1560\">Limandan ayr\u0131ld\u0131ktan hemen sonra foto\u011fraf molas\u0131 verilen \u00fcnl\u00fc Korsan Ma\u011faras\u0131'n\u0131 ge\u00e7eceksiniz.<\/div>\n<div data-start=\"1562\" data-end=\"1783\">Y\u00fczmek i\u00e7in ilk durak, do\u011fa ve tarihi kal\u0131nt\u0131larla \u00e7evrili Fazelis Koyu'dur. Rota daha sonra dinlenmek ve y\u00fczmek i\u00e7in ideal, daha sessiz ve tenha bir yer olan Tekirova Teketa\u015f Koyu'na devam ediyor.<\/div>\n<div data-start=\"1785\" data-end=\"2010\">Ard\u0131ndan, e\u015fsiz bir do\u011fal ortamda serbest zaman\u0131n ve y\u00fczmenin tad\u0131n\u0131 \u00e7\u0131karabilece\u011finiz Olympos Koyu'nu ziyaret edeceksiniz. Daha sonra tekne, b\u00f6lgenin en temiz ve en sakin koylar\u0131ndan biri olan Porto Genovis Koyu'na do\u011fru yol alacak.<\/div>\n<div data-start=\"2012\" data-end=\"2243\">D\u00f6n\u00fc\u015f yolculu\u011fu \u00dc\u00e7 Adalar'da panoramik bir mola i\u00e7erir (ak\u0131nt\u0131lar nedeniyle y\u00fczmek yasakt\u0131r). Son durak Alakasu Koyu'dur; burada tekne k\u0131y\u0131ya yana\u015farak konuklar\u0131n y\u00fczmesine ve istenirse kayal\u0131k k\u0131y\u0131ya \u00e7\u0131kmas\u0131na izin verir.<\/div>\n<div data-start=\"2245\" data-end=\"2322\">Saat 17:00 civar\u0131nda Kemer Marina'ya d\u00f6n\u00fc\u015f ve ard\u0131ndan otellere geri transfer.<\/div>\n<h3 data-section-id=\"1onxiod\" data-start=\"2329\" data-end=\"2351\">\ud83d\uddfa\ufe0f Tur Program\u0131<\/h3>\n<p data-start=\"2353\" data-end=\"2825\">\ud83d\udd39 Kemer'deki otellerden koleksiyon<br data-start=\"2379\" data-end=\"2382\" \/>\ud83d\udd39 Kemer Marina'ya transfer<br data-start=\"2409\" data-end=\"2412\" \/>\ud83d\udd39 10:00 - Kalk\u0131\u015f<br data-start=\"2434\" data-end=\"2437\" \/>\ud83d\udd39 Korsan Ma\u011faras\u0131 - foto\u011fraf duraklamas\u0131<br data-start=\"2468\" data-end=\"2471\" \/>\ud83d\udd39 Fazelis Koyu - y\u00fczme (30 dk)<br data-start=\"2506\" data-end=\"2509\" \/>\ud83d\udd39 Tekirova Teketa\u015f Koyu - y\u00fczme (30 dk)<br data-start=\"2553\" data-end=\"2556\" \/>\ud83d\udd39 Olympos Koyu - y\u00fczme ve serbest zaman (45 dakika)<br data-start=\"2609\" data-end=\"2612\" \/>\ud83d\udd39 Porto Genovis Koyu - y\u00fczme (45 dakika)<br data-start=\"2654\" data-end=\"2657\" \/>\ud83d\udd39 \u00dc\u00e7 Adalar - panorama dura\u011f\u0131<br data-start=\"2694\" data-end=\"2697\" \/>\ud83d\udd39 Alakasu Koyu - y\u00fczme, kayal\u0131k k\u0131y\u0131ya eri\u015fim (30 dk)<br data-start=\"2760\" data-end=\"2763\" \/>\ud83d\udd39 17:00 - Kemer Marina'ya d\u00f6n\u00fc\u015f<br data-start=\"2801\" data-end=\"2804\" \/>\ud83d\udd39 Otellere transfer<\/p>\n<h3 data-section-id=\"3t6hqz\" data-start=\"2832\" data-end=\"2862\">\u2139\ufe0f Turunuzdan \u00f6nce bilmeniz gerekenler<\/h3>\n<p data-start=\"2864\" data-end=\"3153\">\ud83d\udd39 Tur s\u00fcresi: yakla\u015f\u0131k 7-8 saat<br data-start=\"2906\" data-end=\"2909\" \/>\ud83d\udd39 Kalk\u0131\u015f saati: 10:00<br data-start=\"2936\" data-end=\"2939\" \/>\ud83d\udd39 T\u00fcm ya\u015f kategorileri i\u00e7in uygundur<br data-start=\"2980\" data-end=\"2983\" \/>\ud83d\udd39 Gemide hafif m\u00fczik ve animasyon ile sakin bir atmosfer<br data-start=\"3043\" data-end=\"3046\" \/>\ud83d\udd39 Program hava ko\u015fullar\u0131na ba\u011fl\u0131 olarak de\u011fi\u015febilir<br data-start=\"3109\" data-end=\"3112\" \/>\ud83d\udd39 Tekne \u00fczerinde tente ve g\u00fcne\u015flenme alanlar\u0131 bulunmaktad\u0131r<\/p>\n<h3 data-section-id=\"x3zyqn\" data-start=\"3160\" data-end=\"3184\">\ud83c\udf92 Yan\u0131n\u0131za ne almal\u0131s\u0131n\u0131z<\/h3>\n<p data-start=\"3186\" data-end=\"3350\">\ud83d\udd39 Mayo ve havlu.<br data-start=\"3210\" data-end=\"3213\" \/>\ud83d\udd39 G\u00fcne\u015f kremi ve g\u00fcne\u015f g\u00f6zl\u00fc\u011f\u00fc<br data-start=\"3242\" data-end=\"3245\" \/>\ud83d\udd39 Ba\u015fl\u0131k<br data-start=\"3261\" data-end=\"3264\" \/>\ud83d\udd39 Su ge\u00e7irmez telefon k\u0131l\u0131f\u0131 veya kamera k\u0131l\u0131f\u0131<br data-start=\"3314\" data-end=\"3317\" \/>\ud83d\udd39 Ki\u015fisel harcamalar i\u00e7in nakit<\/p>\n<h3 data-section-id=\"1ggoctv\" data-start=\"3357\" data-end=\"3380\">\ud83d\udeab Tavsiye edilmez<\/h3>\n<p data-start=\"3382\" data-end=\"3468\">\ud83d\udd39 \u015eiddetli deniz tutmas\u0131na e\u011filimli ki\u015filer<br data-start=\"3426\" data-end=\"3429\" \/>\ud83d\udd39 Hareket kabiliyeti k\u0131s\u0131tl\u0131 misafirler<\/p>\n<h3 data-section-id=\"1qv161v\" data-start=\"3475\" data-end=\"3501\">\ud83d\udcb8 Fiyat ve rezervasyon<\/h3>\n<p data-start=\"3503\" data-end=\"3630\">\ud83d\udd39 \u015eimdi rezervasyon yap\u0131n - tur g\u00fcn\u00fc \u00f6deme<br data-start=\"3544\" data-end=\"3547\" \/>\ud83d\udd39 WhatsApp, Telegram, Viber arac\u0131l\u0131\u011f\u0131yla bize ula\u015f\u0131n veya a\u015fa\u011f\u0131daki formu doldurun \ud83d\udc47\ud83c\udffc<\/p>\n<p data-start=\"3503\" data-end=\"3630\">\ud83d\udd39 Ba\u015fka se\u00e7enekler mi ar\u0131yorsunuz? Daha fazlas\u0131n\u0131 ke\u015ffedin<a href=\"https:\/\/mirekskursii.com\/tr\/kemer-turlari\/\"> Kemer'de geziler.<\/a><\/p>","protected":false},"excerpt":{"rendered":"<p>Kemer'den Olympos, Faselis ve Porto Genovis'e tekne turu. Y\u00fczme, pitoresk koylar ve Akdeniz'de rahatlama. Online rezervasyon yap\u0131n.<\/p>","protected":false},"featured_media":16279,"comment_status":"open","ping_status":"closed","template":"","meta":[],"product_brand":[],"product_cat":[122],"product_tag":[105],"class_list":{"0":"post-16278","1":"product","2":"type-product","3":"status-publish","4":"has-post-thumbnail","6":"tour_phys-piratskii-korable","7":"tour_phys-ekskursii-v-kemer","8":"product_cat-ekskursii-v-kemer","9":"product_tag-kemer","10":"pa_destination-ekskursii-v-kemer","11":"pa_kategori-piratskii-korable","13":"first","14":"instock","15":"sale","16":"featured","17":"shipping-taxable","18":"purchasable","19":"product-type-tour_phys"},"aioseo_notices":[],"_links":{"self":[{"href":"https:\/\/mirekskursii.com\/tr\/wp-json\/wp\/v2\/product\/16278","targetHints":{"allow":["GET"]}}],"collection":[{"href":"https:\/\/mirekskursii.com\/tr\/wp-json\/wp\/v2\/product"}],"about":[{"href":"https:\/\/mirekskursii.com\/tr\/wp-json\/wp\/v2\/types\/product"}],"replies":[{"embeddable":true,"href":"https:\/\/mirekskursii.com\/tr\/wp-json\/wp\/v2\/comments?post=16278"}],"wp:featuredmedia":[{"embeddable":true,"href":"https:\/\/mirekskursii.com\/tr\/wp-json\/wp\/v2\/media\/16279"}],"wp:attachment":[{"href":"https:\/\/mirekskursii.com\/tr\/wp-json\/wp\/v2\/media?parent=16278"}],"wp:term":[{"taxonomy":"product_brand","embeddable":true,"href":"https:\/\/mirekskursii.com\/tr\/wp-json\/wp\/v2\/product_brand?post=16278"},{"taxonomy":"product_cat","embeddable":true,"href":"https:\/\/mirekskursii.com\/tr\/wp-json\/wp\/v2\/product_cat?post=16278"},{"taxonomy":"product_tag","embeddable":true,"href":"https:\/\/mirekskursii.com\/tr\/wp-json\/wp\/v2\/product_tag?post=16278"}],"curies":[{"name":"wp","href":"https:\/\/api.w.org\/{rel}","templated":true}]}}