{"id":16273,"date":"2026-04-23T14:39:00","date_gmt":"2026-04-23T11:39:00","guid":{"rendered":"https:\/\/mirekskursii.com\/?post_type=product&#038;p=16273\/"},"modified":"2026-04-23T14:54:05","modified_gmt":"2026-04-23T11:54:05","slug":"kas-kaputas-plaji-antalya","status":"publish","type":"product","link":"https:\/\/mirekskursii.com\/ekskursii\/kash-kaputash-plyazh-iz-antalii\/","title":{"rendered":"Ka\u015f &amp; Kaputa\u015f Plaj\u0131 Turu Antalya\u2019dan"},"content":{"rendered":"<p data-start=\"125\" data-end=\"482\">T\u00fcrkiye'nin g\u00fcney sahil \u015feridinin en g\u00fczel b\u00f6lgelerini ke\u015ffederek unutulmaz bir g\u00fcn ge\u00e7irin! T\u00fcrkiye'den <span class=\"hover:entity-accent entity-underline inline cursor-pointer align-baseline\"><span class=\"whitespace-normal\">Antalya<\/span><\/span>, B\u00fcy\u00fcleyici Ka\u015f kasabas\u0131n\u0131 ziyaret edecek, Kalkan'\u0131n \u015firin sokaklar\u0131nda dola\u015facak ve \u00fcnl\u00fc Kaputa\u015f plaj\u0131n\u0131n kristal berrakl\u0131\u011f\u0131ndaki turkuaz sular\u0131nda y\u00fczeceksiniz. Bu tur do\u011fa, tarih ve deniz kenar\u0131nda dinlendirici bir tatili m\u00fckemmel bir \u015fekilde birle\u015ftiriyor.<\/p>\n<h3 dir=\"ltr\">Dahil<\/h3>\n<div dir=\"ltr\"><span style=\"color: #00ff00;\"><strong>\u2713<\/strong><\/span> Otel transferi<br \/>\n<span style=\"color: #00ff00;\"><strong>\u2713 <\/strong><\/span>Rus\u00e7a konu\u015fan rehber<\/div>\n<div dir=\"ltr\"><span style=\"color: #00ff00;\"><strong>\u2713 <\/strong><\/span>Caputas plaj\u0131na giri\u015f bileti<\/div>\n<div dir=\"ltr\"><span style=\"color: #00ff00;\"><strong>\u2713\u00a0<\/strong><\/span>Kraliyet Mezar\u0131 Ziyareti<\/div>\n<div dir=\"ltr\"><span style=\"color: #00ff00;\"><strong>\u2713 <\/strong><\/span>Antik tiyatro ziyareti<\/div>\n<div dir=\"ltr\"><span style=\"color: #00ff00;\"><strong>\u2713 <\/strong><\/span>Sigorta<\/div>\n<div dir=\"ltr\"><span style=\"color: #00ff00;\"><strong>\u2713 <\/strong><\/span>\u00d6\u011fle Yeme\u011fi<\/div>\n<h3 dir=\"ltr\">Dahil de\u011fildir<\/h3>\n<div dir=\"ltr\"><span style=\"color: #ff0000;\"><strong>\u2717<\/strong><\/span> \u0130\u00e7ecekler<br \/>\n<span style=\"color: #ff0000;\"><strong>\u2717 <\/strong><\/span>Ki\u015fisel harcamalar<\/div>\n<h3 data-section-id=\"rs9q4m\" data-start=\"748\" data-end=\"780\"><span role=\"text\"><strong data-start=\"752\" data-end=\"780\">\ud83c\udf1f Turun \u00f6ne \u00e7\u0131kan \u00f6zellikleri<\/strong><\/span><\/h3>\n<p data-start=\"782\" data-end=\"1049\">\ud83d\udd39 Akdeniz k\u0131y\u0131 \u015feridi boyunca do\u011fal bir s\u00fcr\u00fc\u015f<br data-start=\"837\" data-end=\"840\" \/>\ud83d\udd39 Mace Adas\u0131 manzaral\u0131 panoramik durak<br data-start=\"886\" data-end=\"889\" \/>\ud83d\udd39 Cacha'da 2-3 saat serbest zaman<br data-start=\"926\" data-end=\"929\" \/>\ud83d\udd39 Kaputa\u015f plaj\u0131nda y\u00fczme ve rahatlama (2-2,5 saat)<br data-start=\"977\" data-end=\"980\" \/>\ud83d\udd39 Kalkan'\u0131n \u015firin sokaklar\u0131nda bir y\u00fcr\u00fcy\u00fc\u015f<br data-start=\"1017\" data-end=\"1020\" \/>\ud83d\udd39 Yerel bir restoranda \u00f6\u011fle yeme\u011fi<\/p>\n<h3 data-section-id=\"jnlkbd\" data-start=\"1056\" data-end=\"1082\"><span role=\"text\"><strong data-start=\"1060\" data-end=\"1082\">\ud83d\udcd6 Tam a\u00e7\u0131klama<\/strong><\/span><\/h3>\n<div data-start=\"1084\" data-end=\"1271\">G\u00fcn\u00fcn\u00fcz Antalya'daki otellerinizden konforlu bir transfer ve Akdeniz k\u0131y\u0131s\u0131 boyunca do\u011fal bir s\u00fcr\u00fc\u015f ile ba\u015flar. Yol boyunca dinlenmek ve foto\u011fraf \u00e7ekmek i\u00e7in k\u0131sa bir mola verilecektir.<\/div>\n<div data-start=\"1273\" data-end=\"1539\">\u0130lk durak, Yunan adas\u0131 Meis'e bakan ve muhte\u015fem manzaralar sunan panoramik bir bak\u0131\u015f a\u00e7\u0131s\u0131d\u0131r. Daha sonra dar sokaklar\u0131, \u00e7i\u00e7ekli balkonlar\u0131, antik kal\u0131nt\u0131lar\u0131 ve sakin atmosferiyle bilinen atmosferik bir sahil kasabas\u0131 olan Kash'a gideceksiniz.<\/div>\n<div data-start=\"1541\" data-end=\"1688\">\u015eehre k\u0131sa bir giri\u015f yapt\u0131ktan sonra, etrafta dola\u015fmak, foto\u011fraf \u00e7ekmek, al\u0131\u015fveri\u015f yapmak ve yerel bir restoranda \u00f6\u011fle yeme\u011fi yemek i\u00e7in yakla\u015f\u0131k 2-3 saat serbest zaman\u0131n\u0131z olacak.<\/div>\n<div data-start=\"1690\" data-end=\"1867\">Daha sonra T\u00fcrkiye'nin en g\u00fczel plajlar\u0131ndan biri olan Kaputa\u015f plaj\u0131na gideceksiniz. Burada 2-2,5 saat dinleneceksiniz: berrak suda y\u00fczmek, g\u00fcne\u015flenmek ve do\u011fan\u0131n tad\u0131n\u0131 \u00e7\u0131karmak.<\/div>\n<div data-start=\"1869\" data-end=\"1924\">Yo\u011fun bir g\u00fcn\u00fcn ard\u0131ndan Antalya'ya geri d\u00f6neceksiniz.<\/div>\n<h3 data-section-id=\"cbi7v1\" data-start=\"1931\" data-end=\"1957\"><span role=\"text\"><strong data-start=\"1935\" data-end=\"1957\">\ud83d\uddfa\ufe0f Tur Program\u0131<\/strong><\/span><\/h3>\n<p data-start=\"1959\" data-end=\"2318\">\ud83d\udd39 Antalya'daki otellerden saat 07:00 civar\u0131nda hareket.<br data-start=\"1999\" data-end=\"2002\" \/>\ud83d\udd39 Teknoloji dura\u011f\u0131 olan manzaral\u0131 bir s\u00fcr\u00fc\u015f<br data-start=\"2048\" data-end=\"2051\" \/>\ud83d\udd39 Mace Adas\u0131'nda panoramik mola<br data-start=\"2089\" data-end=\"2092\" \/>\ud83d\udd39 Ka\u015f'a var\u0131\u015f ve \u015fehir turu<br data-start=\"2129\" data-end=\"2132\" \/>\ud83d\udd39 2-3 saat bo\u015f zaman (\u00f6\u011fle yeme\u011fi, y\u00fcr\u00fcy\u00fc\u015fler)<br data-start=\"2179\" data-end=\"2182\" \/>\ud83d\udd39 Kaputa\u015f plaj\u0131na transfer<br data-start=\"2208\" data-end=\"2211\" \/>\ud83d\udd39 Dinlenme ve banyo (2-2,5 saat)<br data-start=\"2242\" data-end=\"2245\" \/>\ud83d\udd39 Saat 16:00 civar\u0131nda kalk\u0131\u015f.<br data-start=\"2265\" data-end=\"2268\" \/>\ud83d\udd39 19:30-20:30 civar\u0131nda Antalya otellerine d\u00f6n\u00fc\u015f<\/p>\n<h3 data-section-id=\"p4lwpn\" data-start=\"2325\" data-end=\"2359\"><span role=\"text\"><strong data-start=\"2329\" data-end=\"2359\">\u2139\ufe0f Turunuzdan \u00f6nce bilmeniz gerekenler<\/strong><\/span><\/h3>\n<p data-start=\"2361\" data-end=\"2589\">\ud83d\udd39 Tur s\u00fcresi: yakla\u015f\u0131k 12-13 saat<br data-start=\"2405\" data-end=\"2408\" \/>\ud83d\udd39 Tur k\u00fc\u00e7\u00fck gruplar halinde ger\u00e7ekle\u015ftirilir<br data-start=\"2445\" data-end=\"2448\" \/>\ud83d\udd39 \u00d6\u011fle yeme\u011fi dahildir (i\u00e7ecekler ayr\u0131ca \u00fccretlendirilir)<br data-start=\"2495\" data-end=\"2498\" \/>\ud83d\udd39 Kasha'da \u00e7ok say\u0131da kafe ve restoran var<br data-start=\"2531\" data-end=\"2534\" \/>\ud83d\udd39 Ayr\u0131 bir yeri olmayan \u00e7ocuklar ebeveynleriyle birlikte konaklamaktad\u0131r<\/p>\n<h3 data-section-id=\"6zzbxb\" data-start=\"2596\" data-end=\"2624\"><span role=\"text\"><strong data-start=\"2600\" data-end=\"2624\">\ud83c\udf92 Yan\u0131n\u0131za ne almal\u0131s\u0131n\u0131z<\/strong><\/span><\/h3>\n<p data-start=\"2626\" data-end=\"2772\">\ud83d\udd39 Mayo ve havlu.<br data-start=\"2650\" data-end=\"2653\" \/>\ud83d\udd39 Rahat k\u0131yafetler ve ayakkab\u0131lar<br data-start=\"2678\" data-end=\"2681\" \/>\ud83d\udd39 G\u00fcne\u015f kremi, g\u00fcne\u015f g\u00f6zl\u00fc\u011f\u00fc ve \u015fapka<br data-start=\"2725\" data-end=\"2728\" \/>\ud83d\udd39 \u0130\u00e7ecekler ve ki\u015fisel harcamalar i\u00e7in nakit<\/p>\n<h3 data-section-id=\"56qb8z\" data-start=\"2779\" data-end=\"2806\"><span role=\"text\"><strong data-start=\"2783\" data-end=\"2806\">\ud83d\udeab Tavsiye edilmez<\/strong><\/span><\/h3>\n<p data-start=\"2808\" data-end=\"2900\">\ud83d\udd39 Hareket kabiliyeti k\u0131s\u0131tl\u0131 misafirler<br data-start=\"2845\" data-end=\"2848\" \/>\ud83d\udd39 K\u00fc\u00e7\u00fck \u00e7ocuklar ve bebekler (uzun yolculuk)<\/p>\n<h3 data-start=\"2638\" data-end=\"2660\">\ud83d\udcb8 Fiyat ve rezervasyon<\/h3>\n<div data-start=\"2662\" data-end=\"2894\"><strong>\ud83d\udd39 \u015eimdi rezervasyon yap\u0131n - tur g\u00fcn\u00fc \u00f6deme yap\u0131n<\/strong><\/div>\n<div data-start=\"2662\" data-end=\"2894\">\ud83d\udd39 WhatsApp, Telegram, Viber \u00fczerinden bize ula\u015f\u0131n veya a\u015fa\u011f\u0131daki sipari\u015f formunu doldurun. \ud83d\udc47\ud83c\udffc<\/div>","protected":false},"excerpt":{"rendered":"<p>Antalya'dan Ka\u015f ve Kaputa\u015f Plaj\u0131 gezisi: do\u011fal manzaralar, Ka\u015f'ta serbest zaman ve T\u00fcrkiye'nin en g\u00fczel plajlar\u0131ndan birinde dinlenin.<\/p>","protected":false},"featured_media":13695,"comment_status":"open","ping_status":"closed","template":"","meta":[],"product_brand":[],"product_cat":[123],"product_tag":[107],"class_list":{"0":"post-16273","1":"product","2":"type-product","3":"status-publish","4":"has-post-thumbnail","6":"tour_phys-ekskursii-v-antalya","7":"product_cat-ekskursii-v-antalya","8":"product_tag-antalya","9":"pa_destination-ekskursii-v-antalya","11":"first","12":"instock","13":"sale","14":"shipping-taxable","15":"purchasable","16":"product-type-tour_phys"},"aioseo_notices":[],"_links":{"self":[{"href":"https:\/\/mirekskursii.com\/tr\/wp-json\/wp\/v2\/product\/16273","targetHints":{"allow":["GET"]}}],"collection":[{"href":"https:\/\/mirekskursii.com\/tr\/wp-json\/wp\/v2\/product"}],"about":[{"href":"https:\/\/mirekskursii.com\/tr\/wp-json\/wp\/v2\/types\/product"}],"replies":[{"embeddable":true,"href":"https:\/\/mirekskursii.com\/tr\/wp-json\/wp\/v2\/comments?post=16273"}],"wp:featuredmedia":[{"embeddable":true,"href":"https:\/\/mirekskursii.com\/tr\/wp-json\/wp\/v2\/media\/13695"}],"wp:attachment":[{"href":"https:\/\/mirekskursii.com\/tr\/wp-json\/wp\/v2\/media?parent=16273"}],"wp:term":[{"taxonomy":"product_brand","embeddable":true,"href":"https:\/\/mirekskursii.com\/tr\/wp-json\/wp\/v2\/product_brand?post=16273"},{"taxonomy":"product_cat","embeddable":true,"href":"https:\/\/mirekskursii.com\/tr\/wp-json\/wp\/v2\/product_cat?post=16273"},{"taxonomy":"product_tag","embeddable":true,"href":"https:\/\/mirekskursii.com\/tr\/wp-json\/wp\/v2\/product_tag?post=16273"}],"curies":[{"name":"wp","href":"https:\/\/api.w.org\/{rel}","templated":true}]}}