{"id":16216,"date":"2026-04-04T16:31:52","date_gmt":"2026-04-04T13:31:52","guid":{"rendered":"https:\/\/mirekskursii.com\/?post_type=product&#038;p=16216\/"},"modified":"2026-04-04T17:35:11","modified_gmt":"2026-04-04T14:35:11","slug":"ozel-yat-kiralama-side","status":"publish","type":"product","link":"https:\/\/mirekskursii.com\/ekskursii\/arenda-yacht-v-side\/","title":{"rendered":"Side\u2019de \u00d6zel Yat Kiralama \u2013 L\u00fcks Motor Yat"},"content":{"rendered":"<h3 data-section-id=\"1bsl9ka\" data-start=\"157\" data-end=\"170\">\ud83c\udfd9\ufe0f Genel Bak\u0131\u015f<\/h3>\n<div data-start=\"171\" data-end=\"461\">L\u00fcks bir \u00f6zel yat gezisine \u00e7\u0131k\u0131n <strong data-start=\"217\" data-end=\"253\">Ay I\u015f\u0131\u011f\u0131 - Fairline Squadron 55<\/strong>, Side k\u0131y\u0131lar\u0131 ve Manavgat Nehri boyunca birinci s\u0131n\u0131f tatiller sunuyor. \u00c7iftler, aileler ve k\u00fc\u00e7\u00fck gruplar i\u00e7in ideal olan bu zarif motor yat, ferahl\u0131k, konfor ve \u00fcst d\u00fczey hizmeti bir araya getiriyor.<\/div>\n<div data-start=\"463\" data-end=\"607\">Pitoresk deniz manzaralar\u0131n\u0131n, kristal berrakl\u0131\u011f\u0131ndaki sularda y\u00fczmenin ve kap\u0131dan kap\u0131ya transferlerle tam bir mahremiyet atmosferinin tad\u0131n\u0131 \u00e7\u0131kar\u0131n.<\/div>\n<h3 data-start=\"1002\" data-end=\"1014\">Dahil:<\/h3>\n<div data-start=\"1015\" data-end=\"1369\"><span style=\"color: #00ff00;\"><strong>\u2713<\/strong> <\/span>Otelden ve otele transfer<\/div>\n<div data-start=\"1015\" data-end=\"1369\"><span style=\"color: #00ff00;\"><strong>\u2713<\/strong> <\/span>\u00d6zel yat kiralama (12 ki\u015fiye kadar)<br data-start=\"1051\" data-end=\"1054\" \/><span style=\"color: #00ff00;\"><strong>\u2713<\/strong> <\/span>Profesyonel kaptan ve m\u00fcrettebat<br data-start=\"1131\" data-end=\"1134\" \/><span style=\"color: #00ff00;\"><strong>\u2713<\/strong> <\/span>Barbek\u00fc \u00f6\u011fle veya ak\u015fam yeme\u011fi (bal\u0131k \/ tavuk \/ k\u00f6fte)<br data-start=\"1179\" data-end=\"1182\" \/><span style=\"color: #00ff00;\"><strong>\u2713<\/strong> <\/span>Makarna, pilav ve mevsim meyveleri<br data-start=\"1212\" data-end=\"1215\" \/><span style=\"color: #00ff00;\"><strong>\u2713<\/strong> <\/span>4 \u00e7e\u015fit meze ve 2 \u00e7e\u015fit salata<br data-start=\"1247\" data-end=\"1250\" \/><span style=\"color: #00ff00;\"><strong>\u2713<\/strong> <\/span>S\u0131n\u0131rs\u0131z alkols\u00fcz i\u00e7ecek<br data-start=\"1286\" data-end=\"1289\" \/><span style=\"color: #00ff00;\"><strong>\u2713<\/strong> <\/span>Gemide \u00fccretsiz Wi-Fi<br data-start=\"1316\" data-end=\"1319\" \/><span style=\"color: #00ff00;\"><strong>\u2713<\/strong> <\/span>SUP board, \u015fnorkel ve bal\u0131k\u00e7\u0131l\u0131k ekipmanlar\u0131<\/div>\n<h3 data-start=\"1371\" data-end=\"1386\">Dahil de\u011fil:<\/h3>\n<p data-start=\"1387\" data-end=\"1534\"><span style=\"color: #ff0000;\"><strong>\u2717<\/strong> <\/span>Alkoll\u00fc i\u00e7ecekler\u00a0<br data-start=\"1469\" data-end=\"1472\" \/><span style=\"color: #ff0000;\"><strong>\u2717<\/strong> <\/span>Dondurma<br data-start=\"1483\" data-end=\"1486\" \/><span style=\"color: #ff0000;\"><strong>\u2717<\/strong> <\/span>Ki\u015fiselle\u015ftirilmi\u015f s\u00fcsleme ve do\u011fum g\u00fcn\u00fc pastas\u0131<\/p>\n<h3 data-section-id=\"109yyjv\" data-start=\"1005\" data-end=\"1032\">\ud83c\udf1f Turun \u00d6ne \u00c7\u0131kanlar\u0131<\/h3>\n<p data-start=\"1033\" data-end=\"1367\">\ud83d\udd39 L\u00fcks yat Fairline Squadron 55 (refit 2025)<br data-start=\"1089\" data-end=\"1092\" \/>\ud83d\udd39 Side sahili ve Manavgat Nehri boyunca rota<br data-start=\"1139\" data-end=\"1142\" \/>\ud83d\udd39 G\u00fcne\u015flenme ve dinlenme alanlar\u0131 i\u00e7in geni\u015f g\u00fcverte<br data-start=\"1187\" data-end=\"1190\" \/>\ud83d\udd39 Gemide 3 banyo ve y\u00fcksek d\u00fczeyde konfor<br data-start=\"1245\" data-end=\"1248\" \/>\ud83d\udd39 Premium ekipman: Wi-Fi, ses sistemi, barbek\u00fc<br data-start=\"1305\" data-end=\"1308\" \/>\ud83d\udd39 VIP tatiller ve \u00f6zel etkinlikler i\u00e7in ideal<\/p>\n<h3 data-section-id=\"to7klh\" data-start=\"1374\" data-end=\"1394\">\ud83d\udee5 Yat\u0131n tan\u0131m\u0131<\/h3>\n<p data-start=\"1395\" data-end=\"1608\">yat <strong data-start=\"1400\" data-end=\"1413\">Ay I\u015f\u0131\u011f\u0131<\/strong> - stil, konfor ve i\u015flevselli\u011fin bir kombinasyonudur. Gemide 2 ana kabin ve 1 ek kabinin yan\u0131 s\u0131ra misafirler i\u00e7in maksimum rahatl\u0131k sa\u011flayan 3 banyo bulunmaktad\u0131r.<\/p>\n<p data-start=\"1610\" data-end=\"1758\">Geni\u015f g\u00fcne\u015flenme g\u00fcvertesi, konforlu y\u00fczme merdiveni, deniz yata\u011f\u0131 ve son teknoloji ses sistemi m\u00fckemmel bir deniz tatili deneyimi yarat\u0131r.<\/p>\n<p data-start=\"1760\" data-end=\"1899\">Konuklar y\u00fczmenin, g\u00fcne\u015fte veya g\u00f6lgede uzanman\u0131n keyfini \u00e7\u0131karabilir, \u015fnorkelli y\u00fczme ekipmanlar\u0131n\u0131 ve su aktivitelerini kullanabilirler.<\/p>\n<h3 data-section-id=\"1onxiod\" data-start=\"1906\" data-end=\"1928\">\ud83d\uddfa\ufe0f Tur Program\u0131<\/h3>\n<p data-start=\"1929\" data-end=\"2201\">\ud83d\udd39 Otelden bireysel transfer<br data-start=\"1964\" data-end=\"1967\" \/>\ud83d\udd39 Side Liman\u0131 \/ Manavgat Irma\u011f\u0131'ndan Hareket<br data-start=\"2011\" data-end=\"2014\" \/>\ud83d\udd39 K\u0131y\u0131 boyunca yolculuk<br data-start=\"2038\" data-end=\"2041\" \/>\ud83d\udd39 A\u00e7\u0131k deniz ve koylarda y\u00fczme duraklar\u0131<br data-start=\"2090\" data-end=\"2093\" \/>\ud83d\udd39 Gemide dinlenme ve e\u011flence i\u00e7in serbest zaman<br data-start=\"2145\" data-end=\"2148\" \/>\ud83d\udd39 Limana geri d\u00f6n\u00fcn<br data-start=\"2169\" data-end=\"2172\" \/>\ud83d\udd39 Otele geri transfer<\/p>\n<h3 data-section-id=\"3t6hqz\" data-start=\"2208\" data-end=\"2238\">\u2139\ufe0f Turunuzdan \u00f6nce bilmeniz gerekenler<\/h3>\n<p data-start=\"2239\" data-end=\"2457\">\ud83d\udd39 Kapasite: 12 ki\u015fiye kadar misafir<br data-start=\"2267\" data-end=\"2270\" \/>\ud83d\udd39 Yat: Fairline Squadron 55 (uzunluk 16,54 metre)<br data-start=\"2315\" data-end=\"2318\" \/>\ud83d\udd39 Yenileme: 2025<br data-start=\"2336\" data-end=\"2339\" \/>\ud83d\udd39 Rota hava ko\u015fullar\u0131na ba\u011fl\u0131 olarak de\u011fi\u015febilir<br data-start=\"2398\" data-end=\"2401\" \/>\ud83d\udd39 Talep \u00fczerine ki\u015fiselle\u015ftirilmi\u015f hizmetler ve yemekler mevcuttur<\/p>\n<h3 data-start=\"3036\" data-end=\"3060\">\ud83c\udf92 Yan\u0131n\u0131za ne almal\u0131s\u0131n\u0131z<\/h3>\n<p data-start=\"3061\" data-end=\"3183\">\ud83d\udd39 Mayo ve havlu.<br data-start=\"3085\" data-end=\"3088\" \/>\ud83d\udd39 G\u00fcne\u015f kremi ve g\u00fcne\u015f g\u00f6zl\u00fc\u011f\u00fc<br data-start=\"3117\" data-end=\"3120\" \/>\ud83d\udd39 Ba\u015fl\u0131k<br data-start=\"3136\" data-end=\"3139\" \/>\ud83d\udd39 Ki\u015fisel alkoll\u00fc i\u00e7ecekler (iste\u011fe ba\u011fl\u0131)<\/p>\n<h3 data-start=\"3185\" data-end=\"3208\">\ud83d\udeab Tavsiye edilmez<\/h3>\n<p data-start=\"3209\" data-end=\"3259\">\ud83d\udd39 Ciddi hareket k\u0131s\u0131tl\u0131l\u0131\u011f\u0131 olan misafirler<\/p>\n<h3 data-start=\"3261\" data-end=\"3287\">\ud83d\udcb8 Fiyat ve rezervasyon<\/h3>\n<p data-start=\"3288\" data-end=\"3500\">\ud83d\udd39 \u015eimdi rezervasyon yap\u0131n - tur g\u00fcn\u00fc \u00f6deme<br data-start=\"3331\" data-end=\"3334\" \/>\ud83d\udd39 \u0130stek \u00fczerine \u00f6zel g\u00fcnler i\u00e7in ki\u015fiselle\u015ftirilmi\u015f dekorasyon<br data-start=\"3401\" data-end=\"3404\" \/>\ud83d\udd39 WhatsApp, Telegram, Viber arac\u0131l\u0131\u011f\u0131yla bize ula\u015f\u0131n veya a\u015fa\u011f\u0131daki rezervasyon formunu doldurun \ud83d\udc47\ud83c\udffc<\/p>","protected":false},"excerpt":{"rendered":"<p data-start=\"155\" data-end=\"348\">Moonlight - Fairline Squadron 55 ile Side'de \u00f6zel yat kiralama. Transferler, barbek\u00fc, \u015fnorkelli y\u00fczme ve s\u0131n\u0131rs\u0131z i\u00e7ecek ile l\u00fcks yolculuk.<\/p>\n<ul data-start=\"350\" data-end=\"533\">\n<li data-section-id=\"ye9ou6\" data-start=\"350\" data-end=\"453\"><\/li>\n<\/ul>","protected":false},"featured_media":16217,"comment_status":"open","ping_status":"closed","template":"","meta":[],"product_brand":[],"product_cat":[127],"product_tag":[110],"class_list":{"0":"post-16216","1":"product","2":"type-product","3":"status-publish","4":"has-post-thumbnail","6":"tour_phys-arenda-yaht","7":"product_cat-arenda-yacht","8":"product_tag-side","9":"pa_kategori-arenda-yacht","11":"first","12":"instock","13":"sale","14":"shipping-taxable","15":"purchasable","16":"product-type-tour_phys"},"aioseo_notices":[],"_links":{"self":[{"href":"https:\/\/mirekskursii.com\/tr\/wp-json\/wp\/v2\/product\/16216","targetHints":{"allow":["GET"]}}],"collection":[{"href":"https:\/\/mirekskursii.com\/tr\/wp-json\/wp\/v2\/product"}],"about":[{"href":"https:\/\/mirekskursii.com\/tr\/wp-json\/wp\/v2\/types\/product"}],"replies":[{"embeddable":true,"href":"https:\/\/mirekskursii.com\/tr\/wp-json\/wp\/v2\/comments?post=16216"}],"wp:featuredmedia":[{"embeddable":true,"href":"https:\/\/mirekskursii.com\/tr\/wp-json\/wp\/v2\/media\/16217"}],"wp:attachment":[{"href":"https:\/\/mirekskursii.com\/tr\/wp-json\/wp\/v2\/media?parent=16216"}],"wp:term":[{"taxonomy":"product_brand","embeddable":true,"href":"https:\/\/mirekskursii.com\/tr\/wp-json\/wp\/v2\/product_brand?post=16216"},{"taxonomy":"product_cat","embeddable":true,"href":"https:\/\/mirekskursii.com\/tr\/wp-json\/wp\/v2\/product_cat?post=16216"},{"taxonomy":"product_tag","embeddable":true,"href":"https:\/\/mirekskursii.com\/tr\/wp-json\/wp\/v2\/product_tag?post=16216"}],"curies":[{"name":"wp","href":"https:\/\/api.w.org\/{rel}","templated":true}]}}