{"id":15510,"date":"2026-02-14T12:18:15","date_gmt":"2026-02-14T09:18:15","guid":{"rendered":"https:\/\/mirekskursii.com\/?post_type=product&#038;p=15510\/"},"modified":"2026-02-19T00:59:30","modified_gmt":"2026-02-18T21:59:30","slug":"side-ozel-yat-kiralama-la-perla","status":"publish","type":"product","link":"https:\/\/mirekskursii.com\/ekskursii\/arenda-yachty-v-side-la-perla\/","title":{"rendered":"Side \u00d6zel Yat Kiralama La Perla \u2013 L\u00fcks Deniz Turu"},"content":{"rendered":"<h3 data-start=\"666\" data-end=\"679\">\ud83c\udfd9\ufe0f Genel Bak\u0131\u015f<\/h3>\n<p data-start=\"680\" data-end=\"1000\">T\u00fcrk Rivieras\u0131 boyunca La Perla- Azimut 42 yat\u0131nda l\u00fcks bir \u00f6zel yolculu\u011fa \u00e7\u0131k\u0131n. Bu modern 2025 yap\u0131m\u0131 motor yat \u00e7iftler, aileler ve k\u00fc\u00e7\u00fck gruplar i\u00e7in idealdir. \u00d6zg\u00fcrl\u00fck, konfor ve nefes kesici k\u0131y\u0131 manzaralar\u0131, birinci s\u0131n\u0131f hizmet ve kap\u0131dan kap\u0131ya transferlerle birle\u015ftirilmi\u015ftir.<\/p>\n<h3 data-start=\"1002\" data-end=\"1014\">Dahil:<\/h3>\n<div data-start=\"1015\" data-end=\"1369\"><span style=\"color: #00ff00;\"><strong>\u2713<\/strong> <\/span>Otelden ve otele transfer<\/div>\n<div data-start=\"1015\" data-end=\"1369\"><span style=\"color: #00ff00;\"><strong>\u2713<\/strong> <\/span>\u00d6zel yat kiralama (12 ki\u015fiye kadar)<br data-start=\"1051\" data-end=\"1054\" \/><span style=\"color: #00ff00;\"><strong>\u2713<\/strong> <\/span>Profesyonel kaptan (kad\u0131n) ve m\u00fcrettebat<br data-start=\"1131\" data-end=\"1134\" \/><span style=\"color: #00ff00;\"><strong>\u2713<\/strong> <\/span>Barbek\u00fc \u00f6\u011fle veya ak\u015fam yeme\u011fi (bal\u0131k \/ tavuk \/ k\u00f6fte)<br data-start=\"1179\" data-end=\"1182\" \/><span style=\"color: #00ff00;\"><strong>\u2713<\/strong> <\/span>Makarna, pilav ve mevsim meyveleri<br data-start=\"1212\" data-end=\"1215\" \/><span style=\"color: #00ff00;\"><strong>\u2713<\/strong> <\/span>4 \u00e7e\u015fit meze ve 2 \u00e7e\u015fit salata<br data-start=\"1247\" data-end=\"1250\" \/><span style=\"color: #00ff00;\"><strong>\u2713<\/strong> <\/span>S\u0131n\u0131rs\u0131z alkols\u00fcz i\u00e7ecek<br data-start=\"1286\" data-end=\"1289\" \/><span style=\"color: #00ff00;\"><strong>\u2713<\/strong> <\/span>Gemide \u00fccretsiz Wi-Fi<br data-start=\"1316\" data-end=\"1319\" \/><span style=\"color: #00ff00;\"><strong>\u2713<\/strong> <\/span>SUP board, \u015fnorkel ve bal\u0131k\u00e7\u0131l\u0131k ekipmanlar\u0131<\/div>\n<h3 data-start=\"1371\" data-end=\"1386\">Dahil de\u011fil:<\/h3>\n<p data-start=\"1387\" data-end=\"1534\"><span style=\"color: #ff0000;\"><strong>\u2717<\/strong> <\/span>Alkoll\u00fc i\u00e7ecekler\u00a0<br data-start=\"1469\" data-end=\"1472\" \/><span style=\"color: #ff0000;\"><strong>\u2717<\/strong> <\/span>Dondurma<br data-start=\"1483\" data-end=\"1486\" \/><span style=\"color: #ff0000;\"><strong>\u2717<\/strong> <\/span>Ki\u015fiselle\u015ftirilmi\u015f s\u00fcsleme ve do\u011fum g\u00fcn\u00fc pastas\u0131<\/p>\n<h3 data-start=\"1536\" data-end=\"1563\">\ud83c\udf1f Turun \u00d6ne \u00c7\u0131kanlar\u0131<\/h3>\n<p data-start=\"1564\" data-end=\"1947\">\ud83d\udd39 L\u00fcks yat Azimut 42 (2025 y\u0131l\u0131nda in\u015fa edilmi\u015ftir)<br data-start=\"1613\" data-end=\"1616\" \/>\ud83d\udd39 Side'nin antik liman\u0131n\u0131n ve Apollon Tap\u0131na\u011f\u0131'n\u0131n denizden g\u00f6r\u00fcn\u00fcm\u00fc<br data-start=\"1669\" data-end=\"1672\" \/>\ud83d\udd39 Profesyonel bir kad\u0131n kaptan taraf\u0131ndan y\u00f6netilen \u00f6zel hizmet<br data-start=\"1746\" data-end=\"1749\" \/>\ud83d\udd39 G\u00fczergah: Kaplumba\u011fa Kayal\u0131klar\u0131, Kleopatra Koyu ve Manavgat \u00c7ay\u0131<br data-start=\"1806\" data-end=\"1809\" \/>\ud83d\udd39 Geni\u015f g\u00fcne\u015flenme g\u00fcvertesi, y\u00fczme merdiveni ve deniz yata\u011f\u0131<br data-start=\"1878\" data-end=\"1881\" \/>\ud83d\udd39 \u015e\u0131k kutlamalar ve VIP etkinlikler i\u00e7in m\u00fckemmel<\/p>\n<h3 data-start=\"1949\" data-end=\"1969\">\ud83d\udee5 Yat\u0131n tan\u0131m\u0131<\/h3>\n<p data-start=\"1970\" data-end=\"2153\">VIP g\u00fcn\u00fcn\u00fcz otelinizden \u00f6zel bir transfer ve Side'nin antik liman\u0131na var\u0131\u015fla ba\u015flar. Burada profesyonel bir kaptan taraf\u0131ndan kar\u015f\u0131lanacak ve La Perla'ya bineceksiniz.<\/p>\n<p data-start=\"2155\" data-end=\"2267\">Yolculuk, Side Antik Kenti ve \u00fcnl\u00fc Apollon Tap\u0131na\u011f\u0131 boyunca ge\u00e7erek unutulmaz panoramik manzaralar sunmaktad\u0131r.<\/p>\n<p data-start=\"2269\" data-end=\"2423\">Rota daha sonra Kleopatra Koyu, Kaplumba\u011fa Kayal\u0131klar\u0131 ve kristal berrakl\u0131\u011f\u0131ndaki suda y\u00fczmek i\u00e7in mola verilen pitoresk Manavgat Nehri halicine uzanmaktad\u0131r.<\/p>\n<p data-start=\"2425\" data-end=\"2675\">Taze haz\u0131rlanm\u0131\u015f barbek\u00fc \u00f6\u011fle veya ak\u015fam yeme\u011fi, \u00f6zenli hizmet ve rahat bir l\u00fcks atmosfer e\u015fli\u011finde teknede servis edilir. \u0130ster g\u00fcnl\u00fck bir seyir ister romantik bir g\u00fcn bat\u0131m\u0131 se\u00e7in, konforunuz i\u00e7in her ayr\u0131nt\u0131 d\u00fc\u015f\u00fcn\u00fclm\u00fc\u015ft\u00fcr.<\/p>\n<h3 data-start=\"2677\" data-end=\"2699\">\ud83d\uddfa\ufe0f Tur Program\u0131<\/h3>\n<p data-start=\"2700\" data-end=\"3034\">\ud83d\udd39 Otelden bireysel transfer<br data-start=\"2735\" data-end=\"2738\" \/>\ud83d\udd39 Yan Limandan Kalk\u0131\u015f<br data-start=\"2766\" data-end=\"2769\" \/>\ud83d\udd39 Side Antik Kenti ve Apollon Tap\u0131na\u011f\u0131 (denizden g\u00f6r\u00fcn\u00fcm)<br data-start=\"2819\" data-end=\"2822\" \/>\ud83d\udd39 Turtle Rocks'ta mola verin.<br data-start=\"2849\" data-end=\"2852\" \/>\ud83d\udd39 Kleopatra Koyu ve Manavgat Nehri'nin a\u011fz\u0131<br data-start=\"2892\" data-end=\"2895\" \/>\ud83d\udd39 A\u00e7\u0131k denizde ve pitoresk koylarda y\u00fczme<br data-start=\"2941\" data-end=\"2944\" \/>\ud83d\udd39 Gemide barbek\u00fc \u00f6\u011fle veya ak\u015fam yeme\u011fi<br data-start=\"2973\" data-end=\"2976\" \/>\ud83d\udd39 Side liman\u0131na d\u00f6n\u00fc\u015f<br data-start=\"3002\" data-end=\"3005\" \/>\ud83d\udd39 Otele geri transfer<\/p>\n<h3 data-start=\"3036\" data-end=\"3060\">\ud83c\udf92 Yan\u0131n\u0131za ne almal\u0131s\u0131n\u0131z<\/h3>\n<p data-start=\"3061\" data-end=\"3183\">\ud83d\udd39 Mayo ve havlu.<br data-start=\"3085\" data-end=\"3088\" \/>\ud83d\udd39 G\u00fcne\u015f kremi ve g\u00fcne\u015f g\u00f6zl\u00fc\u011f\u00fc<br data-start=\"3117\" data-end=\"3120\" \/>\ud83d\udd39 Ba\u015fl\u0131k<br data-start=\"3136\" data-end=\"3139\" \/>\ud83d\udd39 Ki\u015fisel alkoll\u00fc i\u00e7ecekler (iste\u011fe ba\u011fl\u0131)<\/p>\n<h3 data-start=\"3185\" data-end=\"3208\">\ud83d\udeab Tavsiye edilmez<\/h3>\n<p data-start=\"3209\" data-end=\"3259\">\ud83d\udd39 Ciddi hareket k\u0131s\u0131tl\u0131l\u0131\u011f\u0131 olan misafirler<\/p>\n<h3 data-start=\"3261\" data-end=\"3287\">\ud83d\udcb8 Fiyat ve rezervasyon<\/h3>\n<p data-start=\"3288\" data-end=\"3500\">\ud83d\udd39 \u015eimdi rezervasyon yap\u0131n - tur g\u00fcn\u00fc \u00f6deme<br data-start=\"3331\" data-end=\"3334\" \/>\ud83d\udd39 \u0130stek \u00fczerine \u00f6zel g\u00fcnler i\u00e7in ki\u015fiselle\u015ftirilmi\u015f dekorasyon<br data-start=\"3401\" data-end=\"3404\" \/>\ud83d\udd39 WhatsApp, Telegram, Viber arac\u0131l\u0131\u011f\u0131yla bize ula\u015f\u0131n veya a\u015fa\u011f\u0131daki rezervasyon formunu doldurun \ud83d\udc47\ud83c\udffc<\/p>","protected":false},"excerpt":{"rendered":"<p data-start=\"126\" data-end=\"300\">Side La Perla Azimut 42'de \u00f6zel yat kiralama - transferler, barbek\u00fc, koylarda y\u00fczme, Kleopatra Koyu ve birinci s\u0131n\u0131f hizmet. VIP tatiller i\u00e7in ideal.<\/p>","protected":false},"featured_media":15511,"comment_status":"open","ping_status":"closed","template":"","meta":[],"product_brand":[],"product_cat":[127],"product_tag":[110],"class_list":{"0":"post-15510","1":"product","2":"type-product","3":"status-publish","4":"has-post-thumbnail","6":"tour_phys-arenda-yaht","7":"product_cat-arenda-yacht","8":"product_tag-side","9":"pa_kategori-arenda-yacht","11":"first","12":"instock","13":"sale","14":"shipping-taxable","15":"purchasable","16":"product-type-tour_phys"},"aioseo_notices":[],"_links":{"self":[{"href":"https:\/\/mirekskursii.com\/tr\/wp-json\/wp\/v2\/product\/15510","targetHints":{"allow":["GET"]}}],"collection":[{"href":"https:\/\/mirekskursii.com\/tr\/wp-json\/wp\/v2\/product"}],"about":[{"href":"https:\/\/mirekskursii.com\/tr\/wp-json\/wp\/v2\/types\/product"}],"replies":[{"embeddable":true,"href":"https:\/\/mirekskursii.com\/tr\/wp-json\/wp\/v2\/comments?post=15510"}],"wp:featuredmedia":[{"embeddable":true,"href":"https:\/\/mirekskursii.com\/tr\/wp-json\/wp\/v2\/media\/15511"}],"wp:attachment":[{"href":"https:\/\/mirekskursii.com\/tr\/wp-json\/wp\/v2\/media?parent=15510"}],"wp:term":[{"taxonomy":"product_brand","embeddable":true,"href":"https:\/\/mirekskursii.com\/tr\/wp-json\/wp\/v2\/product_brand?post=15510"},{"taxonomy":"product_cat","embeddable":true,"href":"https:\/\/mirekskursii.com\/tr\/wp-json\/wp\/v2\/product_cat?post=15510"},{"taxonomy":"product_tag","embeddable":true,"href":"https:\/\/mirekskursii.com\/tr\/wp-json\/wp\/v2\/product_tag?post=15510"}],"curies":[{"name":"wp","href":"https:\/\/api.w.org\/{rel}","templated":true}]}}