{"id":15499,"date":"2026-02-13T12:14:38","date_gmt":"2026-02-13T09:14:38","guid":{"rendered":"https:\/\/mirekskursii.com\/?post_type=product&#038;p=15499\/"},"modified":"2026-02-14T14:28:57","modified_gmt":"2026-02-14T11:28:57","slug":"side-yat-kiralama-sila","status":"publish","type":"product","link":"https:\/\/mirekskursii.com\/ekskursii\/arenda-yajty-v-side-syla-luxury-cruise\/","title":{"rendered":"Side \u00d6zel Yat Kiralama \u2013 S\u0131la L\u00fcks G\u00fcn ve G\u00fcn Bat\u0131m\u0131 Turu"},"content":{"rendered":"<h3 data-start=\"716\" data-end=\"729\">\ud83c\udfd9\ufe0f Genel Bak\u0131\u015f<\/h3>\n<p data-start=\"730\" data-end=\"1036\">T\u00fcrk Rivieras\u0131 boyunca \u00f6zel bir yat gezisine \u00e7\u0131k\u0131n. \u00c7iftler, aileler ve k\u00fc\u00e7\u00fck gruplar i\u00e7in idealdir. \u00d6zg\u00fcrl\u00fc\u011f\u00fcn, konforun ve inan\u0131lmaz k\u0131y\u0131 manzaralar\u0131n\u0131n tad\u0131n\u0131 \u00e7\u0131kar\u0131n. Antik yerlerden gizli koylara, kap\u0131dan kap\u0131ya transferlerle kendi h\u0131z\u0131n\u0131zda tatil yap\u0131n.<\/p>\n<h3 data-start=\"1038\" data-end=\"1050\">Dahil:<\/h3>\n<div data-start=\"1051\" data-end=\"1363\"><span style=\"color: #00ff00;\"><strong>\u2713<\/strong> <\/span>Otelden ve otele transfer<\/div>\n<div data-start=\"1051\" data-end=\"1363\"><span style=\"color: #00ff00;\"><strong>\u2713<\/strong> <\/span>\u00d6zel yat kiralama (12 ki\u015fiye kadar)<br data-start=\"1119\" data-end=\"1122\" \/><span style=\"color: #00ff00;\"><strong>\u2713<\/strong> <\/span>Profesyonel kaptan ve m\u00fcrettebat<br data-start=\"1157\" data-end=\"1160\" \/><span style=\"color: #00ff00;\"><strong>\u2713<\/strong> <\/span>Gemide \u00f6\u011fle yeme\u011fi (Barbek\u00fc: bal\u0131k\/tavuk\/k\u00f6fte, salata, makarna, meyve)<br data-start=\"1224\" data-end=\"1227\" \/><span style=\"color: #00ff00;\"><strong>\u2713<\/strong> <\/span>Alkols\u00fcz i\u00e7ecekler: su, kola, fanta, \u00e7ay, kahve<br data-start=\"1281\" data-end=\"1284\" \/><span style=\"color: #00ff00;\"><strong>\u2713<\/strong> <\/span>Bal\u0131k\u00e7\u0131l\u0131k ve \u015fnorkel ekipmanlar\u0131<\/div>\n<div data-start=\"1051\" data-end=\"1363\"><span style=\"color: #00ff00;\">\u2713\u00a0<\/span>Yolcu sigortas\u0131<br data-start=\"1331\" data-end=\"1334\" \/><span style=\"color: #00ff00;\"><strong>\u2713<\/strong> <\/span>Gemide \u00fccretsiz Wi-Fi<\/div>\n<h3 data-start=\"1365\" data-end=\"1380\">Dahil de\u011fil:<\/h3>\n<p data-start=\"1381\" data-end=\"1471\"><strong><span style=\"color: #ff0000;\">\u2717<\/span> <\/strong>Alkoll\u00fc i\u00e7ecekler\u00a0<br data-start=\"1455\" data-end=\"1458\" \/><strong><span style=\"color: #ff0000;\">\u2717<\/span> <\/strong>Dondurma<\/p>\n<h3 data-start=\"1473\" data-end=\"1500\">\ud83c\udf1f Turun \u00d6ne \u00c7\u0131kanlar\u0131<\/h3>\n<p data-start=\"1501\" data-end=\"1850\">\ud83d\udd39 2023 y\u0131l\u0131nda yenilenen \u00f6zel l\u00fcks yat<br data-start=\"1551\" data-end=\"1554\" \/>\ud83d\udd39 Side Antik Kenti ve Apollon Tap\u0131na\u011f\u0131'n\u0131n denizden g\u00f6r\u00fcn\u00fcm\u00fc<br data-start=\"1605\" data-end=\"1608\" \/>\ud83d\udd39 Kaplumba\u011fa Koyu - Caretta caretta kaplumba\u011falar\u0131n\u0131 izlemek<br data-start=\"1664\" data-end=\"1667\" \/>\ud83d\udd39 \u00c7ok dilli ekip: \u0130ngilizce, Rus\u00e7a, Almanca<br data-start=\"1720\" data-end=\"1723\" \/>\ud83d\udd39 Y\u00fczmek ve dinlenmek i\u00e7in kristal berrakl\u0131\u011f\u0131nda koylar<br data-start=\"1770\" data-end=\"1773\" \/>\ud83d\udd39 Tatiller i\u00e7in m\u00fckemmel: evlilik teklifleri, do\u011fum g\u00fcnleri, y\u0131ld\u00f6n\u00fcmleri<\/p>\n<h3 data-start=\"1852\" data-end=\"1872\">\ud83d\udee5 Yat\u0131n tan\u0131m\u0131<\/h3>\n<p data-start=\"1873\" data-end=\"2327\">VIP deneyiminiz Side liman\u0131nda ba\u015fl\u0131yor. \u00d6zel bir yata t\u0131rman\u0131n <strong data-start=\"1949\" data-end=\"1959\">Kuvvet <\/strong>\u00a0ve tarihi iskeleden yola \u00e7\u0131kt\u0131k.<br data-start=\"1998\" data-end=\"2001\" \/>Manzaran\u0131n tad\u0131n\u0131 \u00e7\u0131kar\u0131rken Side Antik Kenti ve \u00fcnl\u00fc Apollon Tap\u0131na\u011f\u0131'n\u0131n yan\u0131ndan ge\u00e7in.<br data-start=\"2099\" data-end=\"2102\" \/>Kaplumba\u011fa izleme ve g\u00fczel koylarda y\u00fczme molalar\u0131 i\u00e7in Kaplumba\u011fa Koyu'na devam edin.<br data-start=\"2197\" data-end=\"2200\" \/>Aile ekibi taraf\u0131ndan haz\u0131rlanan taze bir barbek\u00fc \u00f6\u011fle yeme\u011fi gemide servis edilir. Rahatlama ve kutlama dolu bir g\u00fcn\u00fcn ard\u0131ndan limana sorunsuz bir d\u00f6n\u00fc\u015f.<\/p>\n<h3 data-start=\"2329\" data-end=\"2351\">\ud83d\uddfa\ufe0f Tur Program\u0131<\/h3>\n<p data-start=\"2352\" data-end=\"2599\">\ud83d\udd39 Yan Limandan Kalk\u0131\u015f<br data-start=\"2380\" data-end=\"2383\" \/>\ud83d\udd39 Side Antik Kenti ve Apollon Tap\u0131na\u011f\u0131 (denizden g\u00f6r\u00fcn\u00fcm)<br data-start=\"2433\" data-end=\"2436\" \/>\ud83d\udd39 Turtle Bay - gezi i\u00e7in bir durak<br data-start=\"2473\" data-end=\"2476\" \/>\ud83d\udd39 Turkuaz koylarda y\u00fczmek<br data-start=\"2505\" data-end=\"2508\" \/>\ud83d\udd39 Gemide barbek\u00fc \u00f6\u011fle yeme\u011fi<br data-start=\"2528\" data-end=\"2531\" \/>\ud83d\udd39 \u0130ste\u011fe ba\u011fl\u0131: Manavgat nehir gezisi<br data-start=\"2568\" data-end=\"2571\" \/>\ud83d\udd39 Side liman\u0131na d\u00f6n\u00fc\u015f<\/p>\n<h3 data-start=\"2601\" data-end=\"2625\">\ud83c\udf92 Yan\u0131n\u0131za ne almal\u0131s\u0131n\u0131z<\/h3>\n<p data-start=\"2626\" data-end=\"2703\">\ud83d\udd39 Mayo ve havlu.<br data-start=\"2650\" data-end=\"2653\" \/>\ud83d\udd39 G\u00fcne\u015f kremi ve g\u00fcne\u015f g\u00f6zl\u00fc\u011f\u00fc<br data-start=\"2682\" data-end=\"2685\" \/>\ud83d\udd39 Ba\u015fl\u0131k<\/p>\n<h3 data-start=\"2705\" data-end=\"2728\">\ud83d\udeab Tavsiye edilmez<\/h3>\n<p data-start=\"2729\" data-end=\"2779\">\ud83d\udd39 Ciddi hareket k\u0131s\u0131tl\u0131l\u0131\u011f\u0131 olan misafirler<\/p>\n<h3 data-start=\"2781\" data-end=\"2807\">\ud83d\udcb8 Fiyat ve rezervasyon<\/h3>\n<p data-start=\"2808\" data-end=\"3010\">\ud83d\udd39 \u015eimdi rezervasyon yap\u0131n - tur g\u00fcn\u00fc \u00f6deme<br data-start=\"2849\" data-end=\"2852\" \/>\ud83d\udd39 \u00d6zel g\u00fcnler i\u00e7in ki\u015fiselle\u015ftirilmi\u015f dekorasyon ve s\u00fcslemeler<br data-start=\"2911\" data-end=\"2914\" \/>\ud83d\udd39 WhatsApp, Telegram, Viber arac\u0131l\u0131\u011f\u0131yla bize ula\u015f\u0131n veya a\u015fa\u011f\u0131daki rezervasyon formunu doldurun \ud83d\udc47\ud83c\udffc<\/p>","protected":false},"excerpt":{"rendered":"<p data-start=\"126\" data-end=\"300\">\u00d6zel yat kiralama <strong data-start=\"143\" data-end=\"151\">Kuvvet<\/strong> \u0432 \u0421\u0438\u0434\u0435 \u2013 \u0440\u043e\u0441\u043a\u043e\u0448\u043d\u044b\u0439 \u043a\u0440\u0443\u0438\u0437 \u0441 BBQ, \u043a\u0443\u043f\u0430\u043d\u0438\u0435\u043c \u0432 \u0431\u0443\u0445\u0442\u0430\u0445, Turtle Bay \u0438 \u0432\u0438\u0434\u043e\u043c \u043d\u0430 \u0414\u0440\u0435\u0432\u043d\u0438\u0439 \u0433\u043e\u0440\u043e\u0434 \u0421\u0438\u0434\u0435 \u0438 \u0425\u0440\u0430\u043c \u0410\u043f\u043e\u043b\u043b\u043e\u043d\u0430.<\/p>","protected":false},"featured_media":15500,"comment_status":"open","ping_status":"closed","template":"","meta":[],"product_brand":[],"product_cat":[127],"product_tag":[110],"class_list":{"0":"post-15499","1":"product","2":"type-product","3":"status-publish","4":"has-post-thumbnail","6":"tour_phys-arenda-yaht","7":"product_cat-arenda-yacht","8":"product_tag-side","9":"pa_kategori-arenda-yacht","11":"first","12":"instock","13":"sale","14":"shipping-taxable","15":"purchasable","16":"product-type-tour_phys"},"aioseo_notices":[],"_links":{"self":[{"href":"https:\/\/mirekskursii.com\/tr\/wp-json\/wp\/v2\/product\/15499","targetHints":{"allow":["GET"]}}],"collection":[{"href":"https:\/\/mirekskursii.com\/tr\/wp-json\/wp\/v2\/product"}],"about":[{"href":"https:\/\/mirekskursii.com\/tr\/wp-json\/wp\/v2\/types\/product"}],"replies":[{"embeddable":true,"href":"https:\/\/mirekskursii.com\/tr\/wp-json\/wp\/v2\/comments?post=15499"}],"wp:featuredmedia":[{"embeddable":true,"href":"https:\/\/mirekskursii.com\/tr\/wp-json\/wp\/v2\/media\/15500"}],"wp:attachment":[{"href":"https:\/\/mirekskursii.com\/tr\/wp-json\/wp\/v2\/media?parent=15499"}],"wp:term":[{"taxonomy":"product_brand","embeddable":true,"href":"https:\/\/mirekskursii.com\/tr\/wp-json\/wp\/v2\/product_brand?post=15499"},{"taxonomy":"product_cat","embeddable":true,"href":"https:\/\/mirekskursii.com\/tr\/wp-json\/wp\/v2\/product_cat?post=15499"},{"taxonomy":"product_tag","embeddable":true,"href":"https:\/\/mirekskursii.com\/tr\/wp-json\/wp\/v2\/product_tag?post=15499"}],"curies":[{"name":"wp","href":"https:\/\/api.w.org\/{rel}","templated":true}]}}