{"id":15490,"date":"2026-02-12T20:07:55","date_gmt":"2026-02-12T17:07:55","guid":{"rendered":"https:\/\/mirekskursii.com\/?post_type=product&#038;p=15490\/"},"modified":"2026-02-13T12:41:10","modified_gmt":"2026-02-13T09:41:10","slug":"alanya-yat-kiralama-my-dreams","status":"publish","type":"product","link":"https:\/\/mirekskursii.com\/ekskursii\/arenda-yachty-v-alanya-my-dreams\/","title":{"rendered":"Alanya My Dreams Yat Kiralama \u2013 \u00d6zel G\u00fcnl\u00fck ve G\u00fcn Bat\u0131m\u0131 Turu"},"content":{"rendered":"<h3 data-start=\"71\" data-end=\"84\">\ud83c\udfd9\ufe0f Genel Bak\u0131\u015f<\/h3>\n<div data-start=\"86\" data-end=\"369\">Geni\u015f ve modern bir \u00f6zel yat\u0131n keyfini \u00e7\u0131kar\u0131n <strong data-start=\"137\" data-end=\"152\">Mai Dreams<\/strong>\u00a0- Alanya Yeni Marina'dan hareket eden 2022 yap\u0131m\u0131 bir motor yat. Geni\u015f g\u00fcvertesi ve y\u00fcksek kapasitesi ile yat, geni\u015f aileler, arkada\u015f gruplar\u0131, tatiller ve \u00f6zel etkinlikler i\u00e7in idealdir.<\/div>\n<div data-start=\"371\" data-end=\"531\">Konfor, mahremiyet ve profesyonel hizmet, kap\u0131dan kap\u0131ya transferlerle birle\u015ferek yat\u00e7\u0131l\u0131k g\u00fcn\u00fcn\u00fcz\u00fc olabildi\u011fince kolay ve kayg\u0131s\u0131z hale getirir.<\/div>\n<h3 data-start=\"216\" data-end=\"229\">\u00a0Dahil:<\/h3>\n<div data-start=\"231\" data-end=\"425\"><span style=\"color: #00ff00;\"><strong>\u2713<\/strong> <\/span>Otelden ve otele transfer<\/div>\n<div data-start=\"231\" data-end=\"425\"><span style=\"color: #00ff00;\"><strong>\u2713<\/strong> <\/span>\u00d6zel yat kiralama<br data-start=\"252\" data-end=\"255\" \/><span style=\"color: #00ff00;\"><strong>\u2713<\/strong> <\/span>Profesyonel kaptan ve m\u00fcrettebat<br data-start=\"290\" data-end=\"293\" \/><span style=\"color: #00ff00;\"><strong>\u2713<\/strong> <\/span>Yak\u0131t ve liman \u00fccretleri<br data-start=\"319\" data-end=\"322\" \/><span style=\"color: #00ff00;\"><strong>\u2713<\/strong> <\/span>Gemide \u00f6\u011fle yeme\u011fi<br data-start=\"369\" data-end=\"372\" \/><span style=\"color: #00ff00;\"><strong>\u2713<\/strong> <\/span>Alkols\u00fcz i\u00e7ecekler<br data-start=\"396\" data-end=\"399\" \/><span style=\"color: #00ff00;\"><strong>\u2713<\/strong> <\/span>Yolcu sigortas\u0131<\/div>\n<h3 data-start=\"432\" data-end=\"448\">\u00a0Dahil de\u011fil:<\/h3>\n<p data-start=\"450\" data-end=\"592\"><span style=\"color: #ff0000;\"><strong>\u2717<\/strong> <\/span>Alkoll\u00fc i\u00e7ecekler<br data-start=\"471\" data-end=\"474\" \/><span style=\"color: #ff0000;\"><strong>\u2717<\/strong> <\/span> Ki\u015fiye \u00f6zel dekorasyon ve \u00f6zel etkinlik organizasyonu<br data-start=\"539\" data-end=\"542\" \/><span style=\"color: #ff0000;\"><strong>\u2717<\/strong> <\/span>Ki\u015fiye \u00f6zel talep \u00fczerine ek hizmetler<\/p>\n<h3 data-start=\"599\" data-end=\"625\">\ud83c\udf1f Turun \u00d6ne \u00c7\u0131kanlar\u0131<\/h3>\n<p data-start=\"627\" data-end=\"1030\">\ud83d\udd39 G\u00fcne\u015flenmek i\u00e7in geni\u015f g\u00fcne\u015flenme teras\u0131<br data-start=\"668\" data-end=\"671\" \/>\ud83d\udd39 G\u00f6lgede rahat oturma alanlar\u0131<br data-start=\"703\" data-end=\"706\" \/>\ud83d\udd39 Telefon ba\u011flant\u0131l\u0131 modern ses sistemi<br data-start=\"757\" data-end=\"760\" \/>\ud83d\udd39 Gemide barbek\u00fc alan\u0131<br data-start=\"784\" data-end=\"787\" \/>\ud83d\udd39 Pitoresk koylarda y\u00fczmek i\u00e7in durma imkan\u0131<br data-start=\"843\" data-end=\"846\" \/>\ud83d\udd39 SUP tahtalar\u0131 ve \u015fnorkel ekipmanlar\u0131<br data-start=\"888\" data-end=\"891\" \/>\ud83d\udd39 Tam gizlilik ve y\u00fcksek d\u00fczeyde hizmet<br data-start=\"938\" data-end=\"941\" \/>\ud83d\udd39 Do\u011fum g\u00fcnleri, romantik evlenme teklifleri ve \u00f6zel etkinlikler i\u00e7in m\u00fckemmel<\/p>\n<h3 data-start=\"1037\" data-end=\"1056\">\ud83d\udee5 Yat\u0131n tan\u0131m\u0131<\/h3>\n<div data-start=\"1058\" data-end=\"1301\">Bu modern yat konfor, stil ve g\u00fcvenli\u011fi bir araya getirmektedir. Teknede geni\u015f salon alanlar\u0131, rahat bir y\u00fczme merdiveni, modern bir yemek alan\u0131 ve dinlendirici bir deniz yolculu\u011fu i\u00e7in ihtiyac\u0131n\u0131z olan her \u015fey bulunmaktad\u0131r.<\/div>\n<div data-start=\"1303\" data-end=\"1487\">Konuklar kristal berrakl\u0131\u011f\u0131ndaki sularda yelken a\u00e7man\u0131n, g\u00fcne\u015flenme g\u00fcvertesinde dinlenmenin ya da g\u00f6lgede vakit ge\u00e7irerek birinci s\u0131n\u0131f bir \u00f6zel deniz gezisi atmosferinin tad\u0131n\u0131 \u00e7\u0131karabilirler.<\/div>\n<h3 data-start=\"2149\" data-end=\"2171\">\ud83d\uddfa\ufe0f Tur Program\u0131<\/h3>\n<p data-start=\"2173\" data-end=\"2395\">\ud83d\udd39 Otelden Alanya Yeni Marina'ya transfer<br data-start=\"2215\" data-end=\"2218\" \/>\ud83d\udd39 Kalk\u0131\u015f ve sahil \u015feridi boyunca seyir<br data-start=\"2256\" data-end=\"2259\" \/>\ud83d\udd39 Y\u0131kanma ve dinlenme duraklar\u0131<br data-start=\"2292\" data-end=\"2295\" \/>\ud83d\udd39 Gemide \u00f6\u011fle yeme\u011fi servisi<br data-start=\"2319\" data-end=\"2322\" \/>\ud83d\udd39 \u00dccretsiz seyir ve marinaya d\u00f6n\u00fc\u015f<br data-start=\"2363\" data-end=\"2366\" \/>\ud83d\udd39 Otele geri transfer<\/p>\n<h3 data-start=\"2397\" data-end=\"2421\">\ud83c\udf92 Yan\u0131n\u0131za ne almal\u0131s\u0131n\u0131z<\/h3>\n<p data-start=\"2423\" data-end=\"2524\">\ud83d\udd39 Mayo ve havlu.<br data-start=\"2447\" data-end=\"2450\" \/>\ud83d\udd39 G\u00fcne\u015f kremi ve g\u00fcne\u015f g\u00f6zl\u00fc\u011f\u00fc<br data-start=\"2479\" data-end=\"2482\" \/>\ud83d\udd39 Ba\u015fl\u0131k<br data-start=\"2498\" data-end=\"2501\" \/>\ud83d\udd39 Telefon veya kamera<\/p>\n<h3 data-start=\"2526\" data-end=\"2549\">\ud83d\udeab Tavsiye edilmez<\/h3>\n<p data-start=\"2551\" data-end=\"2601\">\ud83d\udd39 Ciddi hareket k\u0131s\u0131tl\u0131l\u0131\u011f\u0131 olan misafirler<\/p>\n<h3 data-start=\"2603\" data-end=\"2629\">\ud83d\udcb8 Fiyat ve rezervasyon<\/h3>\n<p data-start=\"2631\" data-end=\"2824\" data-is-last-node=\"\" data-is-only-node=\"\">\ud83d\udd39 \u015eimdi rezervasyon yap\u0131n - tur g\u00fcn\u00fc \u00f6deme<br data-start=\"2674\" data-end=\"2677\" \/>\ud83d\udd39 Ki\u015fiye \u00f6zel men\u00fcler, su aktiviteleri ve istek \u00fczerine pasta<br data-start=\"2737\" data-end=\"2740\" \/>\ud83d\udd39 WhatsApp, Telegram, Viber veya a\u015fa\u011f\u0131daki rezervasyon formu arac\u0131l\u0131\u011f\u0131yla bize ula\u015f\u0131n \ud83d\udc47\ud83c\udffc<\/p>","protected":false},"excerpt":{"rendered":"<p data-start=\"126\" data-end=\"300\">Yat Kiralama <strong data-start=\"137\" data-end=\"152\">Mai Dreams<\/strong> \u0432 \u0410\u043b\u0430\u043d\u0438\u0438 \u2014 \u0447\u0430\u0441\u0442\u043d\u044b\u0439 \u0434\u043d\u0435\u0432\u043d\u043e\u0439 \u0438 \u0437\u0430\u043a\u0430\u0442\u043d\u044b\u0439 \u043a\u0440\u0443\u0438\u0437 \u0438\u0437 \u041d\u043e\u0432\u043e\u0439 \u043c\u0430\u0440\u0438\u043d\u044b. \u041f\u0440\u043e\u0441\u0442\u043e\u0440\u043d\u0430\u044f \u043c\u043e\u0442\u043e\u0440\u043d\u0430\u044f \u044f\u0445\u0442\u0430, \u043e\u0431\u0435\u0434 \u043d\u0430 \u0431\u043e\u0440\u0442\u0443, \u0442\u0440\u0430\u043d\u0441\u0444\u0435\u0440 \u0432\u043a\u043b\u044e\u0447\u0451\u043d. \u0414\u043e 12 \u0433\u043e\u0441\u0442\u0435\u0439. \u0411\u0440\u043e\u043d\u0438\u0440\u0443\u0439\u0442\u0435 \u0441\u0435\u0439\u0447\u0430\u0441!<\/p>","protected":false},"featured_media":15491,"comment_status":"open","ping_status":"closed","template":"","meta":[],"product_brand":[],"product_cat":[127],"product_tag":[121],"class_list":{"0":"post-15490","1":"product","2":"type-product","3":"status-publish","4":"has-post-thumbnail","6":"tour_phys-arenda-yaht","7":"product_cat-arenda-yacht","8":"product_tag-alanya","9":"pa_kategori-arenda-yacht","11":"first","12":"instock","13":"sale","14":"shipping-taxable","15":"purchasable","16":"product-type-tour_phys"},"aioseo_notices":[],"_links":{"self":[{"href":"https:\/\/mirekskursii.com\/tr\/wp-json\/wp\/v2\/product\/15490","targetHints":{"allow":["GET"]}}],"collection":[{"href":"https:\/\/mirekskursii.com\/tr\/wp-json\/wp\/v2\/product"}],"about":[{"href":"https:\/\/mirekskursii.com\/tr\/wp-json\/wp\/v2\/types\/product"}],"replies":[{"embeddable":true,"href":"https:\/\/mirekskursii.com\/tr\/wp-json\/wp\/v2\/comments?post=15490"}],"wp:featuredmedia":[{"embeddable":true,"href":"https:\/\/mirekskursii.com\/tr\/wp-json\/wp\/v2\/media\/15491"}],"wp:attachment":[{"href":"https:\/\/mirekskursii.com\/tr\/wp-json\/wp\/v2\/media?parent=15490"}],"wp:term":[{"taxonomy":"product_brand","embeddable":true,"href":"https:\/\/mirekskursii.com\/tr\/wp-json\/wp\/v2\/product_brand?post=15490"},{"taxonomy":"product_cat","embeddable":true,"href":"https:\/\/mirekskursii.com\/tr\/wp-json\/wp\/v2\/product_cat?post=15490"},{"taxonomy":"product_tag","embeddable":true,"href":"https:\/\/mirekskursii.com\/tr\/wp-json\/wp\/v2\/product_tag?post=15490"}],"curies":[{"name":"wp","href":"https:\/\/api.w.org\/{rel}","templated":true}]}}