{"id":15480,"date":"2026-02-12T18:45:55","date_gmt":"2026-02-12T15:45:55","guid":{"rendered":"https:\/\/mirekskursii.com\/?post_type=product&#038;p=15480\/"},"modified":"2026-04-25T19:56:41","modified_gmt":"2026-04-25T16:56:41","slug":"alanya-yat-kiralama-efsane-deluxe","status":"publish","type":"product","link":"https:\/\/mirekskursii.com\/ekskursii\/arenda-jahty-v-alanii-efsane-deluxe\/","title":{"rendered":"Alanya Yat Kiralama Efsane Deluxe \u2013 \u00d6zel L\u00fcks Yat Turu"},"content":{"rendered":"<h3 data-start=\"88\" data-end=\"101\">\ud83c\udfd9\ufe0f Genel Bak\u0131\u015f<\/h3>\n<div data-start=\"103\" data-end=\"250\">Gemide ger\u00e7ek l\u00fcks\u00fc ya\u015fay\u0131n <strong data-start=\"135\" data-end=\"157\">Yat Efsane Deluxe.<\/strong> - Alanya merkezden hareket eden \u00f6zel yap\u0131m 17,50 metrelik bir motor yat.<\/div>\n<div data-start=\"252\" data-end=\"462\">Yat, birinci s\u0131n\u0131f konfor ve e\u011flenceyi takdir eden \u00f6zel \u015firketler i\u00e7in tasarlanm\u0131\u015ft\u0131r. Seabob se\u00e7ene\u011fi ve 3 ki\u015filik profesyonel m\u00fcrettebat, kap\u0131dan kap\u0131ya servis ile y\u00fcksek d\u00fczeyde VIP hizmeti sa\u011flar.<\/div>\n<h3 data-start=\"464\" data-end=\"478\">\u00a0Dahil:<\/h3>\n<div data-start=\"480\" data-end=\"806\"><span style=\"color: #00ff00;\"><strong>\u2713<\/strong> <\/span>Otelden ve otele transfer<\/div>\n<div data-start=\"480\" data-end=\"806\"><span style=\"color: #00ff00;\"><strong>\u2713<\/strong> <\/span>\u00d6zel yat kiralama (4 saat)<br data-start=\"510\" data-end=\"513\" \/><span style=\"color: #00ff00;\"><strong>\u2713<\/strong> <\/span>Profesyonel m\u00fcrettebat (3 ki\u015fi)<br data-start=\"583\" data-end=\"586\" \/><span style=\"color: #00ff00;\"><strong>\u2713<\/strong> <\/span>Deneyimli bir kaptan<br data-start=\"603\" data-end=\"606\" \/><span style=\"color: #00ff00;\"><strong>\u2713<\/strong> <\/span>Barbek\u00fc: bal\u0131k, tavuk veya k\u00f6fte<br data-start=\"635\" data-end=\"638\" \/><span style=\"color: #00ff00;\"><strong>\u2713<\/strong> <\/span>Akdeniz salatas\u0131<br data-start=\"663\" data-end=\"666\" \/><span style=\"color: #00ff00;\"><strong>\u2713<\/strong> <\/span>Makarna<br data-start=\"673\" data-end=\"676\" \/><span style=\"color: #00ff00;\"><strong>\u2713<\/strong> <\/span>Meyve taba\u011f\u0131<br data-start=\"695\" data-end=\"698\" \/><span style=\"color: #00ff00;\"><strong>\u2713<\/strong> <\/span>Alkols\u00fcz i\u00e7ecekler<br data-start=\"722\" data-end=\"725\" \/><span style=\"color: #00ff00;\"><strong>\u2713<\/strong> <\/span>Gemide Wi-Fi<br data-start=\"741\" data-end=\"744\" \/><span style=\"color: #00ff00;\"><strong>\u2713<\/strong> <\/span>SUP tahtas\u0131<br data-start=\"755\" data-end=\"758\" \/><span style=\"color: #00ff00;\"><strong>\u2713<\/strong> <\/span>\u015enorkel ekipmanlar\u0131<\/div>\n<h3 data-start=\"808\" data-end=\"825\">\u00a0Dahil de\u011fil:<\/h3>\n<p data-start=\"827\" data-end=\"895\"><span style=\"color: #ff0000;\"><strong>\u2717<\/strong> <\/span>Alkoll\u00fc i\u00e7ecekler<br data-start=\"848\" data-end=\"851\" \/><span style=\"color: #ff0000;\"><strong>\u2717<\/strong> <\/span>Seabob (iste\u011fe ba\u011fl\u0131)<br data-start=\"872\" data-end=\"875\" \/><span style=\"color: #ff0000;\"><strong>\u2717<\/strong> <\/span>S\u00fcslemeler ve pasta<\/p>\n<h3 data-start=\"897\" data-end=\"925\">\ud83c\udf1f Turun \u00d6ne \u00c7\u0131kanlar\u0131<\/h3>\n<p data-start=\"927\" data-end=\"1180\">\ud83d\udd39 Modern l\u00fcks yat 17.50m (2019)<br data-start=\"966\" data-end=\"969\" \/>\ud83d\udd39 Seabob ile su alt\u0131 e\u011flencesi<br data-start=\"1002\" data-end=\"1005\" \/>\ud83d\udd39 Alanya Kalesi'nin denizden g\u00f6r\u00fcn\u00fcm\u00fc<br data-start=\"1037\" data-end=\"1040\" \/>\ud83d\udd39 K\u0131z\u0131l Kule ve Eski Tersane<br data-start=\"1071\" data-end=\"1074\" \/>\ud83d\udd39 Turkuaz koylarda y\u00fczmek<br data-start=\"1103\" data-end=\"1106\" \/>\ud83d\udd39 3 ki\u015filik profesyonel ekip<br data-start=\"1145\" data-end=\"1148\" \/>\ud83d\udd39 Geni\u015f g\u00fcverte ve 4 kabin<\/p>\n<h3 data-start=\"1182\" data-end=\"1204\">\ud83d\udcd6 Tam a\u00e7\u0131klama<\/h3>\n<div data-start=\"1206\" data-end=\"1286\">Deniz yolculu\u011funuz Alanya liman\u0131na ki\u015fiselle\u015ftirilmi\u015f bir transfer ile ba\u015flar.<\/div>\n<div data-start=\"1288\" data-end=\"1457\">Gemiye bindikten sonra <strong data-start=\"1307\" data-end=\"1329\">Yat Efsane Deluxe.<\/strong>, Yar\u0131madan\u0131n pitoresk sahil \u015feridi boyunca seyahat edecek, K\u0131z\u0131l Kule, Eski Tersane ve \u00fcnl\u00fc deniz ma\u011faralar\u0131n\u0131 ge\u00e7eceksiniz.<\/div>\n<div data-start=\"1459\" data-end=\"1600\">4 saatlik program y\u00fczme molalar\u0131n\u0131, g\u00fcne\u015flenme g\u00fcvertesinde dinlenmeyi ve m\u00fcrettebat taraf\u0131ndan servis edilen taze pi\u015fmi\u015f barbek\u00fcy\u00fc i\u00e7ermektedir.<\/div>\n<div data-start=\"1602\" data-end=\"1716\">Yat do\u011fum g\u00fcnleri, evlilik teklifleri, partiler veya \u00f6zel aile tatilleri i\u00e7in idealdir.<\/div>\n<h3 data-start=\"267\" data-end=\"289\">\ud83d\uddfa\ufe0f Tur Program\u0131<\/h3>\n<p data-start=\"291\" data-end=\"670\">\ud83d\udd39 Otelden Alanya liman\u0131na ki\u015fiselle\u015ftirilmi\u015f transfer<br data-start=\"340\" data-end=\"343\" \/>\ud83d\udd39 Alanya merkezden hareket<br data-start=\"374\" data-end=\"377\" \/>\ud83d\udd39 Alanya Kalesi, K\u0131z\u0131l Kule ve Eski Tersane (denizden g\u00f6r\u00fcn\u00fcm)<br data-start=\"438\" data-end=\"441\" \/>\ud83d\udd39 Korsan Ma\u011faras\u0131, A\u015f\u0131klar Ma\u011faras\u0131 ve Fosforlu Ma\u011fara<br data-start=\"498\" data-end=\"501\" \/>\ud83d\udd39 Akdeniz koylar\u0131nda y\u00fczme duraklar\u0131<br data-start=\"552\" data-end=\"555\" \/>\ud83d\udd39 Gemide servis edilen barbek\u00fc \u00f6\u011fle yeme\u011fi<br data-start=\"587\" data-end=\"590\" \/>\ud83d\udd39 K\u0131y\u0131 \u015feridi boyunca manzaral\u0131 bir yolculuk<br data-start=\"625\" data-end=\"628\" \/>\ud83d\udd39 Limana d\u00f6n\u00fc\u015f ve otele transfer<\/p>\n<h3 data-start=\"2042\" data-end=\"2066\">\ud83c\udf92 Yan\u0131n\u0131za ne almal\u0131s\u0131n\u0131z<\/h3>\n<p data-start=\"2068\" data-end=\"2185\">\ud83d\udd39 Mayo ve havlu.<br data-start=\"2092\" data-end=\"2095\" \/>\ud83d\udd39 G\u00fcne\u015f Kremi<br data-start=\"2117\" data-end=\"2120\" \/>\ud83d\udd39 G\u00fcne\u015f G\u00f6zl\u00fc\u011f\u00fc<br data-start=\"2142\" data-end=\"2145\" \/>\ud83d\udd39 Ba\u015fl\u0131k<br data-start=\"2161\" data-end=\"2164\" \/>\ud83d\udd39 Kamera veya GoPro<\/p>\n<h3 data-start=\"2187\" data-end=\"2210\">\ud83d\udeab Tavsiye edilmez<\/h3>\n<p data-start=\"2212\" data-end=\"2262\">\ud83d\udd39 Ciddi hareket k\u0131s\u0131tl\u0131l\u0131\u011f\u0131 olan misafirler<\/p>\n<h3 data-start=\"2803\" data-end=\"2833\">\ud83d\udcb8 <strong data-start=\"2810\" data-end=\"2833\">Fiyat ve rezervasyon<\/strong><\/h3>\n<p data-start=\"2835\" data-end=\"3024\">\ud83d\udd39 \u015eimdi rezervasyon yap\u0131n - tur g\u00fcn\u00fc \u00f6deme<br data-start=\"2878\" data-end=\"2881\" \/>\ud83d\udd39 \u00d6zelle\u015ftirilmi\u015f g\u00fczergahlar ve \u00f6zel istekler m\u00fcmk\u00fcnd\u00fcr<br data-start=\"2935\" data-end=\"2938\" \/>\ud83d\udd39 WhatsApp, Telegram, Viber veya a\u015fa\u011f\u0131daki rezervasyon formu arac\u0131l\u0131\u011f\u0131yla bize ula\u015f\u0131n \ud83d\udc47\ud83c\udffc<\/p>","protected":false},"excerpt":{"rendered":"<p>Alanya'da ki\u015fiselle\u015ftirilmi\u015f yat kiralama \u00abEfsane Deluxe\u00bb: 4 saatlik l\u00fcks seyir, barbek\u00fc, koylarda y\u00fczme ve VIP m\u00fcrettebat. Transfer dahil, tur g\u00fcn\u00fc \u00f6deme.<\/p>","protected":false},"featured_media":15481,"comment_status":"open","ping_status":"closed","template":"","meta":[],"product_brand":[],"product_cat":[127],"product_tag":[121],"class_list":{"0":"post-15480","1":"product","2":"type-product","3":"status-publish","4":"has-post-thumbnail","6":"tour_phys-arenda-yaht","7":"product_cat-arenda-yacht","8":"product_tag-alanya","9":"pa_kategori-arenda-yacht","11":"first","12":"instock","13":"sale","14":"shipping-taxable","15":"purchasable","16":"product-type-tour_phys"},"aioseo_notices":[],"_links":{"self":[{"href":"https:\/\/mirekskursii.com\/tr\/wp-json\/wp\/v2\/product\/15480","targetHints":{"allow":["GET"]}}],"collection":[{"href":"https:\/\/mirekskursii.com\/tr\/wp-json\/wp\/v2\/product"}],"about":[{"href":"https:\/\/mirekskursii.com\/tr\/wp-json\/wp\/v2\/types\/product"}],"replies":[{"embeddable":true,"href":"https:\/\/mirekskursii.com\/tr\/wp-json\/wp\/v2\/comments?post=15480"}],"wp:featuredmedia":[{"embeddable":true,"href":"https:\/\/mirekskursii.com\/tr\/wp-json\/wp\/v2\/media\/15481"}],"wp:attachment":[{"href":"https:\/\/mirekskursii.com\/tr\/wp-json\/wp\/v2\/media?parent=15480"}],"wp:term":[{"taxonomy":"product_brand","embeddable":true,"href":"https:\/\/mirekskursii.com\/tr\/wp-json\/wp\/v2\/product_brand?post=15480"},{"taxonomy":"product_cat","embeddable":true,"href":"https:\/\/mirekskursii.com\/tr\/wp-json\/wp\/v2\/product_cat?post=15480"},{"taxonomy":"product_tag","embeddable":true,"href":"https:\/\/mirekskursii.com\/tr\/wp-json\/wp\/v2\/product_tag?post=15480"}],"curies":[{"name":"wp","href":"https:\/\/api.w.org\/{rel}","templated":true}]}}