{"id":15468,"date":"2026-02-12T13:04:59","date_gmt":"2026-02-12T10:04:59","guid":{"rendered":"https:\/\/mirekskursii.com\/?post_type=product&#038;p=15468\/"},"modified":"2026-02-12T20:03:17","modified_gmt":"2026-02-12T17:03:17","slug":"alanya-yat-kiralama-infinity","status":"publish","type":"product","link":"https:\/\/mirekskursii.com\/ekskursii\/arenda-yakhty-v-alanya-infinity\/","title":{"rendered":"Alanya Yat Kiralama \u2013 \u0130nfinity | G\u00fcnl\u00fck &amp; G\u00fcn Bat\u0131m\u0131 Turu"},"content":{"rendered":"<h3 data-start=\"195\" data-end=\"212\">\ud83c\udfd9\ufe0f <strong data-start=\"203\" data-end=\"212\">\u0130nceleme<\/strong><\/h3>\n<div data-start=\"214\" data-end=\"464\">Infinity, Alanya'n\u0131n merkezindeki marinadan hareket eden, 2023 y\u0131l\u0131nda yenilenmi\u015f 17 metrelik bir motoryatt\u0131r. \u00d6zel yat kiralama, pitoresk sahil \u015feridi boyunca konfor, mahremiyet ve ki\u015fiselle\u015ftirilmi\u015f bir g\u00fczergah\u0131 takdir eden aileler, \u00e7iftler ve \u015firketler i\u00e7in idealdir. Geni\u015f g\u00fcne\u015flenme g\u00fcvertesi, modern olanaklar ve profesyonel m\u00fcrettebat, rahatlat\u0131c\u0131 ve konforlu bir seyir sa\u011flayacakt\u0131r.<\/div>\n<h3 data-start=\"187\" data-end=\"203\"><strong data-start=\"191\" data-end=\"203\">Dahil:<\/strong><\/h3>\n<div data-start=\"205\" data-end=\"625\"><span style=\"color: #00ff00;\"><strong>\u2713<\/strong> <\/span>Otelden\/otele transfer<\/div>\n<div data-start=\"205\" data-end=\"625\"><span style=\"color: #00ff00;\"><strong>\u2713<\/strong> <\/span>\u00d6zel yat kiralama<br data-start=\"226\" data-end=\"229\" \/><span style=\"color: #00ff00;\"><strong>\u2713<\/strong> <\/span>Kaptan ve m\u00fcrettebat (2 ki\u015fi)<br data-start=\"284\" data-end=\"287\" \/><span style=\"color: #00ff00;\"><strong>\u2713<\/strong> <\/span>Gemide taze haz\u0131rlanm\u0131\u015f yemekler<br data-start=\"306\" data-end=\"309\" \/>- Izgara dorada<br data-start=\"326\" data-end=\"329\" \/>- Izgara tavuk ve k\u00f6fte<br data-start=\"351\" data-end=\"354\" \/>- Akdeniz salatas\u0131<br data-start=\"379\" data-end=\"382\" \/>- Makarna<br data-start=\"389\" data-end=\"392\" data-is-only-node=\"\" \/>- K\u0131zarm\u0131\u015f sosisler<br data-start=\"410\" data-end=\"413\" \/>- Meyve taba\u011f\u0131<br data-start=\"432\" data-end=\"435\" \/><span style=\"color: #00ff00;\"><strong>\u2713<\/strong> <\/span>K\u0131s\u0131tlama olmaks\u0131z\u0131n alkols\u00fcz i\u00e7ecekler<br data-start=\"475\" data-end=\"478\" \/><span style=\"color: #00ff00;\"><strong>\u2713<\/strong> <\/span>\u00c7ay ve kahve<br data-start=\"490\" data-end=\"493\" \/><span style=\"color: #00ff00;\"><strong>\u2713<\/strong> <\/span>Wi-Fi<br data-start=\"500\" data-end=\"503\" \/><span style=\"color: #00ff00;\"><strong>\u2713<\/strong> <\/span>\u015enorkel ekipmanlar\u0131<\/div>\n<h3 data-start=\"668\" data-end=\"687\"><strong data-start=\"672\" data-end=\"687\">Dahil de\u011fil:<\/strong><\/h3>\n<p data-start=\"689\" data-end=\"827\"><span style=\"color: #ff0000;\"><strong>\u2717<\/strong> <\/span>Alkoll\u00fc i\u00e7ecekler<br data-start=\"710\" data-end=\"713\" \/><span style=\"color: #ff0000;\"><strong>\u2717<\/strong> <\/span>Dekor ve etkinlik dekorasyonu<br data-start=\"745\" data-end=\"748\" \/><span style=\"color: #ff0000;\"><strong>\u2717<\/strong> <\/span>Foto\u011fraf\u00e7\u0131l\u0131k ve videografi (drone)<\/p>\n<p data-start=\"689\" data-end=\"827\">\ud83c\udf1f <strong data-start=\"1472\" data-end=\"1502\">Turun ba\u015fl\u0131ca avantajlar\u0131 \u015funlard\u0131r<\/strong><\/p>\n<p data-start=\"1504\" data-end=\"1765\">\ud83d\udd39 12 ki\u015fiye kadar \u00f6zel yat kiralama<br data-start=\"1539\" data-end=\"1542\" \/>\ud83d\udd39 Yat 2023'te yenilendikten sonra<br data-start=\"1572\" data-end=\"1575\" \/>\ud83d\udd39 Alanya'n\u0131n temiz koylar\u0131nda y\u00fczme ve \u015fnorkelle y\u00fczme<br data-start=\"1620\" data-end=\"1623\" \/>\ud83d\udd39 Konforlu g\u00fcne\u015flenme g\u00fcvertesi ve g\u00f6lgeli alanlar<br data-start=\"1671\" data-end=\"1674\" \/>\ud83d\udd39 Gemide taze pi\u015firilmi\u015f yemekler<br data-start=\"1713\" data-end=\"1716\" \/>\ud83d\udd39 Aileler, \u00e7iftler ve \u00f6zel etkinlikler i\u00e7in m\u00fckemmel<\/p>\n<h3 data-start=\"1767\" data-end=\"1793\">\ud83d\udcd6 <strong data-start=\"1774\" data-end=\"1793\">Tam A\u00e7\u0131klama<\/strong><\/h3>\n<p data-start=\"1795\" data-end=\"2076\">Alanya merkez marinadaki Infinity motor yat\u0131na binin ve pitoresk Akdeniz k\u0131y\u0131 \u015feridi boyunca seyredin. \u00d6zel yolculu\u011funuz s\u0131ras\u0131nda y\u00fczmek i\u00e7in rahatlat\u0131c\u0131 molalar\u0131n, g\u00fcne\u015flenme g\u00fcvertesinde dinlenmenin ve deniz manzaral\u0131 m\u00fczik e\u015fli\u011finde keyifli anlar\u0131n tad\u0131n\u0131 \u00e7\u0131karacaks\u0131n\u0131z.<\/p>\n<p data-start=\"2078\" data-end=\"2288\">Siz tam bir mahremiyetin ve esnek bir g\u00fczergah\u0131n tad\u0131n\u0131 \u00e7\u0131kar\u0131rken, m\u00fcrettebat sizin i\u00e7in teknede taze bir \u00f6\u011fle yeme\u011fi haz\u0131rlayacakt\u0131r. G\u00fcnd\u00fcz veya g\u00fcn bat\u0131m\u0131nda, Infinity size Alanya'da konforlu ve unutulmaz bir yat kiralama deneyimi ya\u015fatacakt\u0131r.<\/p>\n<h3 data-start=\"2290\" data-end=\"2317\">\ud83d\uddfa\ufe0f <strong data-start=\"2298\" data-end=\"2317\">Bir rota \u00f6rne\u011fi<\/strong><\/h3>\n<p data-start=\"2319\" data-end=\"2506\">\ud83d\udd39 Alanya merkezdeki marinadan hareket<br data-start=\"2359\" data-end=\"2362\" \/>\ud83d\udd39 Alanya sahili boyunca seyir<br data-start=\"2393\" data-end=\"2396\" \/>\ud83d\udd39 Y\u00fczme ve \u015fnorkel duraklar\u0131<br data-start=\"2433\" data-end=\"2436\" \/>\ud83d\udd39 Gemide \u00f6\u011fle yeme\u011fi servisi<br data-start=\"2460\" data-end=\"2463\" \/>\ud83d\udd39 Dinlendirici bir seyir ve marinaya d\u00f6n\u00fc\u015f<\/p>\n<p data-start=\"2508\" data-end=\"2589\">\ud83d\udccc G\u00fczergah, konuklar\u0131n isteklerine ve hava ko\u015fullar\u0131na ba\u011fl\u0131 olarak de\u011fi\u015febilir.<\/p>\n<h3 data-start=\"2591\" data-end=\"2619\">\ud83c\udf92 <strong data-start=\"2598\" data-end=\"2619\">Ne getirmelisiniz<\/strong><\/h3>\n<p data-start=\"2621\" data-end=\"2720\">\ud83d\udd39 Mayo ve havlu.<br data-start=\"2645\" data-end=\"2648\" \/>\ud83d\udd39 G\u00fcne\u015f kremi ve g\u00fcne\u015f g\u00f6zl\u00fc\u011f\u00fc<br data-start=\"2677\" data-end=\"2680\" \/>\ud83d\udd39 Ba\u015fl\u0131k<br data-start=\"2696\" data-end=\"2699\" \/>\ud83d\udd39 Kamera veya GoPro<\/p>\n<h3 data-start=\"2722\" data-end=\"2749\">\ud83d\udeab <strong data-start=\"2729\" data-end=\"2749\">Tavsiye edilmez<\/strong><\/h3>\n<p data-start=\"2751\" data-end=\"2801\">\ud83d\udd39 Ciddi hareket k\u0131s\u0131tl\u0131l\u0131\u011f\u0131 olan misafirler<\/p>\n<h3 data-start=\"2803\" data-end=\"2833\">\ud83d\udcb8 <strong data-start=\"2810\" data-end=\"2833\">Fiyat ve rezervasyon<\/strong><\/h3>\n<p data-start=\"2835\" data-end=\"3024\">\ud83d\udd39 \u015eimdi rezervasyon yap\u0131n - tur g\u00fcn\u00fc \u00f6deme<br data-start=\"2878\" data-end=\"2881\" \/>\ud83d\udd39 \u00d6zelle\u015ftirilmi\u015f g\u00fczergahlar ve \u00f6zel istekler m\u00fcmk\u00fcnd\u00fcr<br data-start=\"2935\" data-end=\"2938\" \/>\ud83d\udd39 WhatsApp, Telegram, Viber veya a\u015fa\u011f\u0131daki rezervasyon formu arac\u0131l\u0131\u011f\u0131yla bize ula\u015f\u0131n \ud83d\udc47\ud83c\udffc<\/p>","protected":false},"excerpt":{"rendered":"<p>Infinity yat\u0131nda Alanya'da yat kiralama. M\u00fcrettebat, gemide yemekler ve otel transferleri ile \u00f6zel g\u00fcn ve g\u00fcn bat\u0131m\u0131 gezisi. \u015eimdi rezervasyon yap\u0131n.<\/p>","protected":false},"featured_media":15469,"comment_status":"open","ping_status":"closed","template":"","meta":[],"product_brand":[],"product_cat":[127],"product_tag":[121],"class_list":{"0":"post-15468","1":"product","2":"type-product","3":"status-publish","4":"has-post-thumbnail","6":"tour_phys-arenda-yaht","7":"product_cat-arenda-yacht","8":"product_tag-alanya","9":"pa_kategori-arenda-yacht","11":"first","12":"instock","13":"sale","14":"shipping-taxable","15":"purchasable","16":"product-type-tour_phys"},"aioseo_notices":[],"_links":{"self":[{"href":"https:\/\/mirekskursii.com\/tr\/wp-json\/wp\/v2\/product\/15468","targetHints":{"allow":["GET"]}}],"collection":[{"href":"https:\/\/mirekskursii.com\/tr\/wp-json\/wp\/v2\/product"}],"about":[{"href":"https:\/\/mirekskursii.com\/tr\/wp-json\/wp\/v2\/types\/product"}],"replies":[{"embeddable":true,"href":"https:\/\/mirekskursii.com\/tr\/wp-json\/wp\/v2\/comments?post=15468"}],"wp:featuredmedia":[{"embeddable":true,"href":"https:\/\/mirekskursii.com\/tr\/wp-json\/wp\/v2\/media\/15469"}],"wp:attachment":[{"href":"https:\/\/mirekskursii.com\/tr\/wp-json\/wp\/v2\/media?parent=15468"}],"wp:term":[{"taxonomy":"product_brand","embeddable":true,"href":"https:\/\/mirekskursii.com\/tr\/wp-json\/wp\/v2\/product_brand?post=15468"},{"taxonomy":"product_cat","embeddable":true,"href":"https:\/\/mirekskursii.com\/tr\/wp-json\/wp\/v2\/product_cat?post=15468"},{"taxonomy":"product_tag","embeddable":true,"href":"https:\/\/mirekskursii.com\/tr\/wp-json\/wp\/v2\/product_tag?post=15468"}],"curies":[{"name":"wp","href":"https:\/\/api.w.org\/{rel}","templated":true}]}}