{"id":15457,"date":"2026-02-10T23:10:06","date_gmt":"2026-02-10T20:10:06","guid":{"rendered":"https:\/\/mirekskursii.com\/?post_type=product&#038;p=15457\/"},"modified":"2026-02-11T00:01:14","modified_gmt":"2026-02-10T21:01:14","slug":"gazipasa-tekne-turu-delik-deniz","status":"publish","type":"product","link":"https:\/\/mirekskursii.com\/ekskursii\/morskaya-progulka-gazipasha-delik-deniz\/","title":{"rendered":"Gazipa\u015fa Tekne Turu \u2013 Delik Deniz (Kral Koyu)"},"content":{"rendered":"<h3 data-start=\"178\" data-end=\"195\"><strong data-start=\"182\" data-end=\"195\">\ud83c\udfd9\ufe0f Genel Bak\u0131\u015f<\/strong><\/h3>\n<p data-start=\"197\" data-end=\"573\">Alanya'n\u0131n kalabal\u0131k tekne rotalar\u0131ndan ka\u00e7\u0131n\u0131n ve Gazipa\u015fa'n\u0131n bozulmam\u0131\u015f sahil \u015feridi boyunca rahatlat\u0131c\u0131 bir yolculu\u011fa \u00e7\u0131k\u0131n. Bu tekne turu format\u0131 <em data-start=\"348\" data-end=\"361\">rahatlama tarz\u0131<\/em> Sessizli\u011fi, tenha koylar\u0131 ve bozulmam\u0131\u015f do\u011fay\u0131 takdir edenler i\u00e7in yarat\u0131lm\u0131\u015ft\u0131r. Kristal berrakl\u0131\u011f\u0131nda denizde y\u00fczmek, e\u015fsiz kaya olu\u015fumlar\u0131 ve kitle turizminden uzak huzurlu bir Akdeniz atmosferi.<\/p>\n<h3 data-start=\"580\" data-end=\"596\"><strong data-start=\"584\" data-end=\"596\">Dahil<\/strong><\/h3>\n<p data-start=\"598\" data-end=\"748\"><span style=\"color: #00ff00;\"><strong>\u2713<\/strong> <\/span>Otelden ve otele transfer\u00a0<br data-start=\"636\" data-end=\"639\" \/><span style=\"color: #00ff00;\"><strong>\u2713<\/strong> <\/span>Gazipa\u015fa sahili boyunca tekne turu<br data-start=\"682\" data-end=\"685\" \/><span style=\"color: #00ff00;\"><strong>\u2713<\/strong> <\/span>Gemide \u00f6\u011fle yeme\u011fi<br data-start=\"700\" data-end=\"703\" \/><span style=\"color: #00ff00;\"><strong>\u2713<\/strong> <\/span>Profesyonel rehber<br data-start=\"725\" data-end=\"728\" \/><span style=\"color: #00ff00;\"><strong>\u2713<\/strong> <\/span>Tam sigorta<\/p>\n<h3 data-start=\"755\" data-end=\"774\"><strong data-start=\"759\" data-end=\"774\">Dahil de\u011fildir<\/strong><\/h3>\n<p data-start=\"776\" data-end=\"868\"><span style=\"color: #ff0000;\"><strong>\u2717<\/strong> <\/span>\u0130\u00e7ecekler\u00a0<br data-start=\"813\" data-end=\"816\" \/><span style=\"color: #ff0000;\"><strong>\u2717<\/strong> <\/span>Profesyonel foto\u011fraflar ve videolar<br data-start=\"847\" data-end=\"850\" \/><span style=\"color: #ff0000;\"><strong>\u2717<\/strong> <\/span>Ki\u015fisel harcamalar<\/p>\n<h3 data-start=\"875\" data-end=\"907\"><strong data-start=\"879\" data-end=\"907\">\ud83c\udf1f Turun \u00f6ne \u00e7\u0131kan \u00f6zellikleri<\/strong><\/h3>\n<p data-start=\"909\" data-end=\"1301\">\ud83d\udd39 G\u00fcr\u00fclt\u00fcl\u00fc partilerin olmad\u0131\u011f\u0131, rahat, sakin tarzda bir tekne turu<br data-start=\"964\" data-end=\"967\" \/>\ud83d\udd39 Kayal\u0131klar\u0131n ve muz tarlalar\u0131n\u0131n ortas\u0131nda bozulmam\u0131\u015f koylar<br data-start=\"1019\" data-end=\"1022\" \/>\ud83d\udd39 Makar Plaj\u0131 - y\u00fczmek i\u00e7in tenha bir yer<br data-start=\"1066\" data-end=\"1069\" \/>\ud83d\udd39 Korsan Ma\u011faras\u0131 (A\u015f\u0131klar Ma\u011faras\u0131) - foto\u011fraf duraklamas\u0131<br data-start=\"1120\" data-end=\"1123\" \/>\ud83d\udd39 Delik Deniz (Kral Koyu) - do\u011fal ta\u015f kemer<br data-start=\"1178\" data-end=\"1181\" \/>\ud83d\udd39 Mawi Jennet Koyu'nda \u00f6\u011fle yeme\u011fi ve y\u00fczme ile uzun mola<br data-start=\"1245\" data-end=\"1248\" \/>\ud83d\udd39 Mavi Lag\u00fcn y\u00fczmek i\u00e7in son durak<\/p>\n<h3 data-start=\"1308\" data-end=\"1334\"><strong data-start=\"1312\" data-end=\"1334\">\ud83d\udcd6 Tam a\u00e7\u0131klama<\/strong><\/h3>\n<p data-start=\"1336\" data-end=\"1577\">G\u00fcn\u00fcn\u00fcz Alanya'daki otelinizden konforlu bir transfer ve Gazipa\u015fa Gold Marina'ya do\u011fal bir yolculukla ba\u015flar. Var\u0131\u015fta gemiye binecek ve Akdeniz k\u0131y\u0131 \u015feridinin en bozulmam\u0131\u015f b\u00f6lgelerinden biri boyunca yelken a\u00e7acaks\u0131n\u0131z.<\/p>\n<p data-start=\"1579\" data-end=\"1830\">Y\u00fczmek i\u00e7in ilk durak, muz bah\u00e7eleri ve kayal\u0131klar aras\u0131nda gizli bir koy olan Makar Plaj\u0131'd\u0131r. Y\u00fczd\u00fckten sonra rota, do\u011fal formlara hayran olmak ve g\u00fczel foto\u011fraflar \u00e7ekmek i\u00e7in zaman\u0131n\u0131z olaca\u011f\u0131 Korsan Ma\u011faras\u0131'na (A\u015f\u0131klar Ma\u011faras\u0131) devam ediyor.<\/p>\n<p data-start=\"1832\" data-end=\"2074\">Ard\u0131ndan, do\u011fal bir ta\u015f kemer ve turkuaz suyu ile e\u015fsiz bir jeolojik alan olan Delik Deniz ve Kral Koyu'nu ziyaret edeceksiniz. Efsaneye g\u00f6re Kral Antiochus burada y\u0131kanm\u0131\u015ft\u0131r. K\u0131sa bir foto\u011fraf molas\u0131ndan sonra tekne Mawi Jennet Koyu'na (Mavi Cennet) do\u011fru yol al\u0131r.<\/p>\n<p data-start=\"2076\" data-end=\"2419\">Burada vah\u015fi ya\u015famla \u00e7evrili uzun ve dinlendirici bir tatilin tad\u0131n\u0131 \u00e7\u0131karacaks\u0131n\u0131z. Gemide taze pi\u015firilmi\u015f bir \u00f6\u011fle yeme\u011fi servis edilir, ard\u0131ndan y\u00fczmek, dinlenmek ve huzurun tad\u0131n\u0131 \u00e7\u0131karmak i\u00e7in zaman\u0131n\u0131z olacakt\u0131r. Geri d\u00f6nmeden \u00f6nce, marinaya d\u00f6nmeden \u00f6nce parlak renkli suyuyla Mavi Lag\u00fcn'de son bir durak var ve Alanya'ya geri transfer.<\/p>\n<h3 data-start=\"2426\" data-end=\"2452\"><strong data-start=\"2430\" data-end=\"2452\">\ud83d\uddfa\ufe0f Tur Program\u0131<\/strong><\/h3>\n<p data-start=\"2454\" data-end=\"2832\">\ud83d\udd39 08:30 - 09:30 - Alanya'daki otellerden toplama<br data-start=\"2496\" data-end=\"2499\" \/>\ud83d\udd39 Gazipa\u015fa Gold Marina'ya manzaral\u0131 transfer<br data-start=\"2544\" data-end=\"2547\" \/>\ud83d\udd39 10:30 - Tekne kalk\u0131\u015f\u0131<br data-start=\"2575\" data-end=\"2578\" \/>\ud83d\udd39 Makar Plaj\u0131 - y\u00fczme<br data-start=\"2601\" data-end=\"2604\" \/>\ud83d\udd39 Korsan Ma\u011faras\u0131 - foto\u011fraf duraklamas\u0131<br data-start=\"2635\" data-end=\"2638\" \/>\ud83d\udd39 Delik Deniz ve Kral Koyu - gezi dura\u011f\u0131<br data-start=\"2688\" data-end=\"2691\" \/>\ud83d\udd39 Mawi Jennet Koyu - \u00f6\u011fle yeme\u011fi ve y\u00fczme<br data-start=\"2729\" data-end=\"2732\" \/>\ud83d\udd39 Mavi Lag\u00fcn - son y\u00fczme.<br data-start=\"2769\" data-end=\"2772\" \/>\ud83d\udd39 15:30 - 16:30 - Alanya'ya d\u00f6n\u00fc\u015f ve otellere transfer<\/p>\n<h3 data-start=\"188\" data-end=\"222\"><strong data-start=\"192\" data-end=\"222\">\u2139\ufe0f Turunuzdan \u00f6nce bilmeniz gerekenler<\/strong><\/h3>\n<p data-start=\"224\" data-end=\"514\">\ud83d\udd39 Tur k\u00fc\u00e7\u00fck gruplar halinde ger\u00e7ekle\u015ftirilir<br data-start=\"261\" data-end=\"264\" \/>\ud83d\udd39 Dim Ma\u011faras\u0131 so\u011fuktur - hafif bir ceket tavsiye edilir<br data-start=\"319\" data-end=\"322\" \/>\ud83d\udd39 Ciedra y\u00fcr\u00fcy\u00fc\u015f\u00fc engebeli bir zeminde<br data-start=\"376\" data-end=\"379\" \/>\ud83d\udd39 Temel d\u00fczeyde kondisyona sahip misafirler i\u00e7in uygundur<br data-start=\"441\" data-end=\"444\" \/>\ud83d\udd39 L\u00fctfen rezervasyon s\u0131ras\u0131nda diyet tercihlerinizi bildiriniz<\/p>\n<h3 data-start=\"2839\" data-end=\"2867\"><strong data-start=\"2843\" data-end=\"2867\">\ud83c\udf92 Yan\u0131n\u0131za ne almal\u0131s\u0131n\u0131z<\/strong><\/h3>\n<p data-start=\"2869\" data-end=\"3037\">\ud83d\udd39 Mayo ve havlu<br data-start=\"2908\" data-end=\"2911\" \/>\ud83d\udd39 G\u00fcne\u015f kremi, \u015fapka ve g\u00fcne\u015f g\u00f6zl\u00fc\u011f\u00fc<br data-start=\"2955\" data-end=\"2958\" \/>\ud83d\udd39 Kamera veya ak\u0131ll\u0131 telefon<br data-start=\"2985\" data-end=\"2988\" \/>\ud83d\udd39 \u0130\u00e7ecekler ve ekstralar i\u00e7in nakit<\/p>\n<h3 data-start=\"3044\" data-end=\"3071\"><strong data-start=\"3048\" data-end=\"3071\">\ud83d\udeab Tavsiye edilmez<\/strong><\/h3>\n<p data-start=\"3073\" data-end=\"3170\">\ud83d\udd39 A\u011f\u0131r hareket engelli misafirler<br data-start=\"3119\" data-end=\"3122\" \/>\ud83d\udd39 Y\u00fcksek sesli m\u00fczik ve parti bekleyenler i\u00e7in.<\/p>\n<h3 data-start=\"3177\" data-end=\"3207\"><strong data-start=\"3181\" data-end=\"3207\">\ud83d\udcb8 Fiyat ve rezervasyon<\/strong><\/h3>\n<p data-start=\"3209\" data-end=\"3415\"><strong>\ud83d\udd39 \u015eimdi rezervasyon yap\u0131n - tur g\u00fcn\u00fc \u00f6deme<\/strong><br data-start=\"3250\" data-end=\"3253\" \/>\ud83d\udd39 Rezervasyon onay\u0131 mobil cihazlarda kullan\u0131labilir<br data-start=\"3316\" data-end=\"3319\" \/>\ud83d\udd39 WhatsApp, Telegram, Viber arac\u0131l\u0131\u011f\u0131yla bize ula\u015f\u0131n veya a\u015fa\u011f\u0131daki rezervasyon formunu doldurun \ud83d\udc47\ud83c\udffc<\/p>","protected":false},"excerpt":{"rendered":"<article class=\"text-token-text-primary w-full focus:outline-none [--shadow-height:45px] has-data-writing-block:pointer-events-none has-data-writing-block:-mt-(--shadow-height) has-data-writing-block:pt-(--shadow-height) [&amp;:has([data-writing-block])&gt;*]:pointer-events-auto [content-visibility:auto] supports-[content-visibility:auto]:[contain-intrinsic-size:auto_100lvh] scroll-mt-[calc(var(--header-height)+min(200px,max(70px,20svh)))]\" dir=\"auto\" tabindex=\"-1\" data-turn-id=\"request-691836cd-f880-8328-a590-c99ebec06edd-3\" data-testid=\"conversation-turn-84\" data-scroll-anchor=\"true\" data-turn=\"assistant\">\n<div class=\"text-base my-auto mx-auto pb-10 [--thread-content-margin:--spacing(4)] thread-sm:[--thread-content-margin:--spacing(6)] thread-lg:[--thread-content-margin:--spacing(16)] px-(--thread-content-margin)\">\n<div class=\"[--thread-content-max-width:40rem] thread-lg:[--thread-content-max-width:48rem] mx-auto max-w-(--thread-content-max-width) flex-1 group\/turn-messages focus-visible:outline-hidden relative flex w-full min-w-0 flex-col agent-turn\" tabindex=\"-1\">\n<div class=\"flex max-w-full flex-col grow\">\n<div class=\"min-h-8 text-message relative flex w-full flex-col items-end gap-2 text-start break-words whitespace-normal [.text-message+&amp;]:mt-1\" dir=\"auto\" data-message-author-role=\"assistant\" data-message-id=\"4604497e-bd6b-4f1f-a874-8cfbc2515a0d\" data-message-model-slug=\"gpt-5-1-thinking\">\n<div class=\"flex w-full flex-col gap-1 empty:hidden first:pt-[1px]\">\n<div class=\"markdown prose dark:prose-invert w-full break-words light markdown-new-styling\">\n<p data-start=\"2753\" data-end=\"2929\" data-is-last-node=\"\" data-is-only-node=\"\">\u041c\u043e\u0440\u0441\u043a\u0430\u044f \u043f\u0440\u043e\u0433\u0443\u043b\u043a\u0430 \u0432 \u0413\u0430\u0437\u0438\u043f\u0430\u0448\u0435 \u043a \u0414\u0435\u043b\u0438\u043a \u0414\u0435\u043d\u0438\u0437 (\u0411\u0443\u0445\u0442\u0430 \u041a\u043e\u0440\u043e\u043b\u044f): \u0441\u043f\u043e\u043a\u043e\u0439\u043d\u044b\u0439 relax-\u043a\u0440\u0443\u0438\u0437, \u0443\u0435\u0434\u0438\u043d\u0451\u043d\u043d\u044b\u0435 \u0431\u0443\u0445\u0442\u044b, \u043a\u0443\u043f\u0430\u043d\u0438\u0435 \u0432 \u043a\u0440\u0438\u0441\u0442\u0430\u043b\u044c\u043d\u043e \u0447\u0438\u0441\u0442\u043e\u043c \u043c\u043e\u0440\u0435 \u0438 \u043e\u0431\u0435\u0434 \u043d\u0430 \u0431\u043e\u0440\u0442\u0443. \u0411\u0440\u043e\u043d\u0438\u0440\u043e\u0432\u0430\u043d\u0438\u0435 \u0431\u0435\u0437 \u043f\u0440\u0435\u0434\u043e\u043f\u043b\u0430\u0442\u044b.<\/p>\n<\/div>\n<\/div>\n<\/div>\n<\/div>\n<div class=\"z-0 flex min-h-[46px] justify-start\"><\/div>\n<div class=\"mt-3 w-full empty:hidden\">\n<div class=\"text-center\"><\/div>\n<\/div>\n<\/div>\n<\/div>\n<\/article>\n<div class=\"pointer-events-none h-px w-px\" aria-hidden=\"true\" data-edge=\"true\"><\/div>\n","protected":false},"featured_media":15458,"comment_status":"open","ping_status":"closed","template":"","meta":[],"product_brand":[],"product_cat":[126],"product_tag":[121],"class_list":{"0":"post-15457","1":"product","2":"type-product","3":"status-publish","4":"has-post-thumbnail","6":"tour_phys-ekskursii-v-alanya","7":"product_cat-ekskursii-v-alanya","8":"product_tag-alanya","9":"pa_destination-ekskursii-v-alanya","11":"first","12":"instock","13":"sale","14":"shipping-taxable","15":"purchasable","16":"product-type-tour_phys"},"aioseo_notices":[],"_links":{"self":[{"href":"https:\/\/mirekskursii.com\/tr\/wp-json\/wp\/v2\/product\/15457","targetHints":{"allow":["GET"]}}],"collection":[{"href":"https:\/\/mirekskursii.com\/tr\/wp-json\/wp\/v2\/product"}],"about":[{"href":"https:\/\/mirekskursii.com\/tr\/wp-json\/wp\/v2\/types\/product"}],"replies":[{"embeddable":true,"href":"https:\/\/mirekskursii.com\/tr\/wp-json\/wp\/v2\/comments?post=15457"}],"wp:featuredmedia":[{"embeddable":true,"href":"https:\/\/mirekskursii.com\/tr\/wp-json\/wp\/v2\/media\/15458"}],"wp:attachment":[{"href":"https:\/\/mirekskursii.com\/tr\/wp-json\/wp\/v2\/media?parent=15457"}],"wp:term":[{"taxonomy":"product_brand","embeddable":true,"href":"https:\/\/mirekskursii.com\/tr\/wp-json\/wp\/v2\/product_brand?post=15457"},{"taxonomy":"product_cat","embeddable":true,"href":"https:\/\/mirekskursii.com\/tr\/wp-json\/wp\/v2\/product_cat?post=15457"},{"taxonomy":"product_tag","embeddable":true,"href":"https:\/\/mirekskursii.com\/tr\/wp-json\/wp\/v2\/product_tag?post=15457"}],"curies":[{"name":"wp","href":"https:\/\/api.w.org\/{rel}","templated":true}]}}