{"id":15449,"date":"2026-02-10T19:01:40","date_gmt":"2026-02-10T16:01:40","guid":{"rendered":"https:\/\/mirekskursii.com\/?post_type=product&#038;p=15449\/"},"modified":"2026-02-10T20:06:36","modified_gmt":"2026-02-10T17:06:36","slug":"alanya-syedra-antik-kenti-dim-magarasi-cayi","status":"publish","type":"product","link":"https:\/\/mirekskursii.com\/ekskursii\/siedra-drevniy-gorod-alanii-dim\/","title":{"rendered":"Alanya Syedra Antik Kenti \u2013 Dim Ma\u011faras\u0131 ve Dim \u00c7ay\u0131 Turu"},"content":{"rendered":"<h3 data-start=\"337\" data-end=\"350\">\ud83c\udfd9\ufe0f <strong data-start=\"341\" data-end=\"350\">\u0130nceleme<\/strong><\/h3>\n<p data-start=\"352\" data-end=\"637\">Zengin tarihi ke\u015ffedin <strong data-start=\"386\" data-end=\"396\">Alanya<\/strong> ve do\u011fal hazinelerini bu \u00f6zenle planlanm\u0131\u015f turda ke\u015ffedin. Akdeniz'e bakan panoramik tepe kal\u0131nt\u0131lar\u0131, etkileyici bir yeralt\u0131 ma\u011faras\u0131 ve nehrin sakin atmosferi k\u00fclt\u00fcr, do\u011fa ve dinlenmenin m\u00fckemmel bir kar\u0131\u015f\u0131m\u0131n\u0131 olu\u015fturuyor.<\/p>\n<h3 data-start=\"639\" data-end=\"652\"><strong data-start=\"639\" data-end=\"652\">Dahil:<\/strong><\/h3>\n<p data-start=\"654\" data-end=\"902\"><span style=\"color: #00ff00;\"><strong>\u2713<\/strong><\/span> Profesyonel otel transferi\u00a0<br data-start=\"713\" data-end=\"716\" \/><span style=\"color: #00ff00;\"><strong>\u2713 <\/strong><\/span>Profesyonel lisansl\u0131 rehber\u00a0<br data-start=\"772\" data-end=\"775\" \/><span style=\"color: #00ff00;\"><strong>\u2713 <\/strong><\/span>Ciedra antik kenti turu<br data-start=\"812\" data-end=\"815\" \/><span style=\"color: #00ff00;\"><strong>\u2713 <\/strong><\/span>Dim Nehri k\u0131y\u0131s\u0131nda \u00f6\u011fle yeme\u011fi<br data-start=\"840\" data-end=\"843\" \/><span style=\"color: #00ff00;\"><strong>\u2713 <\/strong><\/span>Yerel bir meyve evine ziyaret<br data-start=\"879\" data-end=\"882\" \/><span style=\"color: #00ff00;\"><strong>\u2713 <\/strong><\/span>Tam sigorta<\/p>\n<h3 data-start=\"904\" data-end=\"920\"><strong data-start=\"904\" data-end=\"920\">Dahil de\u011fil:<\/strong><\/h3>\n<p data-start=\"922\" data-end=\"1031\"><span style=\"color: #ff0000;\"><strong>\u2717<\/strong> <\/span>Dim Ma\u011faras\u0131'na giri\u015f bileti (10 \u20ac nakit)<br data-start=\"967\" data-end=\"970\" \/><span style=\"color: #ff0000;\"><strong>\u2717<\/strong> <\/span>Tur s\u0131ras\u0131nda i\u00e7ecekler<br data-start=\"993\" data-end=\"996\" \/><span style=\"color: #ff0000;\"><strong>\u2717<\/strong> <\/span>Ki\u015fisel harcamalar (foto\u011fraflar, hediyelik e\u015fyalar)<\/p>\n<h3 data-start=\"1033\" data-end=\"1061\">\ud83c\udf1f <strong data-start=\"1036\" data-end=\"1061\">Turun \u00f6ne \u00e7\u0131kan \u00f6zellikleri<\/strong><\/h3>\n<p data-start=\"1063\" data-end=\"1403\">\ud83d\udd39 Ciedra Antik Kenti - Roma ve Bizans kal\u0131nt\u0131lar\u0131<br data-start=\"1117\" data-end=\"1120\" \/>\ud83d\udd39 B\u00f6lgedeki Akdeniz'in panoramik manzaras\u0131 <strong data-start=\"1167\" data-end=\"1177\">Alanya<\/strong><br data-start=\"1177\" data-end=\"1180\" \/>\ud83d\udd39 Dim Ma\u011faras\u0131 - sark\u0131tlar, dikitler ve yeralt\u0131 g\u00f6l\u00fc<br data-start=\"1236\" data-end=\"1239\" \/>\ud83d\udd39 Dim Nehri k\u0131y\u0131s\u0131nda rahatlat\u0131c\u0131 \u00f6\u011fle yeme\u011fi<br data-start=\"1279\" data-end=\"1282\" \/>\ud83d\udd39 Y\u00f6resel \u00fcr\u00fcnlerle yerel bir meyve evine ziyaret<br data-start=\"1346\" data-end=\"1349\" \/>\ud83d\udd39 Profesyonel bir rehberden bilgilendirici hikayeler<\/p>\n<h3 data-start=\"1405\" data-end=\"1427\">\ud83d\udcd6 <strong data-start=\"1408\" data-end=\"1427\">Tam A\u00e7\u0131klama<\/strong><\/h3>\n<div data-start=\"1429\" data-end=\"1807\">G\u00fcn\u00fcn\u00fcz otelinizden otele konforlu bir transfer ile ba\u015flar. <strong data-start=\"1484\" data-end=\"1494\">Alanya<\/strong> ve b\u00f6lgenin gizli arkeolojik hazinelerinden biri olan Ciedra antik kentine do\u011fal bir yolculuk. Bir tepenin \u00fczerinde yer alan Ciedra, Akdeniz'in muhte\u015fem manzaralar\u0131n\u0131 sunmaktad\u0131r. Rehberiniz size Roma ve Bizans d\u00f6nemlerinden kentin tarihini anlat\u0131rken siz de antik sokaklarda, hamamlarda ve sarn\u0131\u00e7larda dola\u015facaks\u0131n\u0131z.<\/div>\n<div data-start=\"1809\" data-end=\"2043\">Tur daha sonra en etkileyici do\u011fal cazibe merkezlerinden biri olan Dim Ma\u011faras\u0131 ziyareti ile devam ediyor <strong data-start=\"1917\" data-end=\"1927\">Alanya<\/strong>. Milyonlarca y\u0131lda olu\u015fan ma\u011fara, sark\u0131tlar\u0131, dikitleri ve gizemli yeralt\u0131 g\u00f6l\u00fcyle etkileyicidir.<\/div>\n<div data-start=\"2045\" data-end=\"2302\">Ma\u011faray\u0131 ke\u015ffettikten sonra, ye\u015fillik ve serinlikle \u00e7evrili lezzetli bir \u00f6\u011fle yeme\u011finin tad\u0131n\u0131 \u00e7\u0131karaca\u011f\u0131n\u0131z sakin Dim Nehri'ne gideceksiniz. Geri d\u00f6nmeden \u00f6nce <strong data-start=\"2181\" data-end=\"2191\">Alanya<\/strong> Taze y\u00f6resel \u00fcr\u00fcnleri g\u00f6rebilece\u011finiz ve sat\u0131n alabilece\u011finiz yerel bir meyve evinde mola verilir.<\/div>\n<h3 data-start=\"2304\" data-end=\"2326\">\ud83d\uddfa\ufe0f <strong data-start=\"2308\" data-end=\"2326\">Tur program\u0131<\/strong><\/h3>\n<p data-start=\"2328\" data-end=\"2623\">\ud83d\udd39 09:00 - \u015eu adresteki otellerden al\u0131n <strong data-start=\"2356\" data-end=\"2366\">Alanya<\/strong> ve ayr\u0131l\u0131\u015f<br data-start=\"2374\" data-end=\"2377\" \/>\ud83d\udd39 Ciedra antik kenti ziyareti (rehberli tur ve foto\u011fraf molas\u0131)<br data-start=\"2436\" data-end=\"2439\" \/>\ud83d\udd39 Dim Ma\u011faras\u0131 turu<br data-start=\"2459\" data-end=\"2462\" \/>\ud83d\udd39 Dim Nehri k\u0131y\u0131s\u0131nda \u00f6\u011fle yeme\u011fi<br data-start=\"2488\" data-end=\"2491\" \/>\ud83d\udd39 Su kenar\u0131nda serbest zaman ve rahatlama<br data-start=\"2524\" data-end=\"2527\" \/>\ud83d\udd39 Yerel bir meyve evine ziyaret<br data-start=\"2564\" data-end=\"2567\" \/>\ud83d\udd39 16:00 - Geri d\u00f6n\u00fcn. <strong data-start=\"2592\" data-end=\"2602\">Alanya<\/strong> ve otellere transferler<\/p>\n<h3 data-start=\"2625\" data-end=\"2651\">\u2139\ufe0f Turunuzdan \u00f6nce bilmeniz gerekenler<\/h3>\n<p data-start=\"2653\" data-end=\"2911\">\ud83d\udd39 Tur k\u00fc\u00e7\u00fck gruplar halinde ger\u00e7ekle\u015ftirilir<br data-start=\"672\" data-end=\"675\" \/>\ud83d\udd39 Dim Ma\u011faras\u0131 so\u011fuktur - hafif bir ceket alman\u0131z\u0131 \u00f6neririz<br data-start=\"734\" data-end=\"737\" \/>\ud83d\udd39 Ciedra y\u00fcr\u00fcy\u00fc\u015f\u00fc engebeli bir zeminde<br data-start=\"791\" data-end=\"794\" \/>\ud83d\udd39 Tur, temel fitness seviyesine sahip misafirler i\u00e7in uygundur<br data-start=\"860\" data-end=\"863\" \/>\ud83d\udd39 L\u00fctfen rezervasyon s\u0131ras\u0131nda diyet tercihlerinizi bildiriniz<\/p>\n<h3>\ud83c\udf92 <strong data-start=\"2916\" data-end=\"2937\">Ne getirmelisiniz<\/strong><\/h3>\n<p data-start=\"2939\" data-end=\"3144\">\ud83d\udd39 Rahat y\u00fcr\u00fcy\u00fc\u015f ayakkab\u0131lar\u0131<br data-start=\"2966\" data-end=\"2969\" \/>\ud83d\udd39 Kamera veya ak\u0131ll\u0131 telefon<br data-start=\"2996\" data-end=\"2999\" \/>\ud83d\udd39 \u015eapkalar ve g\u00fcne\u015f g\u00f6zl\u00fckleri<br data-start=\"3037\" data-end=\"3040\" \/>\ud83d\udd39 G\u00fcne\u015f Kremi<br data-start=\"3062\" data-end=\"3065\" \/>\ud83d\udd39 Yeniden kullan\u0131labilir su \u015fi\u015fesi<br data-start=\"3097\" data-end=\"3100\" \/>\ud83d\udd39 Giri\u015f bileti ve i\u00e7ecekler i\u00e7in nakit<\/p>\n<h3 data-start=\"3146\" data-end=\"3169\">\ud83d\udeab <strong data-start=\"3149\" data-end=\"3169\">Tavsiye edilmez<\/strong><\/h3>\n<p data-start=\"3171\" data-end=\"3308\">\ud83d\udd39 A\u011f\u0131r hareket engelli misafirler<br data-start=\"3217\" data-end=\"3220\" \/>\ud83d\udd39 Tekerlekli sandalye kullan\u0131c\u0131lar\u0131<br data-start=\"3255\" data-end=\"3258\" \/>\ud83d\udd39 Hamile kad\u0131nlar (engebeli arazi nedeniyle)<\/p>\n<h3 data-start=\"3310\" data-end=\"3336\">\ud83d\udcb8 <strong data-start=\"3313\" data-end=\"3336\">Fiyat ve rezervasyon<\/strong><\/h3>\n<p data-start=\"3338\" data-end=\"3478\">\ud83d\udd39 \u015eimdi rezervasyon yap\u0131n - tur g\u00fcn\u00fc \u00f6deme<br data-start=\"3379\" data-end=\"3382\" \/>\ud83d\udd39 WhatsApp, Telegram, Viber arac\u0131l\u0131\u011f\u0131yla bize ula\u015f\u0131n veya a\u015fa\u011f\u0131daki rezervasyon formunu doldurun \ud83d\udc47\ud83c\udffc<\/p>","protected":false},"excerpt":{"rendered":"<article class=\"text-token-text-primary w-full focus:outline-none [--shadow-height:45px] has-data-writing-block:pointer-events-none has-data-writing-block:-mt-(--shadow-height) has-data-writing-block:pt-(--shadow-height) [&amp;:has([data-writing-block])&gt;*]:pointer-events-auto [content-visibility:auto] supports-[content-visibility:auto]:[contain-intrinsic-size:auto_100lvh] scroll-mt-[calc(var(--header-height)+min(200px,max(70px,20svh)))]\" dir=\"auto\" tabindex=\"-1\" data-turn-id=\"request-691836cd-f880-8328-a590-c99ebec06edd-3\" data-testid=\"conversation-turn-84\" data-scroll-anchor=\"true\" data-turn=\"assistant\">\n<div class=\"text-base my-auto mx-auto pb-10 [--thread-content-margin:--spacing(4)] thread-sm:[--thread-content-margin:--spacing(6)] thread-lg:[--thread-content-margin:--spacing(16)] px-(--thread-content-margin)\">\n<div class=\"[--thread-content-max-width:40rem] thread-lg:[--thread-content-max-width:48rem] mx-auto max-w-(--thread-content-max-width) flex-1 group\/turn-messages focus-visible:outline-hidden relative flex w-full min-w-0 flex-col agent-turn\" tabindex=\"-1\">\n<div class=\"flex max-w-full flex-col grow\">\n<div class=\"min-h-8 text-message relative flex w-full flex-col items-end gap-2 text-start break-words whitespace-normal [.text-message+&amp;]:mt-1\" dir=\"auto\" data-message-author-role=\"assistant\" data-message-id=\"4604497e-bd6b-4f1f-a874-8cfbc2515a0d\" data-message-model-slug=\"gpt-5-1-thinking\">\n<div class=\"flex w-full flex-col gap-1 empty:hidden first:pt-[1px]\">\n<div class=\"markdown prose dark:prose-invert w-full break-words light markdown-new-styling\">\n<p data-start=\"2753\" data-end=\"2929\" data-is-last-node=\"\" data-is-only-node=\"\">\u042d\u043a\u0441\u043a\u0443\u0440\u0441\u0438\u044f \u0432 \u0434\u0440\u0435\u0432\u043d\u0438\u0439 \u0433\u043e\u0440\u043e\u0434 \u0421\u0438\u0435\u0434\u0440\u0430 \u0432 \u0410\u043b\u0430\u043d\u0438\u0438 \u0441 \u043f\u043e\u0441\u0435\u0449\u0435\u043d\u0438\u0435\u043c \u043f\u0435\u0449\u0435\u0440\u044b \u0414\u0438\u043c \u0438 \u0440\u0435\u043a\u0438 \u0414\u0438\u043c. \u0418\u0441\u0442\u043e\u0440\u0438\u044f, \u043f\u0440\u0438\u0440\u043e\u0434\u0430 \u0438 \u043e\u0442\u0434\u044b\u0445 \u0432 \u043e\u0434\u043d\u043e\u043c \u043d\u0430\u0441\u044b\u0449\u0435\u043d\u043d\u043e\u043c \u0442\u0443\u0440\u0435.<\/p>\n<\/div>\n<\/div>\n<\/div>\n<\/div>\n<div class=\"z-0 flex min-h-[46px] justify-start\"><\/div>\n<div class=\"mt-3 w-full empty:hidden\">\n<div class=\"text-center\"><\/div>\n<\/div>\n<\/div>\n<\/div>\n<\/article>\n<div class=\"pointer-events-none h-px w-px\" aria-hidden=\"true\" data-edge=\"true\"><\/div>\n","protected":false},"featured_media":15450,"comment_status":"open","ping_status":"closed","template":"","meta":[],"product_brand":[],"product_cat":[126],"product_tag":[121],"class_list":{"0":"post-15449","1":"product","2":"type-product","3":"status-publish","4":"has-post-thumbnail","6":"tour_phys-ekskursii-v-alanya","7":"product_cat-ekskursii-v-alanya","8":"product_tag-alanya","9":"pa_destination-ekskursii-v-alanya","11":"first","12":"instock","13":"sale","14":"shipping-taxable","15":"purchasable","16":"product-type-tour_phys"},"aioseo_notices":[],"_links":{"self":[{"href":"https:\/\/mirekskursii.com\/tr\/wp-json\/wp\/v2\/product\/15449","targetHints":{"allow":["GET"]}}],"collection":[{"href":"https:\/\/mirekskursii.com\/tr\/wp-json\/wp\/v2\/product"}],"about":[{"href":"https:\/\/mirekskursii.com\/tr\/wp-json\/wp\/v2\/types\/product"}],"replies":[{"embeddable":true,"href":"https:\/\/mirekskursii.com\/tr\/wp-json\/wp\/v2\/comments?post=15449"}],"wp:featuredmedia":[{"embeddable":true,"href":"https:\/\/mirekskursii.com\/tr\/wp-json\/wp\/v2\/media\/15450"}],"wp:attachment":[{"href":"https:\/\/mirekskursii.com\/tr\/wp-json\/wp\/v2\/media?parent=15449"}],"wp:term":[{"taxonomy":"product_brand","embeddable":true,"href":"https:\/\/mirekskursii.com\/tr\/wp-json\/wp\/v2\/product_brand?post=15449"},{"taxonomy":"product_cat","embeddable":true,"href":"https:\/\/mirekskursii.com\/tr\/wp-json\/wp\/v2\/product_cat?post=15449"},{"taxonomy":"product_tag","embeddable":true,"href":"https:\/\/mirekskursii.com\/tr\/wp-json\/wp\/v2\/product_tag?post=15449"}],"curies":[{"name":"wp","href":"https:\/\/api.w.org\/{rel}","templated":true}]}}