{"id":15160,"date":"2025-12-18T19:53:10","date_gmt":"2025-12-18T16:53:10","guid":{"rendered":"https:\/\/mirekskursii.com\/?post_type=product&#038;p=15160\/"},"modified":"2026-04-18T14:09:41","modified_gmt":"2026-04-18T11:09:41","slug":"kemer-korsan-tekne-turu-gonster","status":"publish","type":"product","link":"https:\/\/mirekskursii.com\/ekskursii\/piratskiy-korabl-gonster-v-kemer\/","title":{"rendered":"Kemer Korsan Tekne Turu Gonster\u2013 Her \u015eey Dahil"},"content":{"rendered":"<h3><span style=\"color: #000000;\"><strong>\ud83c\udff4\u200d\u2620\ufe0f Genel Bak\u0131\u015f<\/strong><\/span><\/h3>\n<p class=\"\" data-start=\"228\" data-end=\"514\">Bir korsan gemisiyle deniz maceras\u0131na at\u0131l\u0131n <strong>Gonster<\/strong> - Kemer'in turkuaz sahil \u015feridi boyunca e\u011flence, m\u00fczik ve y\u00fczme dolu bir g\u00fcn. Bu korsan tarz\u0131 tur, canl\u0131 e\u011flenceyi muhte\u015fem Akdeniz manzaras\u0131yla birle\u015ftiriyor. Herkes i\u00e7in alkols\u00fcz i\u00e7ecekler dahil!<\/p>\n<h3 data-start=\"521\" data-end=\"537\"><span style=\"color: #000000;\"><strong>Dahil<\/strong><\/span><\/h3>\n<p class=\"\" data-start=\"538\" data-end=\"669\"><span style=\"color: #00ff00;\"><strong>\u2713<\/strong><\/span> Otel transferi<br data-start=\"560\" data-end=\"563\" \/><strong><span style=\"color: #00ff00;\">\u2713<\/span><\/strong> Sigorta<br data-start=\"574\" data-end=\"577\" \/><span style=\"color: #00ff00;\"><strong>\u2713<\/strong><\/span> Rehber: Rus\u00e7a, \u0130ngilizce<br data-start=\"599\" data-end=\"602\" \/><span style=\"color: #00ff00;\"><strong>\u2713 <\/strong><\/span>K\u00f6p\u00fck partisi ve animasyon<br data-start=\"631\" data-end=\"634\" \/><span style=\"color: #00ff00;\"><strong>\u2713 <\/strong><\/span>\u00d6\u011fle Yeme\u011fi<br data-start=\"640\" data-end=\"643\" \/><span style=\"color: #00ff00;\"><strong>\u2713 <\/strong><\/span>Alkols\u00fcz i\u00e7ecekler<\/p>\n<h3 data-start=\"676\" data-end=\"695\"><span style=\"color: #000000;\"><strong>Dahil de\u011fildir<\/strong><\/span><\/h3>\n<p class=\"\" data-start=\"696\" data-end=\"755\"><strong><span style=\"color: #ff0000;\">\u2717 <\/span><\/strong>Foto\u011fraf ve video<br data-start=\"729\" data-end=\"732\" \/><strong><span style=\"color: #ff0000;\">\u2717 <\/span><\/strong>Alkoll\u00fc i\u00e7ecekler<\/p>\n<h3 data-start=\"762\" data-end=\"792\"><span style=\"color: #000000;\"><strong>\ud83c\udf1f Turun \u00f6ne \u00e7\u0131kan \u00f6zellikleri<\/strong><\/span><\/h3>\n<p class=\"\" data-start=\"793\" data-end=\"1139\">\ud83d\udd39 E\u011flenceli ve \u015fenlikli bir atmosfere sahip bir korsan gemisi<br data-start=\"848\" data-end=\"851\" \/>\ud83d\udd39 Kemer'in kristal berrakl\u0131\u011f\u0131ndaki koylar\u0131nda y\u00fczme<br data-start=\"895\" data-end=\"898\" \/>\ud83d\udd39 Gemide canl\u0131 m\u00fczik ve e\u011flence program\u0131<br data-start=\"950\" data-end=\"953\" \/>\ud83d\udd39 \u00d6\u011fle yeme\u011fi ve alkols\u00fcz i\u00e7ecekler dahil<br data-start=\"994\" data-end=\"997\" \/>\ud83d\udd39 Geni\u015f g\u00fcvertelerde g\u00fcne\u015flenme<br data-start=\"1027\" data-end=\"1030\" \/>\ud83d\udd39 Korsan Ma\u011faras\u0131 ve pitoresk sahil \u015feridinde foto\u011fraf duraklar\u0131<br data-start=\"1089\" data-end=\"1092\" \/>\ud83d\udd39 Aileler ve macerac\u0131 gezginler i\u00e7in ideal<\/p>\n<h3 data-start=\"1146\" data-end=\"1170\"><span style=\"color: #000000;\"><strong>\ud83d\udcd6 Tam a\u00e7\u0131klama<\/strong><\/span><\/h3>\n<div data-start=\"1171\" data-end=\"1420\">Kemer'in turkuaz sahil \u015feridi boyunca korsan gemisi Gonster ile bir deniz yolculu\u011funa \u00e7\u0131k\u0131n. Bu e\u015fsiz tur, aileler, \u00e7iftler ve arkada\u015f gruplar\u0131 i\u00e7in m\u00fckemmel bir tatil yaratmak i\u00e7in canl\u0131 e\u011flenceyi ve Akdeniz'in do\u011fal g\u00fczelli\u011fini bir araya getiriyor.<\/div>\n<div data-start=\"1424\" data-end=\"1601\">Gonster gemisine Kemer liman\u0131nda binilir. Geminin korsan tarz\u0131 ve ne\u015feli m\u00fcrettebat\u0131, m\u00fczik, dans ve temal\u0131 bir g\u00f6steri ile gemide \u015fenlikli bir atmosfer yarat\u0131r.<\/div>\n<div data-start=\"1605\" data-end=\"1688\">Tur s\u0131ras\u0131nda y\u00fczebilece\u011finiz ve dinlenebilece\u011finiz \u00fc\u00e7 pitoresk koy sizi bekliyor:<\/div>\n<div data-start=\"1690\" data-end=\"1788\"><strong>Phaselis Koyu<\/strong><br data-start=\"1702\" data-end=\"1705\" \/>\ud83c\udfca\u200d\u2642\ufe0f Antik Likya kal\u0131nt\u0131lar\u0131n\u0131n yan\u0131nda, tarih ve do\u011fa ile i\u00e7 i\u00e7e y\u00fczme.<\/div>\n<div data-start=\"1790\" data-end=\"1872\"><strong>Cennet Koyu\u00a0<\/strong><br data-start=\"1800\" data-end=\"1803\" \/>\ud83c\udf3f Kristal berrakl\u0131\u011f\u0131nda su ve ye\u015fil manzaraya sahip \u015firin bir durak.<\/div>\n<div data-start=\"1874\" data-end=\"1960\"><strong>Ay\u0131\u015f\u0131\u011f\u0131 Koyu\u00a0<\/strong><br data-start=\"1904\" data-end=\"1907\" \/>\ud83d\udcf8 Foto\u011fraf \u00e7ekmek, g\u00fcne\u015flenmek ve sakin y\u00fczmek i\u00e7in m\u00fckemmeldir.<\/div>\n<div data-start=\"1962\" data-end=\"2069\"><strong>Korsan Ma\u011faras\u0131<\/strong><br data-start=\"1973\" data-end=\"1976\" \/><strong>\ud83c\udff4\u200d\u2620\ufe0f<\/strong>\u00a0Muhte\u015fem kayal\u0131klar ve harika foto\u011fraf a\u00e7\u0131lar\u0131 ile efsanevi Korsan Ma\u011faras\u0131'n\u0131 ge\u00e7erek yelken a\u00e7\u0131n.<\/div>\n<div data-start=\"2071\" data-end=\"2293\">Gemide lezzetli bir \u00f6\u011fle yeme\u011finin, alkols\u00fcz i\u00e7eceklerin ve d\u00f6n\u00fc\u015f yolunda e\u011flenceli bir k\u00f6p\u00fck partisinin tad\u0131n\u0131 \u00e7\u0131karacaks\u0131n\u0131z. Bronzla\u015fmak veya m\u00fcrettebatla dans etmek ister misiniz? Bu tur size \u00e7ok e\u011flenceli ve unutulmaz bir deneyim ya\u015fatacak!<\/div>\n<h3 data-start=\"2300\" data-end=\"2324\"><span style=\"color: #000000;\"><strong>\ud83d\uddfa\ufe0f Tur Program\u0131<\/strong><\/span><\/h3>\n<p class=\"\" data-start=\"2325\" data-end=\"2647\">\ud83d\udd39 Kemer b\u00f6lgesindeki otelden transfer<br data-start=\"2361\" data-end=\"2364\" \/>\ud83d\udd39 Kemer liman\u0131ndan hareket<br data-start=\"2394\" data-end=\"2397\" \/>\ud83d\udd39 Fazelis Koyu'nda y\u00fczme molas\u0131<br data-start=\"2437\" data-end=\"2440\" \/>\ud83d\udd39 Moon K\u00f6rfezi'nde Y\u00fczme\u00a0<br data-start=\"2469\" data-end=\"2472\" \/>\ud83d\udd39 Cennet Koyu'nda Y\u00fczme\u00a0<br data-start=\"2515\" data-end=\"2518\" \/>\ud83d\udd39 Korsan Ma\u011faras\u0131'n\u0131n yan\u0131ndan ge\u00e7erken<br data-start=\"2550\" data-end=\"2553\" \/>\ud83d\udd39 Gemide k\u00f6p\u00fck partisi ve animasyon<br data-start=\"2592\" data-end=\"2595\" \/>\ud83d\udd39 Kemer liman\u0131na d\u00f6n\u00fc\u015f<br data-start=\"2623\" data-end=\"2626\" \/>\ud83d\udd39 Otele transfer<\/p>\n<h3 data-start=\"3081\" data-end=\"3109\"><span style=\"color: #000000;\"><strong>\u2139\ufe0f Faydal\u0131 bilgiler<\/strong><\/span><\/h3>\n<div data-start=\"3110\" data-end=\"3279\">\ud83d\udd39 Tur s\u00fcresi: yakla\u015f\u0131k 5-6 saat<br data-start=\"3155\" data-end=\"3158\" \/>\ud83d\udd39 Gemide g\u00f6lgelik ve g\u00fcne\u015flenme alanlar\u0131 var<br data-start=\"3197\" data-end=\"3200\" \/>\ud83d\udd39 Her ya\u015ftan misafir i\u00e7in uygundur<br data-start=\"3237\" data-end=\"3240\" \/>\ud83d\udd39 M\u00fcrettebat Rus\u00e7a konu\u015fuyor<\/div>\n<div>\ud83d\udd39 \u00dccretsiz seyahat eden 05 ya\u015f alt\u0131 \u00e7ocuklar\u0131n otob\u00fcste ayr\u0131 bir koltu\u011fu yoktur. Tamamen dolu olduklar\u0131nda, bir yeti\u015fkinin kuca\u011f\u0131na otururlar veya rezervasyon yaparken ayr\u0131 bir koltuk rezerve edilebilir<\/div>\n<div>\n<h3 data-start=\"2766\" data-end=\"2792\"><span style=\"color: #000000;\"><strong>\ud83c\udf92 Yan\u0131n\u0131za ne almal\u0131s\u0131n\u0131z<\/strong><\/span><\/h3>\n<p class=\"\" data-start=\"2793\" data-end=\"2964\">\ud83d\udd39 Mayo ve havlu.<br data-start=\"2817\" data-end=\"2820\" \/>\ud83d\udd39 G\u00fcne\u015f kremi ve g\u00fcne\u015f g\u00f6zl\u00fc\u011f\u00fc<br data-start=\"2849\" data-end=\"2852\" \/>\ud83d\udd39 Bir panama \u015fapkas\u0131 ya da kasket.<br data-start=\"2871\" data-end=\"2874\" \/>\ud83d\udd39 Su ge\u00e7irmez k\u0131l\u0131f veya kamera<br data-start=\"2911\" data-end=\"2914\" \/>\ud83d\udd39 Hediyelik e\u015fya ve ekstralar i\u00e7in nakit<\/p>\n<\/div>\n<h3 data-start=\"2654\" data-end=\"2678\"><span style=\"color: #000000;\"><strong>\ud83d\udeab \u015eunlar i\u00e7in uygun de\u011fildir<\/strong><\/span><\/h3>\n<p class=\"\" data-start=\"2679\" data-end=\"2759\">\ud83d\udd39 \u015eiddetli deniz tutmas\u0131 olan konuklar<br data-start=\"2718\" data-end=\"2721\" \/>\ud83d\udd39 Hareket kabiliyeti k\u0131s\u0131tl\u0131 ki\u015filer<\/p>\n<h3 data-start=\"2638\" data-end=\"2660\"><span style=\"color: #000000;\"><strong>\ud83d\udcb8 Fiyat ve rezervasyon<\/strong><\/span><\/h3>\n<div data-start=\"2662\" data-end=\"2894\"><strong>\ud83d\udd39 \u015eimdi rezervasyon yap\u0131n - tur g\u00fcn\u00fc \u00f6deme yap\u0131n<\/strong><\/div>\n<div data-start=\"2662\" data-end=\"2894\">\ud83d\udd39 WhatsApp, Telegram, Viber \u00fczerinden bize ula\u015f\u0131n veya a\u015fa\u011f\u0131daki sipari\u015f formunu doldurun. \ud83d\udc47\ud83c\udffc<\/div>","protected":false},"excerpt":{"rendered":"<p>Kemer'de Gonster Korsan Gemisi - m\u00fczik, k\u00f6p\u00fck, y\u00fczme, \u00f6\u011fle yeme\u011fi ve i\u00e7ecekler dahil. Her \u015fey dahil! T\u00fcm aile i\u00e7in e\u011flenceli bir gemi turu rezervasyonu yap\u0131n!<\/p>","protected":false},"featured_media":12200,"comment_status":"open","ping_status":"closed","template":"","meta":[],"product_brand":[],"product_cat":[122],"product_tag":[105],"class_list":{"0":"post-15160","1":"product","2":"type-product","3":"status-publish","4":"has-post-thumbnail","6":"tour_phys-piratskii-korable","7":"tour_phys-ekskursii-v-kemer","8":"product_cat-ekskursii-v-kemer","9":"product_tag-kemer","10":"pa_destination-ekskursii-v-kemer","11":"pa_kategori-piratskii-korable","13":"first","14":"instock","15":"sale","16":"featured","17":"shipping-taxable","18":"purchasable","19":"product-type-tour_phys"},"aioseo_notices":[],"_links":{"self":[{"href":"https:\/\/mirekskursii.com\/tr\/wp-json\/wp\/v2\/product\/15160","targetHints":{"allow":["GET"]}}],"collection":[{"href":"https:\/\/mirekskursii.com\/tr\/wp-json\/wp\/v2\/product"}],"about":[{"href":"https:\/\/mirekskursii.com\/tr\/wp-json\/wp\/v2\/types\/product"}],"replies":[{"embeddable":true,"href":"https:\/\/mirekskursii.com\/tr\/wp-json\/wp\/v2\/comments?post=15160"}],"wp:featuredmedia":[{"embeddable":true,"href":"https:\/\/mirekskursii.com\/tr\/wp-json\/wp\/v2\/media\/12200"}],"wp:attachment":[{"href":"https:\/\/mirekskursii.com\/tr\/wp-json\/wp\/v2\/media?parent=15160"}],"wp:term":[{"taxonomy":"product_brand","embeddable":true,"href":"https:\/\/mirekskursii.com\/tr\/wp-json\/wp\/v2\/product_brand?post=15160"},{"taxonomy":"product_cat","embeddable":true,"href":"https:\/\/mirekskursii.com\/tr\/wp-json\/wp\/v2\/product_cat?post=15160"},{"taxonomy":"product_tag","embeddable":true,"href":"https:\/\/mirekskursii.com\/tr\/wp-json\/wp\/v2\/product_tag?post=15160"}],"curies":[{"name":"wp","href":"https:\/\/api.w.org\/{rel}","templated":true}]}}