{"id":15159,"date":"2025-12-18T19:50:06","date_gmt":"2025-12-18T16:50:06","guid":{"rendered":"https:\/\/mirekskursii.com\/?post_type=product&#038;p=15159\/"},"modified":"2026-04-15T16:58:57","modified_gmt":"2026-04-15T13:58:57","slug":"korsan-tekne-turu-kemer-red-dragon","status":"publish","type":"product","link":"https:\/\/mirekskursii.com\/ekskursii\/piratskiy-korabl-v-kemer-red-dragon\/","title":{"rendered":"Kemer Korsan Tekne Turu \u2014 Red Dragon"},"content":{"rendered":"<h3><span style=\"color: #000000;\"><strong>\ud83c\udff4\u200d\u2620\ufe0f Genel Bak\u0131\u015f<\/strong><\/span><\/h3>\n<p>Kemer'in \u00e7arp\u0131c\u0131 sahil \u015feridi boyunca modern bir katamaranla gezinti - y\u00fczme, g\u00fcne\u015flenme ve do\u011fan\u0131n tad\u0131n\u0131 \u00e7\u0131karman\u0131n m\u00fckemmel kombinasyonu. Sizi Kemer ve \u00e7evresindeki otelinizden alaca\u011f\u0131z ve Kemer'deki kalk\u0131\u015f noktan\u0131za g\u00f6t\u00fcrece\u011fiz.<\/p>\n<h3><span style=\"color: #000000;\"><strong>Dahil:<\/strong><\/span><\/h3>\n<p class=\"\" data-start=\"605\" data-end=\"696\"><span style=\"color: #00ff00;\"><strong>\u2713<\/strong><\/span> Otel transferi<br data-start=\"627\" data-end=\"630\" \/><strong><span style=\"color: #00ff00;\">\u2713<\/span> <\/strong>Sigorta<br data-start=\"641\" data-end=\"644\" \/><strong><span style=\"color: #00ff00;\">\u2713<\/span><\/strong> Profesyonel rehber<br data-start=\"666\" data-end=\"669\" \/><span style=\"color: #00ff00;\"><strong>\u2713<\/strong><\/span> K\u00f6p\u00fck partisi<br data-start=\"687\" data-end=\"690\" \/><strong><span style=\"color: #00ff00;\">\u2713<\/span><\/strong> \u00d6\u011fle Yeme\u011fi<\/p>\n<h3><span style=\"color: #000000;\"><strong>Dahil de\u011fil:<\/strong><\/span><\/h3>\n<p class=\"\" data-start=\"717\" data-end=\"762\"><span style=\"color: #ff0000;\"><strong>\u2717<\/strong><\/span> Foto\u011fraf ve video<br data-start=\"750\" data-end=\"753\" \/><span style=\"color: #ff0000;\"><strong>\u2717<\/strong><\/span> \u0130\u00e7ecekler<\/p>\n<h3><span style=\"color: #000000;\"><strong>\ud83c\udf1f Turun \u00f6ne \u00e7\u0131kan \u00f6zellikleri<\/strong><\/span><\/h3>\n<p class=\"\" data-start=\"796\" data-end=\"1066\">\ud83d\udd39 Modern ve konforlu bir katamaranla yolculuk<br data-start=\"843\" data-end=\"846\" \/>\ud83d\udd39 Kemer'in kristal berrakl\u0131\u011f\u0131ndaki koylar\u0131nda y\u00fczme<br data-start=\"890\" data-end=\"893\" \/>\ud83d\udd39 Gemide canl\u0131 m\u00fczik ve e\u011flence program\u0131<br data-start=\"945\" data-end=\"948\" \/>\ud83d\udd39 Geni\u015f g\u00fcvertelerde g\u00fcne\u015flenmek ve dinlenmek<br data-start=\"986\" data-end=\"989\" \/>\ud83d\udd39 Nefes kesici manzaralar ve harika foto\u011fraflar<br data-start=\"1026\" data-end=\"1029\" \/>\ud83d\udd39 Uygun fiyata y\u00fcksek kalite<\/p>\n<h3><span style=\"color: #000000;\"><strong>\ud83d\udcd6 Tam a\u00e7\u0131klama<\/strong><\/span><\/h3>\n<p class=\"\" data-start=\"1094\" data-end=\"1370\">Kemer'den katamaran turumuzla rahatlama ve e\u011flence dolu bir g\u00fcn ge\u00e7irin. Bu yolculuk, modern bir geminin konforunu Akdeniz k\u0131y\u0131 \u015feridinin g\u00fczelli\u011fiyle birle\u015ftiriyor.<br data-start=\"1261\" data-end=\"1264\" \/>Tur, rahat oturma ve g\u00fcne\u015flenme alanlar\u0131na sahip bir katamarana binece\u011finiz Kemer Marina'da ba\u015flar.<\/p>\n<p class=\"\" data-start=\"1372\" data-end=\"1676\">\ud83d\udd39Yolculuk s\u0131ras\u0131nda pitoresk koylarda y\u00fczme molalar\u0131 verilecektir<br data-start=\"1436\" data-end=\"1439\" \/>\ud83d\udd39 Antik kal\u0131nt\u0131lar\u0131n ve \u00e7am ormanlar\u0131n\u0131n yan\u0131ndaki Phaselis Koyu<br data-start=\"1501\" data-end=\"1504\" \/>\ud83d\udd39 Cennet Koyu, parlak mavi sulara sahip tenha bir yerdir<br data-start=\"1562\" data-end=\"1565\" \/>\ud83d\udd39 Ay\u0131\u015f\u0131\u011f\u0131 Koyu foto\u011fraf \u00e7ekmek ve dinlenmek i\u00e7in ideal<br data-start=\"1614\" data-end=\"1617\" \/>\ud83d\udd39 Korsanlar Ma\u011faras\u0131 efsanevi deniz ma\u011faras\u0131 ve foto\u011fraf alan\u0131<\/p>\n<p class=\"\" data-start=\"1678\" data-end=\"1877\">Gemide m\u00fczik, animasyon ve k\u00f6p\u00fck partisi.<br data-start=\"1723\" data-end=\"1726\" \/>\u00d6\u011fle yeme\u011fi dahildir, i\u00e7ecekler ayr\u0131ca sat\u0131n al\u0131nabilir.<br data-start=\"1774\" data-end=\"1777\" \/>\u00c7iftler, aileler ve bireysel gezginler i\u00e7in uygun Kemer'deki en pop\u00fcler turlardan biri.<\/p>\n<h3><span style=\"color: #000000;\"><strong>\ud83d\uddfa\ufe0f Tur Program\u0131<\/strong><\/span><\/h3>\n<p class=\"\" data-start=\"1905\" data-end=\"2279\">\ud83d\udd39 Otel transferi<br data-start=\"1922\" data-end=\"1925\" \/>\ud83d\udd39 Kemer Marina'dan kalk\u0131\u015f<br data-start=\"1956\" data-end=\"1959\" \/>\ud83d\udd39 Fazelis Koyu \u00f6ren yeri ve do\u011fas\u0131nda y\u00fczme molas\u0131<br data-start=\"2017\" data-end=\"2020\" \/>\ud83d\udd39 Paradise Bay tenha koyunda y\u00fczme molas\u0131<br data-start=\"2080\" data-end=\"2083\" \/>\ud83d\udd39 Ay\u0131\u015f\u0131\u011f\u0131 Koyu'nda y\u00fczme molas\u0131 foto\u011fraf ve tatil yeri<br data-start=\"2138\" data-end=\"2141\" \/>\ud83d\udd39 Efsane Korsanlar Ma\u011faras\u0131 ve Kayal\u0131klar\u0131n Yan\u0131ndan Yelken A\u00e7mak<br data-start=\"2191\" data-end=\"2194\" \/>\ud83d\udd39 Gemide k\u00f6p\u00fck partisi ve m\u00fczik<br data-start=\"2231\" data-end=\"2234\" \/>\ud83d\udd39 Marinaya d\u00f6n\u00fc\u015f<br data-start=\"2257\" data-end=\"2260\" \/>\ud83d\udd39 Otele transfer<\/p>\n<h3><span style=\"color: #000000;\"><strong>\u2139\ufe0f Faydal\u0131 bilgiler<\/strong><\/span><\/h3>\n<div data-start=\"2717\" data-end=\"2989\">\ud83d\udd39 Tur s\u00fcresi: yakla\u015f\u0131k 5-6 saat<br data-start=\"2762\" data-end=\"2765\" \/>\ud83d\udd39 Katamaran\u0131n g\u00f6lge ve g\u00fcne\u015flenme alanlar\u0131 vard\u0131r<\/div>\n<div>\ud83d\udd39 \u00dccretsiz seyahat eden 05 ya\u015f alt\u0131 \u00e7ocuklar\u0131n otob\u00fcste ayr\u0131 bir koltu\u011fu yoktur. Tamamen dolu olduklar\u0131nda, bir yeti\u015fkinin kuca\u011f\u0131na otururlar veya rezervasyon yaparken ayr\u0131 bir koltuk rezerve edilebilir<\/div>\n<h3><span style=\"color: #000000;\"><strong>\ud83c\udf92 Yan\u0131n\u0131za ne almal\u0131s\u0131n\u0131z<\/strong><\/span><\/h3>\n<p class=\"\" data-start=\"2422\" data-end=\"2592\">\ud83d\udd39 Mayo ve havlu.<br data-start=\"2446\" data-end=\"2449\" \/>\ud83d\udd39 G\u00fcne\u015f kremi ve g\u00fcne\u015f g\u00f6zl\u00fc\u011f\u00fc<br data-start=\"2478\" data-end=\"2481\" \/>\ud83d\udd39 \u015eapka veya kep<br data-start=\"2499\" data-end=\"2502\" \/>\ud83d\udd39 Su ge\u00e7irmez telefon k\u0131l\u0131f\u0131 veya kamera k\u0131l\u0131f\u0131<br data-start=\"2552\" data-end=\"2555\" \/>\ud83d\udd39 Ki\u015fisel harcamalar i\u00e7in biraz nakit<\/p>\n<h3><span style=\"color: #000000;\"><strong>\ud83d\udeab \u015eunlar i\u00e7in uygun de\u011fildir<\/strong><\/span><\/h3>\n<p class=\"\" data-start=\"2307\" data-end=\"2392\">\ud83d\udd39 \u015eiddetli deniz tutmas\u0131 olan ki\u015filer<br data-start=\"2342\" data-end=\"2345\" \/>\ud83d\udd39 Hareket kabiliyeti k\u0131s\u0131tl\u0131 gezginler<\/p>\n<h3><span style=\"color: #000000;\"><strong>\ud83d\udcb8 Fiyat ve rezervasyon<\/strong><\/span><\/h3>\n<div data-start=\"2662\" data-end=\"2894\"><strong>\ud83d\udd39 \u015eimdi rezervasyon yap\u0131n - tur g\u00fcn\u00fc \u00f6deme yap\u0131n<\/strong><\/div>\n<div data-start=\"2662\" data-end=\"2894\">\ud83d\udd39 WhatsApp, Telegram, Viber \u00fczerinden bize ula\u015f\u0131n veya a\u015fa\u011f\u0131daki sipari\u015f formunu doldurun. \ud83d\udc47\ud83c\udffc<\/div>","protected":false},"excerpt":{"rendered":"<p>Kemer'de Korsan Gemisi, Phaselis, Cennet, Ay\u0131\u015f\u0131\u011f\u0131 ve gizemli Korsan Ma\u011faras\u0131'n\u0131n pitoresk koylar\u0131nda y\u00fcz\u00fcyor. M\u00fczik, animasyon, k\u00f6p\u00fck partisi!<\/p>","protected":false},"featured_media":16209,"comment_status":"open","ping_status":"closed","template":"","meta":[],"product_brand":[],"product_cat":[122],"product_tag":[105],"class_list":{"0":"post-15159","1":"product","2":"type-product","3":"status-publish","4":"has-post-thumbnail","6":"tour_phys-piratskii-korable","7":"tour_phys-ekskursii-v-kemer","8":"product_cat-ekskursii-v-kemer","9":"product_tag-kemer","10":"pa_destination-ekskursii-v-kemer","11":"pa_kategori-piratskii-korable","13":"first","14":"instock","15":"sale","16":"featured","17":"shipping-taxable","18":"purchasable","19":"product-type-tour_phys"},"aioseo_notices":[],"_links":{"self":[{"href":"https:\/\/mirekskursii.com\/tr\/wp-json\/wp\/v2\/product\/15159","targetHints":{"allow":["GET"]}}],"collection":[{"href":"https:\/\/mirekskursii.com\/tr\/wp-json\/wp\/v2\/product"}],"about":[{"href":"https:\/\/mirekskursii.com\/tr\/wp-json\/wp\/v2\/types\/product"}],"replies":[{"embeddable":true,"href":"https:\/\/mirekskursii.com\/tr\/wp-json\/wp\/v2\/comments?post=15159"}],"wp:featuredmedia":[{"embeddable":true,"href":"https:\/\/mirekskursii.com\/tr\/wp-json\/wp\/v2\/media\/16209"}],"wp:attachment":[{"href":"https:\/\/mirekskursii.com\/tr\/wp-json\/wp\/v2\/media?parent=15159"}],"wp:term":[{"taxonomy":"product_brand","embeddable":true,"href":"https:\/\/mirekskursii.com\/tr\/wp-json\/wp\/v2\/product_brand?post=15159"},{"taxonomy":"product_cat","embeddable":true,"href":"https:\/\/mirekskursii.com\/tr\/wp-json\/wp\/v2\/product_cat?post=15159"},{"taxonomy":"product_tag","embeddable":true,"href":"https:\/\/mirekskursii.com\/tr\/wp-json\/wp\/v2\/product_tag?post=15159"}],"curies":[{"name":"wp","href":"https:\/\/api.w.org\/{rel}","templated":true}]}}