{"id":14985,"date":"2025-11-18T22:37:24","date_gmt":"2025-11-18T19:37:24","guid":{"rendered":"https:\/\/mirekskursii.com\/?post_type=product&#038;p=14985\/"},"modified":"2025-12-12T11:30:13","modified_gmt":"2025-12-12T08:30:13","slug":"green-canyon-tekne-turu-belek","status":"publish","type":"product","link":"https:\/\/mirekskursii.com\/ekskursii\/zelenyy-kanion-iz-belek\/","title":{"rendered":"Belek'den Green Canyon Tekne Turu | Ye\u015fil Kanyon G\u00f6l Gezisi"},"content":{"rendered":"<h3 data-start=\"60\" data-end=\"74\">\ud83c\udf32 \u0130nceleme<\/h3>\n<p data-start=\"75\" data-end=\"271\">Belek, Bo\u011fazkent ve Kadriye'den Ye\u015fil Kanyon'a huzurlu bir gezi i\u00e7in yola \u00e7\u0131k\u0131n. Turkuaz g\u00f6lde tekne gezintisi, y\u00fczme ve do\u011fada \u00f6\u011fle yeme\u011fi, aileler ve huzur severler i\u00e7in ideal bir g\u00fcn.<\/p>\n<h3 data-start=\"273\" data-end=\"287\">Dahil:<\/h3>\n<p data-start=\"288\" data-end=\"497\"><span style=\"color: #00ff00;\"><strong>\u2713<\/strong> <\/span>Otel transferi\u00a0<br data-start=\"337\" data-end=\"340\" \/><span style=\"color: #00ff00;\"><strong>\u2713<\/strong> <\/span>Ye\u015fil Kanyon'da tekne turu<br data-start=\"379\" data-end=\"382\" \/><span style=\"color: #00ff00;\"><strong>\u2713<\/strong> <\/span>Rehber: Rus\u00e7a, \u0130ngilizce<br data-start=\"408\" data-end=\"411\" \/><span style=\"color: #00ff00;\"><strong>\u2713<\/strong> <\/span>G\u00f6l kenar\u0131nda bir restoranda \u00f6\u011fle yeme\u011fi<br data-start=\"445\" data-end=\"448\" \/><span style=\"color: #00ff00;\"><strong>\u2713<\/strong> <\/span>Alkols\u00fcz i\u00e7ecekler<br data-start=\"472\" data-end=\"475\" \/><span style=\"color: #00ff00;\"><strong>\u2713<\/strong> <\/span>Tam sigortal\u0131<\/p>\n<h3 data-start=\"499\" data-end=\"516\">Dahil de\u011fil:<\/h3>\n<p data-start=\"517\" data-end=\"565\"><span style=\"color: #ff0000;\"><strong>\u2717<\/strong> <\/span>Ki\u015fisel harcamalar<br data-start=\"533\" data-end=\"536\" \/><span style=\"color: #ff0000;\"><strong>\u2717<\/strong> <\/span>Foto\u011fraf ve video (iste\u011fe ba\u011fl\u0131)<\/p>\n<h3 data-start=\"567\" data-end=\"597\">\ud83d\udea4 Turun \u00f6ne \u00e7\u0131kan \u00f6zellikleri<\/h3>\n<p data-start=\"598\" data-end=\"834\">\ud83d\udd39 Ye\u015fil Kanyon'un z\u00fcmr\u00fct sular\u0131nda tekne gezisi.<br data-start=\"667\" data-end=\"670\" \/>\ud83d\udd39 Toros Da\u011flar\u0131'n\u0131n muhte\u015fem manzaras\u0131<br data-start=\"706\" data-end=\"709\" \/>\ud83d\udd39 Kristal berrakl\u0131\u011f\u0131nda bir g\u00f6lde y\u00fczmek<br data-start=\"745\" data-end=\"748\" \/>\ud83d\udd39 Sakin bir sahil restoran\u0131nda \u00f6\u011fle yeme\u011fi<br data-start=\"783\" data-end=\"786\" \/>\ud83d\udd39 Tatil beldelerinin karma\u015fas\u0131ndan uzakta dinlendirici bir tatil<\/p>\n<h3 data-start=\"836\" data-end=\"860\">\ud83d\udcd6 Tam a\u00e7\u0131klama<\/h3>\n<p data-start=\"861\" data-end=\"1140\">Sabah Belek, Bo\u011fazkent ve Kadriye'deki otellerinizden al\u0131nacak ve b\u00f6lgenin en g\u00fczel yerlerinden biri olan Ye\u015fil Kanyon'a g\u00f6t\u00fcr\u00fcleceksiniz. Var\u0131\u015fta konforlu bir tekneye binecek ve y\u00fcksek kayal\u0131klar ve \u00e7am ormanlar\u0131yla \u00e7evrili B\u00fcy\u00fck ve K\u00fc\u00e7\u00fck Kanyonlarda gezinti yapacaks\u0131n\u0131z.<\/p>\n<p data-start=\"1142\" data-end=\"1533\">Y\u00fcr\u00fcy\u00fc\u015f, kendinizi yenileyebilece\u011finiz ve foto\u011fraf \u00e7ekebilece\u011finiz g\u00f6l\u00fcn berrak sular\u0131nda y\u00fczmek i\u00e7in duraklar\u0131 i\u00e7erir. \u00d6\u011fle yeme\u011fi k\u0131y\u0131daki restoranda servis edilir: huzurlu atmosfer ve su manzaras\u0131 dinlenmek i\u00e7in m\u00fckemmel bir ortam yarat\u0131r. \u00d6\u011fle yeme\u011finden sonra, sessizli\u011fin ve do\u011fan\u0131n tad\u0131n\u0131 \u00e7\u0131karmak i\u00e7in biraz daha zaman\u0131n\u0131z olacak, ard\u0131ndan tekne otelinize geri g\u00f6t\u00fcr\u00fclece\u011finiz marinaya geri d\u00f6necektir.<\/p>\n<h3 data-start=\"1535\" data-end=\"1557\">\ud83d\uddfa\ufe0f Tur g\u00fczergah\u0131<\/h3>\n<p data-start=\"1558\" data-end=\"1797\">\ud83d\udd39 Belek, Bo\u011fazkent ve Kadriye otellerinden \u00e7it<br data-start=\"1604\" data-end=\"1607\" \/>\ud83d\udd39 Toros Da\u011flar\u0131 boyunca do\u011fal bir s\u00fcr\u00fc\u015f<br data-start=\"1648\" data-end=\"1651\" \/>\ud83d\udd39 Ye\u015fil Kanyon'da tekne turu<br data-start=\"1691\" data-end=\"1694\" \/>\ud83d\udd39 Banyo duraklar\u0131<br data-start=\"1718\" data-end=\"1721\" \/>\ud83d\udd39 G\u00f6l kenar\u0131nda bir restoranda \u00f6\u011fle yeme\u011fi<br data-start=\"1756\" data-end=\"1759\" \/>\ud83d\udd39 D\u00f6n\u00fc\u015f yolculu\u011fu ve otellere transfer<\/p>\n<h3 data-start=\"1799\" data-end=\"1827\">\u2139\ufe0f Faydal\u0131 bilgiler<\/h3>\n<p data-start=\"1828\" data-end=\"2216\">\ud83d\udd39 S\u00fcre: yakla\u015f\u0131k 7-8 saat (tam g\u00fcn tur)<br data-start=\"1891\" data-end=\"1894\" \/>\ud83d\udd39 Tur her ya\u015f i\u00e7in uygundur<br data-start=\"1928\" data-end=\"1931\" \/>\ud83d\udd39 Belek b\u00f6lgesinden her g\u00fcn ula\u015f\u0131labilir<br data-start=\"1969\" data-end=\"1972\" \/>\ud83d\udd39 Teknede can yelekleri ve g\u00f6lgelik alanlar bulunmaktad\u0131r<br data-start=\"2027\" data-end=\"2030\" \/>\ud83d\udd39 \u00dccretsiz seyahat eden 5 ya\u015f\u0131ndan k\u00fc\u00e7\u00fck \u00e7ocuklar\u0131n otob\u00fcste ayr\u0131 bir koltu\u011fu yoktur. Tamamen dolu olduklar\u0131nda bir yeti\u015fkinin kuca\u011f\u0131nda otururlar veya ayr\u0131 bir koltuk \u00f6nceden rezerve edilebilir<\/p>\n<h3 data-start=\"2218\" data-end=\"2244\">\ud83c\udf92 Yan\u0131n\u0131za ne almal\u0131s\u0131n\u0131z<\/h3>\n<p data-start=\"2245\" data-end=\"2404\">\ud83d\udd39 Mayo ve havlu.<br data-start=\"2269\" data-end=\"2272\" \/>\ud83d\udd39 G\u00fcne\u015f g\u00f6zl\u00fc\u011f\u00fc ve \u015fapka<br data-start=\"2302\" data-end=\"2305\" \/>\ud83d\udd39 G\u00fcne\u015f Kremi<br data-start=\"2327\" data-end=\"2330\" \/>\ud83d\udd39 Kamera veya ak\u0131ll\u0131 telefon<br data-start=\"2357\" data-end=\"2360\" \/>\ud83d\udd39 Ki\u015fisel harcamalar i\u00e7in k\u00fc\u00e7\u00fck bir miktar para<\/p>\n<h3 data-start=\"2406\" data-end=\"2430\">\ud83d\udeab \u015eunlar i\u00e7in uygun de\u011fildir<\/h3>\n<p data-start=\"2431\" data-end=\"2563\">\ud83d\udd39 Hareket kabiliyeti ciddi derecede k\u0131s\u0131tl\u0131 olan ki\u015filer<br data-start=\"2474\" data-end=\"2477\" \/>\ud83d\udd39 Tekerlekli sandalye kullan\u0131c\u0131lar\u0131<br data-start=\"2512\" data-end=\"2515\" \/>\ud83d\udd39 \u015eiddetli deniz tutmas\u0131\/hareket hastal\u0131\u011f\u0131na yatk\u0131n konuklar<\/p>\n<h3 data-start=\"2199\" data-end=\"2229\"><strong data-start=\"2203\" data-end=\"2229\">\ud83d\udcb8 Fiyat ve rezervasyon<\/strong><\/h3>\n<p data-start=\"2231\" data-end=\"2371\"><strong>\ud83d\udd39 \u015eimdi rezervasyon yap\u0131n - tur g\u00fcn\u00fc \u00f6deme yap\u0131n<\/strong><br data-start=\"2277\" data-end=\"2280\" \/>\ud83d\udd39 WhatsApp, Telegram, Viber \u00fczerinden bize ula\u015f\u0131n veya a\u015fa\u011f\u0131daki sipari\u015f formunu doldurun. \ud83d\udc47\ud83c\udffc<\/p>","protected":false},"excerpt":{"rendered":"<p>Belek'ten Ye\u015fil Kanyon'a gezi: Ye\u015fil Kanyon'da tekne turu, g\u00f6lde y\u00fczme, k\u0131y\u0131da \u00f6\u011fle yeme\u011fi, Toros Da\u011flar\u0131'n\u0131n do\u011fal manzaras\u0131 ve otel transferi dahildir.<\/p>","protected":false},"featured_media":12848,"comment_status":"open","ping_status":"closed","template":"","meta":[],"product_brand":[],"product_cat":[124],"product_tag":[120],"class_list":{"0":"post-14985","1":"product","2":"type-product","3":"status-publish","4":"has-post-thumbnail","6":"tour_phys-ekskursii-v-belek","7":"tour_phys-yacht-tury","8":"product_cat-ekskursii-v-belek","9":"product_tag-belek","10":"pa_destination-ekskursii-v-belek","11":"pa_kategori-yacht-tury","13":"first","14":"instock","15":"sale","16":"shipping-taxable","17":"purchasable","18":"product-type-tour_phys"},"aioseo_notices":[],"_links":{"self":[{"href":"https:\/\/mirekskursii.com\/tr\/wp-json\/wp\/v2\/product\/14985","targetHints":{"allow":["GET"]}}],"collection":[{"href":"https:\/\/mirekskursii.com\/tr\/wp-json\/wp\/v2\/product"}],"about":[{"href":"https:\/\/mirekskursii.com\/tr\/wp-json\/wp\/v2\/types\/product"}],"replies":[{"embeddable":true,"href":"https:\/\/mirekskursii.com\/tr\/wp-json\/wp\/v2\/comments?post=14985"}],"wp:featuredmedia":[{"embeddable":true,"href":"https:\/\/mirekskursii.com\/tr\/wp-json\/wp\/v2\/media\/12848"}],"wp:attachment":[{"href":"https:\/\/mirekskursii.com\/tr\/wp-json\/wp\/v2\/media?parent=14985"}],"wp:term":[{"taxonomy":"product_brand","embeddable":true,"href":"https:\/\/mirekskursii.com\/tr\/wp-json\/wp\/v2\/product_brand?post=14985"},{"taxonomy":"product_cat","embeddable":true,"href":"https:\/\/mirekskursii.com\/tr\/wp-json\/wp\/v2\/product_cat?post=14985"},{"taxonomy":"product_tag","embeddable":true,"href":"https:\/\/mirekskursii.com\/tr\/wp-json\/wp\/v2\/product_tag?post=14985"}],"curies":[{"name":"wp","href":"https:\/\/api.w.org\/{rel}","templated":true}]}}