{"id":14984,"date":"2025-11-18T22:24:11","date_gmt":"2025-11-18T19:24:11","guid":{"rendered":"https:\/\/mirekskursii.com\/?post_type=product&#038;p=14984\/"},"modified":"2026-04-03T12:25:29","modified_gmt":"2026-04-03T09:25:29","slug":"antalya-sehir-turu-tahtali-teleferik-belek","status":"publish","type":"product","link":"https:\/\/mirekskursii.com\/ekskursii\/antalya-staryy-gorod-iz-belek\/","title":{"rendered":"Belek'ten Antalya \u015eehir Turu, \u015eelale \u2013 Kemer Olympos Teleferik"},"content":{"rendered":"<h3 data-start=\"61\" data-end=\"75\">\u2600\ufe0f \u0130nceleme<\/h3>\n<p data-start=\"76\" data-end=\"291\">Antalya ve Kemer'de yo\u011fun bir g\u00fcn ge\u00e7irmek i\u00e7in Belek ve kom\u015fu il\u00e7elerden - Bo\u011fazkent, A\u011f\u0131su \u0130zkele, Kadriye - yola \u00e7\u0131k\u0131n. Kalei\u00e7i Eski \u015eehir, D\u00fcden \u015eelaleleri ve iste\u011fe ba\u011fl\u0131 Olympos teleferik veya tekne turu.<\/p>\n<h3 data-start=\"327\" data-end=\"340\">Dahil:<\/h3>\n<div data-start=\"341\" data-end=\"546\"><span style=\"color: #00ff00;\"><strong>\u2713<\/strong> <\/span>Otel transferi<\/div>\n<div data-start=\"341\" data-end=\"546\"><span style=\"color: #00ff00;\"><strong>\u2713<\/strong>\u00a0<\/span>Olympos teleferik<br data-start=\"363\" data-end=\"366\" \/><span style=\"color: #00ff00;\"><strong>\u2713<\/strong> <\/span>D\u00fcden \u015eelaleleri'ne giri\u015f biletleri\u00a0<br data-start=\"419\" data-end=\"422\" \/><span style=\"color: #00ff00;\"><strong>\u2713<\/strong> <\/span>Klimal\u0131 konforlu otob\u00fcs<br data-start=\"463\" data-end=\"466\" \/><span style=\"color: #00ff00;\"><strong>\u2713<\/strong> <\/span>Rehber: Rus\u00e7a, \u0130ngilizce<br data-start=\"492\" data-end=\"495\" \/><span style=\"color: #00ff00;\"><strong>\u2713<\/strong> <\/span>Yerel bir restoranda \u00f6\u011fle yeme\u011fi<br data-start=\"521\" data-end=\"524\" \/><span style=\"color: #00ff00;\"><strong>\u2713<\/strong> <\/span>Tam sigortal\u0131<\/div>\n<h3 data-start=\"548\" data-end=\"564\">Dahil de\u011fil:<\/h3>\n<p data-start=\"565\" data-end=\"722\"><span style=\"color: #ff0000;\"><strong>\u2717<\/strong> <\/span>Yat gezisi (iste\u011fe ba\u011fl\u0131)<br data-start=\"608\" data-end=\"611\" \/><span style=\"color: #ff0000;\"><strong>\u2717<\/strong> <\/span>Ki\u015fisel harcamalar<br data-start=\"708\" data-end=\"711\" \/><span style=\"color: #ff0000;\"><strong>\u2717<\/strong> <\/span>\u0130\u00e7ecekler<\/p>\n<h3 data-start=\"672\" data-end=\"702\">\ud83c\udf1f Turun \u00f6ne \u00e7\u0131kan \u00f6zellikleri<\/h3>\n<p data-start=\"703\" data-end=\"1160\">\ud83d\udd39 Antalya Eski \u015eehir (Kalei\u00e7i): Hadrian Kap\u0131s\u0131, Yivli Minare, Saat Kulesi<br data-start=\"785\" data-end=\"788\" \/>\ud83d\udd39 A\u015fa\u011f\u0131 D\u00fcden \u015eelalesi - do\u011frudan denize d\u00f6k\u00fclen 40 metrelik bir \u00e7a\u011flayan<br data-start=\"855\" data-end=\"858\" \/>\ud83d\udd39 Yukar\u0131 D\u00fcden \u015eelalesi - ye\u015fil park ve foto\u011fraf izleme platformlar\u0131<br data-start=\"927\" data-end=\"930\" \/>\ud83d\udd39 \u0130ste\u011fe ba\u011fl\u0131: Olympos'tan Tahtal\u0131 zirvesine teleferik yolculu\u011fu (\u22482365 m)<br data-start=\"1005\" data-end=\"1008\" \/>\ud83d\udd39 \u0130ste\u011fe ba\u011fl\u0131: Kalei\u00e7i liman\u0131ndan sahil \u015feridi boyunca 1 saatlik tekne turu<br data-start=\"1082\" data-end=\"1085\" \/>\ud83d\udd39 Kemer'deki Dino Park'a bir ziyaret ekleme imkan\u0131 (\u00e7ocuklu aileler i\u00e7in)<\/p>\n<h3 data-start=\"1162\" data-end=\"1186\">\ud83d\udcd6 Tam a\u00e7\u0131klama<\/h3>\n<p data-start=\"1187\" data-end=\"1471\">Sabah Belek, Bo\u011fazkent, A\u011f\u0131su \u0130skelesi veya Kadriye'deki otelinizden al\u0131nacak ve Antalya'n\u0131n merkezine g\u00f6t\u00fcr\u00fcleceksiniz. Tur Kalei\u00e7i'nde bir y\u00fcr\u00fcy\u00fc\u015fle ba\u015flar: Hadrian Kap\u0131s\u0131, Saat Kulesi, Yivli Minare ve tarihi evler, ma\u011fazalar ve kafelerin bulundu\u011fu atmosferik sokaklar\u0131 g\u00f6receksiniz.<\/p>\n<p data-start=\"1473\" data-end=\"1855\">Program daha sonra se\u00e7ilen se\u00e7ene\u011fe g\u00f6re b\u00f6l\u00fcn\u00fcr.<br data-start=\"1520\" data-end=\"1523\" \/>Olympos teleferik se\u00e7ene\u011fini tercih ettiyseniz, Antalya'y\u0131 ke\u015ffettikten sonra grup Kemer'e Olympos Teleferik teleferi\u011fine gider. Tahtal\u0131 Da\u011f\u0131'n\u0131n zirvesine t\u0131rman\u0131\u015f, sahilin ve Toros Da\u011flar\u0131'n\u0131n panoramik manzaras\u0131n\u0131 sunmaktad\u0131r. \u0130ste\u011fe ba\u011fl\u0131 olarak \u00e7am a\u011fa\u00e7lar\u0131 aras\u0131nda ger\u00e7ek boyutlu dinozorlar\u0131n bulundu\u011fu bir park olan Dinopark'a k\u0131sa bir ziyaret eklenebilir.<\/p>\n<p data-start=\"1857\" data-end=\"2019\">Tekne gezisi se\u00e7ene\u011fini tercih ederseniz, Kalei\u00e7i Liman\u0131'ndan Antalya sahil \u015feridi boyunca falezler ve deniz manzaral\u0131 1 saatlik bir tekne gezisi yapacaks\u0131n\u0131z.<\/p>\n<p data-start=\"2021\" data-end=\"2236\">Her iki se\u00e7enek de y\u00fcr\u00fcy\u00fc\u015f ve foto\u011fraf i\u00e7in zaman\u0131n\u0131z olaca\u011f\u0131 Yukar\u0131 ve A\u015fa\u011f\u0131 D\u00fcden \u015eelalelerini ziyaretin yan\u0131 s\u0131ra yerel bir restoranda \u00f6\u011fle yeme\u011fini i\u00e7ermektedir. G\u00fcn\u00fcn sonunda Belek'teki otellerinize geri g\u00f6t\u00fcr\u00fcleceksiniz.<\/p>\n<h3 data-start=\"2238\" data-end=\"2260\">\ud83d\uddfa\ufe0f Tur g\u00fczergah\u0131<\/h3>\n<p data-start=\"2261\" data-end=\"2876\">\ud83d\udd39 Misafirlerin Belek, Bo\u011fazkent, Ac\u0131su \u0130skele ve Kadriye otellerinden al\u0131nmas\u0131<br data-start=\"2329\" data-end=\"2332\" \/>\ud83d\udd39 Klimal\u0131 otob\u00fcs ile Antalya \u015fehir merkezine transfer<br data-start=\"2386\" data-end=\"2389\" \/>\ud83d\udd39 Kalei\u00e7i'nde y\u00fcr\u00fcy\u00fc\u015f: Hadrian Kap\u0131s\u0131, Yivli Minare, Saat Kulesi<br data-start=\"2460\" data-end=\"2463\" \/>\ud83d\udd39 A\u015fa\u011f\u0131 D\u00fcden \u015eelalesi Ziyareti<br data-start=\"2498\" data-end=\"2501\" \/>\ud83d\udd39 Yukar\u0131 D\u00fcden \u015eelalesi Ziyareti<br data-start=\"2537\" data-end=\"2540\" \/>\ud83d\udd39 Yerel bir restoranda \u00f6\u011fle yeme\u011fi<br data-start=\"2567\" data-end=\"2570\" \/>\ud83d\udd39 Se\u00e7ilen se\u00e7ene\u011fe ba\u011fl\u0131 olarak:<br data-start=\"2610\" data-end=\"2613\" \/>\u00a0\u00a0\u00a0- Kemer'de Olympos teleferik (t\u0131rman\u0131\u015f ve zirvede serbest zaman)<br data-start=\"2700\" data-end=\"2703\" \/>\u00a0\u00a0\u00a0- veya Kalei\u00e7i liman\u0131ndan 1 saatlik tekne yolculu\u011fu<br data-start=\"2771\" data-end=\"2774\" \/>\ud83d\udd39 M\u00fccevher\/hediyelik e\u015fya d\u00fckkan\u0131na olas\u0131 k\u0131sa ziyaret<br data-start=\"2836\" data-end=\"2839\" \/>\ud83d\udd39 Belek'teki otellere d\u00f6n\u00fc\u015f transferi<\/p>\n<h3 data-start=\"2878\" data-end=\"2906\">\u2139\ufe0f Faydal\u0131 bilgiler<\/h3>\n<p data-start=\"2907\" data-end=\"3441\">\ud83d\udd39 S\u00fcre: yakla\u015f\u0131k 8-9 saat (tam g\u00fcn)<br data-start=\"2958\" data-end=\"2961\" \/>\ud83d\udd39 Belek b\u00f6lgesi i\u00e7in her g\u00fcn mevcuttur<br data-start=\"3000\" data-end=\"3003\" \/>\ud83d\udd39 \u0130ki ana se\u00e7enek: \u015fehir + Olympos teleferik veya \u015fehir + tekne turu<br data-start=\"3090\" data-end=\"3093\" \/>\ud83d\udd39 Tekne turu ve\/veya teleferik yolculu\u011fu hava ko\u015fullar\u0131na ba\u011fl\u0131 olabilir<br data-start=\"3179\" data-end=\"3182\" \/>\ud83d\udd39 Kalei\u00e7i Arnavut kald\u0131r\u0131ml\u0131 sokaklarda orta derecede y\u00fcr\u00fcy\u00fc\u015f i\u00e7erir<br data-start=\"3252\" data-end=\"3255\" \/>\ud83d\udd39 \u00dccretsiz seyahat eden 5 ya\u015f\u0131ndan k\u00fc\u00e7\u00fck \u00e7ocuklar\u0131n otob\u00fcste ayr\u0131 bir koltu\u011fu yoktur. Tamamen dolu olduklar\u0131nda bir yeti\u015fkinin kuca\u011f\u0131nda otururlar veya ayr\u0131 bir koltuk \u00f6nceden rezerve edilebilir<\/p>\n<h3 data-start=\"3443\" data-end=\"3469\">\ud83c\udf92 Yan\u0131n\u0131za ne almal\u0131s\u0131n\u0131z<\/h3>\n<p data-start=\"3470\" data-end=\"3674\">\ud83d\udd39 Rahat y\u00fcr\u00fcy\u00fc\u015f ayakkab\u0131lar\u0131<br data-start=\"3497\" data-end=\"3500\" \/>\ud83d\udd39 \u015eapka, g\u00fcne\u015f g\u00f6zl\u00fc\u011f\u00fc ve g\u00fcne\u015f kremi<br data-start=\"3546\" data-end=\"3549\" \/>\ud83d\udd39 Telefon veya kamera<br data-start=\"3575\" data-end=\"3578\" \/>\ud83d\udd39 \u0130\u00e7ecekler, hediyelik e\u015fyalar ve ekstralar (tekne, Dinopark, vb.) i\u00e7in az miktarda para<\/p>\n<h3 data-start=\"3676\" data-end=\"3700\">\ud83d\udeab \u015eunlar i\u00e7in uygun de\u011fildir<\/h3>\n<p data-start=\"3701\" data-end=\"3827\">\ud83d\udd39 Hareket kabiliyeti ciddi derecede k\u0131s\u0131tl\u0131 misafirler<br data-start=\"3745\" data-end=\"3748\" \/>\ud83d\udd39 Y\u00fckseklik korkusu olan ki\u015filer (teleferik se\u00e7ene\u011fi i\u00e7in)<\/p>\n<h3 data-start=\"3962\" data-end=\"3986\">\ud83d\udcb8 Fiyat ve rezervasyon<\/h3>\n<p data-start=\"3988\" data-end=\"4111\"><strong>\ud83d\udd39 \u015eimdi rezervasyon yap\u0131n, tur g\u00fcn\u00fc \u00f6deyin<\/strong><br data-start=\"4027\" data-end=\"4030\" \/>\ud83d\udd39 WhatsApp, Telegram, Viber arac\u0131l\u0131\u011f\u0131yla bize ula\u015f\u0131n veya a\u015fa\u011f\u0131daki rezervasyon formunu doldurun.\ud83d\udc47\ud83c\udffc<\/p>","protected":false},"excerpt":{"rendered":"<p>Belek'ten Antalya'ya gezi: Kalei\u00e7i Eski Kenti, Yukar\u0131 ve A\u015fa\u011f\u0131 D\u00fcden \u015eelaleleri, \u00f6\u011fle yeme\u011fi, transfer ve Olympos teleferik veya tekne turu se\u00e7imi.<\/p>","protected":false},"featured_media":14777,"comment_status":"open","ping_status":"closed","template":"","meta":[],"product_brand":[],"product_cat":[124],"product_tag":[120],"class_list":{"0":"post-14984","1":"product","2":"type-product","3":"status-publish","4":"has-post-thumbnail","6":"tour_phys-ekskursii-v-belek","7":"product_cat-ekskursii-v-belek","8":"product_tag-belek","9":"pa_destination-ekskursii-v-belek","11":"first","12":"instock","13":"sale","14":"shipping-taxable","15":"purchasable","16":"product-type-tour_phys"},"aioseo_notices":[],"_links":{"self":[{"href":"https:\/\/mirekskursii.com\/tr\/wp-json\/wp\/v2\/product\/14984","targetHints":{"allow":["GET"]}}],"collection":[{"href":"https:\/\/mirekskursii.com\/tr\/wp-json\/wp\/v2\/product"}],"about":[{"href":"https:\/\/mirekskursii.com\/tr\/wp-json\/wp\/v2\/types\/product"}],"replies":[{"embeddable":true,"href":"https:\/\/mirekskursii.com\/tr\/wp-json\/wp\/v2\/comments?post=14984"}],"wp:featuredmedia":[{"embeddable":true,"href":"https:\/\/mirekskursii.com\/tr\/wp-json\/wp\/v2\/media\/14777"}],"wp:attachment":[{"href":"https:\/\/mirekskursii.com\/tr\/wp-json\/wp\/v2\/media?parent=14984"}],"wp:term":[{"taxonomy":"product_brand","embeddable":true,"href":"https:\/\/mirekskursii.com\/tr\/wp-json\/wp\/v2\/product_brand?post=14984"},{"taxonomy":"product_cat","embeddable":true,"href":"https:\/\/mirekskursii.com\/tr\/wp-json\/wp\/v2\/product_cat?post=14984"},{"taxonomy":"product_tag","embeddable":true,"href":"https:\/\/mirekskursii.com\/tr\/wp-json\/wp\/v2\/product_tag?post=14984"}],"curies":[{"name":"wp","href":"https:\/\/api.w.org\/{rel}","templated":true}]}}