{"id":14983,"date":"2025-11-18T22:17:18","date_gmt":"2025-11-18T19:17:18","guid":{"rendered":"https:\/\/mirekskursii.com\/?post_type=product&#038;p=14983\/"},"modified":"2025-12-23T23:20:29","modified_gmt":"2025-12-23T20:20:29","slug":"pamukkale-hierapolis-turu-belek","status":"publish","type":"product","link":"https:\/\/mirekskursii.com\/ekskursii\/pamukkale-ierapolis-iz-belek\/","title":{"rendered":"Pamukkale ve Hierapolis Turu \u2013 G\u00fcn\u00fcbirlik Belek \u00c7\u0131k\u0131\u015fl\u0131"},"content":{"rendered":"<h3 data-start=\"54\" data-end=\"67\">\ud83c\udfdd\ufe0f Genel Bak\u0131\u015f<\/h3>\n<p data-start=\"68\" data-end=\"276\">Belek'ten ve kom\u015fu il\u00e7eler Bo\u011fazkent, Ad\u011f\u0131su \u0130zkele, Kadriye'den Pamukkale ve antik Hierapolis'e g\u00fcn\u00fcbirlik bir gezi i\u00e7in yola \u00e7\u0131k\u0131n. Bembeyaz travertenler, kapl\u0131calar ve bir Roma kentinin kal\u0131nt\u0131lar\u0131 sizi bekliyor.<\/p>\n<h3 data-start=\"349\" data-end=\"365\">Dahil:<\/h3>\n<p data-start=\"366\" data-end=\"538\"><span style=\"color: #00ff00;\"><strong>\u2713<\/strong> <\/span>Otel transferi<br data-start=\"388\" data-end=\"391\" \/><span style=\"color: #00ff00;\"><strong>\u2713<\/strong> <\/span>Klimal\u0131 otob\u00fcs<br data-start=\"416\" data-end=\"419\" \/><span style=\"color: #00ff00;\"><strong>\u2713<\/strong> <\/span>Pamukkale ve Hierapolis giri\u015f \u00fccretleri<br data-start=\"459\" data-end=\"462\" \/><span style=\"color: #00ff00;\"><strong>\u2713<\/strong> <\/span>Tam sigortal\u0131<br data-start=\"482\" data-end=\"485\" \/><span style=\"color: #00ff00;\"><strong>\u2713<\/strong> <\/span>Rehber: Rus\u00e7a, \u0130ngilizce<br data-start=\"511\" data-end=\"514\" \/><span style=\"color: #00ff00;\"><strong>\u2713<\/strong> <\/span>\u00d6\u011fle yeme\u011fi (a\u00e7\u0131k b\u00fcfe)<\/p>\n<h3 data-start=\"540\" data-end=\"559\">Dahil de\u011fil:<\/h3>\n<p data-start=\"560\" data-end=\"619\"><span style=\"color: #ff0000;\"><strong>\u2717<\/strong> <\/span>Kleopatra'n\u0131n havuzunun giri\u015fi<br data-start=\"586\" data-end=\"589\" \/><span style=\"color: #ff0000;\"><strong>\u2717<\/strong> <\/span>Ki\u015fisel harcamalar<br data-start=\"605\" data-end=\"608\" \/><span style=\"color: #ff0000;\"><strong>\u2717<\/strong> <\/span>\u0130\u00e7ecekler<\/p>\n<h3 data-start=\"557\" data-end=\"585\">\ud83c\udf1f Turun \u00f6ne \u00e7\u0131kan \u00f6zellikleri<\/h3>\n<p data-start=\"586\" data-end=\"925\">\ud83d\udd39 Pamukkale'nin termal suya sahip beyaz teraslar\u0131<br data-start=\"637\" data-end=\"640\" \/>\ud83d\udd39 Hierapolis Harabeleri: Roma tiyatrosu, sokaklar ve antik binalar<br data-start=\"702\" data-end=\"705\" \/>\ud83d\udd39 Do\u011fal termal havuzlarda banyo yapma imkan\u0131<br data-start=\"761\" data-end=\"764\" \/>\ud83d\udd39 Kleopatra'n\u0131n havuzunda iste\u011fe ba\u011fl\u0131 y\u00fczme (ekstra \u00fccret)<br data-start=\"836\" data-end=\"839\" \/>\ud83d\udd39 Geleneksel T\u00fcrk a\u00e7\u0131k b\u00fcfe \u00f6\u011fle yeme\u011fi\u00ab<br data-start=\"884\" data-end=\"887\" \/>\ud83d\udd39 UNESCO D\u00fcnya Miras\u0131 Alan\u0131<\/p>\n<h3 data-start=\"927\" data-end=\"949\">\ud83d\udcd6 Tam a\u00e7\u0131klama<\/h3>\n<p data-start=\"950\" data-end=\"1127\">Sabah Belek, Bo\u011fazkent, Ac\u0131su \u0130skelesi veya Kadriye'deki otelinizden al\u0131nacak ve konforlu bir otob\u00fcsle Pamukkale'ye g\u00f6t\u00fcr\u00fcleceksiniz. Yolda pitoresk k\u0131rsal alanlardan ge\u00e7eceksiniz.<\/p>\n<p data-start=\"1129\" data-end=\"1447\">Var\u0131\u015fta, beyaz kalsit olu\u015fumlar\u0131 ve \u0131l\u0131k maden suyu ile \u00fcnl\u00fc \u00abPamuk Kalesi\u00bb Pamukkale'nin teraslar\u0131na gitmeden \u00f6nce a\u00e7\u0131k b\u00fcfe \u00f6\u011fle yeme\u011fi sizi bekliyor. Tur daha sonra bir Roma tiyatrosu, antik kal\u0131nt\u0131lar ve panoramik manzaralar i\u00e7in antik tatil beldesi Hierapolis'e devam ediyor.<\/p>\n<p data-start=\"1449\" data-end=\"1672\">Teraslarda dola\u015fmak, termal havuzlarda dinlenmek veya dilerseniz Kleopatra'n\u0131n havuzunu ziyaret etmek i\u00e7in serbest zaman\u0131n\u0131z olacak (ekstra \u00fccret). G\u00fcn\u00fcn sonunda grup Belek'e geri d\u00f6necek ve burada otellerinize transfer edileceksiniz.<\/p>\n<h3 data-start=\"1674\" data-end=\"1694\">\ud83d\uddfa\ufe0f Tur g\u00fczergah\u0131<\/h3>\n<p data-start=\"1695\" data-end=\"1980\">\ud83d\udd39 Belek ve yak\u0131n b\u00f6lgelerdeki otellerden ara\u00e7la alma<br data-start=\"1740\" data-end=\"1743\" \/>\ud83d\udd39 Pamukkale'ye Transfer<br data-start=\"1765\" data-end=\"1768\" \/>\ud83d\udd39 A\u00e7\u0131k b\u00fcfe \u00f6\u011fle yeme\u011fi\u00ab<br data-start=\"1791\" data-end=\"1794\" \/>\ud83d\udd39 Pamukkale'nin teraslar\u0131nda y\u00fcr\u00fcy\u00fc\u015f<br data-start=\"1827\" data-end=\"1830\" \/>\ud83d\udd39 Hierapolis kal\u0131nt\u0131lar\u0131 turu<br data-start=\"1863\" data-end=\"1866\" \/>\ud83d\udd39 Serbest zaman (Kleopatra'n\u0131n havuzuna iste\u011fe ba\u011fl\u0131 ziyaret)<br data-start=\"1926\" data-end=\"1929\" \/>\ud83d\udd39 Belek'e d\u00f6n\u00fc\u015f transferi<br data-start=\"1956\" data-end=\"1959\" \/>\ud83d\udd39 Otellere transfer<\/p>\n<h3 data-start=\"1982\" data-end=\"2008\">\u2139\ufe0f Faydal\u0131 bilgiler<\/h3>\n<p data-start=\"2009\" data-end=\"2388\">\ud83d\udd39 S\u00fcre: yakla\u015f\u0131k 12 saat (tam g\u00fcn)<br data-start=\"2059\" data-end=\"2062\" \/>\ud83d\udd39 Rota hava ko\u015fullar\u0131na ba\u011fl\u0131 olarak de\u011fi\u015febilir<br data-start=\"2121\" data-end=\"2124\" \/>\ud83d\udd39 Orta d\u00fczeyde fiziksel aktivite gerektirir (e\u011fimlerde ve basamaklarda y\u00fcr\u00fcme)<br data-start=\"2199\" data-end=\"2202\" \/>\ud83d\udd39 \u00dccretsiz seyahat eden 5 ya\u015f\u0131ndan k\u00fc\u00e7\u00fck \u00e7ocuklar\u0131n otob\u00fcste ayr\u0131 bir koltu\u011fu yoktur. Tamamen dolu olduklar\u0131nda bir yeti\u015fkinin kuca\u011f\u0131nda otururlar veya ayr\u0131 bir koltuk \u00f6nceden rezerve edilebilir<\/p>\n<h3 data-start=\"2390\" data-end=\"2414\">\ud83c\udf92 Yan\u0131n\u0131za ne almal\u0131s\u0131n\u0131z<\/h3>\n<p data-start=\"2415\" data-end=\"2642\">\ud83d\udd39 Pasaport veya kimlik kart\u0131<br data-start=\"2452\" data-end=\"2455\" \/>\ud83d\udd39 Rahat y\u00fcr\u00fcy\u00fc\u015f ayakkab\u0131lar\u0131<br data-start=\"2482\" data-end=\"2485\" \/>\ud83d\udd39 G\u00fcne\u015f g\u00f6zl\u00fc\u011f\u00fc, \u015fapka ve g\u00fcne\u015f kremi<br data-start=\"2539\" data-end=\"2542\" \/>\ud83d\udd39 Mayo ve havlu.<br data-start=\"2566\" data-end=\"2569\" \/>\ud83d\udd39 \u0130\u00e7ecekler ve ekstralar i\u00e7in para (Kleopatra'n\u0131n havuzu vb.)<\/p>\n<h3 data-start=\"2644\" data-end=\"2666\">\ud83d\udeab \u015eunlar i\u00e7in uygun de\u011fildir<\/h3>\n<p data-start=\"2667\" data-end=\"2764\">\ud83d\udd39 Hareket kabiliyeti ciddi derecede k\u0131s\u0131tl\u0131 olan ki\u015filer<br data-start=\"2710\" data-end=\"2713\" \/>\ud83d\udd39 Ciddi kronik hastal\u0131\u011f\u0131 olan misafirler<\/p>\n<h3 data-start=\"2845\" data-end=\"2873\">\ud83d\udcb8 Fiyat ve rezervasyon<\/h3>\n<p data-start=\"2875\" data-end=\"3015\"><strong>\ud83d\udd39 \u015eimdi rezervasyon yap\u0131n - tur g\u00fcn\u00fc \u00f6deme yap\u0131n<\/strong><br data-start=\"2921\" data-end=\"2924\" \/>\ud83d\udd39 WhatsApp, Telegram, Viber \u00fczerinden bize ula\u015f\u0131n veya a\u015fa\u011f\u0131daki sipari\u015f formunu doldurun. \ud83d\udc47\ud83c\udffc<\/p>","protected":false},"excerpt":{"rendered":"<p>Belek'ten Pamukkale ve Hierapolis gezisi: beyaz travertenler, antik kent kal\u0131nt\u0131lar\u0131, termal havuzlar, a\u00e7\u0131k b\u00fcfe \u00f6\u011fle yeme\u011fi. Transfer ve biletler dahildir.<\/p>","protected":false},"featured_media":12575,"comment_status":"open","ping_status":"closed","template":"","meta":[],"product_brand":[],"product_cat":[124],"product_tag":[120],"class_list":{"0":"post-14983","1":"product","2":"type-product","3":"status-publish","4":"has-post-thumbnail","6":"tour_phys-ekskursii-v-belek","7":"product_cat-ekskursii-v-belek","8":"product_tag-belek","9":"pa_destination-ekskursii-v-belek","11":"first","12":"instock","13":"sale","14":"shipping-taxable","15":"purchasable","16":"product-type-tour_phys"},"aioseo_notices":[],"_links":{"self":[{"href":"https:\/\/mirekskursii.com\/tr\/wp-json\/wp\/v2\/product\/14983","targetHints":{"allow":["GET"]}}],"collection":[{"href":"https:\/\/mirekskursii.com\/tr\/wp-json\/wp\/v2\/product"}],"about":[{"href":"https:\/\/mirekskursii.com\/tr\/wp-json\/wp\/v2\/types\/product"}],"replies":[{"embeddable":true,"href":"https:\/\/mirekskursii.com\/tr\/wp-json\/wp\/v2\/comments?post=14983"}],"wp:featuredmedia":[{"embeddable":true,"href":"https:\/\/mirekskursii.com\/tr\/wp-json\/wp\/v2\/media\/12575"}],"wp:attachment":[{"href":"https:\/\/mirekskursii.com\/tr\/wp-json\/wp\/v2\/media?parent=14983"}],"wp:term":[{"taxonomy":"product_brand","embeddable":true,"href":"https:\/\/mirekskursii.com\/tr\/wp-json\/wp\/v2\/product_brand?post=14983"},{"taxonomy":"product_cat","embeddable":true,"href":"https:\/\/mirekskursii.com\/tr\/wp-json\/wp\/v2\/product_cat?post=14983"},{"taxonomy":"product_tag","embeddable":true,"href":"https:\/\/mirekskursii.com\/tr\/wp-json\/wp\/v2\/product_tag?post=14983"}],"curies":[{"name":"wp","href":"https:\/\/api.w.org\/{rel}","templated":true}]}}