{"id":14982,"date":"2025-11-18T22:07:33","date_gmt":"2025-11-18T19:07:33","guid":{"rendered":"https:\/\/mirekskursii.com\/?post_type=product&#038;p=14982\/"},"modified":"2025-12-23T23:17:04","modified_gmt":"2025-12-23T20:17:04","slug":"antalya-sehir-turu-belek","status":"publish","type":"product","link":"https:\/\/mirekskursii.com\/ekskursii\/antalya-staryy-gorod-vodopady-iz-belek\/","title":{"rendered":"Belek'ten Antalya \u015eehir Turu \u2013 Kalei\u00e7i ve \u015eelaleler"},"content":{"rendered":"<h3 data-start=\"0\" data-end=\"14\">\u2600\ufe0f \u0130nceleme<\/h3>\n<p data-start=\"15\" data-end=\"237\">Belek ve kom\u015fu il\u00e7elerden - Bo\u011fazkent, Ac\u0131su \u0130skele, Kadriye - Antalya'ya zenginle\u015ftirici bir tur i\u00e7in yola \u00e7\u0131k\u0131n. D\u00fcden \u015eelaleleri, Kalei\u00e7i'nde bir y\u00fcr\u00fcy\u00fc\u015f, iste\u011fe ba\u011fl\u0131 bir tekne gezisi ve geleneksel bir \u00f6\u011fle yeme\u011fi sizi bekliyor.<\/p>\n<h3 data-start=\"228\" data-end=\"242\">Dahil:<\/h3>\n<p data-start=\"243\" data-end=\"448\"><span style=\"color: #00ff00;\"><strong>\u2713<\/strong> <\/span>Otel transferi<br data-start=\"265\" data-end=\"268\" \/><span style=\"color: #00ff00;\"><strong>\u2713<\/strong> <\/span>D\u00fcden \u015felalelerine giri\u015f biletleri (Yukar\u0131 ve A\u015fa\u011f\u0131)<br data-start=\"321\" data-end=\"324\" \/><span style=\"color: #00ff00;\"><strong>\u2713<\/strong> <\/span>Klimal\u0131 konforlu otob\u00fcs<br data-start=\"365\" data-end=\"368\" \/><span style=\"color: #00ff00;\"><strong>\u2713<\/strong> <\/span>Rehber: Rus\u00e7a, \u0130ngilizce<br data-start=\"394\" data-end=\"397\" \/><span style=\"color: #00ff00;\"><strong>\u2713<\/strong> <\/span>Yerel bir restoranda \u00f6\u011fle yeme\u011fi<br data-start=\"423\" data-end=\"426\" \/><span style=\"color: #00ff00;\"><strong>\u2713<\/strong> <\/span>Tam sigortal\u0131<\/p>\n<h3 data-start=\"450\" data-end=\"467\">Dahil de\u011fil:<\/h3>\n<p data-start=\"468\" data-end=\"568\"><span style=\"color: #ff0000;\"><strong>\u2717<\/strong> <\/span>Tekne turu (iste\u011fe ba\u011fl\u0131)<br data-start=\"512\" data-end=\"515\" \/><span style=\"color: #ff0000;\"><strong>\u2717<\/strong> <\/span>\u0130\u00e7ecekler<br data-start=\"524\" data-end=\"527\" \/><span style=\"color: #ff0000;\"><strong>\u2717<\/strong> <\/span>Ki\u015fisel harcamalar<\/p>\n<h3 data-start=\"594\" data-end=\"624\">\ud83c\udf1f Turun \u00f6ne \u00e7\u0131kan \u00f6zellikleri<\/h3>\n<p data-start=\"625\" data-end=\"1018\">\ud83d\udd39 40 metreden denize d\u00fc\u015fen A\u015fa\u011f\u0131 D\u00fcden \u015eelalesi<br data-start=\"686\" data-end=\"689\" \/>\ud83d\udd39 Kalei\u00e7i Eski Kenti'nde y\u00fcr\u00fcy\u00fc\u015f: dar sokaklar, Hadrian Kap\u0131s\u0131, Saat Kulesi<br data-start=\"771\" data-end=\"774\" \/>\ud83d\udd39 Eski limandan tekneyle iste\u011fe ba\u011fl\u0131 bir saatlik tekne turu<br data-start=\"843\" data-end=\"846\" \/>\ud83d\udd39 Yukar\u0131 D\u00fcden \u015eelalesi'nde ye\u015filliklerin g\u00f6lgesinde sakin y\u00fcr\u00fcy\u00fc\u015f<br data-start=\"907\" data-end=\"910\" \/>\ud83d\udd39 Yerel bir restoranda geleneksel T\u00fcrk \u00f6\u011fle yeme\u011fi<br data-start=\"959\" data-end=\"962\" \/>\ud83d\udd39 Belek ve \u00e7evresindeki otellerden konforlu transferler<\/p>\n<h3 data-start=\"1020\" data-end=\"1044\">\ud83d\udcd6 Tam a\u00e7\u0131klama<\/h3>\n<p data-start=\"1045\" data-end=\"1308\">Sabah Belek, Bo\u011fazkent, Adc\u0131su \u0130skelesi veya Kadriye'deki otelinizden al\u0131nacak ve Antalya'ya g\u00f6t\u00fcr\u00fcleceksiniz. Tur genellikle Kalei\u00e7i Old Town'dan ba\u015flar: Hadrian Kap\u0131s\u0131, Saat Kulesi, Yivli Minare'yi g\u00f6recek ve ma\u011fazalar ve kafeler ile atmosferik sokaklarda dola\u015facaks\u0131n\u0131z.<\/p>\n<p data-start=\"1310\" data-end=\"1656\">Eski limandan iste\u011fe ba\u011fl\u0131 bir saatlik tekne turu: Antalya sahil \u015feridini ve A\u015fa\u011f\u0131 D\u00fcden \u015eelalesi'ni denizden g\u00f6receksiniz. Daha sonra yerel bir restoranda geleneksel bir \u00f6\u011fle yeme\u011fi yiyeceksiniz. Programda ayr\u0131ca Yukar\u0131 ve A\u015fa\u011f\u0131 D\u00fcden \u015eelaleleri ziyaret edilecek, foto\u011fraf \u00e7ekimi ve y\u00fcr\u00fcy\u00fc\u015f i\u00e7in zaman ayr\u0131lacakt\u0131r. G\u00fcn\u00fcn sonunda otob\u00fcs sizi otelinize geri g\u00f6t\u00fcrecektir.<\/p>\n<h3 data-start=\"1658\" data-end=\"1680\">\ud83d\uddfa\ufe0f Tur g\u00fczergah\u0131<\/h3>\n<p data-start=\"1681\" data-end=\"2012\">\ud83d\udd39 Belek b\u00f6lgesindeki otellerden \u00e7it<br data-start=\"1715\" data-end=\"1718\" \/>\ud83d\udd39 Eski \u015eehir (Kalei\u00e7i) \u00e7evresinde y\u00fcr\u00fcy\u00fc\u015f<br data-start=\"1757\" data-end=\"1760\" \/>\ud83d\udd39 Eski limandan bir saatlik tekne turu (iste\u011fe ba\u011fl\u0131)<br data-start=\"1818\" data-end=\"1821\" \/>\ud83d\udd39 Yerel bir restoranda \u00f6\u011fle yeme\u011fi<br data-start=\"1848\" data-end=\"1851\" \/>\ud83d\udd39 A\u015fa\u011f\u0131 D\u00fcden \u015eelalesi Ziyareti<br data-start=\"1886\" data-end=\"1889\" \/>\ud83d\udd39 Yukar\u0131 D\u00fcden \u015eelalesi Ziyareti<br data-start=\"1925\" data-end=\"1928\" \/>\ud83d\udd39 Bir m\u00fccevher\/hediyelik e\u015fya d\u00fckkan\u0131na k\u0131sa bir ziyaret<br data-start=\"1978\" data-end=\"1981\" \/>\ud83d\udd39 Belek otellerine geri d\u00f6n<\/p>\n<h3 data-start=\"2014\" data-end=\"2042\">\u2139\ufe0f Faydal\u0131 bilgiler<\/h3>\n<p data-start=\"2043\" data-end=\"2471\">\ud83d\udd39 S\u00fcre: yakla\u015f\u0131k 8-9 saat (tam g\u00fcn)<br data-start=\"2094\" data-end=\"2097\" \/>\ud83d\udd39 Tekne turu hava ko\u015fullar\u0131 nedeniyle iptal edilebilir veya de\u011fi\u015ftirilebilir<br data-start=\"2163\" data-end=\"2166\" \/>\ud83d\udd39 Program\u0131 iyile\u015ftirmek i\u00e7in rota biraz de\u011fi\u015febilir<br data-start=\"2229\" data-end=\"2232\" \/>\ud83d\udd39 Bu bir gezi turudur, y\u00fczme dahil de\u011fildir<br data-start=\"2282\" data-end=\"2285\" \/>\ud83d\udd39 \u00dccretsiz seyahat eden 5 ya\u015f\u0131ndan k\u00fc\u00e7\u00fck \u00e7ocuklar\u0131n otob\u00fcste ayr\u0131 bir koltu\u011fu yoktur. Tamamen dolu olduklar\u0131nda bir yeti\u015fkinin kuca\u011f\u0131nda otururlar veya ayr\u0131 bir koltuk \u00f6nceden rezerve edilebilir<\/p>\n<h3 data-start=\"2473\" data-end=\"2499\">\ud83c\udf92 Yan\u0131n\u0131za ne almal\u0131s\u0131n\u0131z<\/h3>\n<p data-start=\"2500\" data-end=\"2667\">\ud83d\udd39 Rahat y\u00fcr\u00fcy\u00fc\u015f ayakkab\u0131lar\u0131<br data-start=\"2527\" data-end=\"2530\" \/>\ud83d\udd39 G\u00fcne\u015f g\u00f6zl\u00fckleri ve ba\u015fl\u0131klar<br data-start=\"2568\" data-end=\"2571\" \/>\ud83d\udd39 G\u00fcne\u015f Kremi<br data-start=\"2593\" data-end=\"2596\" \/>\ud83d\udd39 Kamera veya ak\u0131ll\u0131 telefon<br data-start=\"2623\" data-end=\"2626\" \/>\ud83d\udd39 \u0130\u00e7ecekler ve ki\u015fisel harcamalar i\u00e7in nakit<\/p>\n<h3 data-start=\"2669\" data-end=\"2693\">\ud83d\udeab \u015eunlar i\u00e7in uygun de\u011fildir<\/h3>\n<p data-start=\"2694\" data-end=\"2777\">\ud83d\udd39 Hareket kabiliyeti ciddi derecede k\u0131s\u0131tl\u0131 olan ki\u015filer<br data-start=\"2737\" data-end=\"2740\" \/>\ud83d\udd39 Tekerlekli sandalye kullan\u0131c\u0131lar\u0131<\/p>\n<h3 data-start=\"2978\" data-end=\"3006\">\ud83d\udcb8 Fiyat ve rezervasyon<\/h3>\n<p data-start=\"3008\" data-end=\"3148\"><strong>\ud83d\udd39 \u015eimdi rezervasyon yap\u0131n - tur g\u00fcn\u00fc \u00f6deme yap\u0131n<\/strong><br data-start=\"3054\" data-end=\"3057\" \/>\ud83d\udd39 WhatsApp, Telegram, Viber \u00fczerinden bize ula\u015f\u0131n veya a\u015fa\u011f\u0131daki sipari\u015f formunu doldurun. \ud83d\udc47\ud83c\udffc<\/p>","protected":false},"excerpt":{"rendered":"<p>Belek'ten Antalya'ya gezi: D\u00fcden \u015eelaleleri, Kalei\u00e7i Eski Kent'te y\u00fcr\u00fcy\u00fc\u015f, iste\u011fe ba\u011fl\u0131 tekne turu, \u00f6\u011fle yeme\u011fi ve otel transferi dahildir.<\/p>","protected":false},"featured_media":15163,"comment_status":"open","ping_status":"closed","template":"","meta":[],"product_brand":[],"product_cat":[124],"product_tag":[107],"class_list":{"0":"post-14982","1":"product","2":"type-product","3":"status-publish","4":"has-post-thumbnail","6":"tour_phys-ekskursii-v-belek","7":"product_cat-ekskursii-v-belek","8":"product_tag-antalya","9":"pa_destination-ekskursii-v-belek","11":"first","12":"instock","13":"sale","14":"shipping-taxable","15":"purchasable","16":"product-type-tour_phys"},"aioseo_notices":[],"_links":{"self":[{"href":"https:\/\/mirekskursii.com\/tr\/wp-json\/wp\/v2\/product\/14982","targetHints":{"allow":["GET"]}}],"collection":[{"href":"https:\/\/mirekskursii.com\/tr\/wp-json\/wp\/v2\/product"}],"about":[{"href":"https:\/\/mirekskursii.com\/tr\/wp-json\/wp\/v2\/types\/product"}],"replies":[{"embeddable":true,"href":"https:\/\/mirekskursii.com\/tr\/wp-json\/wp\/v2\/comments?post=14982"}],"wp:featuredmedia":[{"embeddable":true,"href":"https:\/\/mirekskursii.com\/tr\/wp-json\/wp\/v2\/media\/15163"}],"wp:attachment":[{"href":"https:\/\/mirekskursii.com\/tr\/wp-json\/wp\/v2\/media?parent=14982"}],"wp:term":[{"taxonomy":"product_brand","embeddable":true,"href":"https:\/\/mirekskursii.com\/tr\/wp-json\/wp\/v2\/product_brand?post=14982"},{"taxonomy":"product_cat","embeddable":true,"href":"https:\/\/mirekskursii.com\/tr\/wp-json\/wp\/v2\/product_cat?post=14982"},{"taxonomy":"product_tag","embeddable":true,"href":"https:\/\/mirekskursii.com\/tr\/wp-json\/wp\/v2\/product_tag?post=14982"}],"curies":[{"name":"wp","href":"https:\/\/api.w.org\/{rel}","templated":true}]}}