{"id":14981,"date":"2025-11-18T21:58:22","date_gmt":"2025-11-18T18:58:22","guid":{"rendered":"https:\/\/mirekskursii.com\/?post_type=product&#038;p=14981\/"},"modified":"2026-04-13T22:39:10","modified_gmt":"2026-04-13T19:39:10","slug":"suluada-tekne-turu-belek","status":"publish","type":"product","link":"https:\/\/mirekskursii.com\/ekskursii\/suluada-yaht-tur-iz-belek\/","title":{"rendered":"Suluada Tekne Turu Belek \u00c7\u0131k\u0131\u015fl\u0131 \u2013 T\u00fcrk Maldivleri"},"content":{"rendered":"<h3 data-start=\"59\" data-end=\"74\">\ud83c\udfdd\ufe0f Genel Bak\u0131\u015f<\/h3>\n<p data-start=\"75\" data-end=\"337\">Belek ve kom\u015fu b\u00f6lgelerden - Bo\u011fazkent, Ac\u0131su \u0130skele, Kadriye - \u00abT\u00fcrk Maldivleri\u00bb olarak bilinen Suluada'ya yat turuyla hareket edin. Beyaz kumlu plajlar, turkuaz su ve \u00fc\u00e7 y\u00fczme dura\u011f\u0131 - aileler, \u00e7iftler ve do\u011fa severler i\u00e7in m\u00fckemmel bir g\u00fcn.<\/p>\n<h3 data-start=\"339\" data-end=\"353\">Dahil:<\/h3>\n<p data-start=\"354\" data-end=\"528\"><span style=\"color: #00ff00;\"><strong>\u2713<\/strong> <\/span>Otel transferi\u00a0<br data-start=\"418\" data-end=\"421\" \/><span style=\"color: #00ff00;\"><strong>\u2713<\/strong> <\/span>Rehber: Rus\u00e7a, \u0130ngilizce<br data-start=\"447\" data-end=\"450\" \/><span style=\"color: #00ff00;\"><strong>\u2713<\/strong> <\/span>Sigorta<br data-start=\"463\" data-end=\"466\" \/><span style=\"color: #00ff00;\"><strong>\u2713<\/strong> <\/span>Barbek\u00fc \u00f6\u011fle yeme\u011fi<br data-start=\"482\" data-end=\"485\" \/><span style=\"color: #00ff00;\"><strong>\u2713<\/strong> <\/span>Taze mevsim meyveleri<br data-start=\"509\" data-end=\"512\" \/><span style=\"color: #00ff00;\"><strong>\u2713<\/strong> <\/span>Gemide \u00e7ay<\/p>\n<h3 data-start=\"530\" data-end=\"547\">Dahil de\u011fil:<\/h3>\n<p data-start=\"548\" data-end=\"595\"><span style=\"color: #ff0000;\"><strong>\u2717<\/strong> <\/span>\u0130\u00e7ecekler<br data-start=\"557\" data-end=\"560\" \/><span style=\"color: #ff0000;\"><strong>\u2717<\/strong> <\/span>Ki\u015fisel harcamalar<br data-start=\"576\" data-end=\"579\" \/><span style=\"color: #ff0000;\"><strong>\u2717<\/strong> <\/span>Foto\u011fraf ve video<\/p>\n<h3 data-start=\"597\" data-end=\"627\">\ud83c\udf1f Turun \u00f6ne \u00e7\u0131kan \u00f6zellikleri<\/h3>\n<p data-start=\"628\" data-end=\"954\">\ud83d\udd39 Suluada - gizli koylar ve bozulmam\u0131\u015f plajlar<br data-start=\"680\" data-end=\"683\" \/>\ud83d\udd39 Beyaz kumlu dibi ile \u00abMaldivler Koyu \u00bbnda y\u00fczme<br data-start=\"737\" data-end=\"740\" \/>\ud83d\udd39 Y\u00fczmek ve foto\u011fraf \u00e7ekmek i\u00e7in \u00abA\u015fk Ma\u011faras\u0131 \u00bbnda mola verin<br data-start=\"788\" data-end=\"791\" \/>\ud83d\udd39 Barbek\u00fc \u00f6\u011fle yeme\u011fi: bal\u0131k\/tavuk, makarna ve T\u00fcrk mezesi<br data-start=\"844\" data-end=\"847\" \/>\ud83d\udd39 Y\u00fczmek ve g\u00fcne\u015flenmek i\u00e7in \u00fc\u00e7 durak<br data-start=\"884\" data-end=\"887\" \/>\ud83d\udd39 Toros Da\u011flar\u0131 ve pitoresk Akdeniz k\u0131y\u0131 \u015feridi manzaras\u0131<\/p>\n<h3 data-start=\"956\" data-end=\"980\">\ud83d\udcd6 Tam a\u00e7\u0131klama<\/h3>\n<p data-start=\"981\" data-end=\"1221\">Sabah Belek, Bo\u011fazkent, A\u011f\u0131su \u0130skelesi veya Kadriye'deki otelinizden al\u0131nacak ve Adrasan liman\u0131na transfer edileceksiniz. Burada bir yata veya katamarana binecek ve T\u00fcrkiye'nin g\u00fcney sahil \u015feridi boyunca kayal\u0131klar, \u00e7am ormanlar\u0131 ve masmavi koylar\u0131n manzaras\u0131 e\u015fli\u011finde yelken a\u00e7acaks\u0131n\u0131z.<\/p>\n<p data-start=\"1223\" data-end=\"1447\">\u0130lk durak, beyaz kumlu taban\u0131 ve y\u00fczme ve \u015fnorkelle dal\u0131\u015f i\u00e7in ideal berrak sular\u0131yla Maldivler K\u00f6rfezi'dir. Gemi daha sonra g\u00fcvertede dinlenebilece\u011finiz, y\u00fczebilece\u011finiz ve g\u00fcne\u015flenebilece\u011finiz Suluada'n\u0131n tenha plajlar\u0131na yakla\u015f\u0131r.<\/p>\n<p data-start=\"1449\" data-end=\"1801\">G\u00fczergah, sakin sularda y\u00fczebilece\u011finiz ve muhte\u015fem foto\u011fraflar \u00e7ekebilece\u011finiz A\u015fk Ma\u011faras\u0131'nda bir mola ile devam eder. Gemide barbek\u00fc, meze ve garnit\u00fcrlerden olu\u015fan taze pi\u015fmi\u015f bir \u00f6\u011fle yeme\u011fi servis edilir ve yemekten sonra Adrasan liman\u0131na d\u00f6n\u00fc\u015f yolunda manzaray\u0131 seyrederken bir fincan \u00e7ay\u0131n tad\u0131n\u0131 \u00e7\u0131karabilirsiniz. G\u00fcn\u00fcn sonunda konforlu bir \u015fekilde Belek'teki otelinize geri transfer edileceksiniz.<\/p>\n<h3 data-start=\"1803\" data-end=\"1825\">\ud83d\uddfa\ufe0f Tur g\u00fczergah\u0131<\/h3>\n<p data-start=\"1826\" data-end=\"2193\">\ud83d\udd39 Belek, Bo\u011fazkent, Ac\u0131su \u0130skele ve Kadriye otellerinden misafir toplanmas\u0131<br data-start=\"1893\" data-end=\"1896\" \/>\ud83d\udd39 Adrasan liman\u0131na transfer<br data-start=\"1922\" data-end=\"1925\" \/>\ud83d\udd39 Yat veya katamaran ile kalk\u0131\u015f<br data-start=\"1962\" data-end=\"1965\" \/>\ud83d\udd39 Maldivler K\u00f6rfezi'nde y\u00fczme molas\u0131<br data-start=\"2009\" data-end=\"2012\" \/>\ud83d\udd39 Suluada'n\u0131n gizli plajlar\u0131nda y\u00fczme<br data-start=\"2047\" data-end=\"2050\" \/>\ud83d\udd39 A\u015fk Ma\u011faras\u0131'nda mola (y\u00fczme ve foto\u011fraflar)<br data-start=\"2094\" data-end=\"2097\" \/>\ud83d\udd39 Gemide barbek\u00fc \u00f6\u011fle yeme\u011fi ve \u00e7ay<br data-start=\"2129\" data-end=\"2132\" \/>\ud83d\udd39 Adrasan Liman\u0131'na D\u00f6n\u00fc\u015f<br data-start=\"2161\" data-end=\"2164\" \/>\ud83d\udd39 Otellere geri transfer<\/p>\n<h3 data-start=\"2195\" data-end=\"2223\">\u2139\ufe0f Faydal\u0131 bilgiler<\/h3>\n<p data-start=\"2224\" data-end=\"2669\">\ud83d\udd39 S\u00fcre: yakla\u015f\u0131k 8 saat (tam g\u00fcn)<br data-start=\"2273\" data-end=\"2276\" \/>\ud83d\udd39 G\u00fczergah ve mola s\u00fcreleri hava ve deniz ko\u015fullar\u0131na ba\u011fl\u0131 olarak de\u011fi\u015febilir<br data-start=\"2352\" data-end=\"2355\" \/>\ud83d\udd39 Bu \u00f6zel bir \u015fnorkel turu de\u011fildir, ancak kendi ekipman\u0131n\u0131z\u0131 getirebilirsiniz<br data-start=\"2429\" data-end=\"2432\" \/>\ud83d\udd39 Kaymayan ayakkab\u0131lar veya sandaletler tavsiye edilir<br data-start=\"2480\" data-end=\"2483\" \/>\ud83d\udd39 \u00dccretsiz seyahat eden 6 ya\u015f\u0131ndan k\u00fc\u00e7\u00fck \u00e7ocuklar\u0131n otob\u00fcste ayr\u0131 bir koltu\u011fu yoktur. Tamamen dolu olduklar\u0131nda bir yeti\u015fkinin kuca\u011f\u0131nda otururlar veya \u00f6nceden ayr\u0131 bir koltuk rezerve edilebilir<\/p>\n<h3 data-start=\"2671\" data-end=\"2697\">\ud83c\udf92 Yan\u0131n\u0131za ne almal\u0131s\u0131n\u0131z<\/h3>\n<p data-start=\"2698\" data-end=\"2908\">\ud83d\udd39 Mayo ve havlu.<br data-start=\"2722\" data-end=\"2725\" \/>\ud83d\udd39 \u015eapka, g\u00fcne\u015f g\u00f6zl\u00fc\u011f\u00fc ve g\u00fcne\u015f kremi<br data-start=\"2771\" data-end=\"2774\" \/>\ud83d\udd39 Su ge\u00e7irmez bir kamera veya ak\u0131ll\u0131 telefon<br data-start=\"2814\" data-end=\"2817\" \/>\ud83d\udd39 Kaymayan ayakkab\u0131lar veya sandaletler<br data-start=\"2851\" data-end=\"2854\" \/>\ud83d\udd39 \u0130\u00e7ecekler ve ki\u015fisel harcamalar i\u00e7in k\u00fc\u00e7\u00fck bir miktar para<\/p>\n<h3 data-start=\"2910\" data-end=\"2934\">\ud83d\udeab \u015eunlar i\u00e7in uygun de\u011fildir<\/h3>\n<p data-start=\"2935\" data-end=\"3082\">\ud83d\udd39 Hareket kabiliyeti k\u0131s\u0131tl\u0131 ki\u015filer<br data-start=\"2971\" data-end=\"2974\" \/>\ud83d\udd39 \u015eiddetli deniz tutmas\u0131 olan konuklar<br data-start=\"3010\" data-end=\"3013\" \/>\ud83d\udd39 Ciddi kardiyovask\u00fcler hastal\u0131\u011f\u0131 olan gezginler<\/p>\n<h3 data-start=\"3084\" data-end=\"3112\">\ud83d\udcb8 Fiyat ve rezervasyon<\/h3>\n<p data-start=\"3113\" data-end=\"3251\" data-is-last-node=\"\" data-is-only-node=\"\"><strong>\ud83d\udd39 \u015eimdi rezervasyon yap\u0131n - tur g\u00fcn\u00fc \u00f6deme yap\u0131n<\/strong><br data-start=\"3159\" data-end=\"3162\" \/>\ud83d\udd39 WhatsApp, Telegram, Viber \u00fczerinden bize ula\u015f\u0131n veya a\u015fa\u011f\u0131daki sipari\u015f formunu doldurun. \ud83d\udc47\ud83c\udffc<\/p>","protected":false},"excerpt":{"rendered":"<article class=\"text-token-text-primary w-full focus:outline-none [--shadow-height:45px] has-data-writing-block:pointer-events-none has-data-writing-block:-mt-(--shadow-height) has-data-writing-block:pt-(--shadow-height) [&amp;:has([data-writing-block])&gt;*]:pointer-events-auto [content-visibility:auto] supports-[content-visibility:auto]:[contain-intrinsic-size:auto_100lvh] scroll-mt-[calc(var(--header-height)+min(200px,max(70px,20svh)))]\" dir=\"auto\" tabindex=\"-1\" data-turn-id=\"request-691c3b5f-a94c-832a-aa69-967f2c392ec1-23\" data-testid=\"conversation-turn-70\" data-scroll-anchor=\"true\" data-turn=\"assistant\">\n<div class=\"text-base my-auto mx-auto pb-10 [--thread-content-margin:--spacing(4)] thread-sm:[--thread-content-margin:--spacing(6)] thread-lg:[--thread-content-margin:--spacing(16)] px-(--thread-content-margin)\">\n<div class=\"[--thread-content-max-width:40rem] thread-lg:[--thread-content-max-width:48rem] mx-auto max-w-(--thread-content-max-width) flex-1 group\/turn-messages focus-visible:outline-hidden relative flex w-full min-w-0 flex-col agent-turn\" tabindex=\"-1\">\n<div class=\"flex max-w-full flex-col grow\">\n<div class=\"min-h-8 text-message relative flex w-full flex-col items-end gap-2 text-start break-words whitespace-normal [.text-message+&amp;]:mt-1\" dir=\"auto\" data-message-author-role=\"assistant\" data-message-id=\"51874630-8fe2-4db3-8118-2485bd81e500\" data-message-model-slug=\"gpt-5-1-thinking\">\n<div class=\"flex w-full flex-col gap-1 empty:hidden first:pt-[1px]\">\n<div class=\"markdown prose dark:prose-invert w-full break-words light markdown-new-styling\">\n<p data-start=\"0\" data-end=\"190\" data-is-last-node=\"\" data-is-only-node=\"\">\u042f\u0445\u0442-\u0442\u0443\u0440 \u043d\u0430 \u043e\u0441\u0442\u0440\u043e\u0432 \u0421\u0443\u043b\u0443\u0430\u0434\u0430 \u0438\u0437 \u0411\u0435\u043b\u0435\u043a\u0430: \u00ab\u0422\u0443\u0440\u0435\u0446\u043a\u0438\u0435 \u041c\u0430\u043b\u044c\u0434\u0438\u0432\u044b\u00bb \u0441 \u0431\u0435\u043b\u044b\u043c\u0438 \u043f\u043b\u044f\u0436\u0430\u043c\u0438, \u0442\u0440\u0435\u043c\u044f \u043e\u0441\u0442\u0430\u043d\u043e\u0432\u043a\u0430\u043c\u0438 \u0434\u043b\u044f \u043a\u0443\u043f\u0430\u043d\u0438\u044f, \u043e\u0431\u0435\u0434\u043e\u043c-\u0431\u0430\u0440\u0431\u0435\u043a\u044e, \u0444\u0440\u0443\u043a\u0442\u0430\u043c\u0438 \u0438 \u0442\u0440\u0430\u043d\u0441\u0444\u0435\u0440\u043e\u043c \u043e\u0442 \u043e\u0442\u0435\u043b\u044f.<\/p>\n<\/div>\n<\/div>\n<\/div>\n<\/div>\n<div class=\"z-0 flex min-h-[46px] justify-start\"><\/div>\n<div class=\"mt-3 w-full empty:hidden\">\n<div class=\"text-center\"><\/div>\n<\/div>\n<\/div>\n<\/div>\n<\/article>\n<div class=\"pointer-events-none h-px w-px\" aria-hidden=\"true\" data-edge=\"true\"><\/div>\n","protected":false},"featured_media":12423,"comment_status":"open","ping_status":"closed","template":"","meta":[],"product_brand":[],"product_cat":[124],"product_tag":[120],"class_list":{"0":"post-14981","1":"product","2":"type-product","3":"status-publish","4":"has-post-thumbnail","6":"tour_phys-ekskursii-v-belek","7":"tour_phys-yacht-tury","8":"product_cat-ekskursii-v-belek","9":"product_tag-belek","10":"pa_destination-ekskursii-v-belek","11":"pa_kategori-yacht-tury","13":"first","14":"instock","15":"sale","16":"shipping-taxable","17":"purchasable","18":"product-type-tour_phys"},"aioseo_notices":[],"_links":{"self":[{"href":"https:\/\/mirekskursii.com\/tr\/wp-json\/wp\/v2\/product\/14981","targetHints":{"allow":["GET"]}}],"collection":[{"href":"https:\/\/mirekskursii.com\/tr\/wp-json\/wp\/v2\/product"}],"about":[{"href":"https:\/\/mirekskursii.com\/tr\/wp-json\/wp\/v2\/types\/product"}],"replies":[{"embeddable":true,"href":"https:\/\/mirekskursii.com\/tr\/wp-json\/wp\/v2\/comments?post=14981"}],"wp:featuredmedia":[{"embeddable":true,"href":"https:\/\/mirekskursii.com\/tr\/wp-json\/wp\/v2\/media\/12423"}],"wp:attachment":[{"href":"https:\/\/mirekskursii.com\/tr\/wp-json\/wp\/v2\/media?parent=14981"}],"wp:term":[{"taxonomy":"product_brand","embeddable":true,"href":"https:\/\/mirekskursii.com\/tr\/wp-json\/wp\/v2\/product_brand?post=14981"},{"taxonomy":"product_cat","embeddable":true,"href":"https:\/\/mirekskursii.com\/tr\/wp-json\/wp\/v2\/product_cat?post=14981"},{"taxonomy":"product_tag","embeddable":true,"href":"https:\/\/mirekskursii.com\/tr\/wp-json\/wp\/v2\/product_tag?post=14981"}],"curies":[{"name":"wp","href":"https:\/\/api.w.org\/{rel}","templated":true}]}}