{"id":14980,"date":"2025-11-18T21:49:28","date_gmt":"2025-11-18T18:49:28","guid":{"rendered":"https:\/\/mirekskursii.com\/?post_type=product&#038;p=14980\/"},"modified":"2026-04-06T20:17:09","modified_gmt":"2026-04-06T17:17:09","slug":"porto-ceneviz-tekne-turu-belek","status":"publish","type":"product","link":"https:\/\/mirekskursii.com\/ekskursii\/porto-dzheneviz-golubaya-laguna-iz-belek\/","title":{"rendered":"Porto Ceneviz Tekne Turu Belek \u00c7\u0131k\u0131\u015fl\u0131 \u2013 Mavi Lag\u00fcn"},"content":{"rendered":"<h3 data-start=\"59\" data-end=\"70\">\u26f5 \u0130nceleme<\/h3>\n<p data-start=\"71\" data-end=\"343\">Belek ve yak\u0131n b\u00f6lgelerden - Bo\u011fazkent, Ac\u0131su \u0130skele, Kadriye - Adrasan'\u0131n pitoresk koylar\u0131na rahatlat\u0131c\u0131 bir yat turuna \u00e7\u0131k\u0131n: Porto Genovis, Akseki, Korsan Koyu ve Fosforlu Ma\u011fara. \u015e\u0131k bir butik yatta turkuaz su, kil banyolar\u0131 ve \u00f6\u011fle yeme\u011fi sizi bekliyor.<\/p>\n<h3 data-start=\"619\" data-end=\"635\"><strong data-start=\"623\" data-end=\"635\">Dahil:<\/strong><\/h3>\n<p data-start=\"637\" data-end=\"763\"><span style=\"color: #00ff00;\"><strong>\u2713<\/strong><\/span> Otel transferi<br data-start=\"659\" data-end=\"662\" \/><span style=\"color: #00ff00;\"><strong>\u2713 <\/strong><\/span>Konforlu otob\u00fcs<br data-start=\"687\" data-end=\"690\" \/><span style=\"color: #00ff00;\"><strong>\u2713 <\/strong><\/span>Sigorta<br data-start=\"701\" data-end=\"704\" \/><span style=\"color: #00ff00;\"><strong>\u2713 <\/strong><\/span>Rehber: Rus\u00e7a, \u0130ngilizce<br data-start=\"726\" data-end=\"729\" \/><span style=\"color: #00ff00;\"><strong>\u2713 <\/strong><\/span>\u00d6\u011fle yeme\u011fi ve meyve<br data-start=\"744\" data-end=\"747\" \/><span style=\"color: #00ff00;\"><strong>\u2713 <\/strong><\/span>Gemide \u00e7ay<\/p>\n<h3 data-start=\"765\" data-end=\"784\"><strong data-start=\"769\" data-end=\"784\">Dahil de\u011fil:<\/strong><\/h3>\n<p data-start=\"786\" data-end=\"833\"><span style=\"color: #ff0000;\"><strong>\u2717<\/strong> <\/span>\u0130\u00e7ecekler<br data-start=\"795\" data-end=\"798\" \/><span style=\"color: #ff0000;\"><strong>\u2717<\/strong> <\/span>Ki\u015fisel harcamalar<br data-start=\"814\" data-end=\"817\" \/><span style=\"color: #ff0000;\"><strong>\u2717<\/strong> <\/span>Foto\u011fraf ve video<\/p>\n<h3 data-start=\"597\" data-end=\"626\">\ud83c\udfdd\ufe0f Turda \u00d6ne \u00c7\u0131kanlar<\/h3>\n<p data-start=\"627\" data-end=\"915\">\ud83d\udd39 Porto Genovis K\u00f6rfezi'nin turkuaz sular\u0131nda y\u00fczme<br data-start=\"676\" data-end=\"679\" \/>\ud83d\udd39 Akseki K\u00f6rfezi ve Korsan Koyu'nda duraklar<br data-start=\"725\" data-end=\"728\" \/>\ud83d\udd39 Konforlu g\u00fcvertelere sahip \u015f\u0131k butik yat<br data-start=\"770\" data-end=\"773\" \/>\ud83d\udd39 Do\u011frudan denizde do\u011fal kil banyosu<br data-start=\"815\" data-end=\"818\" \/>\ud83d\udd39 Fosforlu Ma\u011faray\u0131 ziyaret etme f\u0131rsat\u0131 (hava izin verdi\u011fi s\u00fcrece)<br data-start=\"877\" data-end=\"880\" \/>\ud83d\udd39 Gemide lezzetli \u00f6\u011fle yeme\u011fi ve meyve<\/p>\n<h3 data-start=\"917\" data-end=\"939\">\ud83d\udcd6 Tam a\u00e7\u0131klama<\/h3>\n<p data-start=\"940\" data-end=\"1149\">Sabah Belek, Bo\u011fazkent, Adc\u0131su \u0130skelesi veya Kadriye'deki otelinizden al\u0131nacak ve Adrasan liman\u0131na g\u00f6t\u00fcr\u00fcleceksiniz. Burada \u015f\u0131k bir butik yata binecek ve sahil boyunca b\u00f6lgenin en g\u00fczel koylar\u0131na yelken a\u00e7acaks\u0131n\u0131z.<\/p>\n<p data-start=\"1151\" data-end=\"1720\">\u0130lk durak genellikle berrak sularda y\u00fczmek ve \u015fnorkelle dalmak i\u00e7in zaman\u0131n\u0131z olaca\u011f\u0131 Axeca Koyu'dur. Yat daha sonra muhte\u015fem manzara e\u015fli\u011finde y\u00fczmenin, kil banyosunun ve g\u00fcvertede \u00f6\u011fle yeme\u011finin tad\u0131n\u0131 \u00e7\u0131karabilece\u011finiz Porto Genovis'e gider. Rota daha sonra yine y\u00fczebilece\u011finiz ve g\u00fcvertede g\u00fcne\u015flenebilece\u011finiz Korsan Koyu'na devam eder. Hava ve deniz ko\u015fullar\u0131 izin verirse, yat al\u0131\u015f\u0131lmad\u0131k su par\u0131lt\u0131s\u0131yla bilinen Fosforlu Ma\u011fara'ya yakla\u015f\u0131r. G\u00fcn\u00fcn sonunda tekne, otelinize geri g\u00f6t\u00fcr\u00fclece\u011finiz limana geri d\u00f6ner.<\/p>\n<h3 data-start=\"1722\" data-end=\"1742\">\ud83d\uddfa\ufe0f Tur g\u00fczergah\u0131<\/h3>\n<p data-start=\"1743\" data-end=\"2127\">\ud83d\udd39 Belek, Bo\u011fazkent, Ac\u0131su \u0130skele ve Kadriye otellerinden \u00e7it<br data-start=\"1804\" data-end=\"1807\" \/>\ud83d\udd39 Adrasana liman\u0131na transfer<br data-start=\"1833\" data-end=\"1836\" \/>\ud83d\udd39 Butik bir yatla denize a\u00e7\u0131lmak<br data-start=\"1865\" data-end=\"1868\" \/>\ud83d\udd39 Akseki K\u00f6rfezi'nde y\u00fczme molas\u0131<br data-start=\"1908\" data-end=\"1911\" \/>\ud83d\udd39 Porto Genovis koyunda mola (\u00f6\u011fle yeme\u011fi, kil banyosu, y\u00fczme)<br data-start=\"1978\" data-end=\"1981\" \/>\ud83d\udd39 Pirate Bay'de y\u00fczme molas\u0131<br data-start=\"2023\" data-end=\"2026\" \/>\ud83d\udd39 Fosforlu Ma\u011faraya Yakla\u015f\u0131m (hava izin verirse)<br data-start=\"2073\" data-end=\"2076\" \/>\ud83d\udd39 Adrasan liman\u0131na d\u00f6n\u00fc\u015f ve otellere transfer<\/p>\n<h3 data-start=\"2129\" data-end=\"2155\">\u2139\ufe0f Faydal\u0131 bilgiler<\/h3>\n<p data-start=\"2156\" data-end=\"2668\">\ud83d\udd39 G\u00fczergah ve durak saatleri hava ve deniz ko\u015fullar\u0131na ba\u011fl\u0131 olarak de\u011fi\u015febilir<br data-start=\"2240\" data-end=\"2243\" \/>\ud83d\udd39 G\u00fcvenlik nedeniyle m\u00fcnferit duraklar k\u0131salt\u0131labilir veya de\u011fi\u015ftirilebilir<br data-start=\"2328\" data-end=\"2331\" \/>\ud83d\udd39 Tur \u00f6zel bir \u015fnorkelli y\u00fczme turu de\u011fildir, ancak kendi ekipman\u0131n\u0131z\u0131 g\u00f6t\u00fcrebilirsiniz<br data-start=\"2420\" data-end=\"2423\" \/>\ud83d\udd39 Kaymaz ayakkab\u0131lar ve y\u00fczme ayakkab\u0131lar\u0131 tavsiye edilir<br data-start=\"2479\" data-end=\"2482\" \/>\ud83d\udd39 \u00dccretsiz seyahat eden 5 ya\u015f\u0131ndan k\u00fc\u00e7\u00fck \u00e7ocuklar\u0131n otob\u00fcste ayr\u0131 bir koltu\u011fu yoktur. Tamamen dolu olduklar\u0131nda bir yeti\u015fkinin kuca\u011f\u0131nda otururlar veya ayr\u0131 bir koltuk \u00f6nceden rezerve edilebilir<\/p>\n<h3 data-start=\"2670\" data-end=\"2694\">\ud83c\udf92 Yan\u0131n\u0131za ne almal\u0131s\u0131n\u0131z<\/h3>\n<p data-start=\"2695\" data-end=\"2883\">\ud83d\udd39 Mayo ve havlu.<br data-start=\"2719\" data-end=\"2722\" \/>\ud83d\udd39 G\u00fcne\u015f g\u00f6zl\u00fc\u011f\u00fc ve g\u00fcne\u015f kremi<br data-start=\"2761\" data-end=\"2764\" \/>\ud83d\udd39 Bir \u015fapka veya kep.<br data-start=\"2782\" data-end=\"2785\" \/>\ud83d\udd39 \u015enorkel ekipmanlar\u0131 (iste\u011fe ba\u011fl\u0131)<br data-start=\"2826\" data-end=\"2829\" \/>\ud83d\udd39 \u0130\u00e7ecekler ve ki\u015fisel harcamalar i\u00e7in k\u00fc\u00e7\u00fck bir miktar para<\/p>\n<h3 data-start=\"2885\" data-end=\"2907\">\ud83d\udeab \u015eunlar i\u00e7in uygun de\u011fildir<\/h3>\n<p data-start=\"2908\" data-end=\"3004\">\ud83d\udd39 Hareket kabiliyeti ciddi derecede k\u0131s\u0131tl\u0131 olan ki\u015filer<br data-start=\"2953\" data-end=\"2956\" \/>\ud83d\udd39 Misafirler deniz tutmas\u0131na kar\u015f\u0131 olduk\u00e7a hassast\u0131r<\/p>\n<h3 data-start=\"2654\" data-end=\"2684\"><strong data-start=\"2658\" data-end=\"2684\">\ud83d\udcb8 Fiyat ve rezervasyon<\/strong><\/h3>\n<p data-start=\"2686\" data-end=\"2826\"><strong>\ud83d\udd39 \u015eimdi rezervasyon yap\u0131n - tur g\u00fcn\u00fc \u00f6deme yap\u0131n<\/strong><br data-start=\"2732\" data-end=\"2735\" \/>\ud83d\udd39 WhatsApp, Telegram, Viber \u00fczerinden bize ula\u015f\u0131n veya a\u015fa\u011f\u0131daki sipari\u015f formunu doldurun. \ud83d\udc47\ud83c\udffc<\/p>","protected":false},"excerpt":{"rendered":"<p>Belek'ten Adrasan'a yat turu: Porto Genovis, Axeki ve Korsan koylar\u0131, kil banyosu, Fosforlu Ma\u011fara'ya olas\u0131 ziyaret, \u00f6\u011fle yeme\u011fi ve otelden transfer.<\/p>","protected":false},"featured_media":12442,"comment_status":"open","ping_status":"closed","template":"","meta":[],"product_brand":[],"product_cat":[124],"product_tag":[120],"class_list":{"0":"post-14980","1":"product","2":"type-product","3":"status-publish","4":"has-post-thumbnail","6":"tour_phys-ekskursii-v-belek","7":"tour_phys-yacht-tury","8":"product_cat-ekskursii-v-belek","9":"product_tag-belek","10":"pa_destination-ekskursii-v-belek","11":"pa_kategori-yacht-tury","13":"first","14":"instock","15":"sale","16":"shipping-taxable","17":"purchasable","18":"product-type-tour_phys"},"aioseo_notices":[],"_links":{"self":[{"href":"https:\/\/mirekskursii.com\/tr\/wp-json\/wp\/v2\/product\/14980","targetHints":{"allow":["GET"]}}],"collection":[{"href":"https:\/\/mirekskursii.com\/tr\/wp-json\/wp\/v2\/product"}],"about":[{"href":"https:\/\/mirekskursii.com\/tr\/wp-json\/wp\/v2\/types\/product"}],"replies":[{"embeddable":true,"href":"https:\/\/mirekskursii.com\/tr\/wp-json\/wp\/v2\/comments?post=14980"}],"wp:featuredmedia":[{"embeddable":true,"href":"https:\/\/mirekskursii.com\/tr\/wp-json\/wp\/v2\/media\/12442"}],"wp:attachment":[{"href":"https:\/\/mirekskursii.com\/tr\/wp-json\/wp\/v2\/media?parent=14980"}],"wp:term":[{"taxonomy":"product_brand","embeddable":true,"href":"https:\/\/mirekskursii.com\/tr\/wp-json\/wp\/v2\/product_brand?post=14980"},{"taxonomy":"product_cat","embeddable":true,"href":"https:\/\/mirekskursii.com\/tr\/wp-json\/wp\/v2\/product_cat?post=14980"},{"taxonomy":"product_tag","embeddable":true,"href":"https:\/\/mirekskursii.com\/tr\/wp-json\/wp\/v2\/product_tag?post=14980"}],"curies":[{"name":"wp","href":"https:\/\/api.w.org\/{rel}","templated":true}]}}