{"id":14969,"date":"2025-11-18T20:39:42","date_gmt":"2025-11-18T17:39:42","guid":{"rendered":"https:\/\/mirekskursii.com\/?post_type=product&#038;p=14969\/"},"modified":"2026-04-22T12:47:12","modified_gmt":"2026-04-22T09:47:12","slug":"korsan-tekne-turu-duden-selalesi-belek","status":"publish","type":"product","link":"https:\/\/mirekskursii.com\/ekskursii\/piratskiy-korabl-iz-belek-vodapad\/","title":{"rendered":"Belek'ten Korsan Tekne Turu \u2013 Lara Plaj\u0131 ve D\u00fcden \u015eelalesi"},"content":{"rendered":"<h3 data-start=\"55\" data-end=\"70\">\ud83c\udff4\u200d\u2620\ufe0f Genel Bak\u0131\u015f<\/h3>\n<p data-start=\"71\" data-end=\"301\">Lara Beach'ten bir korsan gemisiyle Belek ve kom\u015fu b\u00f6lgelerden - Bo\u011fazkent, Ac\u0131su \u0130skele, Kadriye - yola \u00e7\u0131k\u0131n. Deniz, e\u011flence, k\u00f6p\u00fck partisi, Kaplumba\u011fa Koyu'nda y\u00fczme ve \u015felaleler ile Antalya sahil \u015feridi manzaras\u0131yla dolu bir g\u00fcn.<\/p>\n<h3 data-start=\"303\" data-end=\"315\">Dahil:<\/h3>\n<p data-start=\"316\" data-end=\"528\"><span style=\"color: #00ff00;\"><strong>\u2713<\/strong> <\/span>Otel transferi<br data-start=\"338\" data-end=\"341\" \/><span style=\"color: #00ff00;\"><strong>\u2713<\/strong> <\/span>Korsan gemisinde bir gezinti<br data-start=\"372\" data-end=\"375\" \/><span style=\"color: #00ff00;\"><strong>\u2713<\/strong> <\/span>Gemide lezzetli \u00f6\u011fle yeme\u011fi<br data-start=\"398\" data-end=\"401\" \/><span style=\"color: #00ff00;\"><strong>\u2713<\/strong> <\/span>E\u011flence, animasyon ve k\u00f6p\u00fck partisi<br data-start=\"443\" data-end=\"446\" \/><span style=\"color: #00ff00;\"><strong>\u2713<\/strong> <\/span>Y\u00fczme duraklar\u0131 (Kaplumba\u011fa Koyu, \u015felale alan\u0131, vb.)<br data-start=\"510\" data-end=\"513\" \/><span style=\"color: #00ff00;\"><strong>\u2713<\/strong> <\/span>Sigorta<\/p>\n<h3 data-start=\"530\" data-end=\"545\">Dahil de\u011fil:<\/h3>\n<p data-start=\"546\" data-end=\"576\"><span style=\"color: #ff0000;\"><strong>\u2717<\/strong> <\/span>\u0130\u00e7ecekler<br data-start=\"555\" data-end=\"558\" \/><span style=\"color: #ff0000;\"><strong>\u2717<\/strong> <\/span>Ki\u015fisel harcamalar<\/p>\n<h3 data-start=\"578\" data-end=\"606\">\ud83c\udf1f Turun \u00f6ne \u00e7\u0131kan \u00f6zellikleri<\/h3>\n<p data-start=\"607\" data-end=\"965\">\ud83d\udd39 Antalya'n\u0131n pitoresk sahili boyunca deniz gezisi<br data-start=\"659\" data-end=\"662\" \/>\ud83d\udd39 A\u015fa\u011f\u0131 D\u00fcden \u015eelalesi, Kalei\u00e7i Eski Kenti ve Konyaalt\u0131 Plaj\u0131 manzaras\u0131<br data-start=\"731\" data-end=\"734\" \/>\ud83d\udd39 Turtle Bay'in kristal berrakl\u0131\u011f\u0131ndaki sular\u0131nda y\u00fczme<br data-start=\"787\" data-end=\"790\" \/>\ud83d\udd39 E\u011flenceli bir korsan animasyonu ve k\u00f6p\u00fck partisi<br data-start=\"838\" data-end=\"841\" \/>\ud83d\udd39 G\u00f6lgeli ve g\u00fcne\u015fli alanlara sahip \u00e7ok katl\u0131 geni\u015f gemi<br data-start=\"908\" data-end=\"911\" \/>\ud83d\udd39 Aileler, \u00e7iftler ve arkada\u015f gruplar\u0131 i\u00e7in harika<\/p>\n<h3 data-start=\"967\" data-end=\"989\">\ud83d\udcd6 Tam a\u00e7\u0131klama<\/h3>\n<p data-start=\"990\" data-end=\"1229\">Sabah Belek'teki otelinizden al\u0131nacak ve birinci s\u0131n\u0131f otellere yak\u0131n Lara Plaj\u0131'ndaki iskeleye g\u00f6t\u00fcr\u00fcleceksiniz. Burada b\u00fcy\u00fck bir korsan gemisine binecek ve Antalya sahil \u015feridi boyunca aksiyon dolu bir deniz yolculu\u011funa \u00e7\u0131kacaks\u0131n\u0131z.<\/p>\n<p data-start=\"1231\" data-end=\"1489\">Rota, muhte\u015fem bir \u015fekilde do\u011frudan denize d\u00f6k\u00fclen A\u015fa\u011f\u0131 D\u00fcden \u015eelalesi'ni ge\u00e7tikten sonra eski Kalei\u00e7i kasabas\u0131 ve Konyaalt\u0131 Plaj\u0131'n\u0131n manzaralar\u0131n\u0131 sunmaktad\u0131r. Berrak turkuaz suyuyla Kaplumba\u011fa Koyu da dahil olmak \u00fczere g\u00fcn boyunca y\u00fczme duraklar\u0131 bulunmaktad\u0131r.<\/p>\n<p data-start=\"1491\" data-end=\"1802\">Gemide m\u00fczik, korsan animasyonu, \u00e7ocuklar i\u00e7in oyunlar, y\u00fcz boyama ve k\u00f6p\u00fck partisinin tad\u0131n\u0131 \u00e7\u0131karacaks\u0131n\u0131z. \u00d6\u011fle yeme\u011fi gemide servis edilir ve barda serinletici i\u00e7ecekler sunulur. G\u00fcne\u015f, deniz ve e\u011flence dolu bir g\u00fcn\u00fcn ard\u0131ndan gemi limana geri d\u00f6necek ve burada bir otob\u00fcse bindirilerek otelinize geri g\u00f6t\u00fcr\u00fcleceksiniz.<\/p>\n<h3 data-start=\"1804\" data-end=\"1824\">\ud83d\uddfa\ufe0f Tur g\u00fczergah\u0131<\/h3>\n<p data-start=\"1825\" data-end=\"2223\">\ud83d\udd39 Belek ve yak\u0131n b\u00f6lgelerdeki otellerden misafir toplama<br data-start=\"1876\" data-end=\"1879\" \/>\ud83d\udd39 Lara plaj alan\u0131ndaki iskeleye transfer<br data-start=\"1920\" data-end=\"1923\" \/>\ud83d\udd39 Bir korsan gemisine binmek ve denize a\u00e7\u0131lmak<br data-start=\"1969\" data-end=\"1972\" \/>\ud83d\udd39 Antalya sahili boyunca seyir<br data-start=\"2004\" data-end=\"2007\" \/>\ud83d\udd39 Turtle Bay'de y\u00fczme dura\u011f\u0131<br data-start=\"2050\" data-end=\"2053\" \/>\ud83d\udd39 A\u015fa\u011f\u0131 D\u00fcden \u015eelalesi, Kalei\u00e7i ve Konyaalt\u0131 Plaj\u0131'ndan ge\u00e7i\u015f<br data-start=\"2122\" data-end=\"2125\" \/>\ud83d\udd39 Gemide \u00f6\u011fle yeme\u011fi, animasyon, m\u00fczik ve k\u00f6p\u00fck partisi<br data-start=\"2178\" data-end=\"2181\" \/>\ud83d\udd39 Limana d\u00f6n\u00fc\u015f ve otellere transfer<\/p>\n<h3 data-start=\"2225\" data-end=\"2251\">\u2139\ufe0f Faydal\u0131 bilgiler<\/h3>\n<p data-start=\"2252\" data-end=\"2680\">\ud83d\udd39 S\u00fcre: yakla\u015f\u0131k 6-7 saat (transfer dahil)<br data-start=\"2308\" data-end=\"2311\" \/>\ud83d\udd39 Aile format\u0131: hem g\u00f6lgeli hem de g\u00fcne\u015fli alanlar var<br data-start=\"2372\" data-end=\"2375\" \/>\ud83d\udd39 Vejetaryen \u00f6\u011fle yeme\u011fi se\u00e7enekleri mevcuttur (l\u00fctfen rezervasyon s\u0131ras\u0131nda sorunuz)<br data-start=\"2445\" data-end=\"2448\" \/>\ud83d\udd39 Gemide \u0130ngilizce konu\u015fan bir m\u00fcrettebat var<br data-start=\"2491\" data-end=\"2494\" \/>\ud83d\udd39 \u00dccretsiz seyahat eden 5 ya\u015f\u0131ndan k\u00fc\u00e7\u00fck \u00e7ocuklar\u0131n otob\u00fcste ayr\u0131 bir koltu\u011fu yoktur. Tamamen dolu olduklar\u0131nda bir yeti\u015fkinin kuca\u011f\u0131nda otururlar veya ayr\u0131 bir koltuk \u00f6nceden rezerve edilebilir<\/p>\n<h3 data-start=\"2682\" data-end=\"2706\">\ud83c\udf92 Yan\u0131n\u0131za ne almal\u0131s\u0131n\u0131z<\/h3>\n<p data-start=\"2707\" data-end=\"2879\">\ud83d\udd39 Mayo ve havlu.<br data-start=\"2731\" data-end=\"2734\" \/>\ud83d\udd39 G\u00fcne\u015f kremi ve g\u00fcne\u015f g\u00f6zl\u00fc\u011f\u00fc<br data-start=\"2778\" data-end=\"2781\" \/>\ud83d\udd39 Bir \u015fapka veya kep.<br data-start=\"2799\" data-end=\"2802\" \/>\ud83d\udd39 Telefon veya kamera<br data-start=\"2828\" data-end=\"2831\" \/>\ud83d\udd39 \u0130\u00e7ecekler ve hediyelik e\u015fyalar i\u00e7in k\u00fc\u00e7\u00fck bir miktar para<\/p>\n<h3 data-start=\"2881\" data-end=\"2903\">\ud83d\udeab \u015eunlar i\u00e7in uygun de\u011fildir<\/h3>\n<p data-start=\"2904\" data-end=\"3028\">\ud83d\udd39 \u015eiddetli deniz tutmas\u0131na yatk\u0131n konuklar<br data-start=\"2949\" data-end=\"2952\" \/>\ud83d\udd39 M\u00fczik ve animasyon olmadan tamamen sessiz yolculuklar\u0131 tercih eden ki\u015filer<\/p>\n<h3 data-start=\"2621\" data-end=\"2651\"><strong data-start=\"2625\" data-end=\"2651\">\ud83d\udcb8 Fiyat ve rezervasyon<\/strong><\/h3>\n<p data-start=\"2653\" data-end=\"2793\"><strong>\ud83d\udd39 \u015eimdi rezervasyon yap\u0131n - tur g\u00fcn\u00fc \u00f6deme yap\u0131n<\/strong><br data-start=\"2699\" data-end=\"2702\" \/>\ud83d\udd39 WhatsApp, Telegram, Viber \u00fczerinden bize ula\u015f\u0131n veya a\u015fa\u011f\u0131daki sipari\u015f formunu doldurun. \ud83d\udc47\ud83c\udffc<\/p>","protected":false},"excerpt":{"rendered":"<article class=\"text-token-text-primary w-full focus:outline-none [--shadow-height:45px] has-data-writing-block:pointer-events-none has-data-writing-block:-mt-(--shadow-height) has-data-writing-block:pt-(--shadow-height) [&amp;:has([data-writing-block])&gt;*]:pointer-events-auto [content-visibility:auto] supports-[content-visibility:auto]:[contain-intrinsic-size:auto_100lvh] scroll-mt-[calc(var(--header-height)+min(200px,max(70px,20svh)))]\" dir=\"auto\" tabindex=\"-1\" data-turn-id=\"request-691c3b5f-a94c-832a-aa69-967f2c392ec1-13\" data-testid=\"conversation-turn-50\" data-scroll-anchor=\"true\" data-turn=\"assistant\">\n<div class=\"text-base my-auto mx-auto pb-10 [--thread-content-margin:--spacing(4)] thread-sm:[--thread-content-margin:--spacing(6)] thread-lg:[--thread-content-margin:--spacing(16)] px-(--thread-content-margin)\">\n<div class=\"[--thread-content-max-width:40rem] thread-lg:[--thread-content-max-width:48rem] mx-auto max-w-(--thread-content-max-width) flex-1 group\/turn-messages focus-visible:outline-hidden relative flex w-full min-w-0 flex-col agent-turn\" tabindex=\"-1\">\n<div class=\"flex max-w-full flex-col grow\">\n<div class=\"min-h-8 text-message relative flex w-full flex-col items-end gap-2 text-start break-words whitespace-normal [.text-message+&amp;]:mt-1\" dir=\"auto\" data-message-author-role=\"assistant\" data-message-id=\"e2c3973f-16ab-4204-9a7c-ab66b112f6c7\" data-message-model-slug=\"gpt-5-1-thinking\">\n<div class=\"flex w-full flex-col gap-1 empty:hidden first:pt-[1px]\">\n<div class=\"markdown prose dark:prose-invert w-full break-words light markdown-new-styling\">\n<p data-start=\"3325\" data-end=\"3523\" data-is-last-node=\"\" data-is-only-node=\"\">\u041f\u0438\u0440\u0430\u0442\u0441\u043a\u0438\u0439 \u043a\u043e\u0440\u0430\u0431\u043b\u044c \u0438\u0437 \u0411\u0435\u043b\u0435\u043a\u0430 \u043a \u043f\u043b\u044f\u0436\u0443 \u041b\u0430\u0440\u0430 \u0438 \u0432\u043e\u0434\u043e\u043f\u0430\u0434\u0443 \u0414\u044e\u0434\u0435\u043d: \u043a\u0443\u043f\u0430\u043d\u0438\u0435 \u0432 \u0427\u0435\u0440\u0435\u043f\u0430\u0448\u044c\u0435\u0439 \u0431\u0443\u0445\u0442\u0435, \u043e\u0431\u0435\u0434, \u0430\u043d\u0438\u043c\u0430\u0446\u0438\u044f \u0438 \u043f\u0435\u043d\u043d\u0430\u044f \u0432\u0435\u0447\u0435\u0440\u0438\u043d\u043a\u0430, \u0442\u0440\u0430\u043d\u0441\u0444\u0435\u0440 \u043e\u0442\/\u0434\u043e \u043e\u0442\u0435\u043b\u044f \u0432\u043a\u043b\u044e\u0447\u0451\u043d.<\/p>\n<\/div>\n<\/div>\n<\/div>\n<\/div>\n<div class=\"z-0 flex min-h-[46px] justify-start\"><\/div>\n<div class=\"mt-3 w-full empty:hidden\">\n<div class=\"text-center\"><\/div>\n<\/div>\n<\/div>\n<\/div>\n<\/article>\n<div class=\"pointer-events-none h-px w-px\" aria-hidden=\"true\" data-edge=\"true\"><\/div>\n","protected":false},"featured_media":14970,"comment_status":"open","ping_status":"closed","template":"","meta":[],"product_brand":[],"product_cat":[124],"product_tag":[120],"class_list":{"0":"post-14969","1":"product","2":"type-product","3":"status-publish","4":"has-post-thumbnail","6":"tour_phys-piratskii-korable","7":"tour_phys-ekskursii-v-belek","8":"product_cat-ekskursii-v-belek","9":"product_tag-belek","10":"pa_destination-ekskursii-v-belek","11":"pa_kategori-piratskii-korable","13":"first","14":"instock","15":"sale","16":"shipping-taxable","17":"purchasable","18":"product-type-tour_phys"},"aioseo_notices":[],"_links":{"self":[{"href":"https:\/\/mirekskursii.com\/tr\/wp-json\/wp\/v2\/product\/14969","targetHints":{"allow":["GET"]}}],"collection":[{"href":"https:\/\/mirekskursii.com\/tr\/wp-json\/wp\/v2\/product"}],"about":[{"href":"https:\/\/mirekskursii.com\/tr\/wp-json\/wp\/v2\/types\/product"}],"replies":[{"embeddable":true,"href":"https:\/\/mirekskursii.com\/tr\/wp-json\/wp\/v2\/comments?post=14969"}],"wp:featuredmedia":[{"embeddable":true,"href":"https:\/\/mirekskursii.com\/tr\/wp-json\/wp\/v2\/media\/14970"}],"wp:attachment":[{"href":"https:\/\/mirekskursii.com\/tr\/wp-json\/wp\/v2\/media?parent=14969"}],"wp:term":[{"taxonomy":"product_brand","embeddable":true,"href":"https:\/\/mirekskursii.com\/tr\/wp-json\/wp\/v2\/product_brand?post=14969"},{"taxonomy":"product_cat","embeddable":true,"href":"https:\/\/mirekskursii.com\/tr\/wp-json\/wp\/v2\/product_cat?post=14969"},{"taxonomy":"product_tag","embeddable":true,"href":"https:\/\/mirekskursii.com\/tr\/wp-json\/wp\/v2\/product_tag?post=14969"}],"curies":[{"name":"wp","href":"https:\/\/api.w.org\/{rel}","templated":true}]}}