{"id":14967,"date":"2025-11-18T20:22:43","date_gmt":"2025-11-18T17:22:43","guid":{"rendered":"https:\/\/mirekskursii.com\/?post_type=product&#038;p=14967\/"},"modified":"2026-04-15T16:57:15","modified_gmt":"2026-04-15T13:57:15","slug":"korsan-tekne-turu-belek-red-dragon","status":"publish","type":"product","link":"https:\/\/mirekskursii.com\/ekskursii\/piratskiy-korabl-iz-belek-red-dragon\/","title":{"rendered":"Belek'ten Korsan Tekne Turu \u2013 Red Dragon"},"content":{"rendered":"<h3 data-start=\"44\" data-end=\"59\">\ud83c\udff4\u200d\u2620\ufe0f Genel Bak\u0131\u015f<\/h3>\n<p data-start=\"60\" data-end=\"312\">Kemer'den korsan gemisi Red Dragon ile Belek ve \u00e7evre il\u00e7elerden - Bo\u011fazkent, Ac\u0131su \u0130skele, Kadriye - hareket. Fazelis, Paradise ve Moonlight koylar\u0131nda y\u00fczme, m\u00fczik, animasyon ve k\u00f6p\u00fck partisi - aileler, \u00e7iftler ve \u015firketler i\u00e7in e\u011flenceli bir deniz g\u00fcn\u00fc.<\/p>\n<h3 data-start=\"463\" data-end=\"479\"><strong data-start=\"467\" data-end=\"479\">Dahil:<\/strong><\/h3>\n<p data-start=\"481\" data-end=\"574\"><span style=\"color: #00ff00;\"><strong>\u2713<\/strong> <\/span>Otel transferi<br data-start=\"503\" data-end=\"506\" \/><span style=\"color: #00ff00;\"><strong>\u2713<\/strong> <\/span>Sigorta<br data-start=\"517\" data-end=\"520\" \/><span style=\"color: #00ff00;\"><strong>\u2713<\/strong> <\/span>\u00a0Rehber: Rus\u00e7a ve \u0130ngilizce<br data-start=\"542\" data-end=\"545\" \/><span style=\"color: #00ff00;\"><strong>\u2713<\/strong> <\/span>K\u00f6p\u00fck partisi<br data-start=\"563\" data-end=\"566\" \/><span style=\"color: #00ff00;\"><strong>\u2713<\/strong> <\/span>\u00d6\u011fle Yeme\u011fi<\/p>\n<h3 data-start=\"576\" data-end=\"595\"><strong data-start=\"580\" data-end=\"595\">Dahil de\u011fil:<\/strong><\/h3>\n<p data-start=\"597\" data-end=\"644\"><span style=\"color: #ff0000;\"><strong>\u2717<\/strong> <\/span>Foto\u011fraf ve video<br data-start=\"630\" data-end=\"633\" \/><span style=\"color: #ff0000;\"><strong>\u2717<\/strong> <\/span>\u0130\u00e7ecekler<\/p>\n<h3 data-start=\"507\" data-end=\"535\">\ud83c\udf1f Turun \u00f6ne \u00e7\u0131kan \u00f6zellikleri<\/h3>\n<p data-start=\"536\" data-end=\"847\">\ud83d\udd39 K\u0131z\u0131l Ejder temal\u0131 korsan gemisinde deniz gezisi<br data-start=\"597\" data-end=\"600\" \/>\ud83d\udd39 Fazelis, Paradise ve Moonlight'\u0131n kristal berrakl\u0131\u011f\u0131ndaki koylar\u0131nda y\u00fczme<br data-start=\"664\" data-end=\"667\" \/>\ud83d\udd39 E\u011flence program\u0131: m\u00fczik, dans ve k\u00f6p\u00fck partisi<br data-start=\"721\" data-end=\"724\" \/>\ud83d\udd39 Korsan Ma\u011faras\u0131'n\u0131n ve Kemer'in pitoresk sahil \u015feridinin yan\u0131ndan ge\u00e7erken<br data-start=\"786\" data-end=\"789\" \/>\ud83d\udd39 Hem yeti\u015fkinler hem de \u00e7ocuklar i\u00e7in bolca g\u00fcne\u015f, deniz ve e\u011flence<\/p>\n<h3 data-start=\"849\" data-end=\"871\">\ud83d\udcd6 Tam a\u00e7\u0131klama<\/h3>\n<p data-start=\"872\" data-end=\"1132\">Sabah Belek, Kadriye ve Bo\u011fazkent'teki otellerinizden al\u0131nacak ve korsan gemisi Red Dragon'un demirli oldu\u011fu Kemer Marina'ya transfer edileceksiniz. Gemiye bindi\u011finizde kendinizi korsan s\u00fcslemeleri, geni\u015f g\u00fcverteleri ve \u015fenlikli bir atmosferi olan modern bir gemide bulacaks\u0131n\u0131z.<\/p>\n<p data-start=\"1134\" data-end=\"1498\">Yolculuk Kemer sahili boyunca devam etmekte ve y\u00fczme i\u00e7in birka\u00e7 durak bulunmaktad\u0131r. Bunlar genellikle antik kal\u0131nt\u0131lar\u0131n g\u00f6r\u00fcld\u00fc\u011f\u00fc Fazelis Koyu, turkuaz renkli suya sahip Cennet Koyu ve b\u00f6lgenin en fotojenik noktalar\u0131ndan biri olan Ay\u0131\u015f\u0131\u011f\u0131 Koyu'dur. Y\u00fcr\u00fcy\u00fc\u015f s\u0131ras\u0131nda \u00e7ocuklar ve yeti\u015fkinler i\u00e7in hafif e\u011flence programlar\u0131 ile m\u00fczik, animasyon ve k\u00f6p\u00fck partisi d\u00fczenlenmektedir.<\/p>\n<p data-start=\"1500\" data-end=\"1680\">\u00d6\u011fle yeme\u011fi gemide servis edilir ve i\u00e7ecekler iste\u011fe ba\u011fl\u0131d\u0131r. Deniz, e\u011flence ve g\u00fczel do\u011fay\u0131 bir g\u00fcnde birle\u015ftirmek isteyenler i\u00e7in en pop\u00fcler turlardan biridir.<\/p>\n<h3 data-start=\"1682\" data-end=\"1702\">\ud83d\uddfa\ufe0f Tur g\u00fczergah\u0131<\/h3>\n<p data-start=\"1703\" data-end=\"2085\">\ud83d\udd39 Belek, Kadriye ve Bo\u011fazkent otellerinden gelen misafirlerin toplanmas\u0131<br data-start=\"1755\" data-end=\"1758\" \/>\ud83d\udd39 Kemer Marina'ya transfer<br data-start=\"1785\" data-end=\"1788\" \/>\ud83d\udd39 Korsan gemisi Red Dragon'a binmek ve denize a\u00e7\u0131lmak<br data-start=\"1845\" data-end=\"1848\" \/>\ud83d\udd39 Fazelis Koyu'nda y\u00fczme molas\u0131<br data-start=\"1888\" data-end=\"1891\" \/>\ud83d\udd39 Cennet Koyu'nda Y\u00fczme<br data-start=\"1917\" data-end=\"1920\" \/>\ud83d\udd39 Ay\u0131\u015f\u0131\u011f\u0131 Koyu'nda y\u00fczmek ve Korsan Ma\u011faras\u0131'n\u0131n yan\u0131ndan ge\u00e7mek<br data-start=\"1981\" data-end=\"1984\" \/>\ud83d\udd39 Gemide k\u00f6p\u00fck partisi, m\u00fczik ve animasyon<br data-start=\"2031\" data-end=\"2034\" \/>\ud83d\udd39 Kemer marinaya d\u00f6n\u00fc\u015f ve otellere transfer<\/p>\n<h3 data-start=\"2087\" data-end=\"2113\">\u2139\ufe0f Faydal\u0131 bilgiler<\/h3>\n<p data-start=\"2114\" data-end=\"2503\">\ud83d\udd39 S\u00fcre: yakla\u015f\u0131k 7-8 saat (transfer dahil)<br data-start=\"2170\" data-end=\"2173\" \/>\ud83d\udd39 Gemide hem g\u00fcne\u015fli hem de g\u00f6lgeli alanlar var<br data-start=\"2226\" data-end=\"2229\" \/>\ud83d\udd39 M\u00fczik ve k\u00f6p\u00fck partisi bir parti atmosferi yarat\u0131yor, ancak tur aileler i\u00e7in de uygun<br data-start=\"2314\" data-end=\"2317\" \/>\ud83d\udd39 \u00dccretsiz seyahat eden 6 ya\u015f\u0131ndan k\u00fc\u00e7\u00fck \u00e7ocuklar\u0131n otob\u00fcste ayr\u0131 bir koltu\u011fu yoktur. Tamamen dolu olduklar\u0131nda bir yeti\u015fkinin kuca\u011f\u0131nda otururlar veya \u00f6nceden ayr\u0131 bir koltuk rezerve edilebilir<\/p>\n<h3 data-start=\"2505\" data-end=\"2529\">\ud83c\udf92 Yan\u0131n\u0131za ne almal\u0131s\u0131n\u0131z<\/h3>\n<p data-start=\"2530\" data-end=\"2726\">\ud83d\udd39 Mayo ve havlu.<br data-start=\"2554\" data-end=\"2557\" \/>\ud83d\udd39 G\u00fcne\u015f kremi ve g\u00fcne\u015f g\u00f6zl\u00fc\u011f\u00fc<br data-start=\"2601\" data-end=\"2604\" \/>\ud83d\udd39 Bir \u015fapka veya kep.<br data-start=\"2622\" data-end=\"2625\" \/>\ud83d\udd39 Telefonunuz veya kameran\u0131z i\u00e7in su ge\u00e7irmez k\u0131l\u0131f<br data-start=\"2675\" data-end=\"2678\" \/>\ud83d\udd39 \u0130\u00e7ecekler ve ki\u015fisel harcamalar i\u00e7in nakit<\/p>\n<h3 data-start=\"2728\" data-end=\"2750\">\ud83d\udeab \u015eunlar i\u00e7in uygun de\u011fildir<\/h3>\n<p data-start=\"2751\" data-end=\"2846\">\ud83d\udd39 \u015eiddetli deniz tutmas\u0131na e\u011filimli ki\u015filer<br data-start=\"2795\" data-end=\"2798\" \/>\ud83d\udd39 Hareket kabiliyeti ciddi derecede k\u0131s\u0131tl\u0131 misafirler<\/p>\n<h3 data-start=\"2524\" data-end=\"2554\"><strong data-start=\"2528\" data-end=\"2554\">\ud83d\udcb8 Fiyat ve rezervasyon<\/strong><\/h3>\n<p data-start=\"2556\" data-end=\"2696\"><strong>\ud83d\udd39 \u015eimdi rezervasyon yap\u0131n - tur g\u00fcn\u00fc \u00f6deme yap\u0131n<\/strong><br data-start=\"2602\" data-end=\"2605\" \/>\ud83d\udd39 WhatsApp, Telegram, Viber \u00fczerinden bize ula\u015f\u0131n veya a\u015fa\u011f\u0131daki sipari\u015f formunu doldurun. \ud83d\udc47\ud83c\udffc<\/p>","protected":false},"excerpt":{"rendered":"<p>Belek'ten Kemer'e Red Dragon korsan gemisi: Fazelis, Paradise ve Moonlight koylar\u0131nda y\u00fczme, m\u00fczik, k\u00f6p\u00fck partisi, \u00f6\u011fle yeme\u011fi ve otel transferleri dahil.<\/p>","protected":false},"featured_media":16209,"comment_status":"open","ping_status":"closed","template":"","meta":[],"product_brand":[],"product_cat":[124],"product_tag":[120],"class_list":{"0":"post-14967","1":"product","2":"type-product","3":"status-publish","4":"has-post-thumbnail","6":"tour_phys-piratskii-korable","7":"tour_phys-ekskursii-v-belek","8":"product_cat-ekskursii-v-belek","9":"product_tag-belek","10":"pa_destination-ekskursii-v-belek","11":"pa_kategori-piratskii-korable","13":"first","14":"instock","15":"sale","16":"shipping-taxable","17":"purchasable","18":"product-type-tour_phys"},"aioseo_notices":[],"_links":{"self":[{"href":"https:\/\/mirekskursii.com\/tr\/wp-json\/wp\/v2\/product\/14967","targetHints":{"allow":["GET"]}}],"collection":[{"href":"https:\/\/mirekskursii.com\/tr\/wp-json\/wp\/v2\/product"}],"about":[{"href":"https:\/\/mirekskursii.com\/tr\/wp-json\/wp\/v2\/types\/product"}],"replies":[{"embeddable":true,"href":"https:\/\/mirekskursii.com\/tr\/wp-json\/wp\/v2\/comments?post=14967"}],"wp:featuredmedia":[{"embeddable":true,"href":"https:\/\/mirekskursii.com\/tr\/wp-json\/wp\/v2\/media\/16209"}],"wp:attachment":[{"href":"https:\/\/mirekskursii.com\/tr\/wp-json\/wp\/v2\/media?parent=14967"}],"wp:term":[{"taxonomy":"product_brand","embeddable":true,"href":"https:\/\/mirekskursii.com\/tr\/wp-json\/wp\/v2\/product_brand?post=14967"},{"taxonomy":"product_cat","embeddable":true,"href":"https:\/\/mirekskursii.com\/tr\/wp-json\/wp\/v2\/product_cat?post=14967"},{"taxonomy":"product_tag","embeddable":true,"href":"https:\/\/mirekskursii.com\/tr\/wp-json\/wp\/v2\/product_tag?post=14967"}],"curies":[{"name":"wp","href":"https:\/\/api.w.org\/{rel}","templated":true}]}}