{"id":14965,"date":"2025-11-18T20:11:50","date_gmt":"2025-11-18T17:11:50","guid":{"rendered":"https:\/\/mirekskursii.com\/?post_type=product&#038;p=14965\/"},"modified":"2025-12-18T19:57:48","modified_gmt":"2025-12-18T16:57:48","slug":"relax-yat-turu-belek","status":"publish","type":"product","link":"https:\/\/mirekskursii.com\/ekskursii\/relaks-yaht-tur-iz-belek\/","title":{"rendered":"Belek'ten Relax Yat Turu - K\u00fc\u00e7\u00fck Grup Tekne Turu"},"content":{"rendered":"<h3 data-start=\"51\" data-end=\"64\">\ud83c\udfdd\ufe0f Genel Bak\u0131\u015f<\/h3>\n<p data-start=\"65\" data-end=\"292\">Y\u00fcksek sesli m\u00fczik veya kalabal\u0131k olmadan rahatlat\u0131c\u0131 bir yat turunda Belek'ten Kemer'e do\u011fru yola \u00e7\u0131k\u0131n. Fazelis, Paradise ve Moonlight'\u0131n pitoresk koylar\u0131nda y\u00fczme, teknede \u00f6\u011fle yeme\u011fi ve konforlu bir transfer (Belek, Kadriye, Bo\u011fazkent) - aileler ve \u00e7iftler i\u00e7in ideal bir g\u00fcn.<\/p>\n<h3>Dahil:<\/h3>\n<div data-start=\"307\" data-end=\"459\"><span style=\"color: #00ff00;\"><strong>\u2713<\/strong> <\/span>Otel transferi\u00a0<br data-start=\"396\" data-end=\"399\" \/><span style=\"color: #00ff00;\"><strong>\u2713<\/strong> <\/span>Sigorta<\/div>\n<div data-start=\"307\" data-end=\"459\"><span style=\"color: #00ff00;\"><strong>\u2713<\/strong> <\/span>Rehber: Rus\u00e7a, \u0130ngilizce<br data-start=\"412\" data-end=\"415\" \/><span style=\"color: #00ff00;\"><strong>\u2713<\/strong> <\/span>Gemide \u00f6\u011fle yeme\u011fi (levrek veya \u0131zgara tavuk, pilav, salata)<\/div>\n<h3 data-start=\"461\" data-end=\"476\">Dahil de\u011fil:<\/h3>\n<p data-start=\"477\" data-end=\"524\"><span style=\"color: #ff0000;\"><strong>\u2717<\/strong> <\/span>\u0130\u00e7ecekler<br data-start=\"486\" data-end=\"489\" \/><span style=\"color: #ff0000;\"><strong>\u2717<\/strong> <\/span>Ki\u015fisel harcamalar<br data-start=\"505\" data-end=\"508\" \/><span style=\"color: #ff0000;\"><strong>\u2717<\/strong> <\/span>Foto\u011fraf ve video<\/p>\n<h3 data-start=\"526\" data-end=\"554\">\ud83c\udf1f Turun \u00f6ne \u00e7\u0131kan \u00f6zellikleri<\/h3>\n<p data-start=\"555\" data-end=\"869\">\ud83d\udd39 Y\u00fcksek sesli m\u00fczik veya animasyonun olmad\u0131\u011f\u0131 sessiz, huzurlu bir yat turu<br data-start=\"612\" data-end=\"615\" \/>\ud83d\udd39 Fazelis, Cennet ve Ay\u0131\u015f\u0131\u011f\u0131 koylar\u0131nda y\u00fczme<br data-start=\"684\" data-end=\"687\" \/>\ud83d\udd39 Korsan Ma\u011faras\u0131'n\u0131n ve Kemer'in pitoresk sahil \u015feridinin yan\u0131ndan ge\u00e7erken<br data-start=\"749\" data-end=\"752\" \/>\ud83d\udd39 Gemide rahat bir atmosferde lezzetli bir \u00f6\u011fle yeme\u011fi<br data-start=\"795\" data-end=\"798\" \/>\ud83d\udd39 Dinlendirici bir deniz tatili seven \u00e7iftler ve aileler i\u00e7in ideal<\/p>\n<h3 data-start=\"871\" data-end=\"893\">\ud83d\udcd6 Tam a\u00e7\u0131klama<\/h3>\n<p data-start=\"894\" data-end=\"1120\">Sabah Belek, Kadriya veya Bo\u011fazkent'teki otelinizden al\u0131nacak ve konforlu bir ah\u015fap yata binece\u011finiz Kemer liman\u0131na g\u00f6t\u00fcr\u00fcleceksiniz. Y\u00fcksek sesli m\u00fczik veya g\u00fcr\u00fclt\u00fcl\u00fc e\u011flence yoktur - vurgu sessizlik, do\u011fa ve rahatlamad\u0131r.<\/p>\n<p data-start=\"1122\" data-end=\"1452\">Rota, y\u00fczmek i\u00e7in birka\u00e7 durak ile pitoresk Akdeniz k\u0131y\u0131 \u015feridini takip eder. Antik kal\u0131nt\u0131lar manzaral\u0131 Fazelis Koyu'nu, berrak sular\u0131 ve ye\u015fil tepeleriyle Cennet Koyu'nu ve Kemer'in en fotojenik yerlerinden biri olan Ay\u0131\u015f\u0131\u011f\u0131 Koyu'nu ziyaret edeceksiniz. Gemide size \u0131zgara tavuk, pilav ve salatadan olu\u015fan \u00f6\u011fle yeme\u011fi servis edilecektir.<\/p>\n<p data-start=\"1454\" data-end=\"1593\">Bu tur, Belek'teki otellerin karma\u015fas\u0131ndan uzakla\u015fmak, huzurlu bir oda atmosferinde denizin, g\u00fcne\u015fin ve g\u00fczel manzaralar\u0131n tad\u0131n\u0131 \u00e7\u0131karmak i\u00e7in m\u00fckemmel bir turdur.<\/p>\n<h3 data-start=\"1595\" data-end=\"1615\">\ud83d\uddfa\ufe0f Tur g\u00fczergah\u0131<\/h3>\n<p data-start=\"1616\" data-end=\"1945\">\ud83d\udd39 Belek, Kadriye ve Bo\u011fazkent otellerinden Kemer liman\u0131na transfer<br data-start=\"1679\" data-end=\"1682\" \/>\ud83d\udd39 Yata bini\u015f ve Kemer Marina'dan ayr\u0131l\u0131\u015f<br data-start=\"1731\" data-end=\"1734\" \/>\ud83d\udd39 Fazelis Koyu'nda y\u00fczme molas\u0131<br data-start=\"1774\" data-end=\"1777\" \/>\ud83d\udd39 Cennet Koyu'nda Y\u00fczme<br data-start=\"1803\" data-end=\"1806\" \/>\ud83d\udd39 Ay\u0131\u015f\u0131\u011f\u0131 K\u00f6rfezi'nde Y\u00fczmek<br data-start=\"1836\" data-end=\"1839\" \/>\ud83d\udd39 Foto\u011fraf \u00e7ekmek i\u00e7in Korsan Ma\u011faras\u0131'n\u0131n \u00f6n\u00fcnden ge\u00e7erken<br data-start=\"1885\" data-end=\"1888\" \/>\ud83d\udd39 Kemer liman\u0131na d\u00f6n\u00fc\u015f ve otellere geri transfer<\/p>\n<h3 data-start=\"1947\" data-end=\"1973\">\u2139\ufe0f Faydal\u0131 bilgiler<\/h3>\n<p data-start=\"1974\" data-end=\"2440\">\ud83d\udd39 S\u00fcre: yakla\u015f\u0131k 8-9 saat (transfer dahil)<br data-start=\"2030\" data-end=\"2033\" \/>\ud83d\udd39 Rahat bir aile ortam\u0131, y\u00fcksek sesli m\u00fczik veya k\u00f6p\u00fck partileri yok<br data-start=\"2103\" data-end=\"2106\" \/>\ud83d\udd39 Vejetaryen \u00f6\u011fle yeme\u011fi se\u00e7enekleri mevcuttur (l\u00fctfen rezervasyon s\u0131ras\u0131nda sorunuz)<br data-start=\"2176\" data-end=\"2179\" \/>\ud83d\udd39 Ekip \u0130ngilizce konu\u015fuyor (Rus\u00e7a konu\u015fan rehber istek \u00fczerine mevcuttur)<br data-start=\"2251\" data-end=\"2254\" \/>\ud83d\udd39 \u00dccretsiz seyahat eden 5 ya\u015f\u0131ndan k\u00fc\u00e7\u00fck \u00e7ocuklar\u0131n otob\u00fcste ayr\u0131 bir koltu\u011fu yoktur. Tamamen dolu olduklar\u0131nda bir yeti\u015fkinin kuca\u011f\u0131nda otururlar veya ayr\u0131 bir koltuk \u00f6nceden rezerve edilebilir<\/p>\n<h3 data-start=\"2442\" data-end=\"2466\">\ud83c\udf92 Yan\u0131n\u0131za ne almal\u0131s\u0131n\u0131z<\/h3>\n<p data-start=\"2467\" data-end=\"2610\">\ud83d\udd39 Mayo ve havlu.<br data-start=\"2491\" data-end=\"2494\" \/>\ud83d\udd39 G\u00fcne\u015f kremi ve g\u00fcne\u015f g\u00f6zl\u00fc\u011f\u00fc<br data-start=\"2538\" data-end=\"2541\" \/>\ud83d\udd39 Bir \u015fapka veya kep.<br data-start=\"2559\" data-end=\"2562\" \/>\ud83d\udd39 \u0130\u00e7ecekler ve hediyelik e\u015fyalar i\u00e7in k\u00fc\u00e7\u00fck bir miktar para<\/p>\n<h3 data-start=\"2612\" data-end=\"2634\">\ud83d\udeab \u015eunlar i\u00e7in uygun de\u011fildir<\/h3>\n<p data-start=\"2635\" data-end=\"2729\">\ud83d\udd39 G\u00fcr\u00fclt\u00fcl\u00fc bir parti ve y\u00fcksek sesli m\u00fczik arayan konuklar<br data-start=\"2686\" data-end=\"2689\" \/>\ud83d\udd39 \u015eiddetli deniz tutmas\u0131 olan ki\u015filer<\/p>\n<h3 data-start=\"2731\" data-end=\"2757\">\ud83d\udcb8 Fiyat ve rezervasyon<\/h3>\n<p data-start=\"2758\" data-end=\"2898\"><strong>\ud83d\udd39 \u015eimdi rezervasyon yap\u0131n - tur g\u00fcn\u00fc \u00f6deme yap\u0131n<\/strong><br data-start=\"2804\" data-end=\"2807\" \/>\ud83d\udd39 WhatsApp, Telegram, Viber \u00fczerinden bize ula\u015f\u0131n veya a\u015fa\u011f\u0131daki sipari\u015f formunu doldurun. \ud83d\udc47\ud83c\udffc<\/p>","protected":false},"excerpt":{"rendered":"<p>Belek'ten Kemer'e rahat yat turu: y\u00fcksek sesli m\u00fczik olmadan sessiz yolculuk, Fazelis, Cennet ve Ay\u0131\u015f\u0131\u011f\u0131 koylar\u0131nda y\u00fczme, teknede \u00f6\u011fle yeme\u011fi ve otel transferleri dahil.<\/p>","protected":false},"featured_media":14735,"comment_status":"open","ping_status":"closed","template":"","meta":[],"product_brand":[],"product_cat":[124],"product_tag":[120],"class_list":{"0":"post-14965","1":"product","2":"type-product","3":"status-publish","4":"has-post-thumbnail","6":"tour_phys-ekskursii-v-belek","7":"tour_phys-yacht-tury","8":"product_cat-ekskursii-v-belek","9":"product_tag-belek","10":"pa_destination-ekskursii-v-belek","11":"pa_kategori-yacht-tury","13":"first","14":"instock","15":"sale","16":"shipping-taxable","17":"purchasable","18":"product-type-tour_phys"},"aioseo_notices":[],"_links":{"self":[{"href":"https:\/\/mirekskursii.com\/tr\/wp-json\/wp\/v2\/product\/14965","targetHints":{"allow":["GET"]}}],"collection":[{"href":"https:\/\/mirekskursii.com\/tr\/wp-json\/wp\/v2\/product"}],"about":[{"href":"https:\/\/mirekskursii.com\/tr\/wp-json\/wp\/v2\/types\/product"}],"replies":[{"embeddable":true,"href":"https:\/\/mirekskursii.com\/tr\/wp-json\/wp\/v2\/comments?post=14965"}],"wp:featuredmedia":[{"embeddable":true,"href":"https:\/\/mirekskursii.com\/tr\/wp-json\/wp\/v2\/media\/14735"}],"wp:attachment":[{"href":"https:\/\/mirekskursii.com\/tr\/wp-json\/wp\/v2\/media?parent=14965"}],"wp:term":[{"taxonomy":"product_brand","embeddable":true,"href":"https:\/\/mirekskursii.com\/tr\/wp-json\/wp\/v2\/product_brand?post=14965"},{"taxonomy":"product_cat","embeddable":true,"href":"https:\/\/mirekskursii.com\/tr\/wp-json\/wp\/v2\/product_cat?post=14965"},{"taxonomy":"product_tag","embeddable":true,"href":"https:\/\/mirekskursii.com\/tr\/wp-json\/wp\/v2\/product_tag?post=14965"}],"curies":[{"name":"wp","href":"https:\/\/api.w.org\/{rel}","templated":true}]}}