{"id":14964,"date":"2025-11-18T20:04:10","date_gmt":"2025-11-18T17:04:10","guid":{"rendered":"https:\/\/mirekskursii.com\/?post_type=product&#038;p=14964\/"},"modified":"2026-03-02T22:09:20","modified_gmt":"2026-03-02T19:09:20","slug":"tazi-kanyonu-rafting-jeep-zipline-belek","status":"publish","type":"product","link":"https:\/\/mirekskursii.com\/ekskursii\/tazy-kanion-rafting-iz-belek\/","title":{"rendered":"Taz\u0131 Kanyonu Rafting Turu Belek \u00c7\u0131k\u0131\u015fl\u0131 \u2013 Jeep Safari &amp; Zipline"},"content":{"rendered":"<h3 data-start=\"0\" data-end=\"15\">\ud83c\udfde\ufe0f \u0130nceleme<\/h3>\n<p data-start=\"16\" data-end=\"201\">Belek ve yak\u0131n b\u00f6lgelerden - Bo\u011fazkent, Ad\u011f\u0131su \u0130skele, Kadriye - macera dolu bir tur i\u00e7in yola \u00e7\u0131k\u0131n: bir g\u00fcnde jeep safari, Taza Kanyonu, K\u00f6pr\u00fcl\u00fc Kanyon'da rafting ve ziplining.<\/p>\n<h3 data-start=\"563\" data-end=\"575\">Dahil:<\/h3>\n<p data-start=\"577\" data-end=\"751\"><span style=\"color: #00ff00;\"><strong>\u2713<\/strong> <\/span>Otel transferi<br data-start=\"599\" data-end=\"602\" \/><span style=\"color: #00ff00;\"><strong>\u2713<\/strong> <\/span>Konforlu otob\u00fcs<br data-start=\"627\" data-end=\"630\" \/><span style=\"color: #00ff00;\"><strong>\u2713<\/strong> <\/span>Cabrio-jeep safari.<br data-start=\"654\" data-end=\"657\" \/><span style=\"color: #00ff00;\"><strong>\u2713<\/strong> <\/span>10 ki\u015filik sallarda rafting<br data-start=\"687\" data-end=\"690\" \/><span style=\"color: #00ff00;\"><strong>\u2713<\/strong> <\/span>Sigorta<br data-start=\"701\" data-end=\"704\" \/><span style=\"color: #00ff00;\"><strong>\u2713<\/strong> <\/span>Rehber: Rus\u00e7a, \u0130ngilizce<br data-start=\"730\" data-end=\"733\" \/><span style=\"color: #00ff00;\"><strong>\u2713<\/strong> <\/span>\u00d6\u011fle Yeme\u011fi<br data-start=\"739\" data-end=\"742\" \/><span style=\"color: #00ff00;\"><strong>\u2713<\/strong> <\/span>Zipline<\/p>\n<h3 data-start=\"753\" data-end=\"768\">Dahil de\u011fil:<\/h3>\n<p data-start=\"770\" data-end=\"851\"><span style=\"color: #ff0000;\"><strong>\u2717<\/strong> <\/span>2 ki\u015filik kanolar (\u00fccretli)<br data-start=\"822\" data-end=\"825\" \/><span style=\"color: #ff0000;\"><strong>\u2717<\/strong> <\/span>Foto\u011fraf ve video<br data-start=\"839\" data-end=\"842\" \/><span style=\"color: #ff0000;\"><strong>\u2717<\/strong> <\/span>\u0130\u00e7ecekler<\/p>\n<h3 data-start=\"539\" data-end=\"569\">\ud83c\udf1f Turun \u00f6ne \u00e7\u0131kan \u00f6zellikleri<\/h3>\n<p data-start=\"570\" data-end=\"820\">\ud83d\udd39 Toros Da\u011flar\u0131'nda Jeep safari<br data-start=\"604\" data-end=\"607\" \/>\ud83d\udd39 Taza Kanyonu panoramik bak\u0131\u015f a\u00e7\u0131s\u0131 (\u00abKartal Yuvas\u0131\u00bb)<br data-start=\"671\" data-end=\"674\" \/>\ud83d\udd39 K\u00f6pr\u00fcl\u00fc Kanyon'da Rafting<br data-start=\"702\" data-end=\"705\" \/>\ud83d\udd39 Nehir \u00fczerinde zipline (programa dahildir)<br data-start=\"747\" data-end=\"750\" \/>\ud83d\udd39 Pitoresk foto\u011fraf duraklar\u0131<br data-start=\"782\" data-end=\"785\" \/>\ud83d\udd39 Da\u011flar\u0131n g\u00f6lgesinde nehir k\u0131y\u0131s\u0131nda \u00f6\u011fle yeme\u011fi<\/p>\n<h3 data-start=\"822\" data-end=\"846\">\ud83d\udcd6 Tam a\u00e7\u0131klama<\/h3>\n<p data-start=\"847\" data-end=\"1055\">Sabah Belek, Kadriya veya Bo\u011fazkent'teki otelinizden al\u0131nacak ve g\u00fczergah\u0131n ba\u015flang\u0131c\u0131na g\u00f6t\u00fcr\u00fcleceksiniz. \u0130lk olarak Toros Da\u011flar\u0131'n\u0131n da\u011f ve orman yollar\u0131nda, en g\u00fczel yerlerde foto\u011fraf molalar\u0131 vererek bir jeep safarisine \u00e7\u0131kacaks\u0131n\u0131z.<\/p>\n<p data-start=\"1057\" data-end=\"1281\">Yol daha sonra T\u00fcrkiye'nin en etkileyici panoramik noktalar\u0131ndan biri olan Taza Kanyonu'na ula\u015facakt\u0131r. Manzaran\u0131n tad\u0131n\u0131 \u00e7\u0131karmak, foto\u011fraf \u00e7ekmek ve kayal\u0131klar boyunca y\u00fcr\u00fcmek (g\u00fcvenlik \u00f6nlemleri ile) i\u00e7in serbest zaman\u0131n\u0131z olacak.<\/p>\n<p data-start=\"1283\" data-end=\"1568\">Daha sonra rota, 10 ki\u015filik sallarda rafting ve nehir \u00fczerinde ziplining yap\u0131lacak olan K\u00f6pr\u00fcl\u00fc Milli Park\u0131'na devam ediyor. Ak\u0131nt\u0131lar, su s\u0131\u00e7ramalar\u0131 ve y\u00fczme molalar\u0131 sizi bekliyor olacak. Program\u0131n ortas\u0131nda \u00f6\u011fle yeme\u011fi nehir k\u0131y\u0131s\u0131nda servis edilir. G\u00fcn\u00fcn sonunda Belek'teki otellere d\u00f6n\u00fc\u015f transferi organize edilir.<\/p>\n<h3 data-start=\"1570\" data-end=\"1592\">\ud83d\uddfa\ufe0f Tur g\u00fczergah\u0131<\/h3>\n<p data-start=\"1593\" data-end=\"1856\">\ud83d\udd39 Belek, Kadriye, Bo\u011fazkent otellerinden gelen misafirlerin toplanmas\u0131<br data-start=\"1644\" data-end=\"1647\" \/>\ud83d\udd39 Toros Da\u011flar\u0131'nda Jeep safari<br data-start=\"1681\" data-end=\"1684\" \/>\ud83d\udd39 Taza Kanyonu bak\u0131\u015f a\u00e7\u0131s\u0131na ziyaret<br data-start=\"1728\" data-end=\"1731\" \/>\ud83d\udd39 K\u00f6pr\u00fcl\u00fc Kanyon'daki rafting \u00fcss\u00fcne transfer<br data-start=\"1775\" data-end=\"1778\" \/>\ud83d\udd39 Rafting ve ziplining<br data-start=\"1798\" data-end=\"1801\" \/>\ud83d\udd39 Nehir k\u0131y\u0131s\u0131nda \u00f6\u011fle yeme\u011fi<br data-start=\"1823\" data-end=\"1826\" \/>\ud83d\udd39 Otellere d\u00f6n\u00fc\u015f transferi<\/p>\n<h3 data-start=\"1858\" data-end=\"1886\">\u2139\ufe0f Faydal\u0131 bilgiler<\/h3>\n<p data-start=\"1887\" data-end=\"2297\">\ud83d\udd39 S\u00fcre: yakla\u015f\u0131k 8-9 saat<br data-start=\"1924\" data-end=\"1927\" \/>\ud83d\udd39 Aktivite seviyesi: orta\/y\u00fcksek<br data-start=\"1967\" data-end=\"1970\" \/>\ud83d\udd39 Rafting deneyimi gerekmez, her \u015fey e\u011fitmenler taraf\u0131ndan denetlenir<br data-start=\"2040\" data-end=\"2043\" \/>\ud83d\udd39 10 ki\u015filik sallar dahildir, 2 ki\u015filik kanolar ek \u00fccret kar\u015f\u0131l\u0131\u011f\u0131nda temin edilebilir<br data-start=\"2108\" data-end=\"2111\" \/>\ud83d\udd39 \u00dccretsiz seyahat eden 6 ya\u015f\u0131ndan k\u00fc\u00e7\u00fck \u00e7ocuklar\u0131n otob\u00fcste ayr\u0131 bir koltu\u011fu yoktur. Tamamen dolu olduklar\u0131nda bir yeti\u015fkinin kuca\u011f\u0131nda otururlar veya \u00f6nceden ayr\u0131 bir koltuk rezerve edilebilir<\/p>\n<h3 data-start=\"2299\" data-end=\"2325\">\ud83c\udf92 Yan\u0131n\u0131za ne almal\u0131s\u0131n\u0131z<\/h3>\n<p data-start=\"2326\" data-end=\"2474\">\ud83d\udd39 Mayo ve havlu.<br data-start=\"2350\" data-end=\"2353\" \/>\ud83d\udd39 Su ayakkab\u0131s\u0131 ve kuru k\u0131yafet de\u011fi\u015fimi<br data-start=\"2391\" data-end=\"2394\" \/>\ud83d\udd39 G\u00fcne\u015f Kremi<br data-start=\"2416\" data-end=\"2419\" \/>\ud83d\udd39 \u0130\u00e7ecekler ve ekstralar i\u00e7in nakit<\/p>\n<h3 data-start=\"2476\" data-end=\"2500\">\ud83d\udeab \u015eunlar i\u00e7in uygun de\u011fildir<\/h3>\n<p data-start=\"2501\" data-end=\"2674\">\ud83d\udd39 Ciddi kardiyovask\u00fcler hastal\u0131\u011f\u0131 olan ki\u015filer<br data-start=\"2557\" data-end=\"2560\" \/>\ud83d\udd39 Hamile kad\u0131nlar<br data-start=\"2580\" data-end=\"2583\" \/>\ud83d\udd39 4 ya\u015f\u0131ndan k\u00fc\u00e7\u00fck \u00e7ocuklar<br data-start=\"2600\" data-end=\"2603\" \/>\ud83d\udd39 70 ya\u015f \u00fcst\u00fc misafirler<br data-start=\"2626\" data-end=\"2629\" \/>\ud83d\udd39 Hareket kabiliyeti ciddi derecede k\u0131s\u0131tl\u0131 olan ki\u015filer<\/p>\n<h3 data-start=\"2626\" data-end=\"2652\">\ud83d\udcb8 Fiyat ve rezervasyon<\/h3>\n<p data-start=\"2654\" data-end=\"2792\"><strong>\ud83d\udd39 \u015eimdi rezervasyon yap\u0131n - tur g\u00fcn\u00fc \u00f6deme yap\u0131n<\/strong><br data-start=\"2700\" data-end=\"2703\" \/>\ud83d\udd39 WhatsApp, Telegram, Viber \u00fczerinden bize ula\u015f\u0131n veya a\u015fa\u011f\u0131daki sipari\u015f formunu doldurun. \ud83d\udc47\ud83c\udffc<\/p>","protected":false},"excerpt":{"rendered":"<p>Tazy Kanyonu + Belek'ten rafting: Toros Da\u011flar\u0131'nda jeep safari, Kartal Yuvas\u0131 seyir noktas\u0131, K\u00f6pr\u00fcl\u00fc'de rafting, ziplining, \u00f6\u011fle yeme\u011fi ve otel transferleri dahildir.<\/p>","protected":false},"featured_media":12667,"comment_status":"open","ping_status":"closed","template":"","meta":[],"product_brand":[],"product_cat":[124],"product_tag":[120],"class_list":{"0":"post-14964","1":"product","2":"type-product","3":"status-publish","4":"has-post-thumbnail","6":"tour_phys-ekskursii-v-belek","7":"product_cat-ekskursii-v-belek","8":"product_tag-belek","9":"pa_destination-ekskursii-v-belek","11":"first","12":"instock","13":"sale","14":"shipping-taxable","15":"purchasable","16":"product-type-tour_phys"},"aioseo_notices":[],"_links":{"self":[{"href":"https:\/\/mirekskursii.com\/tr\/wp-json\/wp\/v2\/product\/14964","targetHints":{"allow":["GET"]}}],"collection":[{"href":"https:\/\/mirekskursii.com\/tr\/wp-json\/wp\/v2\/product"}],"about":[{"href":"https:\/\/mirekskursii.com\/tr\/wp-json\/wp\/v2\/types\/product"}],"replies":[{"embeddable":true,"href":"https:\/\/mirekskursii.com\/tr\/wp-json\/wp\/v2\/comments?post=14964"}],"wp:featuredmedia":[{"embeddable":true,"href":"https:\/\/mirekskursii.com\/tr\/wp-json\/wp\/v2\/media\/12667"}],"wp:attachment":[{"href":"https:\/\/mirekskursii.com\/tr\/wp-json\/wp\/v2\/media?parent=14964"}],"wp:term":[{"taxonomy":"product_brand","embeddable":true,"href":"https:\/\/mirekskursii.com\/tr\/wp-json\/wp\/v2\/product_brand?post=14964"},{"taxonomy":"product_cat","embeddable":true,"href":"https:\/\/mirekskursii.com\/tr\/wp-json\/wp\/v2\/product_cat?post=14964"},{"taxonomy":"product_tag","embeddable":true,"href":"https:\/\/mirekskursii.com\/tr\/wp-json\/wp\/v2\/product_tag?post=14964"}],"curies":[{"name":"wp","href":"https:\/\/api.w.org\/{rel}","templated":true}]}}