{"id":14963,"date":"2025-11-18T19:55:07","date_gmt":"2025-11-18T16:55:07","guid":{"rendered":"https:\/\/mirekskursii.com\/?post_type=product&#038;p=14963\/"},"modified":"2026-03-02T22:10:13","modified_gmt":"2026-03-02T19:10:13","slug":"rafting-turu-koprulu-kanyon-belek","status":"publish","type":"product","link":"https:\/\/mirekskursii.com\/ekskursii\/rafting-kanion-koprulu-iz-belek\/","title":{"rendered":"Belek'ten Rafting Turu K\u00f6pr\u00fcl\u00fc Kanyon \u2013 Adrenalin"},"content":{"rendered":"<h3 data-start=\"46\" data-end=\"61\">\ud83d\udea3\u200d\u2642\ufe0f \u0130nceleme<\/h3>\n<p data-start=\"62\" data-end=\"276\">Belek ve kom\u015fu il\u00e7eler Bo\u011fazkent, Ac\u0131su \u0130skele ve Kadriye'den K\u00f6pr\u00fcl\u00fc Kanyon'da raftinge gidin. Rapidlerle dolu 14 kilometrelik raftingin, so\u011fuk da\u011f nehrinde y\u00fczmenin ve Toros Da\u011flar\u0131 ile \u00e7evrili k\u0131y\u0131da \u00f6\u011fle yeme\u011finin tad\u0131n\u0131 \u00e7\u0131karacaks\u0131n\u0131z.<\/p>\n<h3 data-start=\"278\" data-end=\"290\">Dahil:<\/h3>\n<p data-start=\"291\" data-end=\"457\"><span style=\"color: #00ff00;\"><strong>\u2713<\/strong> <\/span>Otel transferi<br data-start=\"313\" data-end=\"316\" \/><span style=\"color: #00ff00;\"><strong>\u2713<\/strong> <\/span>Rehber: Rus\u00e7a, \u0130ngilizce<br data-start=\"342\" data-end=\"345\" \/><span style=\"color: #00ff00;\"><strong>\u2713<\/strong> <\/span>Klimal\u0131 konforlu otob\u00fcs<br data-start=\"386\" data-end=\"389\" \/><span style=\"color: #00ff00;\"><strong>\u2713<\/strong> <\/span>10 ki\u015filik sallar<br data-start=\"415\" data-end=\"418\" \/><span style=\"color: #00ff00;\"><strong>\u2713<\/strong> <\/span>Sigorta<br data-start=\"431\" data-end=\"434\" \/><span style=\"color: #00ff00;\"><strong>\u2713<\/strong> <\/span>Nehir k\u0131y\u0131s\u0131nda \u00f6\u011fle yeme\u011fi<\/p>\n<h3 data-start=\"459\" data-end=\"474\">Dahil de\u011fil:<\/h3>\n<div data-start=\"475\" data-end=\"617\"><span style=\"color: #ff0000;\"><strong>\u2717<\/strong> <\/span>Foto\u011fraf ve video<br data-start=\"537\" data-end=\"540\" \/><span style=\"color: #ff0000;\"><strong>\u2717<\/strong> <\/span>\u0130\u00e7ecekler<\/div>\n<div data-start=\"475\" data-end=\"617\"><span style=\"color: #ff0000;\"><strong>\u2717<\/strong> <\/span>Zipline ve di\u011fer tamamlay\u0131c\u0131 aktiviteler<\/div>\n<div data-start=\"475\" data-end=\"617\"><span style=\"color: #ff0000;\"><strong>\u2717<\/strong> <\/span>\u00c7ift ki\u015filik sallar (ekstra \u00fccret)<\/div>\n<h3 data-start=\"619\" data-end=\"647\">\ud83c\udf1f Turun \u00f6ne \u00e7\u0131kan \u00f6zellikleri<\/h3>\n<p data-start=\"648\" data-end=\"920\">\ud83d\udd39 K\u00f6pr\u00fcl\u00fc Kanyon'da 10 rapid ile yakla\u015f\u0131k 14 km rafting<br data-start=\"704\" data-end=\"707\" \/>\ud83d\udd39 Kanyon, \u00e7am ormanlar\u0131 ve Toros Da\u011flar\u0131'n\u0131n pitoresk manzaras\u0131<br data-start=\"761\" data-end=\"764\" \/>\ud83d\udd39 Bir da\u011f nehrinde serinletici bir y\u00fczme<br data-start=\"799\" data-end=\"802\" \/>\ud83d\udd39 Sahilde \u00f6\u011fle yeme\u011fi ve dinlenme ve foto\u011fraf molalar\u0131<br data-start=\"849\" data-end=\"852\" \/>\ud83d\udd39 Ziplining veya di\u011fer aktiviteleri ekleme imkan\u0131 (iste\u011fe ba\u011fl\u0131)<\/p>\n<h3 data-start=\"922\" data-end=\"944\">\ud83d\udcd6 Tam a\u00e7\u0131klama<\/h3>\n<p data-start=\"945\" data-end=\"1165\">Sabah Belek, Bo\u011fazkent, Ac\u0131su \u0130skelesi veya Kadriye'deki otelinizden al\u0131nacak ve K\u00f6pr\u00fcl\u00fc Milli Park\u0131'na g\u00f6t\u00fcr\u00fcleceksiniz. Var\u0131\u015fta, e\u011fitmenler size can yelekleri, kasklar ve g\u00fcvenlik brifingi verecektir.<\/p>\n<p data-start=\"1167\" data-end=\"1532\">Sallara da\u011f\u0131t\u0131ld\u0131ktan sonra nehirde raftinge ba\u015flayacaks\u0131n\u0131z: ak\u0131nt\u0131l\u0131 b\u00f6l\u00fcmler, dinlenmek i\u00e7in daha sakin b\u00f6l\u00fcmler ve y\u00fczmek ve foto\u011fraf \u00e7ekmek i\u00e7in k\u0131sa molalar bekliyor olacaks\u0131n\u0131z. Program\u0131n ortas\u0131nda nehir k\u0131y\u0131s\u0131nda \u00f6\u011fle yeme\u011fi yiyeceksiniz. Program\u0131n sonunda ziplining veya di\u011fer iste\u011fe ba\u011fl\u0131 aktiviteleri deneyebilirsiniz, ard\u0131ndan Belek'teki otellere geri transfer edileceksiniz.<\/p>\n<h3 data-start=\"1534\" data-end=\"1554\">\ud83d\uddfa\ufe0f Tur g\u00fczergah\u0131<\/h3>\n<p data-start=\"1555\" data-end=\"1897\">\ud83d\udd39 Belek, Bo\u011fazkent, Ac\u0131su \u0130skele ve Kadriye otellerinden misafir toplanmas\u0131<br data-start=\"1622\" data-end=\"1625\" \/>\ud83d\udd39 K\u00f6pr\u00fcl\u00fc Milli Park ve Kanyon'a transfer<br data-start=\"1672\" data-end=\"1675\" \/>\ud83d\udd39 G\u00fcvenlik brifingi, ekipmanlar\u0131n verilmesi<br data-start=\"1723\" data-end=\"1726\" \/>\ud83d\udd39 Nehir raftingi (y\u00fczme ve foto\u011fraf molalar\u0131 ile)<br data-start=\"1779\" data-end=\"1782\" \/>\ud83d\udd39 Nehir k\u0131y\u0131s\u0131nda \u00f6\u011fle yeme\u011fi<br data-start=\"1804\" data-end=\"1807\" \/>\ud83d\udd39 Ek aktiviteler (ziplining vb. - iste\u011fe ba\u011fl\u0131)<br data-start=\"1864\" data-end=\"1867\" \/>\ud83d\udd39 Otellere d\u00f6n\u00fc\u015f transferi<\/p>\n<h3 data-start=\"1899\" data-end=\"1925\">\u2139\ufe0f Faydal\u0131 bilgiler<\/h3>\n<p data-start=\"1926\" data-end=\"2375\">\ud83d\udd39 S\u00fcre: yakla\u015f\u0131k 7-8 saat (transfer dahil)<br data-start=\"1982\" data-end=\"1985\" \/>\ud83d\udd39 Tur yeni ba\u015flayanlar i\u00e7in uygundur, rafting e\u011fitmenler taraf\u0131ndan denetlenir<br data-start=\"2060\" data-end=\"2063\" \/>\ud83d\udd39 Ek \u00fccret kar\u015f\u0131l\u0131\u011f\u0131nda 2 yatakl\u0131 sal rezervasyonu yapmak m\u00fcmk\u00fcnd\u00fcr.<br data-start=\"2115\" data-end=\"2118\" \/>\ud83d\udd39 \u0130\u00e7ecekler, foto\u011fraflar ve ek aktiviteler i\u00e7in nakit al\u0131n<br data-start=\"2186\" data-end=\"2189\" \/>\ud83d\udd39 \u00dccretsiz seyahat eden 5 ya\u015f\u0131ndan k\u00fc\u00e7\u00fck \u00e7ocuklar\u0131n otob\u00fcste ayr\u0131 bir koltu\u011fu yoktur. Tamamen dolu olduklar\u0131nda bir yeti\u015fkinin kuca\u011f\u0131nda otururlar veya ayr\u0131 bir koltuk \u00f6nceden rezerve edilebilir<\/p>\n<h3 data-start=\"2377\" data-end=\"2401\">\ud83c\udf92 Yan\u0131n\u0131za ne almal\u0131s\u0131n\u0131z<\/h3>\n<p data-start=\"2402\" data-end=\"2546\">\ud83d\udd39 Mayo ve havlu.<br data-start=\"2426\" data-end=\"2429\" \/>\ud83d\udd39 Su\/kau\u00e7uk ayakkab\u0131lar<br data-start=\"2454\" data-end=\"2457\" \/>\ud83d\udd39 Yedek kuru \u00e7ama\u015f\u0131rlar<br data-start=\"2480\" data-end=\"2483\" \/>\ud83d\udd39 G\u00fcne\u015f Kremi<br data-start=\"2505\" data-end=\"2508\" \/>\ud83d\udd39 Ki\u015fisel harcamalar i\u00e7in nakit<\/p>\n<h3 data-start=\"2548\" data-end=\"2570\">\ud83d\udeab \u015eunlar i\u00e7in uygun de\u011fildir<\/h3>\n<p data-start=\"2571\" data-end=\"2715\">\ud83d\udd39 Hamile kad\u0131nlar<br data-start=\"2591\" data-end=\"2594\" \/>\ud83d\udd39 Ciddi kardiyovask\u00fcler sorunlar\u0131 olan ki\u015filer<br data-start=\"2647\" data-end=\"2650\" \/>\ud83d\udd39 4 ya\u015f\u0131ndan k\u00fc\u00e7\u00fck \u00e7ocuklar<br data-start=\"2666\" data-end=\"2669\" \/>\ud83d\udd39 Hareket kabiliyeti ciddi derecede k\u0131s\u0131tl\u0131 misafirler<\/p>\n<h3 data-start=\"2916\" data-end=\"2942\">\ud83d\udcb8 Fiyat ve rezervasyon<\/h3>\n<p data-start=\"2944\" data-end=\"3084\"><strong>\ud83d\udd39 \u015eimdi rezervasyon yap\u0131n - tur g\u00fcn\u00fc \u00f6deme yap\u0131n<\/strong><br data-start=\"2990\" data-end=\"2993\" \/>\ud83d\udd39 WhatsApp, Telegram, Viber \u00fczerinden bize ula\u015f\u0131n veya a\u015fa\u011f\u0131daki sipari\u015f formunu doldurun. \ud83d\udc47\ud83c\udffc<\/p>","protected":false},"excerpt":{"rendered":"<p data-start=\"2831\" data-end=\"2974\">Belek'ten K\u00f6pr\u00fcl\u00fc Kanyon'da Rafting: Rapidlerle 14 km rafting, da\u011f nehrinde y\u00fczme, k\u0131y\u0131da \u00f6\u011fle yeme\u011fi ve otel transferi. Yeni ba\u015flayanlar i\u00e7in bile uygundur.<\/p>","protected":false},"featured_media":12670,"comment_status":"open","ping_status":"closed","template":"","meta":[],"product_brand":[],"product_cat":[125],"product_tag":[110],"class_list":{"0":"post-14963","1":"product","2":"type-product","3":"status-publish","4":"has-post-thumbnail","6":"tour_phys-ekskursii-v-belek","7":"product_cat-ekskursii-v-side","8":"product_tag-side","9":"pa_destination-ekskursii-v-belek","11":"first","12":"instock","13":"sale","14":"shipping-taxable","15":"purchasable","16":"product-type-tour_phys"},"aioseo_notices":[],"_links":{"self":[{"href":"https:\/\/mirekskursii.com\/tr\/wp-json\/wp\/v2\/product\/14963","targetHints":{"allow":["GET"]}}],"collection":[{"href":"https:\/\/mirekskursii.com\/tr\/wp-json\/wp\/v2\/product"}],"about":[{"href":"https:\/\/mirekskursii.com\/tr\/wp-json\/wp\/v2\/types\/product"}],"replies":[{"embeddable":true,"href":"https:\/\/mirekskursii.com\/tr\/wp-json\/wp\/v2\/comments?post=14963"}],"wp:featuredmedia":[{"embeddable":true,"href":"https:\/\/mirekskursii.com\/tr\/wp-json\/wp\/v2\/media\/12670"}],"wp:attachment":[{"href":"https:\/\/mirekskursii.com\/tr\/wp-json\/wp\/v2\/media?parent=14963"}],"wp:term":[{"taxonomy":"product_brand","embeddable":true,"href":"https:\/\/mirekskursii.com\/tr\/wp-json\/wp\/v2\/product_brand?post=14963"},{"taxonomy":"product_cat","embeddable":true,"href":"https:\/\/mirekskursii.com\/tr\/wp-json\/wp\/v2\/product_cat?post=14963"},{"taxonomy":"product_tag","embeddable":true,"href":"https:\/\/mirekskursii.com\/tr\/wp-json\/wp\/v2\/product_tag?post=14963"}],"curies":[{"name":"wp","href":"https:\/\/api.w.org\/{rel}","templated":true}]}}