{"id":14962,"date":"2025-11-18T19:39:50","date_gmt":"2025-11-18T16:39:50","guid":{"rendered":"https:\/\/mirekskursii.com\/?post_type=product&#038;p=14962\/"},"modified":"2025-12-12T11:31:52","modified_gmt":"2025-12-12T08:31:52","slug":"pamukkale-salda-golu-turu-belek","status":"publish","type":"product","link":"https:\/\/mirekskursii.com\/ekskursii\/pamukkale-salda-iz-belek\/","title":{"rendered":"Pamukkale ve Salda G\u00f6l\u00fc Turu Belek \u00c7\u0131k\u0131\u015fl\u0131 \u2013 G\u00fcn\u00fcbirlik"},"content":{"rendered":"<h3 data-start=\"0\" data-end=\"15\">\ud83c\udfdd\ufe0f Genel Bak\u0131\u015f<\/h3>\n<p data-start=\"16\" data-end=\"340\" data-is-last-node=\"\" data-is-only-node=\"\">Belek ve \u00e7evresindeki b\u00f6lgelerden hareket -. <strong data-start=\"60\" data-end=\"96\">Bo\u011fazkent, Ac\u0131su \u0130skele, Kadriye<\/strong> - Pamukkale ve Salda G\u00f6l\u00fc'n\u00fcn do\u011fal harikalar\u0131na g\u00fcn\u00fcbirlik bir gezi. Beyaz badanal\u0131 travertenler boyunca y\u00fcr\u00fcy\u00fcn, antik Hierapolis'i ke\u015ffedin ve \u00abT\u00fcrk Maldivleri \u00bbnde dinlenin\u00bb<\/p>\n<h3 data-start=\"289\" data-end=\"305\">\u00a0Dahil:<\/h3>\n<p data-start=\"307\" data-end=\"500\"><span style=\"color: #00ff00;\"><strong>\u2713<\/strong> <\/span>Otel transferi<br data-start=\"329\" data-end=\"332\" \/><span style=\"color: #00ff00;\"><strong>\u2713<\/strong> <\/span>Klimal\u0131 otob\u00fcs<br data-start=\"357\" data-end=\"360\" \/><span style=\"color: #00ff00;\"><strong>\u2713<\/strong> <\/span>Pamukkale ve Hierapolis giri\u015f \u00fccretleri<br data-start=\"400\" data-end=\"403\" \/><span style=\"color: #00ff00;\"><strong>\u2713<\/strong> <\/span>Rehber: Rus\u00e7a, \u0130ngilizce<br data-start=\"429\" data-end=\"432\" \/><span style=\"color: #00ff00;\"><strong>\u2713<\/strong> <\/span>Tam sigortal\u0131<br data-start=\"452\" data-end=\"455\" \/><span style=\"color: #00ff00;\"><strong>\u2713<\/strong> <\/span>Kahvalt\u0131<br data-start=\"464\" data-end=\"467\" \/><span style=\"color: #00ff00;\"><strong>\u2713<\/strong> <\/span>\u00d6\u011fle yeme\u011fi (a\u00e7\u0131k b\u00fcfe)<br data-start=\"489\" data-end=\"492\" \/><span style=\"color: #00ff00;\"><strong>\u2713<\/strong> <\/span>Ak\u015fam Yeme\u011fi<\/p>\n<h3 data-start=\"502\" data-end=\"521\">\u00a0Dahil de\u011fil:<\/h3>\n<p data-start=\"523\" data-end=\"582\"><span style=\"color: #ff0000;\"><strong>\u2717<\/strong> <\/span>Kleopatra'n\u0131n havuzunun giri\u015fi<br data-start=\"549\" data-end=\"552\" \/><span style=\"color: #ff0000;\"><strong>\u2717<\/strong> <\/span>Ki\u015fisel harcamalar<br data-start=\"568\" data-end=\"571\" \/><span style=\"color: #ff0000;\"><strong>\u2717<\/strong> <\/span>\u0130\u00e7ecekler<\/p>\n<h3 data-start=\"49\" data-end=\"62\">\u0130nceleme<\/h3>\n<p data-start=\"63\" data-end=\"291\">Belek'ten Pamukkale ve Salda G\u00f6l\u00fc'ne tam g\u00fcnl\u00fck bir turla seyahat edin. Kar beyaz\u0131 teraslar, antik Hierapolis, termal sular ve turkuaz sular\u0131 ile \u201cT\u00fcrk Maldivleri\u201d - do\u011fa, tarih ve konfor yemek ve transferler ile tek bir turda.<\/p>\n<h3 data-start=\"293\" data-end=\"305\">Dahil<\/h3>\n<p data-start=\"306\" data-end=\"523\">\u2713 Otel transferi (Belek b\u00f6lgesi)<br data-start=\"343\" data-end=\"346\" \/>\u2713 Klimal\u0131 otob\u00fcs<br data-start=\"371\" data-end=\"374\" \/>\u2713 Pamukkale ve Hierapolis giri\u015f \u00fccretleri<br data-start=\"414\" data-end=\"417\" \/>\u2713 \u0130ngilizce konu\u015fan rehber (Rus\u00e7a konu\u015fan rehber mevcuttur, l\u00fctfen ayr\u0131nt\u0131lar i\u00e7in sorunuz)<br data-start=\"473\" data-end=\"476\" \/>\u2713 Kapsaml\u0131 sigorta<br data-start=\"496\" data-end=\"499\" \/>\u2713 Kahvalt\u0131, \u00f6\u011fle ve ak\u015fam yemekleri<\/p>\n<h3 data-start=\"525\" data-end=\"540\">Dahil de\u011fildir<\/h3>\n<p data-start=\"541\" data-end=\"600\">\u2717 Kleopatra Havuzuna Giri\u015f<br data-start=\"567\" data-end=\"570\" \/>\u2717 Ki\u015fisel harcamalar<br data-start=\"586\" data-end=\"589\" \/>\u2717 \u0130\u00e7ecekler<\/p>\n<h3 data-start=\"602\" data-end=\"630\">\ud83c\udf1f Turun \u00f6ne \u00e7\u0131kan \u00f6zellikleri<\/h3>\n<p data-start=\"631\" data-end=\"912\">\ud83d\udd39 Pamukkale'nin beyaz travertenleri \u00fczerinde bir y\u00fcr\u00fcy\u00fc\u015f<br data-start=\"679\" data-end=\"682\" \/>\ud83d\udd39 Antik Hierapolis ve Roma tiyatrosu turu<br data-start=\"729\" data-end=\"732\" \/>\ud83d\udd39 Termal sularda ve Kleopatra havuzunda banyo yapma imkan\u0131 (iste\u011fe ba\u011fl\u0131)<br data-start=\"807\" data-end=\"810\" \/>\ud83d\udd39 Salda G\u00f6l\u00fc Ziyareti - \u00abT\u00fcrk Maldivleri\u00bb<br data-start=\"855\" data-end=\"858\" \/>\ud83d\udd39 Geleneksel T\u00fcrk yemekleri: kahvalt\u0131, \u00f6\u011fle ve ak\u015fam yemekleri<\/p>\n<h3 data-start=\"914\" data-end=\"936\">\ud83d\udcd6 Tam a\u00e7\u0131klama<\/h3>\n<p data-start=\"937\" data-end=\"1278\">Sabah erken saatlerde Belek'teki otelinizden al\u0131nacak ve kahvalt\u0131 i\u00e7in mola vererek Pamukkale'ye do\u011fru yola \u00e7\u0131kacaks\u0131n\u0131z. Var\u0131\u015fta Pamukkale'yi ziyaret edeceksiniz - termal su ile e\u015fsiz beyaz travertenler ve kal\u0131nt\u0131lar\u0131, Roma tiyatrosu ve panoramik manzaralar\u0131 ile antik tatil beldesi Hierapolis. Serbest zaman\u0131n\u0131zda Kleopatra'n\u0131n \u00fcnl\u00fc y\u00fczme havuzunda iste\u011fe ba\u011fl\u0131 olarak y\u00fczebilirsiniz.<\/p>\n<p data-start=\"1280\" data-end=\"1622\">A\u00e7\u0131k b\u00fcfe \u00f6\u011fle yeme\u011finin ard\u0131ndan tur Salda G\u00f6l\u00fc'ne do\u011fru devam eder. Buras\u0131, parlak turkuaz suyu ve yumu\u015fak beyaz k\u0131y\u0131lar\u0131 ile T\u00fcrkiye'nin en g\u00fczel g\u00f6llerinden biridir ve bu nedenle \u00abT\u00fcrk Maldivleri\u00bb olarak adland\u0131r\u0131l\u0131r. Burada foto\u011fraf \u00e7ekebilecek, y\u00fcr\u00fcy\u00fc\u015f yapabilecek ve do\u011fada biraz dinlenebileceksiniz. Ak\u015fam yolda ak\u015fam yeme\u011fi yiyecek ve Belek'e konforlu bir transferle geri d\u00f6neceksiniz.<\/p>\n<h3 data-start=\"1624\" data-end=\"1644\">\ud83d\uddfa\ufe0f Tur g\u00fczergah\u0131<\/h3>\n<p data-start=\"1645\" data-end=\"1995\">\ud83d\udd39 Belek otellerinden misafirlerin al\u0131nmas\u0131 ve \u00e7\u0131k\u0131\u015f yap\u0131lmas\u0131<br data-start=\"1684\" data-end=\"1687\" \/>\ud83d\udd39 Kahvalt\u0131 yolda<br data-start=\"1705\" data-end=\"1708\" \/>\ud83d\udd39 Pamukkale'ye Transfer<br data-start=\"1730\" data-end=\"1733\" \/>\ud83d\udd39 A\u00e7\u0131k b\u00fcfe \u00f6\u011fle yeme\u011fi\u00ab<br data-start=\"1756\" data-end=\"1759\" \/>\ud83d\udd39 Pamukkale travertenlerinde y\u00fcr\u00fcy\u00fc\u015f<br data-start=\"1795\" data-end=\"1798\" \/>\ud83d\udd39 Hierapolis kal\u0131nt\u0131lar\u0131n\u0131 ziyaret ve serbest zaman (Kleopatra'n\u0131n havuzu iste\u011fe ba\u011fl\u0131)<br data-start=\"1877\" data-end=\"1880\" \/>\ud83d\udd39 Salda G\u00f6l\u00fc'ne transfer, y\u00fcr\u00fcy\u00fc\u015f ve foto\u011fraf i\u00e7in mola<br data-start=\"1935\" data-end=\"1938\" \/>\ud83d\udd39 Yolda ak\u015fam yeme\u011fi<br data-start=\"1955\" data-end=\"1958\" \/>\ud83d\udd39 Belek'teki otellere d\u00f6n\u00fc\u015f transferi<\/p>\n<h3 data-start=\"1997\" data-end=\"2023\">\u2139\ufe0f Faydal\u0131 bilgiler<\/h3>\n<p data-start=\"2024\" data-end=\"2468\">\ud83d\udd39 S\u00fcre: yakla\u015f\u0131k 12 saat (tam g\u00fcn)<br data-start=\"2074\" data-end=\"2077\" \/>\ud83d\udd39 Hava ko\u015fullar\u0131 nedeniyle rota ayarlanabilir<br data-start=\"2133\" data-end=\"2136\" \/>\ud83d\udd39 Orta d\u00fczeyde fiziksel aktivite gereklidir (yama\u00e7larda ve harabelerde y\u00fcr\u00fcy\u00fc\u015f)<br data-start=\"2210\" data-end=\"2213\" \/>\ud83d\udd39 Travertenlerin y\u00fczeyi kaygan olabilir - dikkatli olun<br data-start=\"2279\" data-end=\"2282\" \/>\ud83d\udd39 \u00dccretsiz seyahat eden 5 ya\u015f\u0131ndan k\u00fc\u00e7\u00fck \u00e7ocuklar\u0131n otob\u00fcste ayr\u0131 bir koltu\u011fu yoktur. Tamamen dolu olduklar\u0131nda bir yeti\u015fkinin kuca\u011f\u0131nda otururlar veya ayr\u0131 bir koltuk \u00f6nceden rezerve edilebilir<\/p>\n<h3 data-start=\"2470\" data-end=\"2494\">\ud83c\udf92 Yan\u0131n\u0131za ne almal\u0131s\u0131n\u0131z<\/h3>\n<p data-start=\"2495\" data-end=\"2732\">\ud83d\udd39 Pasaport veya kimlik kart\u0131<br data-start=\"2532\" data-end=\"2535\" \/>\ud83d\udd39 Rahat y\u00fcr\u00fcy\u00fc\u015f ayakkab\u0131lar\u0131<br data-start=\"2562\" data-end=\"2565\" \/>\ud83d\udd39 G\u00fcne\u015f g\u00f6zl\u00fc\u011f\u00fc, \u015fapka\/bere ve g\u00fcne\u015f kremi<br data-start=\"2617\" data-end=\"2620\" \/>\ud83d\udd39 Mayo ve havlu.<br data-start=\"2644\" data-end=\"2647\" \/>\ud83d\udd39 \u0130\u00e7ecekler ve ekstralar i\u00e7in nakit (\u00f6rn. Kleopatra'n\u0131n havuzu)<\/p>\n<h3 data-start=\"2734\" data-end=\"2756\">\ud83d\udeab \u015eunlar i\u00e7in uygun de\u011fildir<\/h3>\n<p data-start=\"2757\" data-end=\"2906\">\ud83d\udd39 Hareket kabiliyeti ciddi derecede k\u0131s\u0131tl\u0131 olan ki\u015filer<br data-start=\"2800\" data-end=\"2803\" \/>\ud83d\udd39 Uzun yolculuklara ve y\u00fcr\u00fcmeye katlanmakta zorlanan ciddi kronik hastal\u0131\u011f\u0131 olan misafirler.<\/p>\n<h3 data-start=\"3076\" data-end=\"3104\">\ud83d\udcb8 Fiyat ve rezervasyon<\/h3>\n<p data-start=\"3106\" data-end=\"3246\"><strong>\ud83d\udd39 \u015eimdi rezervasyon yap\u0131n - tur g\u00fcn\u00fc \u00f6deme yap\u0131n<\/strong><br data-start=\"3152\" data-end=\"3155\" \/>\ud83d\udd39 WhatsApp, Telegram, Viber \u00fczerinden bize ula\u015f\u0131n veya a\u015fa\u011f\u0131daki sipari\u015f formunu doldurun. \ud83d\udc47\ud83c\udffc<\/p>","protected":false},"excerpt":{"rendered":"<p>Belek'ten Pamukkale ve Salda G\u00f6l\u00fc'ne gezi: beyaz teraslar, antik Hierapolis, \u00abT\u00fcrk Maldivleri\u00bb, kahvalt\u0131, \u00f6\u011fle yeme\u011fi, ak\u015fam yeme\u011fi ve otel transferleri dahildir.<\/p>","protected":false},"featured_media":13671,"comment_status":"open","ping_status":"closed","template":"","meta":[],"product_brand":[],"product_cat":[124],"product_tag":[120],"class_list":{"0":"post-14962","1":"product","2":"type-product","3":"status-publish","4":"has-post-thumbnail","6":"tour_phys-ekskursii-v-belek","7":"product_cat-ekskursii-v-belek","8":"product_tag-belek","9":"pa_destination-ekskursii-v-belek","11":"first","12":"instock","13":"sale","14":"shipping-taxable","15":"purchasable","16":"product-type-tour_phys"},"aioseo_notices":[],"_links":{"self":[{"href":"https:\/\/mirekskursii.com\/tr\/wp-json\/wp\/v2\/product\/14962","targetHints":{"allow":["GET"]}}],"collection":[{"href":"https:\/\/mirekskursii.com\/tr\/wp-json\/wp\/v2\/product"}],"about":[{"href":"https:\/\/mirekskursii.com\/tr\/wp-json\/wp\/v2\/types\/product"}],"replies":[{"embeddable":true,"href":"https:\/\/mirekskursii.com\/tr\/wp-json\/wp\/v2\/comments?post=14962"}],"wp:featuredmedia":[{"embeddable":true,"href":"https:\/\/mirekskursii.com\/tr\/wp-json\/wp\/v2\/media\/13671"}],"wp:attachment":[{"href":"https:\/\/mirekskursii.com\/tr\/wp-json\/wp\/v2\/media?parent=14962"}],"wp:term":[{"taxonomy":"product_brand","embeddable":true,"href":"https:\/\/mirekskursii.com\/tr\/wp-json\/wp\/v2\/product_brand?post=14962"},{"taxonomy":"product_cat","embeddable":true,"href":"https:\/\/mirekskursii.com\/tr\/wp-json\/wp\/v2\/product_cat?post=14962"},{"taxonomy":"product_tag","embeddable":true,"href":"https:\/\/mirekskursii.com\/tr\/wp-json\/wp\/v2\/product_tag?post=14962"}],"curies":[{"name":"wp","href":"https:\/\/api.w.org\/{rel}","templated":true}]}}