{"id":14961,"date":"2025-11-18T19:30:44","date_gmt":"2025-11-18T16:30:44","guid":{"rendered":"https:\/\/mirekskursii.com\/?post_type=product&#038;p=14961\/"},"modified":"2025-12-11T20:08:40","modified_gmt":"2025-12-11T17:08:40","slug":"demre-myra-kekova-turu-belek","status":"publish","type":"product","link":"https:\/\/mirekskursii.com\/ekskursii\/demre-mira-kekova-iz-belek\/","title":{"rendered":"Demre Myra Kekova Turu \u2013 G\u00fcn\u00fcbirlik Belek \u00c7\u0131k\u0131\u015fl\u0131"},"content":{"rendered":"<h3 data-start=\"46\" data-end=\"59\">\ud83c\udfdd\ufe0f Genel Bak\u0131\u015f<\/h3>\n<p data-start=\"60\" data-end=\"257\">Belek'ten antik Likya'ya seyahat: bat\u0131k \u015fehir Kekova, Myra kaya mezarlar\u0131 ve Demre'deki Aziz Nikolaos Kilisesi. Deniz gezisi, \u00f6\u011fle yeme\u011fi ve Belek b\u00f6lgesine konforlu bir transfer ile bir g\u00fcnl\u00fck tur.<\/p>\n<h3 data-start=\"338\" data-end=\"352\">Dahil:<\/h3>\n<p data-start=\"353\" data-end=\"565\"><span style=\"color: #00ff00;\"><strong>\u2713<\/strong> <\/span>Otel transferi<br data-start=\"375\" data-end=\"378\" \/><span style=\"color: #00ff00;\"><strong>\u2713<\/strong> <\/span>Klimal\u0131 konforlu otob\u00fcs<br data-start=\"419\" data-end=\"422\" \/><span style=\"color: #00ff00;\"><strong>\u2713<\/strong> <\/span>Cam tabanl\u0131 bir yatta yolculuk<br data-start=\"456\" data-end=\"459\" \/><span style=\"color: #00ff00;\"><strong>\u2713<\/strong> <\/span>Mira'ya giri\u015f biletleri<br data-start=\"482\" data-end=\"485\" \/><span style=\"color: #00ff00;\"><strong>\u2713<\/strong> <\/span>Rehber: Rus\u00e7a, \u0130ngilizce<br data-start=\"511\" data-end=\"514\" \/><span style=\"color: #00ff00;\"><strong>\u2713<\/strong> <\/span>Tam sigortal\u0131<br data-start=\"534\" data-end=\"537\" \/><span style=\"color: #00ff00;\"><strong>\u2713<\/strong> <\/span>Yerel bir restoranda \u00f6\u011fle yeme\u011fi<\/p>\n<h3 data-start=\"567\" data-end=\"584\">Dahil de\u011fil:<\/h3>\n<div data-start=\"585\" data-end=\"680\"><span style=\"color: #ff0000;\"><strong>\u2717<\/strong> <\/span>Ki\u015fisel harcamalar<br data-start=\"649\" data-end=\"652\" \/><span style=\"color: #ff0000;\"><strong>\u2717<\/strong> <\/span>Foto\u011fraf ve video<br data-start=\"666\" data-end=\"669\" \/><span style=\"color: #ff0000;\"><strong>\u2717<\/strong> <\/span>\u0130\u00e7ecekler<\/div>\n<div data-start=\"585\" data-end=\"680\"><span style=\"color: #ff0000;\"><strong>\u2717<\/strong> <\/span>St Nicholas Kilisesi'ne giri\u015f (iste\u011fe ba\u011fl\u0131)<\/div>\n<h3 data-start=\"614\" data-end=\"642\">\ud83c\udf1f Turun \u00f6ne \u00e7\u0131kan \u00f6zellikleri<\/h3>\n<p data-start=\"643\" data-end=\"990\">\ud83d\udd39 Cam tabanl\u0131 bir yatla bat\u0131k \u015fehir Kekova \u00fczerinde gezinti<br data-start=\"708\" data-end=\"711\" \/>\ud83d\udd39 Myra'da kaya mezarlar\u0131 ve iyi korunmu\u015f bir Roma tiyatrosu<br data-start=\"775\" data-end=\"778\" \/>\ud83d\udd39 Demre'deki Aziz Nikolaos Kilisesi'ni ziyaret<br data-start=\"821\" data-end=\"824\" \/>\ud83d\udd39 Akdeniz'in turkuaz sular\u0131nda y\u00fczme (hava izin verdi\u011fi s\u00fcrece)<br data-start=\"882\" data-end=\"885\" \/>\ud83d\udd39 Simena Kalesi ve pitoresk sahil \u015feridi manzaras\u0131<br data-start=\"933\" data-end=\"936\" \/>\ud83d\udd39 Belek ve \u00e7evresindeki otellerden uygun transferler<\/p>\n<h3 data-start=\"992\" data-end=\"1014\">\ud83d\udcd6 Tam a\u00e7\u0131klama<\/h3>\n<p data-start=\"1015\" data-end=\"1244\">Sabah Belek yak\u0131nlar\u0131ndaki otelinizden al\u0131nacak ve pitoresk Akdeniz sahili boyunca antik Likya b\u00f6lgesine g\u00f6t\u00fcr\u00fcleceksiniz. \u0130lk durak Mira: burada etkileyici kaya mezarlar\u0131 ve bir Roma tiyatrosu g\u00f6receksiniz.<\/p>\n<p data-start=\"1246\" data-end=\"1492\">G\u00fczergah daha sonra Noel Baba'n\u0131n ger\u00e7ek hayattaki prototipi ile ili\u015fkilendirilen Aziz Nikolaos Kilisesi'nin bulundu\u011fu Demre'ye devam edecektir. Kiliseye giri\u015f, talep \u00fczerine yerinde \u00f6denebilir. Turdan sonra yerel bir restoranda geleneksel bir T\u00fcrk \u00f6\u011fle yeme\u011fi servis edilecektir.<\/p>\n<p data-start=\"1494\" data-end=\"1868\">Daha sonra \u00c7aya\u011fz\u0131 liman\u0131na gidecek ve Kekova adas\u0131na do\u011fru bir yolculuk i\u00e7in cam tabanl\u0131 bir yata bineceksiniz. Berrak suyun alt\u0131nda bat\u0131k antik kentin kal\u0131nt\u0131lar\u0131n\u0131 g\u00f6rebilirsiniz - duvarlar, bina par\u00e7alar\u0131 ve merdivenler. Yolculuk s\u0131ras\u0131nda y\u00fczmek ve foto\u011fraf \u00e7ekmek i\u00e7in bir mola verilir (hava ve deniz ko\u015fullar\u0131na ba\u011fl\u0131 olarak). Tekne gezisinden sonra Belek'teki otellere d\u00f6neceksiniz.<\/p>\n<h3 data-start=\"1870\" data-end=\"1890\">\ud83d\uddfa\ufe0f Tur g\u00fczergah\u0131<\/h3>\n<p data-start=\"1891\" data-end=\"2322\">\ud83d\udd39 Belek b\u00f6lgesindeki otellerden sabah kalk\u0131\u015f<br data-start=\"1934\" data-end=\"1937\" \/>\ud83d\udd39 Antik Myra'ya transfer, kaya mezarlar\u0131n\u0131 ve Roma tiyatrosunu gezme<br data-start=\"2005\" data-end=\"2008\" \/>\ud83d\udd39 Demre ve Aziz Nikolaos Kilisesi ziyareti (giri\u015f iste\u011fe ba\u011fl\u0131d\u0131r)<br data-start=\"2069\" data-end=\"2072\" \/>\ud83d\udd39 Yerel bir restoranda \u00f6\u011fle yeme\u011fi<br data-start=\"2099\" data-end=\"2102\" \/>\ud83d\udd39 Chayagzy liman\u0131na transfer ve yata bini\u015f<br data-start=\"2144\" data-end=\"2147\" \/>\ud83d\udd39 Kekova adas\u0131 boyunca cam dip gezisi, bat\u0131k \u015fehri gezme<br data-start=\"2222\" data-end=\"2225\" \/>\ud83d\udd39 Banyo molas\u0131 ve foto\u011fraf molas\u0131<br data-start=\"2261\" data-end=\"2264\" \/>\ud83d\udd39 Limana d\u00f6n\u00fc\u015f ve Belek'teki otellere geri transfer<\/p>\n<h3 data-start=\"2324\" data-end=\"2350\">\u2139\ufe0f Faydal\u0131 bilgiler<\/h3>\n<p data-start=\"2351\" data-end=\"2725\">\ud83d\udd39 S\u00fcre: yakla\u015f\u0131k 9-10 saat (tam g\u00fcn)<br data-start=\"2406\" data-end=\"2409\" \/>\ud83d\udd39 G\u00fczergah hava ve deniz ko\u015fullar\u0131na ba\u011fl\u0131 olarak de\u011fi\u015febilir<br data-start=\"2467\" data-end=\"2470\" \/>\ud83d\udd39 Tarihi mekanlarda dola\u015fmak i\u00e7in rahat ayakkab\u0131lar tavsiye edilir<br data-start=\"2536\" data-end=\"2539\" \/>\ud83d\udd39 \u00dccretsiz seyahat eden 6 ya\u015f\u0131ndan k\u00fc\u00e7\u00fck \u00e7ocuklar\u0131n otob\u00fcste ayr\u0131 bir koltu\u011fu yoktur. Tamamen dolu olduklar\u0131nda bir yeti\u015fkinin kuca\u011f\u0131nda otururlar veya \u00f6nceden ayr\u0131 bir koltuk rezerve edilebilir<\/p>\n<h3 data-start=\"2727\" data-end=\"2751\">\ud83c\udf92 Yan\u0131n\u0131za ne almal\u0131s\u0131n\u0131z<\/h3>\n<p data-start=\"2752\" data-end=\"2937\">\ud83d\udd39 Rahat ayakkab\u0131lar<br data-start=\"2768\" data-end=\"2771\" \/>\ud83d\udd39 G\u00fcne\u015f g\u00f6zl\u00fc\u011f\u00fc ve g\u00fcne\u015f kremi<br data-start=\"2810\" data-end=\"2813\" \/>\ud83d\udd39 Mayo ve havlu (Kekova'da y\u00fczmek i\u00e7in)<br data-start=\"2860\" data-end=\"2863\" \/>\ud83d\udd39 \u0130\u00e7ecekler, hediyelik e\u015fyalar ve St Nicholas Kilisesi'ne giri\u015f i\u00e7in nakit<\/p>\n<h3 data-start=\"2939\" data-end=\"2961\">\ud83d\udeab \u015eunlar i\u00e7in uygun de\u011fildir<\/h3>\n<p data-start=\"2962\" data-end=\"3114\">\ud83d\udd39 Hareket kabiliyeti ciddi derecede k\u0131s\u0131tl\u0131 olan ki\u015filer<br data-start=\"3005\" data-end=\"3008\" \/>\ud83d\udd39 Uzun yolculuklara katlanmakta zorlanan ciddi kronik hastal\u0131klar\u0131 olan yolcular<\/p>\n<h3 data-start=\"2884\" data-end=\"2912\">\ud83d\udcb8 Fiyat ve rezervasyon<\/h3>\n<p data-start=\"2914\" data-end=\"3054\"><strong>\ud83d\udd39 \u015eimdi rezervasyon yap\u0131n - tur g\u00fcn\u00fc \u00f6deme yap\u0131n<\/strong><br data-start=\"2960\" data-end=\"2963\" \/>\ud83d\udd39 WhatsApp, Telegram, Viber \u00fczerinden bize ula\u015f\u0131n veya a\u015fa\u011f\u0131daki sipari\u015f formunu doldurun. \ud83d\udc47\ud83c\udffc<\/p>","protected":false},"excerpt":{"rendered":"<article class=\"text-token-text-primary w-full focus:outline-none [--shadow-height:45px] has-data-writing-block:pointer-events-none has-data-writing-block:-mt-(--shadow-height) has-data-writing-block:pt-(--shadow-height) [&amp;:has([data-writing-block])&gt;*]:pointer-events-auto [content-visibility:auto] supports-[content-visibility:auto]:[contain-intrinsic-size:auto_100lvh] scroll-mt-[calc(var(--header-height)+min(200px,max(70px,20svh)))]\" dir=\"auto\" tabindex=\"-1\" data-turn-id=\"request-691836cd-f880-8328-a590-c99ebec06edd-10\" data-testid=\"conversation-turn-98\" data-scroll-anchor=\"true\" data-turn=\"assistant\">\n<div class=\"text-base my-auto mx-auto pb-10 [--thread-content-margin:--spacing(4)] thread-sm:[--thread-content-margin:--spacing(6)] thread-lg:[--thread-content-margin:--spacing(16)] px-(--thread-content-margin)\">\n<div class=\"[--thread-content-max-width:40rem] thread-lg:[--thread-content-max-width:48rem] mx-auto max-w-(--thread-content-max-width) flex-1 group\/turn-messages focus-visible:outline-hidden relative flex w-full min-w-0 flex-col agent-turn\" tabindex=\"-1\">\n<div class=\"flex max-w-full flex-col grow\">\n<div class=\"min-h-8 text-message relative flex w-full flex-col items-end gap-2 text-start break-words whitespace-normal [.text-message+&amp;]:mt-1\" dir=\"auto\" data-message-author-role=\"assistant\" data-message-id=\"1ea8af6b-280b-476a-8072-ea0c18b69fb5\" data-message-model-slug=\"gpt-5-1-thinking\">\n<div class=\"flex w-full flex-col gap-1 empty:hidden first:pt-[1px]\">\n<div class=\"markdown prose dark:prose-invert w-full break-words light markdown-new-styling\">\n<p data-start=\"3056\" data-end=\"3256\" data-is-last-node=\"\" data-is-only-node=\"\">\u042d\u043a\u0441\u043a\u0443\u0440\u0441\u0438\u044f \u0432 \u0414\u0435\u043c\u0440\u0435, \u041c\u0438\u0440\u0443 \u0438 \u041a\u0435\u043a\u043e\u0432\u0443 \u0438\u0437 \u0411\u0435\u043b\u0435\u043a\u0430: \u0441\u043a\u0430\u043b\u044c\u043d\u044b\u0435 \u0433\u0440\u043e\u0431\u043d\u0438\u0446\u044b, \u0446\u0435\u0440\u043a\u043e\u0432\u044c \u0421\u0432\u044f\u0442\u043e\u0433\u043e \u041d\u0438\u043a\u043e\u043b\u0430\u044f, \u043a\u0440\u0443\u0438\u0437 \u043a \u0437\u0430\u0442\u043e\u043d\u0443\u0432\u0448\u0435\u043c\u0443 \u0433\u043e\u0440\u043e\u0434\u0443 \u041a\u0435\u043a\u043e\u0432\u0430 \u043d\u0430 \u044f\u0445\u0442\u0435 \u0441\u043e \u0441\u0442\u0435\u043a\u043b\u044f\u043d\u043d\u044b\u043c \u0434\u043d\u043e\u043c \u0438 \u043e\u0431\u0435\u0434 \u0432\u043a\u043b\u044e\u0447\u0435\u043d\u044b.<\/p>\n<\/div>\n<\/div>\n<\/div>\n<\/div>\n<div class=\"z-0 flex min-h-[46px] justify-start\"><\/div>\n<div class=\"mt-3 w-full empty:hidden\">\n<div class=\"text-center\"><\/div>\n<\/div>\n<\/div>\n<\/div>\n<\/article>\n<div class=\"pointer-events-none h-px w-px\" aria-hidden=\"true\" data-edge=\"true\"><\/div>\n","protected":false},"featured_media":12563,"comment_status":"open","ping_status":"closed","template":"","meta":[],"product_brand":[],"product_cat":[124],"product_tag":[120],"class_list":{"0":"post-14961","1":"product","2":"type-product","3":"status-publish","4":"has-post-thumbnail","6":"tour_phys-ekskursii-v-belek","7":"product_cat-ekskursii-v-belek","8":"product_tag-belek","9":"pa_destination-ekskursii-v-belek","11":"first","12":"instock","13":"sale","14":"shipping-taxable","15":"purchasable","16":"product-type-tour_phys"},"aioseo_notices":[],"_links":{"self":[{"href":"https:\/\/mirekskursii.com\/tr\/wp-json\/wp\/v2\/product\/14961","targetHints":{"allow":["GET"]}}],"collection":[{"href":"https:\/\/mirekskursii.com\/tr\/wp-json\/wp\/v2\/product"}],"about":[{"href":"https:\/\/mirekskursii.com\/tr\/wp-json\/wp\/v2\/types\/product"}],"replies":[{"embeddable":true,"href":"https:\/\/mirekskursii.com\/tr\/wp-json\/wp\/v2\/comments?post=14961"}],"wp:featuredmedia":[{"embeddable":true,"href":"https:\/\/mirekskursii.com\/tr\/wp-json\/wp\/v2\/media\/12563"}],"wp:attachment":[{"href":"https:\/\/mirekskursii.com\/tr\/wp-json\/wp\/v2\/media?parent=14961"}],"wp:term":[{"taxonomy":"product_brand","embeddable":true,"href":"https:\/\/mirekskursii.com\/tr\/wp-json\/wp\/v2\/product_brand?post=14961"},{"taxonomy":"product_cat","embeddable":true,"href":"https:\/\/mirekskursii.com\/tr\/wp-json\/wp\/v2\/product_cat?post=14961"},{"taxonomy":"product_tag","embeddable":true,"href":"https:\/\/mirekskursii.com\/tr\/wp-json\/wp\/v2\/product_tag?post=14961"}],"curies":[{"name":"wp","href":"https:\/\/api.w.org\/{rel}","templated":true}]}}