{"id":14960,"date":"2025-11-18T19:27:08","date_gmt":"2025-11-18T16:27:08","guid":{"rendered":"https:\/\/mirekskursii.com\/?post_type=product&#038;p=14960\/"},"modified":"2026-04-15T16:57:30","modified_gmt":"2026-04-15T13:57:30","slug":"pamukkale-sicak-hava-balonu-turu-belek","status":"publish","type":"product","link":"https:\/\/mirekskursii.com\/ekskursii\/pamukkale-vozdushnyy-shar-iz-belek\/","title":{"rendered":"Pamukkale S\u0131cak Hava Balonu Turu Belek \u00c7\u0131k\u0131\u015fl\u0131 \u2013 G\u00fcn Do\u011fumu"},"content":{"rendered":"<h3 data-start=\"0\" data-end=\"14\">\ud83c\udf88 \u0130nceleme<\/h3>\n<p data-start=\"15\" data-end=\"319\">Belek ve yak\u0131n b\u00f6lgelerden (Bo\u011fazkent, Ac\u0131su, Belek, \u0130skele, Kadriye, U\u00e7kum) Pamukkale'ye seyahat ederek g\u00fcn do\u011fumunu s\u0131cak hava balonu u\u00e7u\u015fuyla kar\u015f\u0131lay\u0131n. Beyaz badanal\u0131 teraslar, antik Hierapolis turu ve lezzetli bir \u00f6\u011fle yeme\u011fi sizi bekliyor - renkli duygular\u0131 ve g\u00fczel manzaralar\u0131 sevenler i\u00e7in m\u00fckemmel bir tur.<\/p>\n<h3 data-start=\"470\" data-end=\"486\"><strong data-start=\"474\" data-end=\"486\">Dahil:<\/strong><\/h3>\n<p data-start=\"488\" data-end=\"714\"><span style=\"color: #00ff00;\"><strong>\u2713<\/strong> <\/span>Otel transferi<br data-start=\"510\" data-end=\"513\" \/><span style=\"color: #00ff00;\"><strong>\u2713<\/strong> <\/span>Konforlu otob\u00fcs<br data-start=\"538\" data-end=\"541\" \/><span style=\"color: #00ff00;\"><strong>\u2713<\/strong> <\/span>Balon u\u00e7u\u015fu<br data-start=\"566\" data-end=\"569\" \/><span style=\"color: #00ff00;\"><strong>\u2713<\/strong> <\/span>Rus\u00e7a konu\u015fan tarihi rehber<br data-start=\"631\" data-end=\"634\" \/><span style=\"color: #00ff00;\"><strong>\u2713<\/strong> <\/span>\u00d6\u011fle Yeme\u011fi<br data-start=\"640\" data-end=\"643\" \/><span style=\"color: #00ff00;\"><strong>\u2713<\/strong> <\/span>Profesyonel bir pilot<br data-start=\"667\" data-end=\"670\" \/><span style=\"color: #00ff00;\"><strong>\u2713<\/strong> <\/span>U\u00e7u\u015f sertifikas\u0131<br data-start=\"691\" data-end=\"694\" \/><span style=\"color: #00ff00;\"><strong>\u2713<\/strong> <\/span>Tam sigorta<\/p>\n<h3 data-start=\"716\" data-end=\"735\"><strong data-start=\"720\" data-end=\"735\">Dahil de\u011fil:<\/strong><\/h3>\n<div data-start=\"737\" data-end=\"796\"><span style=\"color: #ff0000;\"><strong>\u2717 <\/strong><\/span>Pamukkale ve Hierapolis'e giri\u015f (45 $)<\/div>\n<div data-start=\"737\" data-end=\"796\"><span style=\"color: #ff0000;\"><strong>\u2717<\/strong> <\/span>Kleopatra'n\u0131n havuzunun giri\u015fi<br data-start=\"763\" data-end=\"766\" \/><span style=\"color: #ff0000;\"><strong>\u2717<\/strong> <\/span>\u0130\u00e7ecekler<\/div>\n<h3 data-start=\"648\" data-end=\"676\">\ud83c\udf1f Turun \u00f6ne \u00e7\u0131kan \u00f6zellikleri<\/h3>\n<p data-start=\"678\" data-end=\"988\">\ud83d\udd39 Pamukkale teraslar\u0131 \u00fczerinde g\u00fcn do\u011fumunda s\u0131cak hava balonu gezisi<br data-start=\"740\" data-end=\"743\" \/>\ud83d\udd39 \u00c7arp\u0131c\u0131 panoramik manzaralar ve e\u015fsiz foto\u011fraflar<br data-start=\"791\" data-end=\"794\" \/>\ud83d\udd39 U\u00e7a\u011fa bindikten sonra sertifika ve \u015fampanya<br data-start=\"834\" data-end=\"837\" \/>\ud83d\udd39 Antik Hierapolis turu<br data-start=\"872\" data-end=\"875\" \/>\ud83d\udd39 Kleopatra'n\u0131n havuzunu ziyaret etme imkan\u0131 (iste\u011fe ba\u011fl\u0131)<br data-start=\"929\" data-end=\"932\" \/>\ud83d\udd39 Belek ve \u00e7evresindeki otellerden konforlu transferler<\/p>\n<h3 data-start=\"990\" data-end=\"1014\">\ud83d\udcd6 Tam a\u00e7\u0131klama<\/h3>\n<p data-start=\"1016\" data-end=\"1641\">Sabah erken saatlerde Belek ve civar b\u00f6lgelerdeki (Bo\u011fazkent, Ac\u0131su, \u0130skele, Kadriye, U\u00e7kum) otellerden al\u0131nacak ve Pamukkale'ye g\u00f6t\u00fcr\u00fcleceksiniz (yakla\u015f\u0131k 3,5 saat yolculuk s\u00fcresi). Var\u0131\u015fta, bir s\u0131cak hava balonuyla g\u00f6ky\u00fcz\u00fcne \u00e7\u0131kacak ve beyaz teraslar ve \u00e7evredeki vadiler \u00fczerinde g\u00fcn do\u011fumunu kar\u015f\u0131layacaks\u0131n\u0131z. Yumu\u015fak bir ini\u015ften sonra size bir kadeh \u015fampanya ikram edilecek ve bir u\u00e7u\u015f sertifikas\u0131 sunulacakt\u0131r. Ard\u0131ndan rehberinizle birlikte Pamukkale ve Hierapolis turuna \u00e7\u0131kacaks\u0131n\u0131z: Roma tiyatrosu, antik thermae ve kapl\u0131calar. Dilerseniz ekstra \u00fccret kar\u015f\u0131l\u0131\u011f\u0131nda Kleopatra'n\u0131n havuzunda y\u00fczebilirsiniz. \u00d6\u011fleden sonra \u00f6\u011fle yeme\u011fi yiyeceksiniz ve ard\u0131ndan grup Belek'teki otellere geri d\u00f6necek.<\/p>\n<h3 data-start=\"1643\" data-end=\"1667\">\ud83d\uddfa\ufe0f Tur Program\u0131<\/h3>\n<p data-start=\"1669\" data-end=\"1973\">\ud83d\udd39 Belek ve \u00e7evresindeki otellerden erken transfer<br data-start=\"1719\" data-end=\"1722\" \/>\ud83d\udd39 Pamukkale Gezisi<br data-start=\"1744\" data-end=\"1747\" \/>\ud83d\udd39 \u015eafak vakti s\u0131cak hava balonu<br data-start=\"1785\" data-end=\"1788\" \/>\ud83d\udd39 \u015eampanya ve u\u00e7u\u015f sertifikas\u0131<br data-start=\"1823\" data-end=\"1826\" \/>\ud83d\udd39 Pamukkale ve Hierapolis Turu<br data-start=\"1864\" data-end=\"1867\" \/>\ud83d\udd39 Kleopatra'n\u0131n havuzunda y\u00fczme (iste\u011fe ba\u011fl\u0131, ekstra \u00fccret)<br data-start=\"1923\" data-end=\"1926\" \/>\ud83d\udd39 \u00d6\u011fle Yeme\u011fi<br data-start=\"1933\" data-end=\"1936\" \/>\ud83d\udd39 Belek'teki otellere d\u00f6n\u00fc\u015f transferi<\/p>\n<h3 data-start=\"1975\" data-end=\"2003\">\u2139\ufe0f Faydal\u0131 bilgiler<\/h3>\n<p data-start=\"2005\" data-end=\"2354\">\ud83d\udd39 S\u00fcre: yakla\u015f\u0131k 12 saat (yol ile)<br data-start=\"2053\" data-end=\"2056\" \/>\ud83d\udd39 Hava ko\u015fullar\u0131 nedeniyle u\u00e7u\u015flar ertelenebilir veya iptal edilebilir (u\u00e7u\u015f \u00fccreti iade edilir)<br data-start=\"2155\" data-end=\"2158\" \/>\ud83d\udd39 Yol boyunca k\u0131sa duraklar var<br data-start=\"2203\" data-end=\"2206\" \/>\ud83d\udd39 Rahat k\u0131yafetler ve y\u00fcr\u00fcy\u00fc\u015f ayakkab\u0131lar\u0131 tavsiye edilir<br data-start=\"2256\" data-end=\"2259\" \/>\ud83d\udd39 05 ya\u015f\u0131na kadar \u00e7ocuklar - otob\u00fcste ayr\u0131 bir koltuk olmadan (koltuk ek \u00fccret kar\u015f\u0131l\u0131\u011f\u0131nda \u00f6nceden rezerve edilebilir)<\/p>\n<h3 data-start=\"2356\" data-end=\"2382\">\ud83c\udf92 Yan\u0131n\u0131za ne almal\u0131s\u0131n\u0131z<\/h3>\n<p data-start=\"2384\" data-end=\"2577\">\ud83d\udd39 G\u00fcne\u015f g\u00f6zl\u00fckleri ve ba\u015fl\u0131klar<br data-start=\"2422\" data-end=\"2425\" \/>\ud83d\udd39 Rahat spor giysiler<br data-start=\"2453\" data-end=\"2456\" \/>\ud83d\udd39 Mayo ve havlu (Kleopatra'n\u0131n havuzu i\u00e7in)<br data-start=\"2505\" data-end=\"2508\" \/>\ud83d\udd39 G\u00fcne\u015f Kremi<br data-start=\"2530\" data-end=\"2533\" \/>\ud83d\udd39 Ki\u015fisel harcamalar ve i\u00e7ecekler i\u00e7in nakit<\/p>\n<h3 data-start=\"2579\" data-end=\"2603\">\ud83d\udeab \u015eunlar i\u00e7in uygun de\u011fildir<\/h3>\n<p data-start=\"2605\" data-end=\"2647\">\ud83d\udd39 7 ya\u015f\u0131ndan k\u00fc\u00e7\u00fck \u00e7ocuklar<br data-start=\"2622\" data-end=\"2625\" \/>\ud83d\udd39 Hamile kad\u0131nlar<\/p>\n<h3 data-start=\"2649\" data-end=\"2677\">\ud83d\udcb8 Fiyat ve rezervasyon<\/h3>\n<p data-start=\"2679\" data-end=\"2819\"><strong>\ud83d\udd39 \u015eimdi rezervasyon yap\u0131n - tur g\u00fcn\u00fc \u00f6deme yap\u0131n<\/strong><br data-start=\"2725\" data-end=\"2728\" \/>\ud83d\udd39 WhatsApp, Telegram, Viber \u00fczerinden bize ula\u015f\u0131n veya a\u015fa\u011f\u0131daki sipari\u015f formunu doldurun. \ud83d\udc47\ud83c\udffc<\/p>","protected":false},"excerpt":{"rendered":"<p>Belek'ten Pamukkale s\u0131cak hava balonu yolculu\u011fu: g\u00fcn do\u011fumu u\u00e7u\u015fu, Hierapolis, \u00f6\u011fle yeme\u011fi, otel transferi, sertifika ve ini\u015ften sonra \u015fampanya.<\/p>","protected":false},"featured_media":12607,"comment_status":"open","ping_status":"closed","template":"","meta":[],"product_brand":[],"product_cat":[124],"product_tag":[120],"class_list":{"0":"post-14960","1":"product","2":"type-product","3":"status-publish","4":"has-post-thumbnail","6":"tour_phys-ekskursii-v-belek","7":"product_cat-ekskursii-v-belek","8":"product_tag-belek","9":"pa_destination-ekskursii-v-belek","11":"first","12":"instock","13":"sale","14":"featured","15":"shipping-taxable","16":"purchasable","17":"product-type-tour_phys"},"aioseo_notices":[],"_links":{"self":[{"href":"https:\/\/mirekskursii.com\/tr\/wp-json\/wp\/v2\/product\/14960","targetHints":{"allow":["GET"]}}],"collection":[{"href":"https:\/\/mirekskursii.com\/tr\/wp-json\/wp\/v2\/product"}],"about":[{"href":"https:\/\/mirekskursii.com\/tr\/wp-json\/wp\/v2\/types\/product"}],"replies":[{"embeddable":true,"href":"https:\/\/mirekskursii.com\/tr\/wp-json\/wp\/v2\/comments?post=14960"}],"wp:featuredmedia":[{"embeddable":true,"href":"https:\/\/mirekskursii.com\/tr\/wp-json\/wp\/v2\/media\/12607"}],"wp:attachment":[{"href":"https:\/\/mirekskursii.com\/tr\/wp-json\/wp\/v2\/media?parent=14960"}],"wp:term":[{"taxonomy":"product_brand","embeddable":true,"href":"https:\/\/mirekskursii.com\/tr\/wp-json\/wp\/v2\/product_brand?post=14960"},{"taxonomy":"product_cat","embeddable":true,"href":"https:\/\/mirekskursii.com\/tr\/wp-json\/wp\/v2\/product_cat?post=14960"},{"taxonomy":"product_tag","embeddable":true,"href":"https:\/\/mirekskursii.com\/tr\/wp-json\/wp\/v2\/product_tag?post=14960"}],"curies":[{"name":"wp","href":"https:\/\/api.w.org\/{rel}","templated":true}]}}