{"id":14959,"date":"2025-11-18T19:03:07","date_gmt":"2025-11-18T16:03:07","guid":{"rendered":"https:\/\/mirekskursii.com\/?post_type=product&#038;p=14959\/"},"modified":"2026-02-21T15:08:21","modified_gmt":"2026-02-21T12:08:21","slug":"kapadokya-2-gunluk-turu-belek","status":"publish","type":"product","link":"https:\/\/mirekskursii.com\/ekskursii\/kappadokiya-2-dnya-iz-belek\/","title":{"rendered":"Belek'ten 2 G\u00fcnl\u00fck Kapadokya Turu \u2013 S\u0131cak Hava Balonu"},"content":{"rendered":"<h3 data-start=\"52\" data-end=\"64\">\ud83c\udf04 \u0130nceleme<\/h3>\n<p data-start=\"65\" data-end=\"284\">Belek, Bo\u011fazkent, Kadriye ve Serik'ten 2 g\u00fcnl\u00fck Kapadokya turuna \u00e7\u0131k\u0131n. Muhte\u015fem bacalar, yeralt\u0131 \u015fehri, ma\u011fara kiliseleri ve panoramik vadiler profesyonel bir rehber, geceleme otel konaklama ve konforlu transfer ile.<\/p>\n<h3 data-start=\"151\" data-end=\"378\"><strong data-start=\"151\" data-end=\"164\">Dahil:<\/strong><\/h3>\n<p data-start=\"151\" data-end=\"378\"><span style=\"color: #00ff00;\"><strong>\u2713<\/strong> <\/span>Otelden\/otele transfer<br data-start=\"188\" data-end=\"191\" \/><span style=\"color: #00ff00;\"><strong>\u2713<\/strong> <\/span>Konaklama 1 gece (standart)<br data-start=\"221\" data-end=\"224\" \/><span style=\"color: #00ff00;\"><strong>\u2713<\/strong> <\/span>\u0130lk gece ak\u015fam yeme\u011fi<br data-start=\"245\" data-end=\"248\" \/><span style=\"color: #00ff00;\"><strong>\u2713<\/strong> <\/span>Kahvalt\u0131 (2. g\u00fcn, otelde)<br data-start=\"277\" data-end=\"280\" \/><span style=\"color: #00ff00;\"><strong>\u2713<\/strong> <\/span>Programa g\u00f6re giri\u015f biletleri<br data-start=\"309\" data-end=\"312\" \/><span style=\"color: #00ff00;\"><strong>\u2713<\/strong> <\/span>Profesyonel rehber<br data-start=\"334\" data-end=\"337\" \/><span style=\"color: #00ff00;\"><strong>\u2713<\/strong> <\/span>Sigorta<br data-start=\"348\" data-end=\"351\" \/><span style=\"color: #00ff00;\"><strong>\u2713<\/strong> <\/span>Klimal\u0131 otob\u00fcs<\/p>\n<h3 data-start=\"380\" data-end=\"601\"><strong data-start=\"380\" data-end=\"396\">Dahil de\u011fil:<\/strong><\/h3>\n<p data-start=\"380\" data-end=\"601\"><span style=\"color: #ff0000;\"><strong>\u2717<\/strong> <\/span>Yemeklerle birlikte i\u00e7ecekler<br data-start=\"421\" data-end=\"424\" \/><span style=\"color: #ff0000;\"><strong>\u2717<\/strong> <\/span>Tek ki\u015filik oda ilavesi<br data-start=\"454\" data-end=\"457\" \/><span style=\"color: #ff0000;\"><strong>\u2717<\/strong> <\/span>Her iki g\u00fcnde de \u00f6\u011fle yeme\u011fi<br data-start=\"474\" data-end=\"477\" \/><span style=\"color: #ff0000;\"><strong>\u2717<\/strong> <\/span><strong>Ek Se\u00e7enekler:<\/strong><br data-start=\"500\" data-end=\"503\" \/><strong>\u2022<\/strong> T\u00fcrk Gecesi - 35 $<br data-start=\"524\" data-end=\"527\" \/><strong>\u2022<\/strong> Panoramik tur - otob\u00fcs ile - 35 $<br data-start=\"563\" data-end=\"566\" \/><strong>\u2022<\/strong> Panoramik tur - jeep ile - 55 $<\/p>\n<h3 data-start=\"847\" data-end=\"875\">\ud83c\udff0 Turun \u00f6nemli noktalar\u0131<\/h3>\n<p data-start=\"876\" data-end=\"1262\">\ud83d\udd39 A\u015fk Vadisi'nin muhte\u015fem bacalar\u0131<br data-start=\"910\" data-end=\"913\" \/>\ud83d\udd39 Yeralt\u0131 \u015eehri e\u015fsiz bir m\u00fchendislik harikas\u0131d\u0131r<br data-start=\"960\" data-end=\"963\" \/>\ud83d\udd39 \u00abMantar kayalar\u0131\u00bb ile Pa\u015faba\u011f Vadisi\u00bb<br data-start=\"1001\" data-end=\"1004\" \/>\ud83d\udd39 Panoramik manzaral\u0131 U\u00e7hisar Kalesi<br data-start=\"1042\" data-end=\"1045\" \/>\ud83d\udd39 Zelwe A\u00e7\u0131k Hava M\u00fczesi - ma\u011fara k\u00f6y\u00fc<br data-start=\"1098\" data-end=\"1101\" \/>\ud83d\udd39 Tuhaf \u015fekilli kayalar\u0131yla Devrent Vadisi<br data-start=\"1146\" data-end=\"1149\" \/>\ud83d\udd39 Avanos'ta \u00e7\u00f6mlek\u00e7ilik g\u00f6sterisi<br data-start=\"1193\" data-end=\"1196\" \/>\ud83d\udd39 \u015eafak vakti balon u\u00e7u\u015fu imkan\u0131 (iste\u011fe ba\u011fl\u0131)<\/p>\n<h3 data-start=\"1264\" data-end=\"1286\">\ud83d\udcd6 Tam a\u00e7\u0131klama<\/h3>\n<p data-start=\"1287\" data-end=\"1631\">Sabah erken saatlerde Belek ve \u00e7evresindeki otellerden \u00e7\u0131k\u0131\u015f yaparak Toros Da\u011flar\u0131 \u00fczerinden Kapadokya'ya do\u011fru yola \u00e7\u0131k\u0131yorsunuz. \u0130lk g\u00fcn program genellikle yeralt\u0131 \u015fehri, U\u00e7hisar kalesi, G\u00f6reme vadisinin panoramik yerleri, Pashabag vadisi ve Avanos'ta \u00e7\u00f6mlek\u00e7ili\u011fe giri\u015f i\u00e7erir. Ak\u015fam otele giri\u015f, ak\u015fam yeme\u011fi ve iste\u011fe ba\u011fl\u0131 T\u00fcrk gecesi.<\/p>\n<p data-start=\"1633\" data-end=\"1928\">\u0130kinci g\u00fcn vadilere ve manzara noktalar\u0131na (A\u015fk Vadisi ve di\u011fer panoramik noktalar), ma\u011fara kiliselerine ve bir kervansaraya yap\u0131lacak ziyaretleri i\u00e7ermektedir. Belek'e d\u00f6n\u00fc\u015f yolunda \u00f6\u011fle yeme\u011fi i\u00e7in Konya'da durmak m\u00fcmk\u00fcnd\u00fcr. Tarih, do\u011fa ve k\u00fclt\u00fcr\u00fc birle\u015ftiren bu tur size Kapadokya'n\u0131n ana sembollerini 2 g\u00fcnde g\u00f6rme f\u0131rsat\u0131 sunuyor.<\/p>\n<h3 data-start=\"1930\" data-end=\"1950\">\ud83d\uddfa\ufe0f Tur g\u00fczergah\u0131<\/h3>\n<p data-start=\"1951\" data-end=\"2273\"><strong data-start=\"1951\" data-end=\"1961\">1. G\u00fcn<\/strong><br data-start=\"1961\" data-end=\"1964\" \/>\ud83d\udd39 Belek, Bo\u011fazkent, Kadriye, Serik'teki otellerden erken \u00e7\u0131k\u0131\u015f<br data-start=\"2024\" data-end=\"2027\" \/>\ud83d\udd39 Yol boyunca kahvalt\u0131 i\u00e7in durun<br data-start=\"2060\" data-end=\"2063\" \/>\ud83d\udd39 Yeralt\u0131 \u015fehrine bir ziyaret<br data-start=\"2093\" data-end=\"2096\" \/>\ud83d\udd39 \u00d6\u011fle yeme\u011fi (programa g\u00f6re)<br data-start=\"2118\" data-end=\"2121\" \/>\ud83d\udd39 U\u00e7hisar ve G\u00f6reme vadisinin panoramas\u0131<br data-start=\"2156\" data-end=\"2159\" \/>\ud83d\udd39 Pa\u015faba\u011f Vadisi ve Avanos Seramik Merkezi<br data-start=\"2204\" data-end=\"2207\" \/>\ud83d\udd39 Otele giri\u015f, ak\u015fam yeme\u011fi, serbest zaman \/ iste\u011fe ba\u011fl\u0131 g\u00f6steriler<\/p>\n<p data-start=\"2275\" data-end=\"2483\"><strong data-start=\"2275\" data-end=\"2285\">2. G\u00fcn<\/strong><br data-start=\"2285\" data-end=\"2288\" \/>\ud83d\udd39 Otelde kahvalt\u0131<br data-start=\"2306\" data-end=\"2309\" \/>\ud83d\udd39 A\u015fk Vadisi ve ma\u011fara kiliseler (program dahilinde)<br data-start=\"2357\" data-end=\"2360\" \/>\ud83d\udd39 Hal\u0131 dokuma merkezi ve kervansaray ziyareti<br data-start=\"2409\" data-end=\"2412\" \/>\ud83d\udd39 Konya b\u00f6lgesinde \u00f6\u011fle yeme\u011fi (program dahilinde)<br data-start=\"2449\" data-end=\"2452\" \/>\ud83d\udd39 Belek otellerine geri d\u00f6n<\/p>\n<h3 data-start=\"2485\" data-end=\"2511\">\u2139\ufe0f Faydal\u0131 bilgiler<\/h3>\n<p data-start=\"2512\" data-end=\"2951\">\ud83d\udd39 S\u00fcre: 2 g\u00fcn \/ 1 gece<br data-start=\"2548\" data-end=\"2551\" \/>\ud83d\udd39 Aktivite seviyesi: orta (\u00e7ok fazla y\u00fcr\u00fcme ve t\u0131rmanma)<br data-start=\"2609\" data-end=\"2612\" \/>\ud83d\udd39 Balonla u\u00e7u\u015f hava durumuna ba\u011fl\u0131d\u0131r ve ayr\u0131ca \u00fccretlendirilir<br data-start=\"2680\" data-end=\"2683\" \/>\ud83d\udd39 Standart odada konaklama, tek ki\u015filik konaklama ek \u00fccrete tabidir<br data-start=\"2762\" data-end=\"2765\" \/>\ud83d\udd39 \u00dccretsiz seyahat eden 6 ya\u015f\u0131ndan k\u00fc\u00e7\u00fck \u00e7ocuklar\u0131n otob\u00fcste ayr\u0131 bir koltu\u011fu yoktur. Tamamen dolu olduklar\u0131nda bir yeti\u015fkinin kuca\u011f\u0131nda otururlar veya \u00f6nceden ayr\u0131 bir koltuk rezerve edilebilir<\/p>\n<h3 data-start=\"2953\" data-end=\"2977\">\ud83c\udf92 Yan\u0131n\u0131za ne almal\u0131s\u0131n\u0131z<\/h3>\n<p data-start=\"2978\" data-end=\"3263\">\ud83d\udd39 Pasaport veya kimlik kart\u0131<br data-start=\"3015\" data-end=\"3018\" \/>\ud83d\udd39 Rahat y\u00fcr\u00fcy\u00fc\u015f ayakkab\u0131lar\u0131<br data-start=\"3045\" data-end=\"3048\" \/>\ud83d\udd39 G\u00fcne\u015f g\u00f6zl\u00fc\u011f\u00fc, \u015fapka ve g\u00fcne\u015f kremi<br data-start=\"3102\" data-end=\"3105\" \/>\ud83d\udd39 Serin sabahlar\/ak\u015famlar i\u00e7in hafif bir ceket veya sweatshirt<br data-start=\"3156\" data-end=\"3159\" \/>\ud83d\udd39 \u015earj cihaz\u0131 ile birlikte kamera veya ak\u0131ll\u0131 telefon<br data-start=\"3209\" data-end=\"3212\" \/>\ud83d\udd39 \u00d6\u011fle yemekleri ve iste\u011fe ba\u011fl\u0131 aktiviteler i\u00e7in nakit<\/p>\n<h3 data-start=\"3265\" data-end=\"3287\">\ud83d\udeab \u015eunlar i\u00e7in uygun de\u011fildir<\/h3>\n<p data-start=\"3288\" data-end=\"3406\">\ud83d\udd39 Hareket kabiliyeti ciddi derecede k\u0131s\u0131tl\u0131 misafirler<br data-start=\"3334\" data-end=\"3337\" \/>\ud83d\udd39 Uzun yolculuklarla ba\u015f etmekte zorlanan \u00e7ok k\u00fc\u00e7\u00fck \u00e7ocuklar<\/p>\n<h3 data-start=\"3426\" data-end=\"3454\">\ud83d\udcb8 Fiyat ve rezervasyon<\/h3>\n<p data-start=\"3456\" data-end=\"3605\"><strong>\ud83d\udd39 \u015eimdi rezervasyon yap\u0131n, tur g\u00fcn\u00fc \u00f6deyin<\/strong><br data-start=\"3505\" data-end=\"3508\" \/>\ud83d\udd39 WhatsApp, Telegram, Viber \u00fczerinden bize ula\u015f\u0131n veya a\u015fa\u011f\u0131daki rezervasyon formunu doldurun. \ud83d\udc47\ud83c\udffc<\/p>","protected":false},"excerpt":{"rendered":"<p>Belek'ten Kapadokya'ya 2 g\u00fcnl\u00fck tur: peri bacalar\u0131, yeralt\u0131 \u015fehri, U\u00e7hisar, Pa\u015faba\u011f ve Zelve, bir gece otelde konaklama, rehberlik, transferler ve kahvalt\u0131lar dahil.<\/p>","protected":false},"featured_media":12798,"comment_status":"open","ping_status":"closed","template":"","meta":[],"product_brand":[],"product_cat":[124],"product_tag":[120],"class_list":{"0":"post-14959","1":"product","2":"type-product","3":"status-publish","4":"has-post-thumbnail","6":"tour_phys-ekskursii-v-belek","7":"product_cat-ekskursii-v-belek","8":"product_tag-belek","9":"pa_destination-ekskursii-v-belek","11":"first","12":"instock","13":"sale","14":"shipping-taxable","15":"purchasable","16":"product-type-tour_phys"},"aioseo_notices":[],"_links":{"self":[{"href":"https:\/\/mirekskursii.com\/tr\/wp-json\/wp\/v2\/product\/14959","targetHints":{"allow":["GET"]}}],"collection":[{"href":"https:\/\/mirekskursii.com\/tr\/wp-json\/wp\/v2\/product"}],"about":[{"href":"https:\/\/mirekskursii.com\/tr\/wp-json\/wp\/v2\/types\/product"}],"replies":[{"embeddable":true,"href":"https:\/\/mirekskursii.com\/tr\/wp-json\/wp\/v2\/comments?post=14959"}],"wp:featuredmedia":[{"embeddable":true,"href":"https:\/\/mirekskursii.com\/tr\/wp-json\/wp\/v2\/media\/12798"}],"wp:attachment":[{"href":"https:\/\/mirekskursii.com\/tr\/wp-json\/wp\/v2\/media?parent=14959"}],"wp:term":[{"taxonomy":"product_brand","embeddable":true,"href":"https:\/\/mirekskursii.com\/tr\/wp-json\/wp\/v2\/product_brand?post=14959"},{"taxonomy":"product_cat","embeddable":true,"href":"https:\/\/mirekskursii.com\/tr\/wp-json\/wp\/v2\/product_cat?post=14959"},{"taxonomy":"product_tag","embeddable":true,"href":"https:\/\/mirekskursii.com\/tr\/wp-json\/wp\/v2\/product_tag?post=14959"}],"curies":[{"name":"wp","href":"https:\/\/api.w.org\/{rel}","templated":true}]}}