{"id":14950,"date":"2025-11-18T13:09:41","date_gmt":"2025-11-18T10:09:41","guid":{"rendered":"https:\/\/mirekskursii.com\/?post_type=product&#038;p=14950\/"},"modified":"2025-12-11T20:23:07","modified_gmt":"2025-12-11T17:23:07","slug":"buggy-safari-turu-belek","status":"publish","type":"product","link":"https:\/\/mirekskursii.com\/ekskursii\/baggi-safari-v-belek\/","title":{"rendered":"Belek Buggy Safari Turu \u2013 Off-Road Maceras\u0131"},"content":{"rendered":"<h3 data-start=\"51\" data-end=\"64\">\ud83c\udfdd\ufe0f Genel Bak\u0131\u015f<\/h3>\n<p data-start=\"65\" data-end=\"274\">Belek'te bir buggy safarisinde saf adrenalini ya\u015fay\u0131n! Tozlu orman yollar\u0131nda ve do\u011fayla \u00e7evrili off-road parkurlar\u0131nda otomatik buggy'leri s\u00fcr\u00fcn. Tur yeni ba\u015flayanlar i\u00e7in uygundur - ehliyet veya deneyim gerekmez.<\/p>\n<h3 data-start=\"276\" data-end=\"288\">Dahil:<\/h3>\n<div data-start=\"289\" data-end=\"422\"><span style=\"color: #00ff00;\"><strong>\u2713<\/strong> <\/span>Otel transferi<br data-start=\"359\" data-end=\"362\" \/><span style=\"color: #00ff00;\"><strong>\u2713<\/strong> <\/span>Tam sigorta kapsam\u0131<br data-start=\"389\" data-end=\"392\" \/><span style=\"color: #00ff00;\"><strong>\u2713<\/strong> <\/span>Koruyucu ekipman (kask)<\/div>\n<div data-start=\"289\" data-end=\"422\"><span style=\"color: #00ff00;\"><strong>\u2713<\/strong> <\/span>Profesyonel rehber ve e\u011fitmen hizmetleri<\/div>\n<h3 data-start=\"424\" data-end=\"439\">Dahil de\u011fil:<\/h3>\n<p data-start=\"440\" data-end=\"545\"><span style=\"color: #ff0000;\"><strong>\u2717<\/strong> <\/span>Ki\u015fisel harcamalar (i\u00e7ecekler, at\u0131\u015ft\u0131rmal\u0131klar, foto\u011fraflar, bandanalar)<br data-start=\"490\" data-end=\"493\" \/><span style=\"color: #ff0000;\"><strong>\u2717<\/strong> <\/span>Ek banyo molas\u0131 (programa g\u00f6re)<\/p>\n<h3 data-start=\"547\" data-end=\"575\">\ud83c\udf1f Turun \u00f6ne \u00e7\u0131kan \u00f6zellikleri<\/h3>\n<p data-start=\"576\" data-end=\"858\">\ud83d\udd39 Ger\u00e7ek off-road arazisinde kendi buggy'nizi s\u00fcr\u00fcn<br data-start=\"632\" data-end=\"635\" \/>\ud83d\udd39 Belek yak\u0131nlar\u0131ndaki pitoresk orman parkurlar\u0131<br data-start=\"683\" data-end=\"686\" \/>\ud83d\udd39 Acemi dostu tam otomatik makineler<br data-start=\"742\" data-end=\"745\" \/>\ud83d\udd39 \u00c7iftler, aileler ve \u015firketler i\u00e7in dinamik ve g\u00fcvenli bir macera<br data-start=\"809\" data-end=\"812\" \/>\ud83d\udd39 G\u00fcnde iki kez ara\u00e7la alma: sabah ve \u00f6\u011fleden sonra ara\u00e7la alma<\/p>\n<h3 data-start=\"860\" data-end=\"882\">\ud83d\udcd6 Tam a\u00e7\u0131klama<\/h3>\n<p data-start=\"883\" data-end=\"1131\">Maceran\u0131z Belek ve \u00e7evresindeki otelinizden buggy \u00fcss\u00fcne konforlu bir transferle ba\u015flar. Var\u0131\u015fta, e\u011fitmenler size bir g\u00fcvenlik brifingi, kask ve kontrollere al\u0131\u015fman\u0131z i\u00e7in k\u0131sa bir test s\u00fcr\u00fc\u015f\u00fc verecektir.<\/p>\n<p data-start=\"1133\" data-end=\"1482\">Ard\u0131ndan ana s\u00fcr\u00fc\u015f ba\u015flar: tozlu orman yollar\u0131, toprak patikalar ve hafif arazi b\u00f6l\u00fcmleri boyunca s\u00fcr\u00fc\u015f yapacaks\u0131n\u0131z. G\u00fczerg\u00e2hta foto\u011fraflar ve k\u0131sa dinlenmeler i\u00e7in molalar verilecek ve hava elveri\u015fliyse y\u00fczmek i\u00e7in durulacakt\u0131r. S\u00fcr\u00fc\u015f\u00fcn sonunda nefesinizi tutmak, \u00e7ekti\u011finiz foto\u011fraflara bakmak i\u00e7in zaman\u0131n\u0131z olacak ve ard\u0131ndan otelinize geri g\u00f6t\u00fcr\u00fcleceksiniz.<\/p>\n<h3 data-start=\"1484\" data-end=\"1504\">\ud83d\uddfa\ufe0f Tur g\u00fczergah\u0131<\/h3>\n<p data-start=\"1505\" data-end=\"1849\">\ud83d\udd39 Belek b\u00f6lgesindeki otellerden misafirlerin al\u0131nmas\u0131 ve transfer<br data-start=\"1555\" data-end=\"1558\" \/>\ud83d\udd39 Buggy \u00fcss\u00fcne var\u0131\u015f ve g\u00fcvenlik brifingi<br data-start=\"1612\" data-end=\"1615\" \/>\ud83d\udd39 Test s\u00fcr\u00fc\u015f\u00fc ve ekipman denetimi<br data-start=\"1652\" data-end=\"1655\" \/>\ud83d\udd39 Orman ve toprak yollarda temel off-road safari<br data-start=\"1717\" data-end=\"1720\" \/>\ud83d\udd39 Foto\u011fraf \u00e7ekmek ve dinlenmek i\u00e7in k\u0131sa molalar<br data-start=\"1759\" data-end=\"1762\" \/>\ud83d\udd39 Olas\u0131 y\u00fczme molas\u0131 (hava durumu ve rota)<br data-start=\"1816\" data-end=\"1819\" \/>\ud83d\udd39 Otellere d\u00f6n\u00fc\u015f transferi<\/p>\n<h3 data-start=\"1851\" data-end=\"1877\">\u2139\ufe0f Faydal\u0131 bilgiler<\/h3>\n<p data-start=\"1878\" data-end=\"2215\">\ud83d\udd39 Toplam s\u00fcre: yakla\u015f\u0131k 3-4 saat (yol ile)<br data-start=\"1933\" data-end=\"1936\" \/>\ud83d\udd39 Ge\u00e7ici olarak 09:00 ve 13:30'da olmak \u00fczere g\u00fcnde iki oturum<br data-start=\"1992\" data-end=\"1995\" \/>\ud83d\udd39 Ehliyete gerek yok<br data-start=\"2029\" data-end=\"2032\" \/>\ud83d\udd39 \u00c7ocuklar bir yeti\u015fkinle birlikte yolcu olarak kat\u0131labilir<br data-start=\"2091\" data-end=\"2094\" \/>\ud83d\udd39 Rahat eski k\u0131yafetler ve kapal\u0131 ayakkab\u0131lar \u00f6neriyoruz<br data-start=\"2147\" data-end=\"2150\" \/>\ud83d\udd39 Yan\u0131n\u0131zda g\u00fcne\u015f g\u00f6zl\u00fc\u011f\u00fc, krem ve toz bandanas\u0131 getirin<\/p>\n<h3 data-start=\"2217\" data-end=\"2241\">\ud83c\udf92 Yan\u0131n\u0131za ne almal\u0131s\u0131n\u0131z<\/h3>\n<p data-start=\"2242\" data-end=\"2405\">\ud83d\udd39 G\u00fcne\u015f g\u00f6zl\u00fc\u011f\u00fc ve g\u00fcne\u015f kremi<br data-start=\"2281\" data-end=\"2284\" \/>\ud83d\udd39 Bir bandana veya y\u00fcz maskesi<br data-start=\"2313\" data-end=\"2316\" \/>\ud83d\udd39 Rahat k\u0131yafetler ve kapal\u0131 ayakkab\u0131lar<br data-start=\"2350\" data-end=\"2353\" \/>\ud83d\udd39 \u0130\u00e7ki veya foto\u011fraf i\u00e7in k\u00fc\u00e7\u00fck bir miktar para<\/p>\n<h3 data-start=\"2407\" data-end=\"2429\">\ud83d\udeab \u015eunlar i\u00e7in uygun de\u011fildir<\/h3>\n<p data-start=\"2430\" data-end=\"2514\">\ud83d\udd39 Hamile kad\u0131nlar<br data-start=\"2450\" data-end=\"2453\" \/>\ud83d\udd39 Ciddi s\u0131rt, kalp veya solunum problemleri olan misafirler<\/p>\n<h3 data-start=\"2516\" data-end=\"2542\">\ud83d\udcb8 Fiyat ve rezervasyon<\/h3>\n<p data-start=\"2543\" data-end=\"2683\"><strong>\ud83d\udd39 \u015eimdi rezervasyon yap\u0131n - tur g\u00fcn\u00fc \u00f6deme yap\u0131n<\/strong><br data-start=\"2589\" data-end=\"2592\" \/>\ud83d\udd39 WhatsApp, Telegram, Viber \u00fczerinden bize ula\u015f\u0131n veya a\u015fa\u011f\u0131daki sipari\u015f formunu doldurun. \ud83d\udc47\ud83c\udffc<\/p>","protected":false},"excerpt":{"rendered":"<p>Belek'te buggy safari: otomatik buggy'lerle tozlu orman yollar\u0131nda ve off-road s\u00fcr\u00fc\u015f, otel transferleri, e\u011fitmen ve tam sigorta dahildir.<\/p>","protected":false},"featured_media":14809,"comment_status":"open","ping_status":"closed","template":"","meta":[],"product_brand":[],"product_cat":[124],"product_tag":[120],"class_list":{"0":"post-14950","1":"product","2":"type-product","3":"status-publish","4":"has-post-thumbnail","6":"tour_phys-ekskursii-v-belek","7":"product_cat-ekskursii-v-belek","8":"product_tag-belek","9":"pa_destination-ekskursii-v-belek","11":"first","12":"instock","13":"sale","14":"shipping-taxable","15":"purchasable","16":"product-type-tour_phys"},"aioseo_notices":[],"_links":{"self":[{"href":"https:\/\/mirekskursii.com\/tr\/wp-json\/wp\/v2\/product\/14950","targetHints":{"allow":["GET"]}}],"collection":[{"href":"https:\/\/mirekskursii.com\/tr\/wp-json\/wp\/v2\/product"}],"about":[{"href":"https:\/\/mirekskursii.com\/tr\/wp-json\/wp\/v2\/types\/product"}],"replies":[{"embeddable":true,"href":"https:\/\/mirekskursii.com\/tr\/wp-json\/wp\/v2\/comments?post=14950"}],"wp:featuredmedia":[{"embeddable":true,"href":"https:\/\/mirekskursii.com\/tr\/wp-json\/wp\/v2\/media\/14809"}],"wp:attachment":[{"href":"https:\/\/mirekskursii.com\/tr\/wp-json\/wp\/v2\/media?parent=14950"}],"wp:term":[{"taxonomy":"product_brand","embeddable":true,"href":"https:\/\/mirekskursii.com\/tr\/wp-json\/wp\/v2\/product_brand?post=14950"},{"taxonomy":"product_cat","embeddable":true,"href":"https:\/\/mirekskursii.com\/tr\/wp-json\/wp\/v2\/product_cat?post=14950"},{"taxonomy":"product_tag","embeddable":true,"href":"https:\/\/mirekskursii.com\/tr\/wp-json\/wp\/v2\/product_tag?post=14950"}],"curies":[{"name":"wp","href":"https:\/\/api.w.org\/{rel}","templated":true}]}}