{"id":14949,"date":"2025-11-18T13:01:12","date_gmt":"2025-11-18T10:01:12","guid":{"rendered":"https:\/\/mirekskursii.com\/?post_type=product&#038;p=14949\/"},"modified":"2025-12-11T20:27:11","modified_gmt":"2025-12-11T17:27:11","slug":"belek-turk-hamami","status":"publish","type":"product","link":"https:\/\/mirekskursii.com\/ekskursii\/turetskaya-banya-hamam-v-belek\/","title":{"rendered":"Belek T\u00fcrk Hamam\u0131 \u2013 Otantik Spa Deneyimi"},"content":{"rendered":"<h3 data-start=\"50\" data-end=\"63\">\ud83c\udfdd\ufe0f Genel Bak\u0131\u015f<\/h3>\n<p data-start=\"64\" data-end=\"277\">Otel transferiyle Belek'te otantik bir T\u00fcrk Hamam\u0131 deneyimi ya\u015fay\u0131n. Sauna, buhar odas\u0131, tuz odas\u0131, kese, k\u00f6p\u00fck ve ya\u011f masaj\u0131 rahatlaman\u0131za, cildinizi temizlemenize ve m\u00fckemmel tatil bronzlu\u011funa haz\u0131rlanman\u0131za yard\u0131mc\u0131 olacakt\u0131r.<\/p>\n<h3 data-start=\"279\" data-end=\"291\">Dahil:<\/h3>\n<div data-start=\"292\" data-end=\"608\"><span style=\"color: #00ff00;\"><strong>\u2713<\/strong> <\/span>Otel transferi<br data-start=\"314\" data-end=\"317\" \/><span style=\"color: #00ff00;\"><strong>\u2713<\/strong> <\/span>Sauna, buhar odas\u0131 ve tuz odas\u0131na eri\u015fim<br data-start=\"359\" data-end=\"362\" \/><span style=\"color: #00ff00;\"><strong>\u2713<\/strong> <\/span>30 dakikal\u0131k kese ve k\u00f6p\u00fck masaj\u0131<br data-start=\"397\" data-end=\"400\" \/><span style=\"color: #00ff00;\"><strong>\u2713<\/strong> <\/span>20 dakikal\u0131k rahatlat\u0131c\u0131 ya\u011f masaj\u0131<br data-start=\"443\" data-end=\"446\" \/><span style=\"color: #00ff00;\"><strong>\u2713<\/strong> <\/span>Y\u00fcz maskesi ve nazik y\u00fcz masaj\u0131<br data-start=\"554\" data-end=\"557\" \/><span style=\"color: #00ff00;\"><strong>\u2713<\/strong> <\/span>\u00c7ay veya elma i\u00e7ece\u011fi<br data-start=\"583\" data-end=\"586\" \/><span style=\"color: #00ff00;\"><strong>\u2713<\/strong> <\/span>Tam sigortal\u0131<\/div>\n<div data-start=\"292\" data-end=\"608\"><span style=\"color: #00ff00;\"><strong>\u2713<\/strong> <\/span>Havlu, terlik, sabun ve geleneksel kemer atk\u0131s\u0131 (pe\u015ftemal)<\/div>\n<h3 data-start=\"610\" data-end=\"625\">Dahil de\u011fil:<\/h3>\n<p data-start=\"626\" data-end=\"709\"><span style=\"color: #ff0000;\"><strong>\u2717<\/strong> <\/span>Ki\u015fisel harcamalar<br data-start=\"642\" data-end=\"645\" \/><span style=\"color: #ff0000;\"><strong>\u2717<\/strong> <\/span>Ek masajlar ve SPA prosed\u00fcrleri<br data-start=\"685\" data-end=\"688\" \/><span style=\"color: #ff0000;\"><strong>\u2717<\/strong> <\/span>Sa\u00e7 \u015fampuan\u0131<\/p>\n<h3 data-start=\"711\" data-end=\"739\">\ud83c\udf1f Turun \u00f6ne \u00e7\u0131kan \u00f6zellikleri<\/h3>\n<p data-start=\"740\" data-end=\"1041\">\ud83d\udd39 Belek'te otantik bir T\u00fcrk hamam\u0131na ziyaret<br data-start=\"791\" data-end=\"794\" \/>\ud83d\udd39 Sauna, buhar odas\u0131 ve tuz odas\u0131nda buhar uygulamalar\u0131<br data-start=\"854\" data-end=\"857\" \/>\ud83d\udd39 Is\u0131t\u0131lm\u0131\u015f mermer levha \u00fczerinde geleneksel kese ve k\u00f6p\u00fck masaj\u0131<br data-start=\"924\" data-end=\"927\" \/>\ud83d\udd39 Rahatlat\u0131c\u0131 ya\u011f masaj\u0131 ve y\u00fcz bak\u0131m\u0131<br data-start=\"975\" data-end=\"978\" \/>\ud83d\udd39 Tatilinize ba\u015flamak ve cildinizi bronzla\u015fmaya haz\u0131rlamak i\u00e7in m\u00fckemmel bir yol<\/p>\n<h3 data-start=\"1043\" data-end=\"1065\">\ud83d\udcd6 Tam a\u00e7\u0131klama<\/h3>\n<p data-start=\"1066\" data-end=\"1295\">Belek Hamam\u0131na vard\u0131\u011f\u0131n\u0131zda s\u0131cak bir \u015fekilde kar\u015f\u0131lanacak ve size bir havlu, terlik ve geleneksel pe\u015ftemal \u015fal verilecektir. \u0130lk olarak sauna, buhar odas\u0131 ve tuz odas\u0131n\u0131 ziyaret edeceksiniz; burada \u0131s\u0131 ve mineraller g\u00f6zeneklerinizi a\u00e7acak ve cildinizi temizli\u011fe haz\u0131rlayacakt\u0131r.<\/p>\n<p data-start=\"1297\" data-end=\"1521\">Daha sonra \u0131s\u0131tmal\u0131 mermer platform \u00fczerindeki hamam odas\u0131na davet edileceksiniz ve burada usta taraf\u0131ndan geleneksel t\u00fcm v\u00fccut kese ve k\u00f6p\u00fck masaj\u0131 uygulanacak. Bu bak\u0131m \u00f6l\u00fc deri h\u00fccrelerini nazik\u00e7e temizler ve cildinizi p\u00fcr\u00fczs\u00fcz ve \u0131\u015f\u0131lt\u0131l\u0131 b\u0131rak\u0131r.<\/p>\n<p data-start=\"1523\" data-end=\"1770\">K\u0131sa bir \u00e7ay molas\u0131n\u0131n ard\u0131ndan aromatik ya\u011flarla 20 dakikal\u0131k rahatlat\u0131c\u0131 bir masaj\u0131n ard\u0131ndan besleyici bir maske ve hafif bir y\u00fcz masaj\u0131n\u0131n keyfini \u00e7\u0131karacaks\u0131n\u0131z. Program\u0131n sonunda kendinizi dinlenmi\u015f, tazelenmi\u015f ve tatilinize tamamen haz\u0131r hissedeceksiniz.<\/p>\n<h3 data-start=\"1772\" data-end=\"1792\">\ud83d\uddfa\ufe0f Tur g\u00fczergah\u0131<\/h3>\n<p data-start=\"1793\" data-end=\"2112\">\ud83d\udd39 Otelde bulu\u015fma ve Belek'teki hamam\/SPA merkezine transfer<br data-start=\"1849\" data-end=\"1852\" \/>\ud83d\udd39 Sauna, buhar odas\u0131 ve tuz odas\u0131nda seans<br data-start=\"1894\" data-end=\"1897\" \/>\ud83d\udd39 Geleneksel kese ve k\u00f6p\u00fck masaj\u0131<br data-start=\"1934\" data-end=\"1937\" \/>\ud83d\udd39 \u00c7ay veya elma i\u00e7ece\u011fi ile k\u0131sa bir mola<br data-start=\"1986\" data-end=\"1989\" \/>\ud83d\udd39 Aromatik ya\u011f masaj\u0131 (yakla\u015f\u0131k 20 dakika)<br data-start=\"2038\" data-end=\"2041\" \/>\ud83d\udd39 Y\u00fcz maskesi ve hafif y\u00fcz masaj\u0131<br data-start=\"2079\" data-end=\"2082\" \/>\ud83d\udd39 Otele d\u00f6n\u00fc\u015f transferi<\/p>\n<h3 data-start=\"2114\" data-end=\"2140\">\u2139\ufe0f Faydal\u0131 bilgiler<\/h3>\n<p data-start=\"2141\" data-end=\"2427\">\ud83d\udd39 Program s\u00fcresi: yakla\u015f\u0131k 2 saat (transferler hari\u00e7)<br data-start=\"2208\" data-end=\"2211\" \/>\ud83d\udd39 Erkekler ve kad\u0131nlar i\u00e7in uygundur<br data-start=\"2242\" data-end=\"2245\" \/>\ud83d\udd39 \u00c7ocuklar yeti\u015fkin g\u00f6zetimi alt\u0131nda kat\u0131labilir<br data-start=\"2294\" data-end=\"2297\" \/>\ud83d\udd39 T\u00fcm tesisler temiz ve hijyeniktir<br data-start=\"2334\" data-end=\"2337\" \/>\ud83d\udd39 Daha iyi ve kal\u0131c\u0131 bir bronzluk i\u00e7in tatilinizin ilk g\u00fcnlerinde hamam\u0131 ziyaret etmeniz \u00f6nerilir.<\/p>\n<h3 data-start=\"2429\" data-end=\"2453\">\ud83c\udf92 Yan\u0131n\u0131za ne almal\u0131s\u0131n\u0131z<\/h3>\n<p data-start=\"2454\" data-end=\"2562\">\ud83d\udd39 Mayo<br data-start=\"2466\" data-end=\"2469\" \/>\ud83d\udd39 \u015eampuan ve sa\u00e7 bak\u0131m \u00fcr\u00fcnleri<br data-start=\"2512\" data-end=\"2515\" \/>\ud83d\udd39 Ki\u015fisel kozmetik \u00fcr\u00fcnleri (iste\u011fe ba\u011fl\u0131)<\/p>\n<h3 data-start=\"2564\" data-end=\"2586\">\ud83d\udeab \u015eunlar i\u00e7in uygun de\u011fildir<\/h3>\n<p data-start=\"2587\" data-end=\"2738\">\ud83d\udd39 A\u011f\u0131r ast\u0131m veya ciddi solunum hastal\u0131\u011f\u0131 olan ki\u015filer<br data-start=\"2656\" data-end=\"2659\" \/>\ud83d\udd39 Y\u00fcksek s\u0131cakl\u0131klara kar\u015f\u0131 kontrendikasyonu olan misafirler (doktor tavsiyesi \u00fczerine)<\/p>\n<h3 data-start=\"2740\" data-end=\"2766\">\ud83d\udcb8 Fiyat ve rezervasyon<\/h3>\n<p data-start=\"2767\" data-end=\"2907\"><strong>\ud83d\udd39 \u015eimdi rezervasyon yap\u0131n - tur g\u00fcn\u00fc \u00f6deme yap\u0131n<\/strong><br data-start=\"2813\" data-end=\"2816\" \/>\ud83d\udd39 WhatsApp, Telegram, Viber \u00fczerinden bize ula\u015f\u0131n veya a\u015fa\u011f\u0131daki sipari\u015f formunu doldurun. \ud83d\udc47\ud83c\udffc<\/p>","protected":false},"excerpt":{"rendered":"<p>Belek'te T\u00fcrk Hamam\u0131: sauna, buhar odas\u0131, tuz odas\u0131, kese, k\u00f6p\u00fck ve ya\u011f masaj\u0131, y\u00fcz maskesi ve otel transferi. Tatiliniz i\u00e7in m\u00fckemmel bir ba\u015flang\u0131\u00e7.<\/p>","protected":false},"featured_media":12688,"comment_status":"open","ping_status":"closed","template":"","meta":[],"product_brand":[],"product_cat":[124],"product_tag":[120],"class_list":{"0":"post-14949","1":"product","2":"type-product","3":"status-publish","4":"has-post-thumbnail","6":"tour_phys-ekskursii-v-belek","7":"product_cat-ekskursii-v-belek","8":"product_tag-belek","9":"pa_destination-ekskursii-v-belek","11":"first","12":"instock","13":"sale","14":"shipping-taxable","15":"purchasable","16":"product-type-tour_phys"},"aioseo_notices":[],"_links":{"self":[{"href":"https:\/\/mirekskursii.com\/tr\/wp-json\/wp\/v2\/product\/14949","targetHints":{"allow":["GET"]}}],"collection":[{"href":"https:\/\/mirekskursii.com\/tr\/wp-json\/wp\/v2\/product"}],"about":[{"href":"https:\/\/mirekskursii.com\/tr\/wp-json\/wp\/v2\/types\/product"}],"replies":[{"embeddable":true,"href":"https:\/\/mirekskursii.com\/tr\/wp-json\/wp\/v2\/comments?post=14949"}],"wp:featuredmedia":[{"embeddable":true,"href":"https:\/\/mirekskursii.com\/tr\/wp-json\/wp\/v2\/media\/12688"}],"wp:attachment":[{"href":"https:\/\/mirekskursii.com\/tr\/wp-json\/wp\/v2\/media?parent=14949"}],"wp:term":[{"taxonomy":"product_brand","embeddable":true,"href":"https:\/\/mirekskursii.com\/tr\/wp-json\/wp\/v2\/product_brand?post=14949"},{"taxonomy":"product_cat","embeddable":true,"href":"https:\/\/mirekskursii.com\/tr\/wp-json\/wp\/v2\/product_cat?post=14949"},{"taxonomy":"product_tag","embeddable":true,"href":"https:\/\/mirekskursii.com\/tr\/wp-json\/wp\/v2\/product_tag?post=14949"}],"curies":[{"name":"wp","href":"https:\/\/api.w.org\/{rel}","templated":true}]}}