{"id":14948,"date":"2025-11-18T12:51:43","date_gmt":"2025-11-18T09:51:43","guid":{"rendered":"https:\/\/mirekskursii.com\/?post_type=product&#038;p=14948\/"},"modified":"2025-12-17T20:02:57","modified_gmt":"2025-12-17T17:02:57","slug":"the-land-of-legends-aquapark-belek","status":"publish","type":"product","link":"https:\/\/mirekskursii.com\/ekskursii\/land-of-legends-akvapark-v-belek\/","title":{"rendered":"Belek'de Land of Legends Aquapark Turu \u2013 Transfer &amp; Bilet"},"content":{"rendered":"<h3 data-start=\"58\" data-end=\"70\">\ud83c\udfa2 \u0130nceleme<\/h3>\n<p data-start=\"71\" data-end=\"293\">Belek ve \u00e7evresinden transferlerle The Land of Legends Su Park\u0131'nda tam bir g\u00fcn ge\u00e7irin. Ekstrem kayd\u0131raklar, devasa bir su park\u0131 ve Nickelodeon Land, bu ~7-8 saatlik turu aileler ve adrenalin ba\u011f\u0131ml\u0131lar\u0131 i\u00e7in ideal hale getiriyor.<\/p>\n<h3 data-start=\"295\" data-end=\"307\">Dahil:<\/h3>\n<p data-start=\"308\" data-end=\"463\"><span style=\"color: #00ff00;\"><strong>\u2713<\/strong> <\/span>Otel transferi<br data-start=\"330\" data-end=\"333\" \/><span style=\"color: #00ff00;\"><strong>\u2713<\/strong> <\/span>The Land of Legends'a (su park\u0131) giri\u015f bileti<br data-start=\"381\" data-end=\"384\" \/><span style=\"color: #00ff00;\"><strong>\u2713<\/strong> <\/span>Transferler s\u0131ras\u0131nda sigorta<br data-start=\"417\" data-end=\"420\" \/><span style=\"color: #00ff00;\"><strong>\u2713<\/strong> <\/span>Klimal\u0131 konforlu otob\u00fcs<\/p>\n<h3 data-start=\"465\" data-end=\"480\">Dahil de\u011fil:<\/h3>\n<p data-start=\"481\" data-end=\"599\"><span style=\"color: #ff0000;\"><strong>\u2717<\/strong> <\/span>Yiyecek ve i\u00e7ecek<br data-start=\"496\" data-end=\"499\" \/><span style=\"color: #ff0000;\"><strong>\u2717<\/strong> <\/span>Foto\u011fraf ve video<br data-start=\"513\" data-end=\"516\" \/><span style=\"color: #ff0000;\"><strong>\u2717<\/strong> <\/span>Premium atraksiyonlar (\u00f6rn. yunuslarla y\u00fczme)<br data-start=\"578\" data-end=\"581\" \/><span style=\"color: #ff0000;\"><strong>\u2717<\/strong> <\/span>Ki\u015fisel harcamalar<\/p>\n<h3 data-start=\"601\" data-end=\"629\">\ud83c\udf0a Turun \u00f6nemli noktalar\u0131<\/h3>\n<p data-start=\"630\" data-end=\"920\">\ud83d\udd39 En \u00fcst d\u00fczey adrenalin i\u00e7in 62 metrelik Hyper Coaster.<br data-start=\"697\" data-end=\"700\" \/>\ud83d\udd39 43 metrelik Typhoon Coaster ve 40'\u0131n \u00fczerinde su kayd\u0131ra\u011f\u0131<br data-start=\"754\" data-end=\"757\" \/>\ud83d\udd39 S\u00fcnger Bob ve Paw Patrol karakterlerinin yer ald\u0131\u011f\u0131 Nickelodeon Land<br data-start=\"815\" data-end=\"818\" \/>\ud83d\udd39 Y\u00fczme havuzlar\u0131 ve dinlenme alanlar\u0131 i\u00e7eren geni\u015f su park\u0131<br data-start=\"870\" data-end=\"873\" \/>\ud83d\udd39 Uzay roketi animasyonu ve \u00e7ekicili\u011fi\u00ab<\/p>\n<h3 data-start=\"922\" data-end=\"944\">\ud83d\udcd6 Tam a\u00e7\u0131klama<\/h3>\n<p data-start=\"945\" data-end=\"1220\">Sabah Belek ve civar\u0131ndaki otellerden al\u0131nacak ve The Land of Legends temal\u0131 komplekse g\u00f6t\u00fcr\u00fcleceksiniz. Burada 62 metrelik Hyper Coaster'dan 43 metrelik Typhoon Coaster'a ve bir\u00e7ok aile kayd\u0131ra\u011f\u0131na kadar farkl\u0131 seviyelerde onlarca su kayd\u0131ra\u011f\u0131 sizi bekliyor.<\/p>\n<p data-start=\"1222\" data-end=\"1570\">Su park\u0131n\u0131n havuzlar\u0131nda vakit ge\u00e7irebilir, \u015fezlonglarda dinlenebilir veya konuklar\u0131 S\u00fcnger Bob ve Paw Patrol gibi favori karakterlerin kar\u015f\u0131lad\u0131\u011f\u0131 Nickelodeon Land'e gidebilirsiniz. Animasyonlar, g\u00f6steriler ve Uzay Roketi gibi gezintiler biraz heyecan sevenler i\u00e7in mevcuttur. Su aktiviteleri ve atraksiyonlarla dolu bir g\u00fcn\u00fcn ard\u0131ndan otelinize geri g\u00f6t\u00fcr\u00fcleceksiniz.<\/p>\n<h3 data-start=\"1572\" data-end=\"1592\">\ud83d\uddfa\ufe0f Tur g\u00fczergah\u0131<\/h3>\n<p data-start=\"1593\" data-end=\"1792\">\ud83d\udd39 Misafirlerin toplanmas\u0131 ve Belek ve kom\u015fu b\u00f6lgelerden ayr\u0131lmas\u0131<br data-start=\"1645\" data-end=\"1648\" \/>\ud83d\udd39 Efsaneler \u00dclkesine Var\u0131\u015f<br data-start=\"1681\" data-end=\"1684\" \/>\ud83d\udd39 Su park\u0131 ve turistik mekanlarda serbest zaman (~5-6 saat)<br data-start=\"1745\" data-end=\"1748\" \/>\ud83d\udd39 Grubu toplamak ve otellere geri transfer etmek<\/p>\n<h3 data-start=\"1794\" data-end=\"1820\">\u2139\ufe0f Faydal\u0131 bilgiler<\/h3>\n<p data-start=\"1821\" data-end=\"2289\">\ud83d\udd39 S\u00fcre: yakla\u015f\u0131k 7-8 saat (tam g\u00fcn tur)<br data-start=\"1884\" data-end=\"1887\" \/>\ud83d\udd39 \u00c7ocuklu aileler ve farkl\u0131 ya\u015flardaki misafirler i\u00e7in uygundur<br data-start=\"1943\" data-end=\"1946\" \/>\ud83d\udd39 Orta d\u00fczeyde fiziksel aktivite<br data-start=\"1980\" data-end=\"1983\" \/>\ud83d\udd39 Kupon (varsa) bilet gi\u015fesinde de\u011fi\u015ftirilmelidir<br data-start=\"2043\" data-end=\"2046\" \/>\ud83d\udd39 Gezinti ve g\u00f6steriler i\u00e7in zaman \u00e7izelgeleri de\u011fi\u015febilir<br data-start=\"2100\" data-end=\"2103\" \/>\ud83d\udd39 \u00dccretsiz seyahat eden 6 ya\u015f\u0131ndan k\u00fc\u00e7\u00fck \u00e7ocuklar\u0131n otob\u00fcste ayr\u0131 bir koltu\u011fu yoktur. Tamamen dolu olduklar\u0131nda bir yeti\u015fkinin kuca\u011f\u0131nda otururlar veya \u00f6nceden ayr\u0131 bir koltuk rezerve edilebilir<\/p>\n<h3 data-start=\"2291\" data-end=\"2315\">\ud83c\udf92 Yan\u0131n\u0131za ne almal\u0131s\u0131n\u0131z<\/h3>\n<p data-start=\"2316\" data-end=\"2440\">\ud83d\udd39 Mayo ve havlu.<br data-start=\"2340\" data-end=\"2343\" \/>\ud83d\udd39 Su ayakkab\u0131s\u0131<br data-start=\"2358\" data-end=\"2361\" \/>\ud83d\udd39 Ki\u015fisel harcamalar i\u00e7in nakit<br data-start=\"2397\" data-end=\"2400\" \/>\ud83d\udd39 G\u00fcne\u015f kremi ve \u015fapka<\/p>\n<h3 data-start=\"2442\" data-end=\"2464\">\ud83d\udeab \u015eunlar i\u00e7in uygun de\u011fildir<\/h3>\n<p data-start=\"2465\" data-end=\"2487\">\ud83d\udd39 Hamile kad\u0131nlar<\/p>\n<h3 data-start=\"2489\" data-end=\"2515\">\ud83d\udcb8 Fiyat ve rezervasyon<\/h3>\n<p data-start=\"2516\" data-end=\"2656\"><strong>\ud83d\udd39 \u015eimdi rezervasyon yap\u0131n - tur g\u00fcn\u00fc \u00f6deme yap\u0131n<\/strong><br data-start=\"2562\" data-end=\"2565\" \/>\ud83d\udd39 WhatsApp, Telegram, Viber \u00fczerinden bize ula\u015f\u0131n veya a\u015fa\u011f\u0131daki sipari\u015f formunu doldurun. \ud83d\udc47\ud83c\udffc<\/p>","protected":false},"excerpt":{"rendered":"<p>Belek'ten The Land of Legends Su Park\u0131: ekstrem kayd\u0131raklar, su park\u0131, Nickelodeon Land ve otel transferleri. Aileler ve adrenalin severler i\u00e7in m\u00fckemmel bir g\u00fcn.<\/p>","protected":false},"featured_media":12791,"comment_status":"open","ping_status":"closed","template":"","meta":[],"product_brand":[],"product_cat":[124],"product_tag":[120],"class_list":{"0":"post-14948","1":"product","2":"type-product","3":"status-publish","4":"has-post-thumbnail","6":"tour_phys-ekskursii-v-belek","7":"product_cat-ekskursii-v-belek","8":"product_tag-belek","9":"pa_destination-ekskursii-v-belek","11":"first","12":"instock","13":"sale","14":"shipping-taxable","15":"purchasable","16":"product-type-tour_phys"},"aioseo_notices":[],"_links":{"self":[{"href":"https:\/\/mirekskursii.com\/tr\/wp-json\/wp\/v2\/product\/14948","targetHints":{"allow":["GET"]}}],"collection":[{"href":"https:\/\/mirekskursii.com\/tr\/wp-json\/wp\/v2\/product"}],"about":[{"href":"https:\/\/mirekskursii.com\/tr\/wp-json\/wp\/v2\/types\/product"}],"replies":[{"embeddable":true,"href":"https:\/\/mirekskursii.com\/tr\/wp-json\/wp\/v2\/comments?post=14948"}],"wp:featuredmedia":[{"embeddable":true,"href":"https:\/\/mirekskursii.com\/tr\/wp-json\/wp\/v2\/media\/12791"}],"wp:attachment":[{"href":"https:\/\/mirekskursii.com\/tr\/wp-json\/wp\/v2\/media?parent=14948"}],"wp:term":[{"taxonomy":"product_brand","embeddable":true,"href":"https:\/\/mirekskursii.com\/tr\/wp-json\/wp\/v2\/product_brand?post=14948"},{"taxonomy":"product_cat","embeddable":true,"href":"https:\/\/mirekskursii.com\/tr\/wp-json\/wp\/v2\/product_cat?post=14948"},{"taxonomy":"product_tag","embeddable":true,"href":"https:\/\/mirekskursii.com\/tr\/wp-json\/wp\/v2\/product_tag?post=14948"}],"curies":[{"name":"wp","href":"https:\/\/api.w.org\/{rel}","templated":true}]}}