{"id":14947,"date":"2025-11-18T12:41:45","date_gmt":"2025-11-18T09:41:45","guid":{"rendered":"https:\/\/mirekskursii.com\/?post_type=product&#038;p=14947\/"},"modified":"2025-12-28T22:38:28","modified_gmt":"2025-12-28T19:38:28","slug":"land-of-legends-gece-sovu-belek","status":"publish","type":"product","link":"https:\/\/mirekskursii.com\/ekskursii\/land-of-legends-nochnoe-shou-v-belek\/","title":{"rendered":"Belek'te The Land of Legends gece g\u00f6sterisi"},"content":{"rendered":"<h3 data-start=\"48\" data-end=\"59\">\u2728 \u0130nceleme<\/h3>\n<p data-start=\"60\" data-end=\"250\">Belek ve Kundu'dan transferlerle Land of Legends gece g\u00f6sterisini deneyimleyin. F\u0131skiyeler, lazerler, tekne ge\u00e7idi ve al\u0131\u015fveri\u015f bulvar\u0131nda al\u0131\u015fveri\u015f - t\u00fcm aile i\u00e7in ~3-4 saat s\u00fcren m\u00fckemmel bir ak\u015fam.<\/p>\n<h3 data-start=\"252\" data-end=\"264\">Dahil:<\/h3>\n<p data-start=\"265\" data-end=\"451\"><span style=\"color: #00ff00;\"><strong>\u2713<\/strong> <\/span>Otel transferi<br data-start=\"287\" data-end=\"290\" \/><span style=\"color: #00ff00;\"><strong>\u2713<\/strong> <\/span>Ak\u015fam g\u00f6sterilerine ve tekne ge\u00e7it t\u00f6renine eri\u015fim<br data-start=\"328\" data-end=\"331\" \/><span style=\"color: #00ff00;\"><strong>\u2713<\/strong> <\/span>Al\u0131\u015fveri\u015f bulvar\u0131nda serbest zaman<br data-start=\"369\" data-end=\"372\" \/><span style=\"color: #00ff00;\"><strong>\u2713<\/strong> <\/span>Transferler s\u0131ras\u0131nda sigorta<br data-start=\"405\" data-end=\"408\" \/><span style=\"color: #00ff00;\"><strong>\u2713<\/strong> <\/span>Klimal\u0131 konforlu otob\u00fcs<\/p>\n<h3 data-start=\"453\" data-end=\"468\">Dahil de\u011fil:<\/h3>\n<p data-start=\"469\" data-end=\"580\"><span style=\"color: #ff0000;\"><strong>\u2717<\/strong> <\/span>Yiyecek ve i\u00e7ecek<br data-start=\"484\" data-end=\"487\" \/><span style=\"color: #ff0000;\"><strong>\u2717<\/strong> <\/span>Ki\u015fisel harcamalar (hediyelik e\u015fya, al\u0131\u015fveri\u015f)<br data-start=\"523\" data-end=\"526\" \/><span style=\"color: #ff0000;\"><strong>\u2717<\/strong> <\/span>Parktaki g\u00fcnd\u00fcz atraksiyonlar\u0131<br data-start=\"553\" data-end=\"556\" \/><span style=\"color: #ff0000;\"><strong>\u2717<\/strong> <\/span>\u00d6zel rehberlik hizmetleri<\/p>\n<h3 data-start=\"582\" data-end=\"610\">\ud83c\udfad Turun \u00f6ne \u00e7\u0131kan \u00f6zellikleri<\/h3>\n<p data-start=\"611\" data-end=\"883\">\ud83d\udd39 D\u00fcnya standartlar\u0131nda f\u0131skiye ve lazer g\u00f6sterisi<br data-start=\"654\" data-end=\"657\" \/>\ud83d\udd39 Kost\u00fcml\u00fc karakterlerle renkli bir tekne ge\u00e7it t\u00f6reni<br data-start=\"712\" data-end=\"715\" \/>\ud83d\udd39 180'den fazla markan\u0131n yer ald\u0131\u011f\u0131 al\u0131\u015fveri\u015f bulvar\u0131nda gezinin<br data-start=\"764\" data-end=\"767\" \/>\ud83d\udd39 Belek ve Kundu'dan uygun grup transferleri<br data-start=\"815\" data-end=\"818\" \/>\ud83d\udd39 B\u00fcy\u00fcl\u00fc ak\u015fam atmosferi ve harika foto\u011fraf f\u0131rsatlar\u0131<\/p>\n<h3 data-start=\"885\" data-end=\"907\">\ud83d\udcd6 Tam a\u00e7\u0131klama<\/h3>\n<p data-start=\"908\" data-end=\"1170\">Ak\u015fam\u0131n\u0131z Belek, Bo\u011fazkent ve Kundu'daki otellerden Land of Legends temal\u0131 komplekse transferle ba\u015flayacak. Var\u0131\u015fta, tatil atmosferine dalacaks\u0131n\u0131z: m\u00fczik, \u0131\u015f\u0131k efektleri ve canl\u0131 performanslarla ayarlanm\u0131\u015f renkli bir f\u0131skiye ve lazer g\u00f6sterisi ger\u00e7ek bir peri masal\u0131 yarat\u0131yor.<\/p>\n<p data-start=\"1172\" data-end=\"1426\">Tekneler, \u0131\u015f\u0131kland\u0131rmalar ve kost\u00fcml\u00fc karakterlerin yer ald\u0131\u011f\u0131 kanal boyunca renkli bir ge\u00e7it t\u00f6reni olan Tekne Ge\u00e7idi \u00f6zellikle etkileyicidir. G\u00f6sterinin ard\u0131ndan onlarca butik, kafe ve restoran\u0131n yer ald\u0131\u011f\u0131 al\u0131\u015fveri\u015f bulvar\u0131 boyunca gezinmek i\u00e7in serbest zaman\u0131n\u0131z olacak.<\/p>\n<p data-start=\"1428\" data-end=\"1571\">Gecenin sonunda, belirlenen bir yerde toplan\u0131p otelinize geri g\u00f6t\u00fcr\u00fcleceksiniz ve \u00abEfsaneler \u00dclkesi \u00bbnde ge\u00e7irdi\u011finiz b\u00fcy\u00fcl\u00fc bir gecenin canl\u0131 izlenimleriyle ba\u015f ba\u015fa kalacaks\u0131n\u0131z.<\/p>\n<h3 data-start=\"1573\" data-end=\"1593\">\ud83d\uddfa\ufe0f Tur g\u00fczergah\u0131<\/h3>\n<p data-start=\"1594\" data-end=\"1840\">\ud83d\udd39 Misafirlerin toplanmas\u0131 ve Belek, Bo\u011fazkent ve Kundu'dan ayr\u0131l\u0131\u015f<br data-start=\"1646\" data-end=\"1649\" \/>\ud83d\udd39 Efsaneler Diyar\u0131 kompleksine var\u0131\u015f\u00ab<br data-start=\"1687\" data-end=\"1690\" \/>\ud83d\udd39 Gece f\u0131skiyesi ve lazer g\u00f6sterisi<br data-start=\"1722\" data-end=\"1725\" \/>\ud83d\udd39 Tekne ge\u00e7it t\u00f6reni<br data-start=\"1739\" data-end=\"1742\" \/>\ud83d\udd39 Al\u0131\u015fveri\u015f bulvar\u0131nda serbest zaman (~1-2 saat)<br data-start=\"1793\" data-end=\"1796\" \/>\ud83d\udd39 Grubu toplamak ve otellere geri transfer etmek<\/p>\n<h3 data-start=\"1842\" data-end=\"1868\">\u2139\ufe0f Faydal\u0131 bilgiler<\/h3>\n<p data-start=\"1869\" data-end=\"2334\">\ud83d\udd39 S\u00fcre: yakla\u015f\u0131k 3-4 saat (ak\u015fam turu)<br data-start=\"1929\" data-end=\"1932\" \/>\ud83d\udd39 \u00c7ocuklu aileler ve farkl\u0131 ya\u015flardaki misafirler i\u00e7in uygundur<br data-start=\"1988\" data-end=\"1991\" \/>\ud83d\udd39 D\u00fc\u015f\u00fck fiziksel aktivite<br data-start=\"2022\" data-end=\"2025\" \/>\ud83d\udd39 Toplant\u0131 saatinizden 10 dakika \u00f6nce otel giri\u015finde olun<br data-start=\"2081\" data-end=\"2084\" \/>\ud83d\udd39 S\u00fcr\u00fcc\u00fc belirtilen s\u00fcreden sonra en fazla 5 dakika bekler<br data-start=\"2145\" data-end=\"2148\" \/>\ud83d\udd39 \u00dccretsiz seyahat eden 6 ya\u015f\u0131ndan k\u00fc\u00e7\u00fck \u00e7ocuklar\u0131n otob\u00fcste ayr\u0131 bir koltu\u011fu yoktur. Tamamen dolu olduklar\u0131nda bir yeti\u015fkinin kuca\u011f\u0131nda otururlar veya \u00f6nceden ayr\u0131 bir koltuk rezerve edilebilir<\/p>\n<h3 data-start=\"2336\" data-end=\"2360\">\ud83c\udf92 Yan\u0131n\u0131za ne almal\u0131s\u0131n\u0131z<\/h3>\n<p data-start=\"2361\" data-end=\"2539\">\ud83d\udd39 Ki\u015fisel harcamalar ve al\u0131\u015fveri\u015fler i\u00e7in nakit<br data-start=\"2407\" data-end=\"2410\" \/>\ud83d\udd39 Rahat y\u00fcr\u00fcy\u00fc\u015f ayakkab\u0131lar\u0131<br data-start=\"2439\" data-end=\"2442\" \/>\ud83d\udd39 Hava durumuna uygun giyinin (ak\u015famlar\u0131 daha serin olabilir)<br data-start=\"2493\" data-end=\"2496\" \/>\ud83d\udd39 Foto\u011fraflar i\u00e7in telefon veya kamera<\/p>\n<h3 data-start=\"2541\" data-end=\"2563\">\ud83d\udeab \u015eunlar i\u00e7in uygun de\u011fildir<\/h3>\n<p data-start=\"2564\" data-end=\"2589\">\ud83d\udd39 95 ya\u015f \u00fcst\u00fc misafirler<\/p>\n<h3 data-start=\"2591\" data-end=\"2617\">\ud83d\udcb8 Fiyat ve rezervasyon<\/h3>\n<p data-start=\"2618\" data-end=\"2758\"><strong>\ud83d\udd39 \u015eimdi rezervasyon yap\u0131n - tur g\u00fcn\u00fc \u00f6deme yap\u0131n<\/strong><br data-start=\"2664\" data-end=\"2667\" \/>\ud83d\udd39 WhatsApp, Telegram, Viber \u00fczerinden bize ula\u015f\u0131n veya a\u015fa\u011f\u0131daki sipari\u015f formunu doldurun. \ud83d\udc47\ud83c\udffc<\/p>","protected":false},"excerpt":{"rendered":"<p>Belek ve Kundu'dan \u00abLand of Legends\u00bb gece g\u00f6sterisi: f\u0131skiyeler, lazerler, tekne ge\u00e7idi ve al\u0131\u015fveri\u015f bulvar\u0131nda al\u0131\u015fveri\u015f. Otelden transfer ile ak\u015fam gezisi.<\/p>","protected":false},"featured_media":12777,"comment_status":"open","ping_status":"closed","template":"","meta":[],"product_brand":[],"product_cat":[124],"product_tag":[120],"class_list":{"0":"post-14947","1":"product","2":"type-product","3":"status-publish","4":"has-post-thumbnail","6":"tour_phys-ekskursii-v-belek","7":"product_cat-ekskursii-v-belek","8":"product_tag-belek","9":"pa_destination-ekskursii-v-belek","11":"first","12":"instock","13":"sale","14":"shipping-taxable","15":"purchasable","16":"product-type-tour_phys"},"aioseo_notices":[],"_links":{"self":[{"href":"https:\/\/mirekskursii.com\/tr\/wp-json\/wp\/v2\/product\/14947","targetHints":{"allow":["GET"]}}],"collection":[{"href":"https:\/\/mirekskursii.com\/tr\/wp-json\/wp\/v2\/product"}],"about":[{"href":"https:\/\/mirekskursii.com\/tr\/wp-json\/wp\/v2\/types\/product"}],"replies":[{"embeddable":true,"href":"https:\/\/mirekskursii.com\/tr\/wp-json\/wp\/v2\/comments?post=14947"}],"wp:featuredmedia":[{"embeddable":true,"href":"https:\/\/mirekskursii.com\/tr\/wp-json\/wp\/v2\/media\/12777"}],"wp:attachment":[{"href":"https:\/\/mirekskursii.com\/tr\/wp-json\/wp\/v2\/media?parent=14947"}],"wp:term":[{"taxonomy":"product_brand","embeddable":true,"href":"https:\/\/mirekskursii.com\/tr\/wp-json\/wp\/v2\/product_brand?post=14947"},{"taxonomy":"product_cat","embeddable":true,"href":"https:\/\/mirekskursii.com\/tr\/wp-json\/wp\/v2\/product_cat?post=14947"},{"taxonomy":"product_tag","embeddable":true,"href":"https:\/\/mirekskursii.com\/tr\/wp-json\/wp\/v2\/product_tag?post=14947"}],"curies":[{"name":"wp","href":"https:\/\/api.w.org\/{rel}","templated":true}]}}