{"id":14945,"date":"2025-11-18T11:53:37","date_gmt":"2025-11-18T08:53:37","guid":{"rendered":"https:\/\/mirekskursii.com\/?post_type=product&#038;p=14945\/"},"modified":"2026-04-13T22:39:46","modified_gmt":"2026-04-13T19:39:46","slug":"olympos-teleferik-tahtali-dagi-belek","status":"publish","type":"product","link":"https:\/\/mirekskursii.com\/ekskursii\/kanatnaya-doroga-tahtaly-iz-belek\/","title":{"rendered":"Belek'ten Olympos Teleferik Turu Tahtal\u0131 Da\u011f\u0131 \u2013 Bilet"},"content":{"rendered":"<h3 data-start=\"386\" data-end=\"403\"><strong data-start=\"390\" data-end=\"403\">\ud83c\udfd4\ufe0f \u0130nceleme<\/strong><\/h3>\n<p data-start=\"404\" data-end=\"684\">Olympos Teleferik teleferi\u011fi ile Belek'ten Tahtal\u0131 Da\u011f\u0131'na (2365 metre) \u00e7\u0131k\u0131n! Uygun bir otel transferi, 10-12 dakikal\u0131k do\u011fal bir t\u0131rman\u0131\u015f ve Akdeniz ile Beyda\u011flar\u0131 Milli Park\u0131'n\u0131n nefes kesici panoramik manzaralar\u0131 sizi bekliyor - \u00e7ok yorucu olmayan m\u00fckemmel bir foto\u011fraf gezisi.<\/p>\n<h3 data-start=\"361\" data-end=\"374\">Dahil:<\/h3>\n<p data-start=\"375\" data-end=\"488\"><span style=\"color: #00ff00;\"><strong>\u2713<\/strong> <\/span>Otel transferi<br data-start=\"397\" data-end=\"400\" \/><span style=\"color: #00ff00;\"><strong>\u2713<\/strong> <\/span>Klimal\u0131 konforlu otob\u00fcs<br data-start=\"441\" data-end=\"444\" \/><span style=\"color: #00ff00;\"><strong>\u2713<\/strong> <\/span>Teleferik bileti<br data-start=\"470\" data-end=\"473\" \/><span style=\"color: #00ff00;\"><strong>\u2713<\/strong> <\/span>Sigorta<\/p>\n<h3 data-start=\"490\" data-end=\"506\">Dahil de\u011fil:<\/h3>\n<p data-start=\"507\" data-end=\"537\"><span style=\"color: #ff0000;\"><strong>\u2717<\/strong> <\/span>Ki\u015fisel harcamalar<br data-start=\"523\" data-end=\"526\" \/><span style=\"color: #ff0000;\"><strong>\u2717<\/strong> <\/span>\u0130\u00e7ecekler<\/p>\n<h3 data-start=\"1037\" data-end=\"1069\"><strong data-start=\"1041\" data-end=\"1069\">\ud83c\udf1f Turun \u00f6ne \u00e7\u0131kan \u00f6zellikleri<\/strong><\/h3>\n<p data-start=\"1070\" data-end=\"1395\">\ud83d\udd39 Takhtala zirvesine (2365 m) 10-12 dakikal\u0131k teleferik yolculu\u011fu<br data-start=\"1141\" data-end=\"1144\" \/>\ud83d\udd39 Beyda\u011flar\u0131 Milli Park\u0131'ndan ge\u00e7en manzaral\u0131 bir yol<br data-start=\"1199\" data-end=\"1202\" \/>\ud83d\udd39 Akdeniz, Antalya ve Toros Da\u011flar\u0131'n\u0131n panoramik manzaras\u0131<br data-start=\"1265\" data-end=\"1268\" \/>\ud83d\udd39 Zirvede foto\u011fraflar, hediyelik e\u015fyalar ve kafede dinlenmek i\u00e7in serbest zaman<br data-start=\"1339\" data-end=\"1342\" \/>\ud83d\udd39 Do\u011faseverler ve foto\u011fraf severler i\u00e7in m\u00fckemmel tur<\/p>\n<h3 data-start=\"1397\" data-end=\"1423\"><strong data-start=\"1401\" data-end=\"1423\">\ud83d\udcd6 Tam a\u00e7\u0131klama<\/strong><\/h3>\n<p data-start=\"1424\" data-end=\"2130\">Tur, Belek, Kadriye veya Bo\u011fazkent'teki otelinizden uygun bir transfer ile ba\u015flar. Yol boyunca yemye\u015fil Beyda\u011flar\u0131 Milli Park\u0131'ndan ge\u00e7ecek, \u00e7am ormanlar\u0131na ve da\u011f manzaras\u0131na hayran kalacaks\u0131n\u0131z. Olympos Teleferik'in alt istasyonunda modern bir teleferi\u011fe binecek ve 10-12 dakika i\u00e7inde Tahtal\u0131 Da\u011f\u0131'n\u0131n zirvesine (2365 m) t\u0131rmanacaks\u0131n\u0131z.<br data-start=\"1765\" data-end=\"1768\" \/>Zirvede Antalya'n\u0131n sahil \u015feridinin, turkuaz denizinin ve g\u00f6rkemli da\u011flar\u0131n\u0131n nefes kesici manzaralar\u0131 sizi bekliyor. Muhte\u015fem foto\u011fraflar \u00e7ekmek, manzara noktalar\u0131nda dola\u015fmak, hediyelik e\u015fya d\u00fckkanlar\u0131n\u0131 ziyaret etmek veya bir kafede dinlenmek i\u00e7in yakla\u015f\u0131k bir saat serbest zaman\u0131n\u0131z olacak. Daha sonra teleferikten geri inecek ve konforlu bir otob\u00fcsle otelinize d\u00f6neceksiniz.<\/p>\n<h3 data-start=\"2132\" data-end=\"2158\"><strong data-start=\"2136\" data-end=\"2158\">\ud83d\uddfa\ufe0f Tur Program\u0131<\/strong><\/h3>\n<p data-start=\"2159\" data-end=\"2472\">\ud83d\udd39 Belek, Kadriye ve Bo\u011fazkent'teki otellerden kar\u015f\u0131lama<br data-start=\"2207\" data-end=\"2210\" \/>\ud83d\udd39 Beyda\u011flar\u0131 Milli Park\u0131'ndan ge\u00e7erek Olympos Teleferik'in alt istasyonuna gidin<br data-start=\"2290\" data-end=\"2293\" \/>\ud83d\udd39 Takhtala zirvesine teleferik ile t\u0131rman\u0131\u015f (10-12 dakika)<br data-start=\"2354\" data-end=\"2357\" \/>\ud83d\udd39 Zirvede serbest zaman (foto\u011fraf, y\u00fcr\u00fcy\u00fc\u015f, kafe)<br data-start=\"2409\" data-end=\"2412\" \/>\ud83d\udd39 Teleferik ile ini\u015f<br data-start=\"2439\" data-end=\"2442\" \/>\ud83d\udd39 Otellere d\u00f6n\u00fc\u015f transferi<\/p>\n<h3 data-start=\"2474\" data-end=\"2504\"><strong data-start=\"2478\" data-end=\"2504\">\u2139\ufe0f Faydal\u0131 bilgiler<\/strong><\/h3>\n<p data-start=\"2505\" data-end=\"2782\">\ud83d\udd39 Tur s\u00fcresi: ~4-5 saat<br data-start=\"2542\" data-end=\"2545\" \/>\ud83d\udd39 Zirve sahile g\u00f6re olduk\u00e7a serin - kal\u0131n giysiler al\u0131n<br data-start=\"2624\" data-end=\"2627\" \/>\ud83d\udd39 G\u00fczergah ve zirvedeki s\u00fcre hava durumuna ve yo\u011funlu\u011fa ba\u011fl\u0131 olarak de\u011fi\u015febilir<br data-start=\"2711\" data-end=\"2714\" \/>\ud83d\udd39 Teleferik \u015fiddetli r\u00fczgarda \u00e7al\u0131\u015fmay\u0131 ask\u0131ya alabilir<\/p>\n<h3 data-start=\"2784\" data-end=\"2812\"><strong data-start=\"2788\" data-end=\"2812\">\ud83c\udf92 Yan\u0131n\u0131za ne almal\u0131s\u0131n\u0131z<\/strong><\/h3>\n<p data-start=\"2813\" data-end=\"3026\">\ud83d\udd39 Rahat ayakkab\u0131lar<br data-start=\"2829\" data-end=\"2832\" \/>\ud83d\udd39 Ceket veya s\u00fcveter (tepesi serin olabilir)<br data-start=\"2886\" data-end=\"2889\" \/>\ud83d\udd39 G\u00fcne\u015f g\u00f6zl\u00fc\u011f\u00fc ve g\u00fcne\u015f kremi<br data-start=\"2928\" data-end=\"2931\" \/>\ud83d\udd39 Panoramik resimler i\u00e7in telefon veya kamera<br data-start=\"2980\" data-end=\"2983\" \/>\ud83d\udd39 \u0130\u00e7ecekler ve hediyelik e\u015fyalar i\u00e7in biraz para<\/p>\n<h3 data-start=\"3028\" data-end=\"3054\"><strong data-start=\"3032\" data-end=\"3054\">\ud83d\udeab \u015eunlar i\u00e7in uygun de\u011fildir<\/strong><\/h3>\n<p data-start=\"3055\" data-end=\"3199\">\ud83d\udd39 Belirgin y\u00fckseklik korkusu veya \u015fiddetli vertigosu olan ki\u015filer<br data-start=\"3119\" data-end=\"3122\" \/>\ud83d\udd39 Ciddi kas-iskelet sistemi sorunlar\u0131 olan gezginler<\/p>\n<h3 data-start=\"2487\" data-end=\"2513\">\ud83d\udcb8 Fiyat ve rezervasyon<\/h3>\n<p data-start=\"2515\" data-end=\"2653\"><strong>\ud83d\udd39 \u015eimdi rezervasyon yap\u0131n - tur g\u00fcn\u00fc \u00f6deme yap\u0131n<\/strong><br data-start=\"2561\" data-end=\"2564\" \/>\ud83d\udd39 WhatsApp, Telegram, Viber \u00fczerinden bize ula\u015f\u0131n veya a\u015fa\u011f\u0131daki sipari\u015f formunu doldurun. \ud83d\udc47\ud83c\udffc<\/p>","protected":false},"excerpt":{"rendered":"<p data-start=\"2691\" data-end=\"2827\">Belek'ten Tahtal\u0131 teleferik: otele transfer, Olympos Teleferik bileti, 2365 metreye t\u0131rman\u0131\u015f ve panoramik deniz ve da\u011f manzaras\u0131.<\/p>","protected":false},"featured_media":12835,"comment_status":"open","ping_status":"closed","template":"","meta":[],"product_brand":[],"product_cat":[124],"product_tag":[120],"class_list":{"0":"post-14945","1":"product","2":"type-product","3":"status-publish","4":"has-post-thumbnail","6":"tour_phys-ekskursii-v-belek","7":"product_cat-ekskursii-v-belek","8":"product_tag-belek","9":"pa_destination-ekskursii-v-belek","11":"first","12":"instock","13":"sale","14":"shipping-taxable","15":"purchasable","16":"product-type-tour_phys"},"aioseo_notices":[],"_links":{"self":[{"href":"https:\/\/mirekskursii.com\/tr\/wp-json\/wp\/v2\/product\/14945","targetHints":{"allow":["GET"]}}],"collection":[{"href":"https:\/\/mirekskursii.com\/tr\/wp-json\/wp\/v2\/product"}],"about":[{"href":"https:\/\/mirekskursii.com\/tr\/wp-json\/wp\/v2\/types\/product"}],"replies":[{"embeddable":true,"href":"https:\/\/mirekskursii.com\/tr\/wp-json\/wp\/v2\/comments?post=14945"}],"wp:featuredmedia":[{"embeddable":true,"href":"https:\/\/mirekskursii.com\/tr\/wp-json\/wp\/v2\/media\/12835"}],"wp:attachment":[{"href":"https:\/\/mirekskursii.com\/tr\/wp-json\/wp\/v2\/media?parent=14945"}],"wp:term":[{"taxonomy":"product_brand","embeddable":true,"href":"https:\/\/mirekskursii.com\/tr\/wp-json\/wp\/v2\/product_brand?post=14945"},{"taxonomy":"product_cat","embeddable":true,"href":"https:\/\/mirekskursii.com\/tr\/wp-json\/wp\/v2\/product_cat?post=14945"},{"taxonomy":"product_tag","embeddable":true,"href":"https:\/\/mirekskursii.com\/tr\/wp-json\/wp\/v2\/product_tag?post=14945"}],"curies":[{"name":"wp","href":"https:\/\/api.w.org\/{rel}","templated":true}]}}