{"id":14941,"date":"2025-11-17T22:44:09","date_gmt":"2025-11-17T19:44:09","guid":{"rendered":"https:\/\/mirekskursii.com\/?post_type=product&#038;p=14941\/"},"modified":"2025-12-11T20:31:45","modified_gmt":"2025-12-11T17:31:45","slug":"pamukkale-hierapolis-turu-side","status":"publish","type":"product","link":"https:\/\/mirekskursii.com\/ekskursii\/pamukkale-ierapolis-iz-side\/","title":{"rendered":"Pamukkale ve Hierapolis Turu \u2013 G\u00fcn\u00fcbirlik Side \u00c7\u0131k\u0131\u015fl\u0131"},"content":{"rendered":"<h3 data-start=\"57\" data-end=\"72\">\ud83c\udfdd\ufe0f Genel Bak\u0131\u015f<\/h3>\n<p data-start=\"73\" data-end=\"314\">Pamukkale'nin beyaz teraslar\u0131na ve Hierapolis antik kentine unutulmaz bir gezi i\u00e7in Side'den yola \u00e7\u0131k\u0131n. Bir g\u00fcnde termal sulara dalmay\u0131, antik bir tatil beldesinin kal\u0131nt\u0131lar\u0131 aras\u0131nda bir y\u00fcr\u00fcy\u00fc\u015f\u00fc ve zengin bir T\u00fcrk a\u00e7\u0131k b\u00fcfe \u00f6\u011fle yeme\u011fini birle\u015ftireceksiniz.<\/p>\n<h3 data-start=\"349\" data-end=\"365\">Dahil:<\/h3>\n<p data-start=\"366\" data-end=\"538\"><span style=\"color: #00ff00;\"><strong>\u2713<\/strong> <\/span>Otel transferi<br data-start=\"388\" data-end=\"391\" \/><span style=\"color: #00ff00;\"><strong>\u2713<\/strong> <\/span>Klimal\u0131 otob\u00fcs<br data-start=\"416\" data-end=\"419\" \/><span style=\"color: #00ff00;\"><strong>\u2713<\/strong> <\/span>Pamukkale ve Hierapolis giri\u015f \u00fccretleri<br data-start=\"459\" data-end=\"462\" \/><span style=\"color: #00ff00;\"><strong>\u2713<\/strong> <\/span>Tam sigortal\u0131<br data-start=\"482\" data-end=\"485\" \/><span style=\"color: #00ff00;\"><strong>\u2713<\/strong> <\/span>Rehber: Rus\u00e7a, \u0130ngilizce<br data-start=\"511\" data-end=\"514\" \/><span style=\"color: #00ff00;\"><strong>\u2713<\/strong> <\/span>\u00d6\u011fle yeme\u011fi (a\u00e7\u0131k b\u00fcfe)<\/p>\n<h3 data-start=\"540\" data-end=\"559\">Dahil de\u011fil:<\/h3>\n<p data-start=\"560\" data-end=\"619\"><span style=\"color: #ff0000;\"><strong>\u2717<\/strong> <\/span>Kleopatra'n\u0131n havuzunun giri\u015fi<br data-start=\"586\" data-end=\"589\" \/><span style=\"color: #ff0000;\"><strong>\u2717<\/strong> <\/span>Ki\u015fisel harcamalar<br data-start=\"605\" data-end=\"608\" \/><span style=\"color: #ff0000;\"><strong>\u2717<\/strong> <\/span>\u0130\u00e7ecekler<\/p>\n<h3 data-start=\"539\" data-end=\"569\">\ud83c\udf1f Turun \u00f6ne \u00e7\u0131kan \u00f6zellikleri<\/h3>\n<p data-start=\"570\" data-end=\"898\">\ud83d\udd39 Pamukkale'nin beyaz traverten teraslar\u0131nda yal\u0131nayak y\u00fcr\u00fcy\u00fc\u015f<br data-start=\"637\" data-end=\"640\" \/>\ud83d\udd39 Hierapolis kal\u0131nt\u0131lar\u0131 ve Roma tiyatrosu turu<br data-start=\"683\" data-end=\"686\" \/>\ud83d\udd39 Do\u011fal termal havuzlarda tatil<br data-start=\"727\" data-end=\"730\" \/>\ud83d\udd39 Kleopatra'n\u0131n havuzunda y\u00fczme imkan\u0131 (ekstra \u00fccret)<br data-start=\"789\" data-end=\"792\" \/>\ud83d\udd39 UNESCO D\u00fcnya Miras\u0131 Alan\u0131 Ziyareti<br data-start=\"839\" data-end=\"842\" \/>\ud83d\udd39 Side otellerinden ve yak\u0131n b\u00f6lgelerden uygun transferler<\/p>\n<h3 data-start=\"900\" data-end=\"924\">\ud83d\udcd6 Tam a\u00e7\u0131klama<\/h3>\n<p data-start=\"925\" data-end=\"1230\">Sabah erken saatlerde Side'deki veya yak\u0131n b\u00f6lgelerdeki otelinizden al\u0131nacak ve konforlu bir otob\u00fcsle Pamukkale'ye g\u00f6t\u00fcr\u00fcleceksiniz. Yol boyunca k\u0131rsal alan ve da\u011f manzaras\u0131n\u0131n tad\u0131n\u0131 \u00e7\u0131karacak ve var\u0131\u015fta mineral termal sular\u0131n olu\u015fturdu\u011fu \u00fcnl\u00fc beyaz teraslara, \u00abPamuk Kalesi \u00bbne gideceksiniz.<\/p>\n<p data-start=\"1232\" data-end=\"1577\">A\u00e7\u0131k b\u00fcfe \u00f6\u011fle yeme\u011finden sonra antik Hierapolis'i ziyaret edeceksiniz: Roma tiyatrosu, s\u00fctunlu caddeler, nekropol ve di\u011fer \u00f6nemli kal\u0131nt\u0131lar. Bo\u015f zamanlar\u0131n\u0131zda teraslarda dola\u015fabilir, termal havuzlarda dinlenebilir veya dilerseniz ek bir \u00fccret kar\u015f\u0131l\u0131\u011f\u0131nda Kleopatra'n\u0131n havuzunu ziyaret edebilirsiniz. Ak\u015fam grup geri d\u00f6necek ve Side'deki otelinize transfer edileceksiniz.<\/p>\n<h3 data-start=\"1579\" data-end=\"1601\">\ud83d\uddfa\ufe0f Tur g\u00fczergah\u0131<\/h3>\n<p data-start=\"1602\" data-end=\"1893\">\ud83d\udd39 Side ve \u00e7evresindeki otellerden ara\u00e7la alma<br data-start=\"1642\" data-end=\"1645\" \/>\ud83d\udd39 Pamukkale il\u00e7esine giden yol<br data-start=\"1672\" data-end=\"1675\" \/>\ud83d\udd39 A\u00e7\u0131k b\u00fcfe \u00f6\u011fle yeme\u011fi\u00ab<br data-start=\"1698\" data-end=\"1701\" \/>\ud83d\udd39 Pamukkale travertenlerinde y\u00fcr\u00fcy\u00fc\u015f<br data-start=\"1737\" data-end=\"1740\" \/>\ud83d\udd39 Hierapolis kal\u0131nt\u0131lar\u0131 turu<br data-start=\"1773\" data-end=\"1776\" \/>\ud83d\udd39 \u0130stenirse serbest zaman - Kleopatra'n\u0131n havuzu (ekstra \u00fccret)<br data-start=\"1840\" data-end=\"1843\" \/>\ud83d\udd39 Side'ye d\u00f6n\u00fc\u015f transferi<br data-start=\"1869\" data-end=\"1872\" \/>\ud83d\udd39 Otellerde karaya \u00e7\u0131k\u0131\u015f<\/p>\n<h3 data-start=\"1895\" data-end=\"1923\">\u2139\ufe0f Faydal\u0131 bilgiler<\/h3>\n<p data-start=\"1924\" data-end=\"2301\">\ud83d\udd39 S\u00fcre: yakla\u015f\u0131k 12 saat (tam g\u00fcn tur)<br data-start=\"1986\" data-end=\"1989\" \/>\ud83d\udd39 Hava ve yol ko\u015fullar\u0131na ba\u011fl\u0131 olarak rota de\u011fi\u015febilir<br data-start=\"2048\" data-end=\"2051\" \/>\ud83d\udd39 Orta d\u00fczeyde fiziksel aktivite gerektirir (yama\u00e7larda ve teraslarda y\u00fcr\u00fcme)<br data-start=\"2126\" data-end=\"2129\" \/>\ud83d\udd39 \u00dccretsiz seyahat eden 5 ya\u015f\u0131ndan k\u00fc\u00e7\u00fck \u00e7ocuklar\u0131n otob\u00fcste ayr\u0131 bir koltu\u011fu yoktur; tam dolu olduklar\u0131nda bir yeti\u015fkinin kuca\u011f\u0131na otururlar veya ayr\u0131 bir koltuk rezerve edilebilir<\/p>\n<h3 data-start=\"2303\" data-end=\"2329\">\ud83c\udf92 Yan\u0131n\u0131za ne almal\u0131s\u0131n\u0131z<\/h3>\n<p data-start=\"2330\" data-end=\"2545\">\ud83d\udd39 Pasaport veya kimlik kart\u0131<br data-start=\"2367\" data-end=\"2370\" \/>\ud83d\udd39 Rahat y\u00fcr\u00fcy\u00fc\u015f ayakkab\u0131lar\u0131<br data-start=\"2397\" data-end=\"2400\" \/>\ud83d\udd39 \u015eapka, g\u00fcne\u015f g\u00f6zl\u00fc\u011f\u00fc ve g\u00fcne\u015f kremi<br data-start=\"2446\" data-end=\"2449\" \/>\ud83d\udd39 Mayo ve havlu.<br data-start=\"2473\" data-end=\"2476\" \/>\ud83d\udd39 \u0130\u00e7kiler, Kleopatra'n\u0131n havuzu ve ki\u015fisel harcamalar i\u00e7in nakit<\/p>\n<h3 data-start=\"2547\" data-end=\"2571\">\ud83d\udeab \u015eunlar i\u00e7in uygun de\u011fildir<\/h3>\n<p data-start=\"2572\" data-end=\"2662\">\ud83d\udd39 Hareket kabiliyeti k\u0131s\u0131tl\u0131 ki\u015filer<br data-start=\"2608\" data-end=\"2611\" \/>\ud83d\udd39 Ciddi kronik hastal\u0131\u011f\u0131 olan misafirler<\/p>\n<h3 data-start=\"2845\" data-end=\"2873\">\ud83d\udcb8 Fiyat ve rezervasyon<\/h3>\n<p data-start=\"2875\" data-end=\"3015\"><strong>\ud83d\udd39 \u015eimdi rezervasyon yap\u0131n - tur g\u00fcn\u00fc \u00f6deme yap\u0131n<\/strong><br data-start=\"2921\" data-end=\"2924\" \/>\ud83d\udd39 WhatsApp, Telegram, Viber \u00fczerinden bize ula\u015f\u0131n veya a\u015fa\u011f\u0131daki sipari\u015f formunu doldurun. \ud83d\udc47\ud83c\udffc<\/p>","protected":false},"excerpt":{"rendered":"<p>Side'den Pamukkale ve Hierapolis gezisi: beyaz teraslar, antik kent kal\u0131nt\u0131lar\u0131, kapl\u0131calar ve a\u00e7\u0131k b\u00fcfe \u00f6\u011fle yeme\u011fi. Transfer ve biletler dahildir.<\/p>","protected":false},"featured_media":12575,"comment_status":"open","ping_status":"closed","template":"","meta":[],"product_brand":[],"product_cat":[125],"product_tag":[110],"class_list":{"0":"post-14941","1":"product","2":"type-product","3":"status-publish","4":"has-post-thumbnail","6":"tour_phys-ekskursii-v-side","7":"product_cat-ekskursii-v-side","8":"product_tag-side","9":"pa_destination-ekskursii-v-side","11":"first","12":"instock","13":"sale","14":"shipping-taxable","15":"purchasable","16":"product-type-tour_phys"},"aioseo_notices":[],"_links":{"self":[{"href":"https:\/\/mirekskursii.com\/tr\/wp-json\/wp\/v2\/product\/14941","targetHints":{"allow":["GET"]}}],"collection":[{"href":"https:\/\/mirekskursii.com\/tr\/wp-json\/wp\/v2\/product"}],"about":[{"href":"https:\/\/mirekskursii.com\/tr\/wp-json\/wp\/v2\/types\/product"}],"replies":[{"embeddable":true,"href":"https:\/\/mirekskursii.com\/tr\/wp-json\/wp\/v2\/comments?post=14941"}],"wp:featuredmedia":[{"embeddable":true,"href":"https:\/\/mirekskursii.com\/tr\/wp-json\/wp\/v2\/media\/12575"}],"wp:attachment":[{"href":"https:\/\/mirekskursii.com\/tr\/wp-json\/wp\/v2\/media?parent=14941"}],"wp:term":[{"taxonomy":"product_brand","embeddable":true,"href":"https:\/\/mirekskursii.com\/tr\/wp-json\/wp\/v2\/product_brand?post=14941"},{"taxonomy":"product_cat","embeddable":true,"href":"https:\/\/mirekskursii.com\/tr\/wp-json\/wp\/v2\/product_cat?post=14941"},{"taxonomy":"product_tag","embeddable":true,"href":"https:\/\/mirekskursii.com\/tr\/wp-json\/wp\/v2\/product_tag?post=14941"}],"curies":[{"name":"wp","href":"https:\/\/api.w.org\/{rel}","templated":true}]}}