{"id":14940,"date":"2025-11-17T22:35:40","date_gmt":"2025-11-17T19:35:40","guid":{"rendered":"https:\/\/mirekskursii.com\/?post_type=product&#038;p=14940\/"},"modified":"2026-03-02T22:11:05","modified_gmt":"2026-03-02T19:11:05","slug":"rafting-turu-buggy-zipline-side","status":"publish","type":"product","link":"https:\/\/mirekskursii.com\/ekskursii\/rafting-dzhip-baggi-ziplayn-iz-side\/","title":{"rendered":"Side'den Rafting Turu \u2013 Jeep Buggy Zipline 4'\u00fc 1 Arada"},"content":{"rendered":"<h3 data-start=\"54\" data-end=\"69\">\ud83c\udfde\ufe0f \u0130nceleme<\/h3>\n<p data-start=\"70\" data-end=\"277\">Side 4\u00ab\u00fc 1 arada combo turuna kat\u0131l\u0131n ve t\u00fcm g\u00fcn\u00fc K\u00f6pr\u00fcl\u00fc Kanyon Milli Park\u0131'nda ge\u00e7irin! Rafting, jeep safari, buggy\/quad bisiklet ve ziplining sizi bekliyor - da\u011flar ve nehirle \u00e7evrili maksimum adrenalin.<\/p>\n<h3 data-start=\"344\" data-end=\"358\">Dahil:<\/h3>\n<p data-start=\"359\" data-end=\"584\"><span style=\"color: #00ff00;\"><strong>\u2713<\/strong> <\/span>Otel transferi<br data-start=\"381\" data-end=\"384\" \/><span style=\"color: #00ff00;\"><strong>\u2713<\/strong> <\/span>Profesyonel rehber<br data-start=\"406\" data-end=\"409\" \/><span style=\"color: #00ff00;\"><strong>\u2713<\/strong> <\/span>Jeep safari<br data-start=\"427\" data-end=\"430\" \/><span style=\"color: #00ff00;\"><strong>\u2713<\/strong> <\/span>Ekipmanl\u0131 rafting (can yele\u011fi, kask, k\u00fcrekler)<br data-start=\"488\" data-end=\"491\" \/><span style=\"color: #00ff00;\"><strong>\u2713<\/strong> <\/span>Buggy veya d\u00f6rtl\u00fc bisiklet s\u00fcrme<br data-start=\"525\" data-end=\"528\" \/><span style=\"color: #00ff00;\"><strong>\u2713<\/strong> <\/span>Ziplane deneyimi<br data-start=\"543\" data-end=\"546\" \/><span style=\"color: #00ff00;\"><strong>\u2713<\/strong> <\/span>Nehir kenar\u0131nda \u00f6\u011fle yeme\u011fi<br data-start=\"559\" data-end=\"562\" \/><span style=\"color: #00ff00;\"><strong>\u2713<\/strong> <\/span>Tam sigortal\u0131<\/p>\n<h3 data-start=\"586\" data-end=\"603\">Dahil de\u011fil:<\/h3>\n<p data-start=\"604\" data-end=\"632\"><span style=\"color: #ff0000;\"><strong>\u2717<\/strong> <\/span>\u0130\u00e7ecekler<br data-start=\"613\" data-end=\"616\" \/><span style=\"color: #ff0000;\"><strong>\u2717<\/strong> <\/span>Foto\u011fraf ve video<\/p>\n<h3 data-start=\"608\" data-end=\"638\">\ud83c\udf1f Turun \u00f6ne \u00e7\u0131kan \u00f6zellikleri<\/h3>\n<p data-start=\"640\" data-end=\"1080\">\ud83d\udd39 4'\u00fc 1 arada macera: tek turda rafting, jeep safari, buggy\/quad bisiklet ve ziplining<br data-start=\"724\" data-end=\"727\" \/>\ud83d\udd39 Toros Da\u011flar\u0131'ndaki antik Roma k\u00f6pr\u00fcleri ve da\u011f yollar\u0131n\u0131n incelenmesi<br data-start=\"795\" data-end=\"798\" \/>\ud83d\udd39 K\u00f6pr\u00fcl\u00fc Kanyon'da K\u00f6pr\u00fc\u00e7ay Nehri'nin ak\u0131nt\u0131lar\u0131nda rafting<br data-start=\"849\" data-end=\"852\" \/>\ud83d\udd39 Panoramik manzaral\u0131 kanyon \u00fczerinde zipline<br data-start=\"896\" data-end=\"899\" \/>\ud83d\udd39 Orman ve nehir parkurlar\u0131nda 50 dakikal\u0131k buggy veya ATV yolculu\u011fu<br data-start=\"972\" data-end=\"975\" \/>\ud83d\udd39 Nehir k\u0131y\u0131s\u0131nda barbek\u00fc \u00f6\u011fle yeme\u011fi<br data-start=\"1005\" data-end=\"1008\" \/>\ud83d\udd39 E\u011fitmen e\u015fli\u011finde g\u00fcvenli tur, yeni ba\u015flayanlar i\u00e7in uygun<\/p>\n<h3 data-start=\"1082\" data-end=\"1106\">\ud83d\udcd6 Tam a\u00e7\u0131klama<\/h3>\n<p data-start=\"1108\" data-end=\"1281\">Bu tur, bir g\u00fcnde maksimum duyguyu ya\u015famak isteyenler i\u00e7in tasarlanm\u0131\u015ft\u0131r. Sabah Side'deki otelinizden al\u0131nacak ve K\u00f6pr\u00fcl\u00fc Kanyon Milli Park\u0131'na g\u00f6t\u00fcr\u00fcleceksiniz (yakla\u015f\u0131k 60 km).<\/p>\n<p data-start=\"1283\" data-end=\"1571\">\u00d6nce a\u00e7\u0131k ciplerde bir cip safarisinin keyfini \u00e7\u0131karacaks\u0131n\u0131z: da\u011f yollar\u0131nda ilerleyecek, antik Roma k\u00f6pr\u00fclerini g\u00f6recek ve manzara noktalar\u0131nda duracaks\u0131n\u0131z. Bunu, tozlu orman yollar\u0131nda ve nehir boyunca 50 dakikal\u0131k bir buggy veya quad bike yolculu\u011fu izleyecek - deneyim gerekmiyor, sadece rehberi takip edin.<\/p>\n<p data-start=\"1573\" data-end=\"1830\">Off-road b\u00f6l\u00fcm\u00fcnden sonra rafting ba\u015fl\u0131yor: koruyucu giysiler i\u00e7inde K\u00f6pr\u00fc\u00e7ay Nehri'nde ak\u0131nt\u0131lar, su s\u0131\u00e7ramalar\u0131 ve y\u00fczme molalar\u0131 ile 12 kilometrelik bir rafting gezisine \u00e7\u0131kacaks\u0131n\u0131z. Yolun yar\u0131s\u0131nda, gezinin en \u00f6nemli noktas\u0131 sizi bekliyor - bir kanyon boyunca 350 metre uzunlu\u011funda bir zipline.<\/p>\n<p data-start=\"1832\" data-end=\"1928\">Hareketli bir g\u00fcn\u00fcn sonunda Side'deki otelinize d\u00f6nmeden \u00f6nce nehir kenar\u0131nda barbek\u00fc \u00f6\u011fle yeme\u011fi yiyerek dinleneceksiniz.<\/p>\n<h3 data-start=\"1930\" data-end=\"1952\">\ud83d\uddfa\ufe0f Tur g\u00fczergah\u0131<\/h3>\n<p data-start=\"1954\" data-end=\"2322\">\ud83d\udd39 Side ve \u00e7evresindeki otellerden ara\u00e7la alma<br data-start=\"1994\" data-end=\"1997\" \/>\ud83d\udd39 K\u00f6pr\u00fcl\u00fc Kanyon'daki rafting merkezine transfer<br data-start=\"2042\" data-end=\"2045\" \/>\ud83d\udd39 Jeep safari: Roma k\u00f6pr\u00fcleri ve da\u011f yollar\u0131<br data-start=\"2090\" data-end=\"2093\" \/>\ud83d\udd39 Buggy veya d\u00f6rtl\u00fc bisiklet s\u00fcr\u00fc\u015f\u00fc (\u224850 dakika off-road)<br data-start=\"2154\" data-end=\"2157\" \/>\ud83d\udd39 Rafting: Ak\u0131nt\u0131l\u0131 ve durakl\u0131 12 kilometrelik parkur<br data-start=\"2216\" data-end=\"2219\" \/>\ud83d\udd39 Zipline: Kanyon \u00fczerinde 350 m<br data-start=\"2256\" data-end=\"2259\" \/>\ud83d\udd39 Nehir k\u0131y\u0131s\u0131nda barbek\u00fc \u00f6\u011fle yeme\u011fi<br data-start=\"2289\" data-end=\"2292\" \/>\ud83d\udd39 Otellere d\u00f6n\u00fc\u015f transferi<\/p>\n<h3 data-start=\"2324\" data-end=\"2352\">\u2139\ufe0f Faydal\u0131 bilgiler<\/h3>\n<p data-start=\"2354\" data-end=\"2832\">\ud83d\udd39 S\u00fcre: yakla\u015f\u0131k 8-9 saat<br data-start=\"2391\" data-end=\"2394\" \/>\ud83d\udd39 Rafting ve buggy\/ATV s\u00fcr\u00fc\u015f deneyimi gerekli de\u011fildir<br data-start=\"2444\" data-end=\"2447\" \/>\ud83d\udd39 T\u00fcm g\u00fcvenlik ekipmanlar\u0131 sa\u011flan\u0131r (yelekler, kasklar, vb.)<br data-start=\"2512\" data-end=\"2515\" \/>\ud83d\udd39 Rus\u00e7a konu\u015fan, \u0130ngilizce konu\u015fan ve Almanca konu\u015fan rehberler mevcuttur<br data-start=\"2582\" data-end=\"2585\" \/>\ud83d\udd39 Su ayakkab\u0131lar\u0131 ve su ge\u00e7irmez telefon k\u0131l\u0131flar\u0131 tabandan sat\u0131n al\u0131nabilir<br data-start=\"2661\" data-end=\"2664\" \/>\ud83d\udd39 \u00dccretsiz seyahat eden 6 ya\u015f\u0131ndan k\u00fc\u00e7\u00fck \u00e7ocuklar\u0131n otob\u00fcste ayr\u0131 bir koltu\u011fu yoktur; a\u015f\u0131r\u0131 kalabal\u0131k durumunda bir yeti\u015fkinin kuca\u011f\u0131na otururlar veya ayr\u0131 bir koltuk rezerve edilebilir<\/p>\n<h3 data-start=\"2834\" data-end=\"2860\">\ud83c\udf92 Yan\u0131n\u0131za ne almal\u0131s\u0131n\u0131z<\/h3>\n<p data-start=\"2862\" data-end=\"3072\">\ud83d\udd39 Mayo ve havlu.<br data-start=\"2886\" data-end=\"2889\" \/>\ud83d\udd39 Yedek k\u0131yafet ve ayakkab\u0131lar<br data-start=\"2915\" data-end=\"2918\" \/>\ud83d\udd39 G\u00fcne\u015f kremi ve g\u00fcne\u015f g\u00f6zl\u00fc\u011f\u00fc<br data-start=\"2962\" data-end=\"2965\" \/>\ud83d\udd39 Telefonunuz veya kameran\u0131z i\u00e7in su ge\u00e7irmez k\u0131l\u0131f<br data-start=\"3015\" data-end=\"3018\" \/>\ud83d\udd39 \u0130\u00e7ecekler, foto\u011fraflar ve hediyelik e\u015fyalar i\u00e7in nakit<\/p>\n<h3 data-start=\"3074\" data-end=\"3098\">\ud83d\udeab \u015eunlar i\u00e7in uygun de\u011fildir<\/h3>\n<p data-start=\"3100\" data-end=\"3244\">\ud83d\udd39 Hamile kad\u0131nlar<br data-start=\"3120\" data-end=\"3123\" \/>\ud83d\udd39 Kardiyovask\u00fcler hastal\u0131\u011f\u0131 olan ki\u015filer<br data-start=\"3168\" data-end=\"3171\" \/>\ud83d\udd39 Hareket kabiliyeti k\u0131s\u0131tl\u0131 gezginler<br data-start=\"3218\" data-end=\"3221\" \/>\ud83d\udd39 4 ya\u015f\u0131ndan k\u00fc\u00e7\u00fck \u00e7ocuklar<\/p>\n<h3 data-start=\"3641\" data-end=\"3669\">\ud83d\udcb8 Fiyat ve rezervasyon<\/h3>\n<p data-start=\"3671\" data-end=\"3811\"><strong>\ud83d\udd39 \u015eimdi rezervasyon yap\u0131n - tur g\u00fcn\u00fc \u00f6deme yap\u0131n<\/strong><br data-start=\"3717\" data-end=\"3720\" \/>\ud83d\udd39 WhatsApp, Telegram, Viber \u00fczerinden bize ula\u015f\u0131n veya a\u015fa\u011f\u0131daki sipari\u015f formunu doldurun. \ud83d\udc47\ud83c\udffc<\/p>","protected":false},"excerpt":{"rendered":"<p data-start=\"2831\" data-end=\"2974\">Side'den 4'\u00fc 1 arada Rafting: K\u00f6pr\u00fcl\u00fc Kanyon'da jeep safari, buggy\/quad bike, ziplining ve rafting. Nehir kenar\u0131nda \u00f6\u011fle yeme\u011fi, otel transferleri ve tam sigorta dahildir.<\/p>","protected":false},"featured_media":14880,"comment_status":"open","ping_status":"closed","template":"","meta":[],"product_brand":[],"product_cat":[125],"product_tag":[110],"class_list":{"0":"post-14940","1":"product","2":"type-product","3":"status-publish","4":"has-post-thumbnail","6":"tour_phys-ekskursii-v-side","7":"product_cat-ekskursii-v-side","8":"product_tag-side","9":"pa_destination-ekskursii-v-side","11":"first","12":"instock","13":"sale","14":"shipping-taxable","15":"purchasable","16":"product-type-tour_phys"},"aioseo_notices":[],"_links":{"self":[{"href":"https:\/\/mirekskursii.com\/tr\/wp-json\/wp\/v2\/product\/14940","targetHints":{"allow":["GET"]}}],"collection":[{"href":"https:\/\/mirekskursii.com\/tr\/wp-json\/wp\/v2\/product"}],"about":[{"href":"https:\/\/mirekskursii.com\/tr\/wp-json\/wp\/v2\/types\/product"}],"replies":[{"embeddable":true,"href":"https:\/\/mirekskursii.com\/tr\/wp-json\/wp\/v2\/comments?post=14940"}],"wp:featuredmedia":[{"embeddable":true,"href":"https:\/\/mirekskursii.com\/tr\/wp-json\/wp\/v2\/media\/14880"}],"wp:attachment":[{"href":"https:\/\/mirekskursii.com\/tr\/wp-json\/wp\/v2\/media?parent=14940"}],"wp:term":[{"taxonomy":"product_brand","embeddable":true,"href":"https:\/\/mirekskursii.com\/tr\/wp-json\/wp\/v2\/product_brand?post=14940"},{"taxonomy":"product_cat","embeddable":true,"href":"https:\/\/mirekskursii.com\/tr\/wp-json\/wp\/v2\/product_cat?post=14940"},{"taxonomy":"product_tag","embeddable":true,"href":"https:\/\/mirekskursii.com\/tr\/wp-json\/wp\/v2\/product_tag?post=14940"}],"curies":[{"name":"wp","href":"https:\/\/api.w.org\/{rel}","templated":true}]}}