{"id":14939,"date":"2025-11-17T22:33:05","date_gmt":"2025-11-17T19:33:05","guid":{"rendered":"https:\/\/mirekskursii.com\/?post_type=product&#038;p=14939\/"},"modified":"2026-03-17T23:11:51","modified_gmt":"2026-03-17T20:11:51","slug":"green-canyon-tekne-turu-side","status":"publish","type":"product","link":"https:\/\/mirekskursii.com\/ekskursii\/zelenyy-kanion-iz-side\/","title":{"rendered":"Side'den Green Canyon Tekne Turu \u2013 Ye\u015fil Vadi G\u00f6l Gezisi"},"content":{"rendered":"<h3 data-start=\"249\" data-end=\"265\"><strong data-start=\"253\" data-end=\"265\">\ud83c\udf32 \u0130nceleme<\/strong><\/h3>\n<p data-start=\"267\" data-end=\"440\">Ye\u015fil Kanyon'da dinlendirici bir yolculuk i\u00e7in Side, Manavgat ve yak\u0131n b\u00f6lgelerden hareket edin. Turkuaz su, Toros Da\u011flar\u0131, y\u00fczme ve g\u00f6l kenar\u0131nda \u00f6\u011fle yeme\u011fi - do\u011fada m\u00fckemmel bir g\u00fcn.<\/p>\n<h3 data-start=\"442\" data-end=\"458\"><strong data-start=\"446\" data-end=\"458\">Dahil:<\/strong><\/h3>\n<p data-start=\"460\" data-end=\"628\"><span style=\"color: #00ff00;\"><strong>\u2713<\/strong> <\/span>Otel transferi<br data-start=\"482\" data-end=\"485\" \/><span style=\"color: #00ff00;\"><strong>\u2713<\/strong> <\/span>Ye\u015fil Kanyon tekne turu<br data-start=\"524\" data-end=\"527\" \/><span style=\"color: #00ff00;\"><strong>\u2713<\/strong> <\/span>Profesyonel rehber<br data-start=\"549\" data-end=\"552\" \/><span style=\"color: #00ff00;\"><strong>\u2713<\/strong> <\/span>G\u00f6l kenar\u0131nda bir restoranda \u00f6\u011fle yeme\u011fi<br data-start=\"578\" data-end=\"581\" \/><span style=\"color: #00ff00;\"><strong>\u2713<\/strong> <\/span>Tam sigorta<br data-start=\"599\" data-end=\"602\" \/><span style=\"color: #00ff00;\"><strong>\u2713<\/strong> <\/span>Alkols\u00fcz i\u00e7ecekler<\/p>\n<h3 data-start=\"630\" data-end=\"649\"><strong data-start=\"634\" data-end=\"649\">Dahil de\u011fil:<\/strong><\/h3>\n<p data-start=\"651\" data-end=\"686\"><strong><span style=\"color: #ff0000;\">\u2717<\/span> <\/strong>Ki\u015fisel harcamalar<br data-start=\"667\" data-end=\"670\" \/><strong><span style=\"color: #ff0000;\">\u2717<\/span> <\/strong>Foto\u011fraf ve video<\/p>\n<h3 data-start=\"688\" data-end=\"715\"><strong data-start=\"692\" data-end=\"715\">\ud83d\udea4 \u00d6nemli Noktalar<\/strong><\/h3>\n<p data-start=\"717\" data-end=\"911\">\ud83d\udd39 Ye\u015fil Kanyon Tekne Turu<br data-start=\"754\" data-end=\"757\" \/>\ud83d\udd39 Toros Da\u011flar\u0131'n\u0131n b\u00fcy\u00fcleyici manzaras\u0131<br data-start=\"789\" data-end=\"792\" \/>\ud83d\udd39 Ferahlat\u0131c\u0131 banyo duraklar\u0131<br data-start=\"827\" data-end=\"830\" \/>\ud83d\udd39 G\u00f6l kenar\u0131nda do\u011fa ile i\u00e7 i\u00e7e \u00f6\u011fle yeme\u011fi<br data-start=\"865\" data-end=\"868\" \/>\ud83d\udd39 Sakin atmosfer ve temiz hava<\/p>\n<h3 data-start=\"913\" data-end=\"939\"><strong data-start=\"917\" data-end=\"939\">\ud83d\udcd6 Tam a\u00e7\u0131klama<\/strong><\/h3>\n<p data-start=\"941\" data-end=\"1157\">Yolculu\u011funuz Side veya Manavgat'tan Toros Da\u011flar\u0131'na do\u011fru bir transfer ile ba\u015flar. Var\u0131\u015fta, kayalar ve yo\u011fun bitki \u00f6rt\u00fcs\u00fcyle \u00e7evrili kanyonun sakin ye\u015fil sular\u0131nda bir tekne turu yapacaks\u0131n\u0131z.<\/p>\n<p data-start=\"1159\" data-end=\"1325\">Rota, serin ve berrak suda y\u00fczmek i\u00e7in mola vererek K\u00fc\u00e7\u00fck ve B\u00fcy\u00fck Kanyonlardan ge\u00e7mektedir. G\u00fcn ortas\u0131nda g\u00f6l kenar\u0131ndaki bir restoranda lezzetli bir \u00f6\u011fle yeme\u011finin tad\u0131n\u0131 \u00e7\u0131karacaks\u0131n\u0131z.<\/p>\n<p data-start=\"1327\" data-end=\"1463\">Hafif esintiler, yumu\u015fak dalgalar ve do\u011fal manzaralar bu turu aileler, \u00e7iftler ve \u015fehirden uzakta huzurlu bir ka\u00e7amak arayan herkes i\u00e7in ideal k\u0131lmaktad\u0131r.<\/p>\n<h3 data-start=\"1465\" data-end=\"1491\"><strong data-start=\"1469\" data-end=\"1491\">\ud83d\uddfa\ufe0f Tur Program\u0131<\/strong><\/h3>\n<p data-start=\"1493\" data-end=\"1654\">\ud83d\udd39 Otel transferi<br data-start=\"1513\" data-end=\"1516\" \/>\ud83d\udd39 Ye\u015fil Kanyon Gezisi<br data-start=\"1543\" data-end=\"1546\" \/>\ud83d\udd39 Tekne gezisi<br data-start=\"1563\" data-end=\"1566\" \/>\ud83d\udd39 Banyo duraklar\u0131<br data-start=\"1590\" data-end=\"1593\" \/>\ud83d\udd39 G\u00f6l kenar\u0131nda \u00f6\u011fle yeme\u011fi<br data-start=\"1608\" data-end=\"1611\" \/>\ud83d\udd39 D\u00f6n\u00fc\u015f yolculu\u011fu<br data-start=\"1628\" data-end=\"1631\" \/>\ud83d\udd39 Yana D\u00f6n<\/p>\n<h3 data-start=\"1656\" data-end=\"1686\"><strong data-start=\"1660\" data-end=\"1686\">\u2139\ufe0f Faydal\u0131 bilgiler<\/strong><\/h3>\n<p data-start=\"1688\" data-end=\"1904\">\ud83d\udd39 S\u00fcre: ~7-8 saat<br data-start=\"1720\" data-end=\"1723\" \/>\ud83d\udd39 Minimal fiziksel aktivite<br data-start=\"1759\" data-end=\"1762\" \/>\ud83d\udd39 Tur her g\u00fcn d\u00fczenlenmektedir<br data-start=\"1789\" data-end=\"1792\" \/>\ud83d\udd39 \u00d6\u011fle yeme\u011fi dahil, i\u00e7ecekler ekstra \u00fccretlidir<br data-start=\"1827\" data-end=\"1830\" \/>\ud83d\udd39 Teknede g\u00f6lgelik ve tuvaletler var<br data-start=\"1861\" data-end=\"1864\" \/>\ud83d\udd39 Can yelekleri temin edilir<\/p>\n<h3 data-start=\"1906\" data-end=\"1934\"><strong data-start=\"1910\" data-end=\"1934\">\ud83c\udf92 Yan\u0131n\u0131za ne almal\u0131s\u0131n\u0131z<\/strong><\/h3>\n<p data-start=\"1936\" data-end=\"2052\">\ud83d\udd39 G\u00f6zl\u00fckler ve ba\u015fl\u0131klar<br data-start=\"1959\" data-end=\"1962\" \/>\ud83d\udd39 Mayo ve havlu.<br data-start=\"1986\" data-end=\"1989\" \/>\ud83d\udd39 G\u00fcne\u015f Kremi<br data-start=\"2011\" data-end=\"2014\" \/>\ud83d\udd39 Kamera veya ak\u0131ll\u0131 telefon<br data-start=\"2036\" data-end=\"2039\" \/>\ud83d\udd39 Nakit<\/p>\n<h3 data-start=\"2054\" data-end=\"2080\"><strong data-start=\"2058\" data-end=\"2080\">\ud83d\udeab \u015eunlar i\u00e7in uygun de\u011fildir<\/strong><\/h3>\n<p data-start=\"2082\" data-end=\"2197\">\ud83d\udd39 Hareket kabiliyeti k\u0131s\u0131tl\u0131 ki\u015filer<br data-start=\"2118\" data-end=\"2121\" \/>\ud83d\udd39 Tekerlekli sandalye kullan\u0131c\u0131lar\u0131<br data-start=\"2156\" data-end=\"2159\" \/>\ud83d\udd39 Deniz tutmas\u0131na yatk\u0131n insanlar<\/p>\n<h3 data-start=\"2199\" data-end=\"2229\"><strong data-start=\"2203\" data-end=\"2229\">\ud83d\udcb8 Fiyat ve rezervasyon<\/strong><\/h3>\n<p data-start=\"2231\" data-end=\"2371\">\ud83d\udd39 \u015eimdi rezervasyon yap\u0131n - tur g\u00fcn\u00fc \u00f6deme yap\u0131n<br data-start=\"2277\" data-end=\"2280\" \/>\ud83d\udd39 WhatsApp, Telegram, Viber \u00fczerinden bize ula\u015f\u0131n veya a\u015fa\u011f\u0131daki sipari\u015f formunu doldurun. \ud83d\udc47\ud83c\udffc<\/p>","protected":false},"excerpt":{"rendered":"<p>Side'den Ye\u015fil Kanyon: tekne gezisi, y\u00fczme, Toros Da\u011flar\u0131 ve g\u00f6l kenar\u0131nda \u00f6\u011fle yeme\u011fi. Aileler ve do\u011fa severler i\u00e7in rahatlat\u0131c\u0131 bir tur. Transfer dahildir.<\/p>","protected":false},"featured_media":12848,"comment_status":"open","ping_status":"closed","template":"","meta":[],"product_brand":[],"product_cat":[125],"product_tag":[110],"class_list":{"0":"post-14939","1":"product","2":"type-product","3":"status-publish","4":"has-post-thumbnail","6":"tour_phys-piratskii-korable","7":"tour_phys-ekskursii-v-side","8":"product_cat-ekskursii-v-side","9":"product_tag-side","10":"pa_destination-ekskursii-v-side","12":"first","13":"instock","14":"sale","15":"shipping-taxable","16":"purchasable","17":"product-type-tour_phys"},"aioseo_notices":[],"_links":{"self":[{"href":"https:\/\/mirekskursii.com\/tr\/wp-json\/wp\/v2\/product\/14939","targetHints":{"allow":["GET"]}}],"collection":[{"href":"https:\/\/mirekskursii.com\/tr\/wp-json\/wp\/v2\/product"}],"about":[{"href":"https:\/\/mirekskursii.com\/tr\/wp-json\/wp\/v2\/types\/product"}],"replies":[{"embeddable":true,"href":"https:\/\/mirekskursii.com\/tr\/wp-json\/wp\/v2\/comments?post=14939"}],"wp:featuredmedia":[{"embeddable":true,"href":"https:\/\/mirekskursii.com\/tr\/wp-json\/wp\/v2\/media\/12848"}],"wp:attachment":[{"href":"https:\/\/mirekskursii.com\/tr\/wp-json\/wp\/v2\/media?parent=14939"}],"wp:term":[{"taxonomy":"product_brand","embeddable":true,"href":"https:\/\/mirekskursii.com\/tr\/wp-json\/wp\/v2\/product_brand?post=14939"},{"taxonomy":"product_cat","embeddable":true,"href":"https:\/\/mirekskursii.com\/tr\/wp-json\/wp\/v2\/product_cat?post=14939"},{"taxonomy":"product_tag","embeddable":true,"href":"https:\/\/mirekskursii.com\/tr\/wp-json\/wp\/v2\/product_tag?post=14939"}],"curies":[{"name":"wp","href":"https:\/\/api.w.org\/{rel}","templated":true}]}}