{"id":14938,"date":"2025-11-17T22:25:00","date_gmt":"2025-11-17T19:25:00","guid":{"rendered":"https:\/\/mirekskursii.com\/?post_type=product&#038;p=14938\/"},"modified":"2025-12-18T12:27:38","modified_gmt":"2025-12-18T09:27:38","slug":"korsan-tekne-turu-side-big-kral-legend","status":"publish","type":"product","link":"https:\/\/mirekskursii.com\/ekskursii\/piratskiy-korabl-big-kral-iz-side\/","title":{"rendered":"Side'den Korsan Tekne Turu Big Kral Legend \u2013 Her \u015eey Dahil"},"content":{"rendered":"<h3 data-start=\"60\" data-end=\"77\">\ud83c\udff4\u200d\u2620\ufe0f Genel Bak\u0131\u015f<\/h3>\n<p data-start=\"78\" data-end=\"386\">Akdeniz'in en b\u00fcy\u00fcklerinden biri olan efsanevi korsan gemisi Big Kral ile Side'den bir deniz maceras\u0131na \u00e7\u0131k\u0131n. Alanya sahili boyunca seyredin, k\u00f6p\u00fck partilerinin, Kleopatra Plaj\u0131'nda y\u00fczmenin ve her \u015fey dahil \u00f6\u011fle yeme\u011fi ve alkols\u00fcz i\u00e7ecekler ile eksiksiz bir e\u011flence program\u0131n\u0131n tad\u0131n\u0131 \u00e7\u0131kar\u0131n.<\/p>\n<h3 data-start=\"272\" data-end=\"288\">\u00a0Dahil:<\/h3>\n<p data-start=\"289\" data-end=\"513\"><span style=\"color: #00ff00;\"><strong>\u2713<\/strong> <\/span>Otel transferi<br data-start=\"311\" data-end=\"314\" \/><span style=\"color: #00ff00;\"><strong>\u2713<\/strong> <\/span>Rehber: Rus\u00e7a, \u0130ngilizce<br data-start=\"340\" data-end=\"343\" \/><span style=\"color: #00ff00;\"><strong>\u2713<\/strong> <\/span>\u00d6\u011fle yeme\u011fi (\u0131zgara tavuk, pilav ve salata)<br data-start=\"378\" data-end=\"381\" \/><span style=\"color: #00ff00;\"><strong>\u2713<\/strong> <\/span>Alkols\u00fcz i\u00e7ecekler (su, kola, fanta, vb.)<br data-start=\"432\" data-end=\"435\" \/><span style=\"color: #00ff00;\"><strong>\u2713<\/strong> <\/span>K\u00f6p\u00fck partisi ve animasyon<br data-start=\"464\" data-end=\"467\" \/><span style=\"color: #00ff00;\"><strong>\u2713<\/strong> <\/span>Can yelekleri<br data-start=\"488\" data-end=\"491\" \/><span style=\"color: #00ff00;\"><strong>\u2713<\/strong> <\/span>Tam sigortal\u0131<\/p>\n<h3 data-start=\"515\" data-end=\"534\">\u00a0Dahil de\u011fil:<\/h3>\n<p data-start=\"535\" data-end=\"594\"><span style=\"color: #ff0000;\"><strong>\u2717<\/strong> <\/span>Alkoll\u00fc i\u00e7ecekler<br data-start=\"556\" data-end=\"559\" \/><span style=\"color: #ff0000;\"><strong>\u2717<\/strong> <\/span>Foto\u011fraf ve video<br data-start=\"573\" data-end=\"576\" \/><span style=\"color: #ff0000;\"><strong>\u2717<\/strong> <\/span>Ki\u015fisel harcamalar<\/p>\n<h3 data-start=\"775\" data-end=\"805\">\ud83c\udf1f Turun \u00f6ne \u00e7\u0131kan \u00f6zellikleri<\/h3>\n<p data-start=\"807\" data-end=\"1245\">\ud83d\udd39 Akdeniz'in en b\u00fcy\u00fcklerinden biri olan efsanevi korsan gemisi Big Kral'da yolculuk<br data-start=\"898\" data-end=\"901\" \/>\ud83d\udd39 Alanya Kalesi, K\u0131z\u0131l Kule ve eski tersanenin panoramik manzaras\u0131<br data-start=\"965\" data-end=\"968\" \/>\ud83d\udd39 \u00dcnl\u00fc ma\u011faralarda mola verin: Korsanlar, A\u015f\u0131klar, Fosfor ve \u015eeytan Ma\u011faras\u0131.<br data-start=\"1045\" data-end=\"1048\" \/>\ud83d\udd39 Ulash Plaj\u0131 ve di\u011fer pitoresk koylar\u0131n turkuaz sular\u0131nda y\u00fczme<br data-start=\"1114\" data-end=\"1117\" \/>\ud83d\udd39 Her ya\u015ftan misafir i\u00e7in k\u00f6p\u00fck partisi, m\u00fczik ve animasyon<br data-start=\"1181\" data-end=\"1184\" \/>\ud83d\udd39 Aileler, \u00e7iftler ve arkada\u015f gruplar\u0131 i\u00e7in deniz kenar\u0131nda m\u00fckemmel bir g\u00fcn<\/p>\n<h3 data-start=\"1247\" data-end=\"1271\">\ud83d\udcd6 Tam a\u00e7\u0131klama<\/h3>\n<p data-start=\"1273\" data-end=\"1584\">Korsan g\u00fcn\u00fcn\u00fcz, Side b\u00f6lgesindeki otellerinizden g\u00f6rkemli korsan gemisi Big Kral Legend'in sizi bekleyece\u011fi Alanya liman\u0131na konforlu bir transferle ba\u015flayacakt\u0131r. Saat 10:00 sular\u0131nda gemi Alanya sahili boyunca bir gezintiye \u00e7\u0131k\u0131yor: K\u0131z\u0131l Kule'yi, eski tersaneyi ve Alanya Kalesi'nin kale duvarlar\u0131n\u0131 denizden g\u00f6receksiniz.<\/p>\n<p data-start=\"1586\" data-end=\"2156\">Gemi rota boyunca \u00fcnl\u00fc deniz ma\u011faralar\u0131nda - Korsanlar, A\u015f\u0131klar, Fosfor ve \u015eeytan ma\u011faralar\u0131 - kristal berrakl\u0131\u011f\u0131nda suda y\u00fczebilece\u011finiz ve muhte\u015fem foto\u011fraflar \u00e7ekebilece\u011finiz birka\u00e7 durak yapar. Gemide alkols\u00fcz i\u00e7ecekler e\u015fli\u011finde lezzetli bir \u00f6\u011fle yeme\u011fi servis edilir ve animasyon ekibi yar\u0131\u015fmalar ve e\u011flenceler d\u00fczenler. \u00d6\u011fleden sonra g\u00fcverte, m\u00fczik e\u015fli\u011finde co\u015fkulu bir k\u00f6p\u00fck partisi ile e\u011flencenin merkezine d\u00f6n\u00fc\u015f\u00fcr. Denizde aksiyon dolu bir g\u00fcn\u00fcn ard\u0131ndan gemi yakla\u015f\u0131k 15:00'te Alanya liman\u0131na geri d\u00f6ner ve buradan Side otellerinize geri g\u00f6t\u00fcr\u00fcl\u00fcrs\u00fcn\u00fcz.<\/p>\n<h3 data-start=\"2158\" data-end=\"2180\">\ud83d\uddfa\ufe0f Tur g\u00fczergah\u0131<\/h3>\n<p data-start=\"2182\" data-end=\"2685\">\ud83d\udd39 Side ve \u00e7evresindeki otellerden ara\u00e7la alma<br data-start=\"2229\" data-end=\"2232\" \/>\ud83d\udd39 Alanya liman\u0131na transfer<br data-start=\"2259\" data-end=\"2262\" \/>\ud83d\udd39 Big Kral gemisine binin ve saat 10:00 civar\u0131nda hareket edin<br data-start=\"2318\" data-end=\"2321\" \/>\ud83d\udd39 K\u0131y\u0131 boyunca seyir: K\u0131z\u0131l Kule, Alanya Kalesi ve eski tersane<br data-start=\"2389\" data-end=\"2392\" \/>\ud83d\udd39 Korsanlar, A\u015f\u0131klar, Fosfor ve \u015eeytan ma\u011faralar\u0131nda durur<br data-start=\"2457\" data-end=\"2460\" \/>\ud83d\udd39 Gemide y\u00fczme ve \u00f6\u011fle yeme\u011fi<br data-start=\"2486\" data-end=\"2489\" \/>\ud83d\udd39 Ulash plaj\u0131nda y\u00fczme dura\u011f\u0131 ve ek y\u00fczme duraklar\u0131<br data-start=\"2555\" data-end=\"2558\" \/>\ud83d\udd39 D\u00f6n\u00fc\u015f yolunda k\u00f6p\u00fck partisi ve animasyon<br data-start=\"2606\" data-end=\"2609\" \/>\ud83d\udd39 Alanya liman\u0131na d\u00f6n\u00fc\u015f (~15:00)<br data-start=\"2648\" data-end=\"2651\" \/>\ud83d\udd39 Side otellerine geri transfer<\/p>\n<h3 data-start=\"2687\" data-end=\"2715\">\u2139\ufe0f Faydal\u0131 bilgiler<\/h3>\n<p data-start=\"2717\" data-end=\"3105\">\ud83d\udd39 S\u00fcre: yakla\u015f\u0131k 5-6 saat (transferler hari\u00e7)<br data-start=\"2776\" data-end=\"2779\" \/>\ud83d\udd39 Her ya\u015f i\u00e7in uygundur; \u00e7ocuklar bir yeti\u015fkin taraf\u0131ndan g\u00f6zetim alt\u0131nda tutulmal\u0131d\u0131r<br data-start=\"2851\" data-end=\"2854\" \/>\ud83d\udd39 Gemide g\u00fcne\u015flenmek i\u00e7in g\u00f6lgeli alanlar ve \u015fezlonglar bulunmaktad\u0131r<br data-start=\"2905\" data-end=\"2908\" \/>\ud83d\udd39 5 ya\u015f\u0131n alt\u0131ndaki \u00e7ocuklar \u00fccretsiz seyahat eder, ancak otob\u00fcs doluysa koltu\u011fu bir ebeveynle payla\u015f\u0131r<br data-start=\"3010\" data-end=\"3013\" \/>\ud83d\udd39 Gemideki diller: a\u011f\u0131rl\u0131kl\u0131 olarak T\u00fcrk\u00e7e ve \u0130ngilizce, Rus\u00e7a konu\u015fan personel\/rehber mevcut<\/p>\n<h3 data-start=\"3107\" data-end=\"3133\">\ud83c\udf92 Yan\u0131n\u0131za ne almal\u0131s\u0131n\u0131z<\/h3>\n<p data-start=\"3135\" data-end=\"3357\">\ud83d\udd39 Mayo ve havlu.<br data-start=\"3159\" data-end=\"3162\" \/>\ud83d\udd39 G\u00fcne\u015f kremi, g\u00fcne\u015f g\u00f6zl\u00fc\u011f\u00fc ve \u015fapka<br data-start=\"3213\" data-end=\"3216\" \/>\ud83d\udd39 Gerekirse hafif bir k\u0131yafet de\u011fi\u015fikli\u011fi<br data-start=\"3258\" data-end=\"3261\" \/>\ud83d\udd39 Telefon veya kamera<br data-start=\"3287\" data-end=\"3290\" \/>\ud83d\udd39 Alkoll\u00fc i\u00e7ecekler, foto\u011fraflar ve ki\u015fisel harcamalar i\u00e7in k\u00fc\u00e7\u00fck bir miktar para<\/p>\n<h3 data-start=\"3359\" data-end=\"3383\">\ud83d\udeab \u015eunlar i\u00e7in uygun de\u011fildir<\/h3>\n<p data-start=\"3385\" data-end=\"3498\">\ud83d\udd39 \u015eiddetli hareket hastal\u0131\u011f\u0131 olan konuklar<br data-start=\"3416\" data-end=\"3419\" \/>\ud83d\udd39 Hamile kad\u0131nlar<br data-start=\"3439\" data-end=\"3442\" \/>\ud83d\udd39 Ciddi kardiyovask\u00fcler hastal\u0131\u011f\u0131 olan ki\u015filer<\/p>\n<h3 data-start=\"3111\" data-end=\"3139\">\ud83d\udcb8 Fiyat ve rezervasyon<\/h3>\n<p data-start=\"3141\" data-end=\"3281\"><strong>\ud83d\udd39 \u015eimdi rezervasyon yap\u0131n - tur g\u00fcn\u00fc \u00f6deme yap\u0131n<\/strong><br data-start=\"3187\" data-end=\"3190\" \/>\ud83d\udd39 WhatsApp, Telegram, Viber \u00fczerinden bize ula\u015f\u0131n veya a\u015fa\u011f\u0131daki sipari\u015f formunu doldurun. \ud83d\udc47\ud83c\udffc<\/p>","protected":false},"excerpt":{"rendered":"<article class=\"text-token-text-primary w-full focus:outline-none [--shadow-height:45px] has-data-writing-block:pointer-events-none has-data-writing-block:-mt-(--shadow-height) has-data-writing-block:pt-(--shadow-height) [&amp;:has([data-writing-block])&gt;*]:pointer-events-auto [content-visibility:auto] supports-[content-visibility:auto]:[contain-intrinsic-size:auto_100lvh] scroll-mt-[calc(var(--header-height)+min(200px,max(70px,20svh)))]\" dir=\"auto\" tabindex=\"-1\" data-turn-id=\"request-691836cd-f880-8328-a590-c99ebec06edd-3\" data-testid=\"conversation-turn-84\" data-scroll-anchor=\"true\" data-turn=\"assistant\">\n<div class=\"text-base my-auto mx-auto pb-10 [--thread-content-margin:--spacing(4)] thread-sm:[--thread-content-margin:--spacing(6)] thread-lg:[--thread-content-margin:--spacing(16)] px-(--thread-content-margin)\">\n<div class=\"[--thread-content-max-width:40rem] thread-lg:[--thread-content-max-width:48rem] mx-auto max-w-(--thread-content-max-width) flex-1 group\/turn-messages focus-visible:outline-hidden relative flex w-full min-w-0 flex-col agent-turn\" tabindex=\"-1\">\n<div class=\"flex max-w-full flex-col grow\">\n<div class=\"min-h-8 text-message relative flex w-full flex-col items-end gap-2 text-start break-words whitespace-normal [.text-message+&amp;]:mt-1\" dir=\"auto\" data-message-author-role=\"assistant\" data-message-id=\"4604497e-bd6b-4f1f-a874-8cfbc2515a0d\" data-message-model-slug=\"gpt-5-1-thinking\">\n<div class=\"flex w-full flex-col gap-1 empty:hidden first:pt-[1px]\">\n<div class=\"markdown prose dark:prose-invert w-full break-words light markdown-new-styling\">\n<p data-start=\"2753\" data-end=\"2929\" data-is-last-node=\"\" data-is-only-node=\"\">\u041f\u0438\u0440\u0430\u0442\u0441\u043a\u0438\u0439 \u043a\u043e\u0440\u0430\u0431\u043b\u044c Big Kral Legend \u0438\u0437 \u0421\u0438\u0434\u0435: \u043a\u0440\u0443\u0438\u0437 \u00ab\u0432\u0441\u0451 \u0432\u043a\u043b\u044e\u0447\u0435\u043d\u043e\u00bb \u0441 \u043e\u0431\u0435\u0434\u043e\u043c, \u0431\u0435\u0437\u0430\u043b\u043a\u043e\u0433\u043e\u043b\u044c\u043d\u044b\u043c\u0438 \u043d\u0430\u043f\u0438\u0442\u043a\u0430\u043c\u0438, \u043f\u0435\u043d\u043d\u043e\u0439 \u0432\u0435\u0447\u0435\u0440\u0438\u043d\u043a\u043e\u0439 \u0438 \u043a\u0443\u043f\u0430\u043d\u0438\u0435\u043c \u0443 \u043f\u043b\u044f\u0436\u0430 \u041a\u043b\u0435\u043e\u043f\u0430\u0442\u0440\u044b. \u0422\u0440\u0430\u043d\u0441\u0444\u0435\u0440 \u0432\u043a\u043b\u044e\u0447\u0451\u043d.<\/p>\n<\/div>\n<\/div>\n<\/div>\n<\/div>\n<div class=\"z-0 flex min-h-[46px] justify-start\"><\/div>\n<div class=\"mt-3 w-full empty:hidden\">\n<div class=\"text-center\"><\/div>\n<\/div>\n<\/div>\n<\/div>\n<\/article>\n<div class=\"pointer-events-none h-px w-px\" aria-hidden=\"true\" data-edge=\"true\"><\/div>\n","protected":false},"featured_media":14886,"comment_status":"open","ping_status":"closed","template":"","meta":[],"product_brand":[],"product_cat":[125],"product_tag":[110],"class_list":{"0":"post-14938","1":"product","2":"type-product","3":"status-publish","4":"has-post-thumbnail","6":"tour_phys-piratskii-korable","7":"tour_phys-ekskursii-v-side","8":"product_cat-ekskursii-v-side","9":"product_tag-side","10":"pa_destination-ekskursii-v-side","12":"first","13":"instock","14":"sale","15":"shipping-taxable","16":"purchasable","17":"product-type-tour_phys"},"aioseo_notices":[],"_links":{"self":[{"href":"https:\/\/mirekskursii.com\/tr\/wp-json\/wp\/v2\/product\/14938","targetHints":{"allow":["GET"]}}],"collection":[{"href":"https:\/\/mirekskursii.com\/tr\/wp-json\/wp\/v2\/product"}],"about":[{"href":"https:\/\/mirekskursii.com\/tr\/wp-json\/wp\/v2\/types\/product"}],"replies":[{"embeddable":true,"href":"https:\/\/mirekskursii.com\/tr\/wp-json\/wp\/v2\/comments?post=14938"}],"wp:featuredmedia":[{"embeddable":true,"href":"https:\/\/mirekskursii.com\/tr\/wp-json\/wp\/v2\/media\/14886"}],"wp:attachment":[{"href":"https:\/\/mirekskursii.com\/tr\/wp-json\/wp\/v2\/media?parent=14938"}],"wp:term":[{"taxonomy":"product_brand","embeddable":true,"href":"https:\/\/mirekskursii.com\/tr\/wp-json\/wp\/v2\/product_brand?post=14938"},{"taxonomy":"product_cat","embeddable":true,"href":"https:\/\/mirekskursii.com\/tr\/wp-json\/wp\/v2\/product_cat?post=14938"},{"taxonomy":"product_tag","embeddable":true,"href":"https:\/\/mirekskursii.com\/tr\/wp-json\/wp\/v2\/product_tag?post=14938"}],"curies":[{"name":"wp","href":"https:\/\/api.w.org\/{rel}","templated":true}]}}