{"id":14937,"date":"2025-11-17T22:20:07","date_gmt":"2025-11-17T19:20:07","guid":{"rendered":"https:\/\/mirekskursii.com\/?post_type=product&#038;p=14937\/"},"modified":"2025-12-11T20:42:51","modified_gmt":"2025-12-11T17:42:51","slug":"korsan-tekne-turu-manavgat-nehri-side","status":"publish","type":"product","link":"https:\/\/mirekskursii.com\/ekskursii\/piratskiy-korabl-manavgat-iz-side\/","title":{"rendered":"Side Korsan Tekne Turu \u2013 Manavgat Nehri Gezisi"},"content":{"rendered":"<h3><strong>\ud83c\udfdd\ufe0f Genel Bak\u0131\u015f<\/strong><\/h3>\n<p>Side'den bir korsan teknesi turu ile g\u00fcne\u015f, deniz ve korsan e\u011flencesi dolu heyecan verici bir g\u00fcne ba\u015flay\u0131n! Bu son derece pop\u00fcler gezi, plaj tatillerine macera katmak isteyenler i\u00e7in m\u00fckemmeldir. Muhte\u015fem bir korsan teknesiyle g\u00f6z al\u0131c\u0131 Akdeniz k\u0131y\u0131 \u015feridi boyunca yelken a\u00e7\u0131n ve serinletici y\u00fczmelerin, lezzetli yemeklerin ve renkli e\u011flencenin tad\u0131n\u0131 \u00e7\u0131kar\u0131n. Bu macera her ya\u015f i\u00e7in unutulmaz an\u0131lar vaat ediyor!<\/p>\n<h3><strong>Dahil:<\/strong><\/h3>\n<p><span style=\"color: #00ff00;\"><strong>\u2713<\/strong> <\/span>Otel transferi<br \/>\n<span style=\"color: #00ff00;\"><strong>\u2713<\/strong> <\/span>Konforlu otob\u00fcs<br \/>\n<span style=\"color: #00ff00;\"><strong>\u2713<\/strong> <\/span>Korsan tekne gezisi<br \/>\n<span style=\"color: #00ff00;\"><strong>\u2713<\/strong> <\/span>Profesyonel rehber<br \/>\n<span style=\"color: #00ff00;\"><strong>\u2713<\/strong> <\/span>Tam sigorta<br \/>\n<span style=\"color: #00ff00;\"><strong>\u2713<\/strong> <\/span>\u00d6\u011fle yeme\u011fi (alabal\u0131k, tavuk veya salatal\u0131 makarna)<br \/>\n<span style=\"color: #00ff00;\"><strong>\u2713<\/strong> <\/span>alkols\u00fcz i\u00e7ecekler<\/p>\n<h3><strong>Dahil de\u011fil:<\/strong><\/h3>\n<p><span style=\"color: #ff0000;\"><strong>\u2717<\/strong> <\/span>Alkoll\u00fc i\u00e7ecekler<br \/>\n<span style=\"color: #ff0000;\"><strong>\u2717<\/strong> <\/span>Ki\u015fisel harcamalar<\/p>\n<h3><strong>\ud83c\udf1f Turun \u00f6ne \u00e7\u0131kan \u00f6zellikleri<\/strong><\/h3>\n<p>\ud83d\udd39 Side sahili boyunca do\u011fal bir seyir<br \/>\n\ud83d\udd39 Tatl\u0131 suyun denizle bulu\u015ftu\u011fu Manavgat Nehri deltas\u0131nda y\u00fczme<br \/>\n\ud83d\udd39 Karaburun K\u00f6rfezi'nin (Kaplumba\u011fa Koyu) turkuaz sular\u0131nda tatil<br \/>\n\ud83d\udd39 Gemide deneyimli \u015fefler taraf\u0131ndan haz\u0131rlanan lezzetli bir \u00f6\u011fle yeme\u011fi<br \/>\n\ud83d\udd39 K\u00f6p\u00fck partileri ve dans diskolar\u0131 ile canl\u0131 korsan e\u011flencesi<br \/>\n\ud83d\udd39 Side antik kal\u0131nt\u0131lar\u0131n\u0131n ve Apollon Tap\u0131na\u011f\u0131'n\u0131n panoramik manzaras\u0131<br \/>\n\ud83d\udd39 \u015enorkelle dal\u0131\u015f s\u0131ras\u0131nda Caretta Caretta kaplumba\u011falar\u0131n\u0131 g\u00f6rme f\u0131rsat\u0131<\/p>\n<h3><strong>\ud83d\udcd6 Tam a\u00e7\u0131klama<\/strong><\/h3>\n<div>Maceran\u0131z Side'deki otelinizden etkileyici bir korsan teknesinin bekledi\u011fi Manavgat \u0130skelesi'ne konforlu bir transferle ba\u015fl\u0131yor. Pitoresk Manavgat Nehri boyunca ilerleyin, yemye\u015fil manzaran\u0131n tad\u0131n\u0131 \u00e7\u0131kar\u0131n ve tatl\u0131 suyun tuzlu Akdeniz'e kar\u0131\u015ft\u0131\u011f\u0131 bir yerde y\u00fczmek i\u00e7in nehir deltas\u0131nda bir mola verin - e\u015fsiz bir deneyim!<\/div>\n<div>Gemide taze alabal\u0131k, tavuk veya makarna ile \u00e7\u0131t\u0131r sebze salatas\u0131ndan olu\u015fan lezzetli bir \u00f6\u011fle yeme\u011fi servis edilecektir. Yolculuk a\u00e7\u0131k Akdeniz'de devam edecek ve y\u00fczme, \u015fnorkelli y\u00fczme ve Caretta Caretta kaplumba\u011falar\u0131 ile olas\u0131 bir kar\u015f\u0131la\u015fma i\u00e7in Karaburun Koyu'nda (Kaplumba\u011fa Koyu) durulacakt\u0131r. K\u0131y\u0131 manzaras\u0131n\u0131n tad\u0131n\u0131 \u00e7\u0131kar\u0131rken g\u00fcvertede dinlenin veya g\u00fcne\u015flenin.<\/div>\n<div>G\u00fcn boyunca korsan animat\u00f6rler, dans partisi ve k\u00f6p\u00fck disko da dahil olmak \u00fczere canl\u0131 bir programla enerji seviyelerini y\u00fcksek tutarlar. Geri d\u00f6nmeden \u00f6nce, ikonik Apollo Tap\u0131na\u011f\u0131 da dahil olmak \u00fczere Side'nin antik kal\u0131nt\u0131lar\u0131n\u0131n yan\u0131ndan ge\u00e7en panoramik bir tekne turunun keyfini \u00e7\u0131karacak ve denizden tarihin muhte\u015fem manzaralar\u0131n\u0131 izleyeceksiniz.<\/div>\n<div>G\u00fcn, Manavgat iskelesine d\u00f6n\u00fc\u015f ve otele konforlu bir transfer ile sona erecek ve sizi korsan maceran\u0131z\u0131n canl\u0131 an\u0131lar\u0131yla dolu b\u0131rakacakt\u0131r.<\/div>\n<h3><strong>\ud83d\uddfa\ufe0f Tur Program\u0131<\/strong><\/h3>\n<p>\ud83d\udd39 Side'deki otelden transfer<br \/>\n\ud83d\udd39 Manavgat iskelesine transfer<br \/>\n\ud83d\udd39 Korsan teknesine binme ve Manavgat Nehri \u00fczerinde seyir (yakla\u015f\u0131k 1 saat)<br \/>\n\ud83d\udd39 Manavgat Nehri deltas\u0131nda y\u00fczme molas\u0131<br \/>\n\ud83d\udd39 Gemide \u00f6\u011fle yeme\u011fi (alabal\u0131k, tavuk veya salatal\u0131 makarna)<br \/>\n\ud83d\udd39 A\u00e7\u0131k Akdeniz'e yolculuk<br \/>\n\ud83d\udd39 Karaburun Koyu'nda (Kaplumba\u011fa Koyu) y\u00fczme ve \u015fnorkelle y\u00fczme molas\u0131<br \/>\n\ud83d\udd39 Side antik kal\u0131nt\u0131lar\u0131 ve Apollon Tap\u0131na\u011f\u0131'n\u0131 ge\u00e7en panoramik tur<br \/>\n\ud83d\udd39 Korsan e\u011flencesi (dans partisi, k\u00f6p\u00fck disko)<br \/>\n\ud83d\udd39 Manavgat iskelesine d\u00f6n\u00fc\u015f ve otele transfer<\/p>\n<h3><strong>\u2139\ufe0f Faydal\u0131 bilgiler<\/strong><\/h3>\n<p>\ud83d\udd39 Tur s\u00fcresi: yakla\u015f\u0131k 6-7 saat (9:30-16:00)<br \/>\n\ud83d\udd39 Tur her g\u00fcn d\u00fczenlenmektedir<br \/>\n\ud83d\udd39 Hava veya deniz ko\u015fullar\u0131 nedeniyle program de\u011fi\u015febilir<br \/>\n\ud83d\udd39 Orta d\u00fczeyde fiziksel aktivite (y\u00fczme, tekne gezintisi)<\/p>\n<h3><strong>\ud83c\udf92 Yan\u0131n\u0131za ne almal\u0131s\u0131n\u0131z<\/strong><\/h3>\n<p>\ud83d\udd39 Mayo ve havlu.<br \/>\n\ud83d\udd39 G\u00fcne\u015f kremi ve g\u00fcne\u015f g\u00f6zl\u00fc\u011f\u00fc<br \/>\n\ud83d\udd39 Rahat ayakkab\u0131lar<br \/>\n\ud83d\udd39 Ki\u015fisel harcamalar i\u00e7in nakit<br \/>\n\ud83d\udd39 Su ge\u00e7irmez kamera veya telefon<\/p>\n<h3><strong>\ud83d\udeab \u015eunlar i\u00e7in uygun de\u011fildir<\/strong><\/h3>\n<p>\ud83d\udd39 Hareket kabiliyeti k\u0131s\u0131tl\u0131 ki\u015filer<br \/>\n\ud83d\udd39 Deniz tutmas\u0131na yatk\u0131n gezginler<\/p>\n<div class=\"elementor-element elementor-element-884d539 e-con-full e-flex e-con e-child\" data-id=\"884d539\" data-element_type=\"container\">\n<div id=\"description\" class=\"elementor-element elementor-element-337037cc elementor-widget elementor-widget-thim-ekits-tours-content\" data-id=\"337037cc\" data-element_type=\"widget\" data-widget_type=\"thim-ekits-tours-content.default\">\n<div class=\"elementor-widget-container\">\n<div class=\"thim-ekit-single-tour__content\">\n<h3 data-start=\"2638\" data-end=\"2660\"><strong>\ud83d\udcb8 Fiyat ve rezervasyon<\/strong><\/h3>\n<div data-start=\"2662\" data-end=\"2894\"><strong>\ud83d\udd39 \u015eimdi rezervasyon yap\u0131n - tur g\u00fcn\u00fc \u00f6deme yap\u0131n<\/strong><\/div>\n<div data-start=\"2662\" data-end=\"2894\">\ud83d\udd39 WhatsApp, Telegram, Viber \u00fczerinden bize ula\u015f\u0131n veya a\u015fa\u011f\u0131daki sipari\u015f formunu doldurun. \ud83d\udc47\ud83c\udffc<\/div>\n<\/div>\n<\/div>\n<\/div>\n<\/div>\n<div class=\"elementor-element elementor-element-57a2f74 elementor-widget-divider--view-line elementor-widget elementor-widget-divider\" data-id=\"57a2f74\" data-element_type=\"widget\" data-widget_type=\"divider.default\">\n<div class=\"elementor-widget-container\">\n<div class=\"elementor-divider\"><\/div>\n<\/div>\n<\/div>","protected":false},"excerpt":{"rendered":"<p>Manavgat Nehri'nde gezintiye \u00e7\u0131k\u0131n, bir \u015felaleyi ziyaret edin, Kaplumba\u011fa Koyu'nda y\u00fcz\u00fcn, k\u00f6p\u00fck partisinde e\u011flenin ve Side'nin antikalar\u0131na hayran kal\u0131n!<\/p>","protected":false},"featured_media":13676,"comment_status":"open","ping_status":"closed","template":"","meta":[],"product_brand":[],"product_cat":[125],"product_tag":[110],"class_list":{"0":"post-14937","1":"product","2":"type-product","3":"status-publish","4":"has-post-thumbnail","6":"tour_phys-piratskii-korable","7":"tour_phys-ekskursii-v-side","8":"product_cat-ekskursii-v-side","9":"product_tag-side","10":"pa_destination-ekskursii-v-belek","11":"pa_destination-ekskursii-v-side","12":"pa_kategori-piratskii-korable","14":"first","15":"instock","16":"sale","17":"shipping-taxable","18":"purchasable","19":"product-type-tour_phys"},"aioseo_notices":[],"_links":{"self":[{"href":"https:\/\/mirekskursii.com\/tr\/wp-json\/wp\/v2\/product\/14937","targetHints":{"allow":["GET"]}}],"collection":[{"href":"https:\/\/mirekskursii.com\/tr\/wp-json\/wp\/v2\/product"}],"about":[{"href":"https:\/\/mirekskursii.com\/tr\/wp-json\/wp\/v2\/types\/product"}],"replies":[{"embeddable":true,"href":"https:\/\/mirekskursii.com\/tr\/wp-json\/wp\/v2\/comments?post=14937"}],"wp:featuredmedia":[{"embeddable":true,"href":"https:\/\/mirekskursii.com\/tr\/wp-json\/wp\/v2\/media\/13676"}],"wp:attachment":[{"href":"https:\/\/mirekskursii.com\/tr\/wp-json\/wp\/v2\/media?parent=14937"}],"wp:term":[{"taxonomy":"product_brand","embeddable":true,"href":"https:\/\/mirekskursii.com\/tr\/wp-json\/wp\/v2\/product_brand?post=14937"},{"taxonomy":"product_cat","embeddable":true,"href":"https:\/\/mirekskursii.com\/tr\/wp-json\/wp\/v2\/product_cat?post=14937"},{"taxonomy":"product_tag","embeddable":true,"href":"https:\/\/mirekskursii.com\/tr\/wp-json\/wp\/v2\/product_tag?post=14937"}],"curies":[{"name":"wp","href":"https:\/\/api.w.org\/{rel}","templated":true}]}}