{"id":14936,"date":"2025-11-17T22:04:18","date_gmt":"2025-11-17T19:04:18","guid":{"rendered":"https:\/\/mirekskursii.com\/?post_type=product&#038;p=14936\/"},"modified":"2026-03-02T22:11:58","modified_gmt":"2026-03-02T19:11:58","slug":"rafting-turu-koprulu-kanyon-side","status":"publish","type":"product","link":"https:\/\/mirekskursii.com\/ekskursii\/rafting-kanion-koprulu-iz-side\/","title":{"rendered":"Side'den Rafting Turu K\u00f6pr\u00fcl\u00fc Kanyon \u2013 Adrenalin"},"content":{"rendered":"<h3 data-start=\"44\" data-end=\"61\">\ud83d\udea3\u200d\u2642\ufe0f \u0130nceleme<\/h3>\n<p data-start=\"62\" data-end=\"282\">Side'den K\u00f6pr\u00fcl\u00fc Kanyon'a do\u011fru yola \u00e7\u0131k\u0131n ve bir da\u011f nehrinin ak\u0131nt\u0131lar\u0131 aras\u0131nda 14 kilometrelik bir y\u00fcr\u00fcy\u00fc\u015f yap\u0131n. 10 ak\u0131nt\u0131, serin suda y\u00fczme ve k\u0131y\u0131da \u00f6\u011fle yeme\u011fi - do\u011fa severler ve hafif ekstrem spor merakl\u0131lar\u0131 i\u00e7in m\u00fckemmel bir g\u00fcn.<\/p>\n<h3 data-start=\"445\" data-end=\"457\">Dahil:<\/h3>\n<p data-start=\"458\" data-end=\"573\"><span style=\"color: #00ff00;\"><strong>\u2713<\/strong> <\/span>Otel transferi<br data-start=\"480\" data-end=\"483\" \/><span style=\"color: #00ff00;\"><strong>\u2713<\/strong> <\/span>10 ki\u015filik sal tekneleri<br data-start=\"510\" data-end=\"513\" \/><span style=\"color: #00ff00;\"><strong>\u2713<\/strong> <\/span>Rehber: Rus\u00e7a, \u0130ngilizce<br data-start=\"539\" data-end=\"542\" \/><span style=\"color: #00ff00;\"><strong>\u2713<\/strong> <\/span>Tam sigortal\u0131<br data-start=\"562\" data-end=\"565\" \/><span style=\"color: #00ff00;\"><strong>\u2713<\/strong> <\/span>\u00d6\u011fle Yeme\u011fi<\/p>\n<h3 data-start=\"575\" data-end=\"590\">Dahil de\u011fil:<\/h3>\n<p data-start=\"591\" data-end=\"705\"><span style=\"color: #ff0000;\"><strong>\u2717<\/strong> <\/span>\u0130\u00e7ecekler<br data-start=\"600\" data-end=\"603\" \/><span style=\"color: #ff0000;\"><strong>\u2717<\/strong> <\/span>Foto\u011fraf ve video<br data-start=\"617\" data-end=\"620\" \/><span style=\"color: #ff0000;\"><strong>\u2717<\/strong> <\/span>\u00c7ift ki\u015filik sal (ekstra \u00fccret)<br data-start=\"664\" data-end=\"667\" \/><span style=\"color: #ff0000;\"><strong>\u2717<\/strong> <\/span>Ek ziplane dersi<\/p>\n<h3 data-start=\"585\" data-end=\"615\">\ud83c\udf1f Turun \u00f6ne \u00e7\u0131kan \u00f6zellikleri<\/h3>\n<p data-start=\"617\" data-end=\"887\">\ud83d\udd39 K\u00f6pr\u00fcl\u00fc Kanyon'da 10 rapid ile 14 kilometrelik rafting<br data-start=\"676\" data-end=\"679\" \/>\ud83d\udd39 Pitoresk kayal\u0131klar, \u00e7am ormanlar\u0131 ve turkuaz renkli bir da\u011f nehri<br data-start=\"737\" data-end=\"740\" \/>\ud83d\udd39 Sakin alanlarda y\u0131kanma duraklar\u0131<br data-start=\"786\" data-end=\"789\" \/>\ud83d\udd39 Nehir k\u0131y\u0131s\u0131nda lezzetli bir \u00f6\u011fle yeme\u011fi<br data-start=\"819\" data-end=\"822\" \/>\ud83d\udd39 Ek \u00fccret kar\u015f\u0131l\u0131\u011f\u0131nda bir ziplane veya \u00e7ift sal ekleme imkan\u0131.<\/p>\n<h3 data-start=\"889\" data-end=\"913\">\ud83d\udcd6 Tam a\u00e7\u0131klama<\/h3>\n<p data-start=\"915\" data-end=\"1413\">Sabah Side b\u00f6lgesindeki otelinizden al\u0131nacak ve Toros Da\u011flar\u0131 \u00fczerinden K\u00f6pr\u00fcl\u00fc Milli Park\u0131'na g\u00f6t\u00fcr\u00fcleceksiniz. Var\u0131\u015fta ekipmanlar\u0131n\u0131z\u0131 alacak, k\u0131sa bir g\u00fcvenlik brifingi alacak ve 10 rapid i\u00e7eren 14 kilometrelik bir rafting rotas\u0131na do\u011fru yola \u00e7\u0131kacaks\u0131n\u0131z. Yol boyunca y\u00fczmek ve foto\u011fraf \u00e7ekmek i\u00e7in duraklar olacak ve dilerseniz ek \u00fccret kar\u015f\u0131l\u0131\u011f\u0131nda ziplining veya \u00e7ift rafting deneyebilirsiniz. Aktif bir rafting gezisinin ard\u0131ndan nehir k\u0131y\u0131s\u0131nda \u00f6\u011fle yeme\u011fi yiyecek ve Side'ye d\u00f6nmeden \u00f6nce dinlenmek i\u00e7in serbest zaman\u0131n\u0131z olacak.<\/p>\n<h3 data-start=\"1415\" data-end=\"1439\">\ud83d\uddfa\ufe0f Tur Program\u0131<\/h3>\n<p data-start=\"1441\" data-end=\"1719\">\ud83d\udd39 Side b\u00f6lgesindeki otellerden \u00e7it<br data-start=\"1474\" data-end=\"1477\" \/>\ud83d\udd39 K\u00f6pr\u00fcl\u00fc Milli Park\u0131'na transfer<br data-start=\"1515\" data-end=\"1518\" \/>\ud83d\udd39 G\u00fcvenlik brifingi ve ekipmanlar\u0131n verilmesi<br data-start=\"1567\" data-end=\"1570\" \/>\ud83d\udd39 14 kilometrelik bir rotada rafting (10 ak\u0131nt\u0131)<br data-start=\"1622\" data-end=\"1625\" \/>\ud83d\udd39 Banyo duraklar\u0131 ve foto\u011fraflar<br data-start=\"1656\" data-end=\"1659\" \/>\ud83d\udd39 Nehir k\u0131y\u0131s\u0131nda \u00f6\u011fle yeme\u011fi<br data-start=\"1681\" data-end=\"1684\" \/>\ud83d\udd39 Side otellerine d\u00f6n\u00fc\u015f transferi<\/p>\n<h3 data-start=\"1721\" data-end=\"1749\">\u2139\ufe0f Faydal\u0131 bilgiler<\/h3>\n<p data-start=\"1751\" data-end=\"2069\">\ud83d\udd39 S\u00fcre: yakla\u015f\u0131k 7-8 saat<br data-start=\"1788\" data-end=\"1791\" \/>\ud83d\udd39 Yeni ba\u015flayanlar i\u00e7in uygundur, deneyim gerektirmez<br data-start=\"1836\" data-end=\"1839\" \/>\ud83d\udd39 Ek \u00fccret kar\u015f\u0131l\u0131\u011f\u0131nda \u00e7ift sal ve zipline mevcuttur<br data-start=\"1902\" data-end=\"1905\" \/>\ud83d\udd39 Su ayakkab\u0131lar\u0131 ve su ge\u00e7irmez \u00f6rt\u00fcler \u00fcste mevcuttur<br data-start=\"1971\" data-end=\"1974\" \/>\ud83d\udd39 5 ya\u015f\u0131ndan k\u00fc\u00e7\u00fck \u00e7ocuklar \u00fccretsiz seyahat eder, ancak otob\u00fcs tamamen dolu oldu\u011funda ayr\u0131 bir koltuk olmadan<\/p>\n<h3 data-start=\"2071\" data-end=\"2097\">\ud83c\udf92 Yan\u0131n\u0131za ne almal\u0131s\u0131n\u0131z<\/h3>\n<p data-start=\"2099\" data-end=\"2324\">\ud83d\udd39 Mayo ve havlu.<br data-start=\"2123\" data-end=\"2126\" \/>\ud83d\udd39 Aya\u011f\u0131n\u0131zdan \u00e7\u0131kmayan su ayakkab\u0131lar\u0131 veya sandaletler<br data-start=\"2180\" data-end=\"2183\" \/>\ud83d\udd39 Mevsimine g\u00f6re ekstra giysi ve hafif ceket<br data-start=\"2233\" data-end=\"2236\" \/>\ud83d\udd39 G\u00fcne\u015f kremi ve g\u00fcne\u015f g\u00f6zl\u00fc\u011f\u00fc<br data-start=\"2265\" data-end=\"2268\" \/>\ud83d\udd39 \u0130\u00e7ecekler, ziplining, foto\u011fraflar ve ki\u015fisel harcamalar i\u00e7in nakit<\/p>\n<h3 data-start=\"2326\" data-end=\"2350\">\ud83d\udeab \u015eunlar i\u00e7in uygun de\u011fildir<\/h3>\n<p data-start=\"2352\" data-end=\"2496\">\ud83d\udd39 Hamile kad\u0131nlar<br data-start=\"2372\" data-end=\"2375\" \/>\ud83d\udd39 Ciddi kardiyovask\u00fcler hastal\u0131\u011f\u0131 olan misafirler<br data-start=\"2432\" data-end=\"2435\" \/>\ud83d\udd39 4 ya\u015f\u0131ndan k\u00fc\u00e7\u00fck \u00e7ocuklar<br data-start=\"2456\" data-end=\"2459\" \/>\ud83d\udd39 Tekerlekli sandalye kullan\u0131c\u0131lar\u0131<\/p>\n<h3 data-start=\"2916\" data-end=\"2942\">\ud83d\udcb8 Fiyat ve rezervasyon<\/h3>\n<p data-start=\"2944\" data-end=\"3084\"><strong>\ud83d\udd39 \u015eimdi rezervasyon yap\u0131n - tur g\u00fcn\u00fc \u00f6deme yap\u0131n<\/strong><br data-start=\"2990\" data-end=\"2993\" \/>\ud83d\udd39 WhatsApp, Telegram, Viber \u00fczerinden bize ula\u015f\u0131n veya a\u015fa\u011f\u0131daki sipari\u015f formunu doldurun. \ud83d\udc47\ud83c\udffc<\/p>","protected":false},"excerpt":{"rendered":"<p data-start=\"2831\" data-end=\"2974\">Side'den K\u00f6pr\u00fcl\u00fc Kanyon'da rafting: 14 km rafting, 10 rapid, da\u011f nehrinde y\u00fczme, k\u0131y\u0131da \u00f6\u011fle yeme\u011fi ve otelden transfer. Zipline ve \u00e7ift sal iste\u011fe ba\u011fl\u0131d\u0131r.<\/p>","protected":false},"featured_media":12670,"comment_status":"open","ping_status":"closed","template":"","meta":[],"product_brand":[],"product_cat":[125],"product_tag":[110],"class_list":{"0":"post-14936","1":"product","2":"type-product","3":"status-publish","4":"has-post-thumbnail","6":"tour_phys-ekskursii-v-side","7":"product_cat-ekskursii-v-side","8":"product_tag-side","9":"pa_destination-ekskursii-v-side","11":"first","12":"instock","13":"sale","14":"shipping-taxable","15":"purchasable","16":"product-type-tour_phys"},"aioseo_notices":[],"_links":{"self":[{"href":"https:\/\/mirekskursii.com\/tr\/wp-json\/wp\/v2\/product\/14936","targetHints":{"allow":["GET"]}}],"collection":[{"href":"https:\/\/mirekskursii.com\/tr\/wp-json\/wp\/v2\/product"}],"about":[{"href":"https:\/\/mirekskursii.com\/tr\/wp-json\/wp\/v2\/types\/product"}],"replies":[{"embeddable":true,"href":"https:\/\/mirekskursii.com\/tr\/wp-json\/wp\/v2\/comments?post=14936"}],"wp:featuredmedia":[{"embeddable":true,"href":"https:\/\/mirekskursii.com\/tr\/wp-json\/wp\/v2\/media\/12670"}],"wp:attachment":[{"href":"https:\/\/mirekskursii.com\/tr\/wp-json\/wp\/v2\/media?parent=14936"}],"wp:term":[{"taxonomy":"product_brand","embeddable":true,"href":"https:\/\/mirekskursii.com\/tr\/wp-json\/wp\/v2\/product_brand?post=14936"},{"taxonomy":"product_cat","embeddable":true,"href":"https:\/\/mirekskursii.com\/tr\/wp-json\/wp\/v2\/product_cat?post=14936"},{"taxonomy":"product_tag","embeddable":true,"href":"https:\/\/mirekskursii.com\/tr\/wp-json\/wp\/v2\/product_tag?post=14936"}],"curies":[{"name":"wp","href":"https:\/\/api.w.org\/{rel}","templated":true}]}}