{"id":14934,"date":"2025-11-17T21:41:43","date_gmt":"2025-11-17T18:41:43","guid":{"rendered":"https:\/\/mirekskursii.com\/?post_type=product&#038;p=14934\/"},"modified":"2026-03-02T22:12:50","modified_gmt":"2026-03-02T19:12:50","slug":"tazi-kanyonu-rafting-jeep-zipline-side","status":"publish","type":"product","link":"https:\/\/mirekskursii.com\/ekskursii\/tazy-kanion-rafting-iz-side\/","title":{"rendered":"Taz\u0131 Kanyonu Rafting Turu Side \u00c7\u0131k\u0131\u015fl\u0131 \u2013 Jeep Safari &amp; Zipline"},"content":{"rendered":"<h3 data-start=\"0\" data-end=\"15\">\ud83c\udfde\ufe0f \u0130nceleme<\/h3>\n<p data-start=\"16\" data-end=\"337\">Side ve kom\u015fu il\u00e7eler G\u00fcndo\u011fdu, \u00c7olakl\u0131, Evrenseki, Sorgun ve Titreyeng\u00f6l'den heyecan verici bir maceraya at\u0131l\u0131n! Toros Da\u011flar\u0131'nda jeep safari, Taza Kanyonu (\u00abKartal Yuvas\u0131\u00bb) seyir noktas\u0131, K\u00f6pr\u00fcl\u00fc'de ziplining ve iste\u011fe ba\u011fl\u0131 rafting sizi bekliyor. Adrenalin, do\u011fa ve g\u00fczel manzaralar sevenler i\u00e7in ideal bir tur.<\/p>\n<h3 data-start=\"563\" data-end=\"575\">Dahil:<\/h3>\n<p data-start=\"577\" data-end=\"751\"><span style=\"color: #00ff00;\"><strong>\u2713<\/strong> <\/span>Otel transferi<br data-start=\"599\" data-end=\"602\" \/><span style=\"color: #00ff00;\"><strong>\u2713<\/strong> <\/span>Konforlu otob\u00fcs<br data-start=\"627\" data-end=\"630\" \/><span style=\"color: #00ff00;\"><strong>\u2713<\/strong> <\/span>Cabrio-jeep safari.<br data-start=\"654\" data-end=\"657\" \/><span style=\"color: #00ff00;\"><strong>\u2713<\/strong> <\/span>10 ki\u015filik sallarda rafting<br data-start=\"687\" data-end=\"690\" \/><span style=\"color: #00ff00;\"><strong>\u2713<\/strong> <\/span>Sigorta<br data-start=\"701\" data-end=\"704\" \/><span style=\"color: #00ff00;\"><strong>\u2713<\/strong> <\/span>Rehber: Rus\u00e7a, \u0130ngilizce<br data-start=\"730\" data-end=\"733\" \/><span style=\"color: #00ff00;\"><strong>\u2713<\/strong> <\/span>\u00d6\u011fle Yeme\u011fi<br data-start=\"739\" data-end=\"742\" \/><span style=\"color: #00ff00;\"><strong>\u2713<\/strong> <\/span>Zipline<\/p>\n<h3 data-start=\"753\" data-end=\"768\">Dahil de\u011fil:<\/h3>\n<p data-start=\"770\" data-end=\"851\"><span style=\"color: #ff0000;\"><strong>\u2717<\/strong> <\/span>2 ki\u015filik kanolar (\u00fccretli)<br data-start=\"822\" data-end=\"825\" \/><span style=\"color: #ff0000;\"><strong>\u2717<\/strong> <\/span>Foto\u011fraf ve video<br data-start=\"839\" data-end=\"842\" \/><span style=\"color: #ff0000;\"><strong>\u2717<\/strong> <\/span>\u0130\u00e7ecekler<\/p>\n<h3 data-start=\"755\" data-end=\"785\">\ud83c\udf1f Turun \u00f6ne \u00e7\u0131kan \u00f6zellikleri<\/h3>\n<p data-start=\"787\" data-end=\"1075\">\ud83d\udd39 Toroslar\u0131n da\u011f yollar\u0131nda ve orman patikalar\u0131nda jeep safari<br data-start=\"841\" data-end=\"844\" \/>\ud83d\udd39 Tazy Kanyonu ve Kartal Yuvas\u0131 g\u00f6r\u00fcnt\u00fcleme platformu ziyareti\u00ab<br data-start=\"904\" data-end=\"907\" \/>\ud83d\udd39 K\u00f6pr\u00fc\u00e7ay Nehri \u00fczerinde rafting (iste\u011fe ba\u011fl\u0131)<br data-start=\"947\" data-end=\"950\" \/>\ud83d\udd39 Vadinin \u00fczerinde muhte\u015fem bir zeplin<br data-start=\"986\" data-end=\"989\" \/>\ud83d\udd39 Nehir kenar\u0131nda do\u011fa ile i\u00e7 i\u00e7e \u00f6\u011fle yeme\u011fi<br data-start=\"1023\" data-end=\"1026\" \/>\ud83d\udd39 Side ve yak\u0131n b\u00f6lgelerden uygun transferler<\/p>\n<h3 data-start=\"1077\" data-end=\"1101\">\ud83d\udcd6 Tam a\u00e7\u0131klama<\/h3>\n<p data-start=\"1103\" data-end=\"1444\">G\u00fcn\u00fcn\u00fcz otelinizden Side, G\u00fcndo\u011fdu, \u00c7olakl\u0131, Evrenseki, Sorgun veya Titrejeng\u00f6l'e erken bir transferle ba\u015flayacakt\u0131r. K\u00f6pr\u00fcl\u00fc Kanyon b\u00f6lgesine vard\u0131\u011f\u0131n\u0131zda \u00fcst\u00fc a\u00e7\u0131k bir cipe transfer olacak ve Toros Da\u011flar\u0131 boyunca heyecan verici bir cip safarisine ba\u015flayacaks\u0131n\u0131z: tozlu yollar, i\u011fne yaprakl\u0131 ormanlar ve nehir kenar\u0131ndaki foto\u011fraf molalar\u0131 ger\u00e7ek bir off-road maceras\u0131 atmosferi yarat\u0131yor.<\/p>\n<p data-start=\"1446\" data-end=\"1668\">Ard\u0131ndan rota \u00fcnl\u00fc Tazy Kanyonu'na \u00e7\u0131kar. Kartal Yuvas\u0131 g\u00f6r\u00fcnt\u00fcleme platformunda sarp kayal\u0131klara hayran olmak, muhte\u015fem foto\u011fraflar \u00e7ekmek ve vadinin panoramik manzaras\u0131n\u0131n keyfini \u00e7\u0131karmak i\u00e7in serbest zaman\u0131n\u0131z olacak.<\/p>\n<p data-start=\"1670\" data-end=\"1940\">\u00dcsse d\u00f6nd\u00fckten sonra K\u00f6pr\u00fc\u00e7ay Nehri'nin berrak sular\u0131nda rafting yapacaks\u0131n\u0131z: 10 ki\u015filik sallar, ak\u0131nt\u0131lar ve s\u0131\u00e7ramalar size adrenalin ve e\u011flence y\u00fckleyecek. Programda ayr\u0131ca maksimum duygu isteyenler i\u00e7in kanyon \u00fczerinde h\u0131zl\u0131 bir ini\u015f olan ziplining de yer al\u0131yor.<\/p>\n<p data-start=\"1942\" data-end=\"2062\">G\u00fcn\u00fc bitirmek i\u00e7in, Side b\u00f6lgesindeki otellere konforlu bir \u015fekilde geri transfer edilmeden \u00f6nce nehir kenar\u0131nda lezzetli bir \u00f6\u011fle yeme\u011fi yiyerek dinleneceksiniz.<\/p>\n<h3 data-start=\"2064\" data-end=\"2088\">\ud83d\uddfa\ufe0f Tur Program\u0131<\/h3>\n<p data-start=\"2090\" data-end=\"2560\">\ud83d\udd39 Side, G\u00fcndo\u011fdu, \u00c7olakl\u0131, Evrenseki, Sorgun, Titreyeng\u00f6l'deki otellerden ara\u00e7la alma<br data-start=\"2167\" data-end=\"2170\" \/>\ud83d\udd39 K\u00f6pr\u00fcl\u00fc Kanyon b\u00f6lgesine transfer<br data-start=\"2204\" data-end=\"2207\" \/>\ud83d\udd39 Toros Da\u011flar\u0131'nda Jeep safari<br data-start=\"2239\" data-end=\"2242\" \/>\ud83d\udd39 Milli parkta nehir kenar\u0131nda k\u0131sa bir mola<br data-start=\"2291\" data-end=\"2294\" \/>\ud83d\udd39 Cabrio-jeep ile Tazy Kanyonu'na transfer<br data-start=\"2336\" data-end=\"2339\" \/>\ud83d\udd39 Kartal Yuvas\u0131 g\u00f6r\u00fcnt\u00fcleme platformunda serbest zaman\u00ab<br data-start=\"2393\" data-end=\"2396\" \/>\ud83d\udd39 \u00dcsse d\u00f6n\u00fc\u015f ve rafting i\u00e7in haz\u0131rl\u0131k<br data-start=\"2442\" data-end=\"2445\" \/>\ud83d\udd39 K\u00f6pr\u00fc\u00e7ay Nehri \u00fczerinde rafting ve ziplining (program dahilinde)<br data-start=\"2497\" data-end=\"2500\" \/>\ud83d\udd39 Nehir kenar\u0131nda \u00f6\u011fle yeme\u011fi<br data-start=\"2514\" data-end=\"2517\" \/>\ud83d\udd39 Side b\u00f6lgesindeki otellere d\u00f6n\u00fc\u015f transferi<\/p>\n<h3 data-start=\"2562\" data-end=\"2590\">\u2139\ufe0f Faydal\u0131 bilgiler<\/h3>\n<p data-start=\"2592\" data-end=\"3078\">\ud83d\udd39 S\u00fcre: yakla\u015f\u0131k 8-9 saat (tam g\u00fcn tur)<br data-start=\"2649\" data-end=\"2652\" \/>\ud83d\udd39 Y\u00fczme becerisi gerekli de\u011fildir, can yelekleri temin edilir<br data-start=\"2715\" data-end=\"2718\" \/>\ud83d\udd39 10 ki\u015filik sallar dahildir; 2 ki\u015filik kanolar ek \u00fccret kar\u015f\u0131l\u0131\u011f\u0131nda temin edilebilir<br data-start=\"2796\" data-end=\"2799\" \/>\ud83d\udd39 Su ayakkab\u0131lar\u0131 ve su ge\u00e7irmez \u00f6rt\u00fcler \u00fcste mevcuttur<br data-start=\"2865\" data-end=\"2868\" \/>\ud83d\udd39 Fiziksel aktivite d\u00fczeyi: orta\/y\u00fcksek<br data-start=\"2919\" data-end=\"2922\" \/>\ud83d\udd39 6 ya\u015f\u0131ndan k\u00fc\u00e7\u00fck \u00e7ocuklar \u00fccretsiz seyahat eder ancak ayr\u0131 bir koltuklar\u0131 yoktur; tam y\u00fckl\u00fc olduklar\u0131nda bir yeti\u015fkinin kuca\u011f\u0131nda otururlar veya ayr\u0131 bir koltuk \u00f6nceden rezerve edilir<\/p>\n<h3 data-start=\"3080\" data-end=\"3106\">\ud83c\udf92 Yan\u0131n\u0131za ne almal\u0131s\u0131n\u0131z<\/h3>\n<p data-start=\"3108\" data-end=\"3312\">\ud83d\udd39 Mayo ve havlu.<br data-start=\"3132\" data-end=\"3135\" \/>\ud83d\udd39 Su ayakkab\u0131s\u0131 veya \u0131slanmas\u0131n\u0131 g\u00f6ze alamayaca\u011f\u0131n\u0131z ayakkab\u0131lar<br data-start=\"3187\" data-end=\"3190\" \/>\ud83d\udd39 K\u0131yafet de\u011fi\u015fimi<br data-start=\"3207\" data-end=\"3210\" \/>\ud83d\udd39 G\u00fcne\u015f kremi ve g\u00fcne\u015f g\u00f6zl\u00fc\u011f\u00fc<br data-start=\"3254\" data-end=\"3257\" \/>\ud83d\udd39 \u0130\u00e7ecekler, foto\u011fraflar ve ki\u015fisel harcamalar i\u00e7in k\u00fc\u00e7\u00fck bir miktar para<\/p>\n<h3 data-start=\"3314\" data-end=\"3338\">\ud83d\udeab \u015eunlar i\u00e7in uygun de\u011fildir<\/h3>\n<p data-start=\"3340\" data-end=\"3507\">\ud83d\udd39 Ciddi kalp hastal\u0131\u011f\u0131 olan ki\u015filer<br data-start=\"3386\" data-end=\"3389\" \/>\ud83d\udd39 Hamile kad\u0131nlar<br data-start=\"3409\" data-end=\"3412\" \/>\ud83d\udd39 70 ya\u015f \u00fcst\u00fc misafirler<br data-start=\"3435\" data-end=\"3438\" \/>\ud83d\udd39 4 ya\u015f\u0131ndan k\u00fc\u00e7\u00fck \u00e7ocuklar<br data-start=\"3459\" data-end=\"3462\" \/>\ud83d\udd39 Hareket kabiliyeti ciddi derecede k\u0131s\u0131tl\u0131 olan ki\u015filer<\/p>\n<h3 data-start=\"2626\" data-end=\"2652\">\ud83d\udcb8 Fiyat ve rezervasyon<\/h3>\n<p data-start=\"2654\" data-end=\"2792\"><strong>\ud83d\udd39 \u015eimdi rezervasyon yap\u0131n - tur g\u00fcn\u00fc \u00f6deme yap\u0131n<\/strong><br data-start=\"2700\" data-end=\"2703\" \/>\ud83d\udd39 WhatsApp, Telegram, Viber \u00fczerinden bize ula\u015f\u0131n veya a\u015fa\u011f\u0131daki sipari\u015f formunu doldurun. \ud83d\udc47\ud83c\udffc<\/p>","protected":false},"excerpt":{"rendered":"<p>Tazy Kanyonu ve Side'den rafting: Toros Da\u011flar\u0131'nda jeep safari, Kartal Yuvas\u0131 seyir noktas\u0131, ziplining, K\u00f6pr\u00fcl\u00fc'de iste\u011fe ba\u011fl\u0131 rafting, \u00f6\u011fle yeme\u011fi ve transferler dahildir.<\/p>","protected":false},"featured_media":12667,"comment_status":"open","ping_status":"closed","template":"","meta":[],"product_brand":[],"product_cat":[125],"product_tag":[110],"class_list":{"0":"post-14934","1":"product","2":"type-product","3":"status-publish","4":"has-post-thumbnail","6":"tour_phys-ekskursii-v-side","7":"product_cat-ekskursii-v-side","8":"product_tag-side","9":"pa_destination-ekskursii-v-side","11":"first","12":"instock","13":"sale","14":"shipping-taxable","15":"purchasable","16":"product-type-tour_phys"},"aioseo_notices":[],"_links":{"self":[{"href":"https:\/\/mirekskursii.com\/tr\/wp-json\/wp\/v2\/product\/14934","targetHints":{"allow":["GET"]}}],"collection":[{"href":"https:\/\/mirekskursii.com\/tr\/wp-json\/wp\/v2\/product"}],"about":[{"href":"https:\/\/mirekskursii.com\/tr\/wp-json\/wp\/v2\/types\/product"}],"replies":[{"embeddable":true,"href":"https:\/\/mirekskursii.com\/tr\/wp-json\/wp\/v2\/comments?post=14934"}],"wp:featuredmedia":[{"embeddable":true,"href":"https:\/\/mirekskursii.com\/tr\/wp-json\/wp\/v2\/media\/12667"}],"wp:attachment":[{"href":"https:\/\/mirekskursii.com\/tr\/wp-json\/wp\/v2\/media?parent=14934"}],"wp:term":[{"taxonomy":"product_brand","embeddable":true,"href":"https:\/\/mirekskursii.com\/tr\/wp-json\/wp\/v2\/product_brand?post=14934"},{"taxonomy":"product_cat","embeddable":true,"href":"https:\/\/mirekskursii.com\/tr\/wp-json\/wp\/v2\/product_cat?post=14934"},{"taxonomy":"product_tag","embeddable":true,"href":"https:\/\/mirekskursii.com\/tr\/wp-json\/wp\/v2\/product_tag?post=14934"}],"curies":[{"name":"wp","href":"https:\/\/api.w.org\/{rel}","templated":true}]}}