{"id":14932,"date":"2025-11-17T21:09:13","date_gmt":"2025-11-17T18:09:13","guid":{"rendered":"https:\/\/mirekskursii.com\/?post_type=product&#038;p=14932\/"},"modified":"2025-12-23T23:09:26","modified_gmt":"2025-12-23T20:09:26","slug":"antalya-sehir-turu-side","status":"publish","type":"product","link":"https:\/\/mirekskursii.com\/ekskursii\/antalya-staryy-gorod-iz-side\/","title":{"rendered":"Side'den Antalya \u015eehir Turu \u2013 Kalei\u00e7i ve \u015eelaleler"},"content":{"rendered":"<h3 data-start=\"0\" data-end=\"14\">\u2600\ufe0f \u0130nceleme<\/h3>\n<p data-start=\"15\" data-end=\"283\">Side'den yapaca\u011f\u0131n\u0131z konforlu bir turla D\u00fcden \u015eelalelerini ve eski Kalei\u00e7i kasabas\u0131n\u0131n atmosferini ke\u015ffedin. Antalya'n\u0131n tarihi merkezinde bir y\u00fcr\u00fcy\u00fc\u015f, Yukar\u0131 ve A\u015fa\u011f\u0131 D\u00fcden \u015eelalelerini ziyaret, bir T\u00fcrk \u00f6\u011fle yeme\u011fi ve eski limandan iste\u011fe ba\u011fl\u0131 bir saatlik tekne gezisi sizi bekliyor.<\/p>\n<h3 data-start=\"228\" data-end=\"242\">Dahil:<\/h3>\n<p data-start=\"243\" data-end=\"448\"><span style=\"color: #00ff00;\"><strong>\u2713<\/strong> <\/span>Otel transferi<br data-start=\"265\" data-end=\"268\" \/><span style=\"color: #00ff00;\"><strong>\u2713<\/strong> <\/span>D\u00fcden \u015felalelerine giri\u015f biletleri (Yukar\u0131 ve A\u015fa\u011f\u0131)<br data-start=\"321\" data-end=\"324\" \/><span style=\"color: #00ff00;\"><strong>\u2713<\/strong> <\/span>Klimal\u0131 konforlu otob\u00fcs<br data-start=\"365\" data-end=\"368\" \/><span style=\"color: #00ff00;\"><strong>\u2713<\/strong> <\/span>Rehber: Rus\u00e7a, \u0130ngilizce<br data-start=\"394\" data-end=\"397\" \/><span style=\"color: #00ff00;\"><strong>\u2713<\/strong> <\/span>Yerel bir restoranda \u00f6\u011fle yeme\u011fi<br data-start=\"423\" data-end=\"426\" \/><span style=\"color: #00ff00;\"><strong>\u2713<\/strong> <\/span>Tam sigortal\u0131<\/p>\n<h3 data-start=\"450\" data-end=\"467\">Dahil de\u011fil:<\/h3>\n<p data-start=\"468\" data-end=\"568\"><span style=\"color: #ff0000;\"><strong>\u2717<\/strong> <\/span>Tekne turu (iste\u011fe ba\u011fl\u0131)<br data-start=\"512\" data-end=\"515\" \/><span style=\"color: #ff0000;\"><strong>\u2717<\/strong> <\/span>\u0130\u00e7ecekler<br data-start=\"524\" data-end=\"527\" \/><span style=\"color: #ff0000;\"><strong>\u2717<\/strong> <\/span>Ki\u015fisel harcamalar<\/p>\n<h3 data-start=\"651\" data-end=\"681\">\ud83c\udf1f Turun \u00f6ne \u00e7\u0131kan \u00f6zellikleri<\/h3>\n<p data-start=\"683\" data-end=\"1021\">\ud83d\udd39 40 metrelik bir u\u00e7urumdan do\u011frudan denize d\u00fc\u015fen A\u015fa\u011f\u0131 D\u00fcden \u015felalesi<br data-start=\"753\" data-end=\"756\" \/>\ud83d\udd39 Eski \u015eehir (Kalei\u00e7i) \u00e7evresinde y\u00fcr\u00fcy\u00fc\u015f: Hadrian Kap\u0131s\u0131, Yivli Minare, Saat Kulesi<br data-start=\"841\" data-end=\"844\" \/>\ud83d\udd39 Antalya'n\u0131n eski liman\u0131ndan iste\u011fe ba\u011fl\u0131 bir saatlik tekne turu<br data-start=\"910\" data-end=\"913\" \/>\ud83d\udd39 Yukar\u0131 D\u00fcden \u015eelalesi'nin ye\u015fil ve serin atmosferi<br data-start=\"975\" data-end=\"978\" \/>\ud83d\udd39 Yerel bir m\u00fccevher at\u00f6lyesine ziyaret<\/p>\n<h3 data-start=\"1023\" data-end=\"1047\">\ud83d\udcd6 Tam a\u00e7\u0131klama<\/h3>\n<p data-start=\"1049\" data-end=\"1488\">Tur, Side, Manavgat, Evrenseki, Titrejeng\u00f6l ve Kumk\u00f6y otellerinden konforlu bir transfer ile ba\u015flar. G\u00fcn\u00fcn ilk b\u00f6l\u00fcm\u00fc Antalya'n\u0131n eski kenti Kalei\u00e7i'ni tan\u0131maya ayr\u0131lm\u0131\u015ft\u0131r: dar sokaklar, eski konaklar, Hadrian Kap\u0131s\u0131, Yivli Minare ve Saat Kulesi Osmanl\u0131 ve Roma ge\u00e7mi\u015finin atmosferini yarat\u0131r. Dilerseniz Antalya'n\u0131n k\u0131y\u0131 \u015feridini denizden seyretmek i\u00e7in eski limandan bir saatlik tekne turuna \u00e7\u0131kabilirsiniz.<\/p>\n<p data-start=\"1490\" data-end=\"1839\">Yerel bir restoranda \u00f6\u011fle yeme\u011finden sonra, y\u00fcksek bir u\u00e7urumdan do\u011frudan Akdeniz'e d\u00fc\u015fen A\u015fa\u011f\u0131 D\u00fcden \u015eelalesi'ni ziyaret edecek ve ard\u0131ndan ye\u015fillik ve serinlik aras\u0131nda g\u00fczel foto\u011fraflar\u0131n \u00e7ekilebilece\u011fi Yukar\u0131 D\u00fcden \u015eelalesi'ne gideceksiniz. Tur, bir m\u00fccevher at\u00f6lyesi ziyareti ile sona erecek ve ard\u0131ndan otelinize geri transfer edileceksiniz.<\/p>\n<h3 data-start=\"1841\" data-end=\"1863\">\ud83d\uddfa\ufe0f Tur g\u00fczergah\u0131<\/h3>\n<p data-start=\"1865\" data-end=\"2217\">\ud83d\udd39 Side ve \u00e7evresindeki otellerden ara\u00e7la alma<br data-start=\"1905\" data-end=\"1908\" \/>\ud83d\udd39 Antalya'ya var\u0131\u015f ve Eski \u015eehir (Kalei\u00e7i) \u00e7evresinde y\u00fcr\u00fcy\u00fc\u015f<br data-start=\"1966\" data-end=\"1969\" \/>\ud83d\udd39 \u0130ste\u011fe ba\u011fl\u0131: eski limandan tekne turu (yakla\u015f\u0131k 1 saat)<br data-start=\"2033\" data-end=\"2036\" \/>\ud83d\udd39 Yerel bir restoranda \u00f6\u011fle yeme\u011fi<br data-start=\"2063\" data-end=\"2066\" \/>\ud83d\udd39 A\u015fa\u011f\u0131 D\u00fcden \u015eelalesi Ziyareti<br data-start=\"2106\" data-end=\"2109\" \/>\ud83d\udd39 Yukar\u0131 D\u00fcden \u015eelalesi Ziyareti<br data-start=\"2150\" data-end=\"2153\" \/>\ud83d\udd39 M\u00fccevher at\u00f6lyesinde check-in<br data-start=\"2184\" data-end=\"2187\" \/>\ud83d\udd39 Otellere d\u00f6n\u00fc\u015f transferi<\/p>\n<h3 data-start=\"2219\" data-end=\"2247\">\u2139\ufe0f Faydal\u0131 bilgiler<\/h3>\n<p data-start=\"2249\" data-end=\"2672\">\ud83d\udd39 S\u00fcre: yakla\u015f\u0131k 8-9 saat<br data-start=\"2286\" data-end=\"2289\" \/>\ud83d\udd39 Tekne yolculu\u011fu hava ko\u015fullar\u0131na ve liman yo\u011funlu\u011funa ba\u011fl\u0131d\u0131r<br data-start=\"2359\" data-end=\"2362\" \/>\ud83d\udd39 Deneyimi geli\u015ftirmek i\u00e7in g\u00fczergah biraz de\u011fi\u015febilir<br data-start=\"2427\" data-end=\"2430\" \/>\ud83d\udd39 Bu bir gezi turudur, y\u00fczme dahil de\u011fildir<br data-start=\"2480\" data-end=\"2483\" \/>\ud83d\udd39 \u00dccretsiz seyahat eden 5 ya\u015f\u0131ndan k\u00fc\u00e7\u00fck \u00e7ocuklar\u0131n otob\u00fcste ayr\u0131 bir koltu\u011fu yoktur. Otob\u00fcs doluysa, bir yeti\u015fkinin kuca\u011f\u0131na otururlar veya \u00f6nceden ayr\u0131 bir koltuk rezerve edilebilir<\/p>\n<h3 data-start=\"2674\" data-end=\"2700\">\ud83c\udf92 Yan\u0131n\u0131za ne almal\u0131s\u0131n\u0131z<\/h3>\n<p data-start=\"2702\" data-end=\"2897\">\ud83d\udd39 \u015eehirde y\u00fcr\u00fcmek i\u00e7in rahat ayakkab\u0131lar<br data-start=\"2739\" data-end=\"2742\" \/>\ud83d\udd39 G\u00fcne\u015f g\u00f6zl\u00fckleri ve ba\u015fl\u0131klar<br data-start=\"2780\" data-end=\"2783\" \/>\ud83d\udd39 G\u00fcne\u015f Kremi<br data-start=\"2805\" data-end=\"2808\" \/>\ud83d\udd39 Kamera veya ak\u0131ll\u0131 telefon<br data-start=\"2835\" data-end=\"2838\" \/>\ud83d\udd39 \u0130\u00e7ecekler, hediyelik e\u015fyalar ve ekstralar i\u00e7in nakit<\/p>\n<h3 data-start=\"2899\" data-end=\"2923\">\ud83d\udeab \u015eunlar i\u00e7in uygun de\u011fildir<\/h3>\n<p data-start=\"2925\" data-end=\"3009\">\ud83d\udd39 Tekerlekli sandalye kullan\u0131c\u0131lar\u0131<br data-start=\"2960\" data-end=\"2963\" \/>\ud83d\udd39 Hareket kabiliyeti ciddi derecede k\u0131s\u0131tl\u0131 misafirler<\/p>\n<h3 data-start=\"2978\" data-end=\"3006\">\ud83d\udcb8 Fiyat ve rezervasyon<\/h3>\n<p data-start=\"3008\" data-end=\"3148\"><strong>\ud83d\udd39 \u015eimdi rezervasyon yap\u0131n - tur g\u00fcn\u00fc \u00f6deme yap\u0131n<\/strong><br data-start=\"3054\" data-end=\"3057\" \/>\ud83d\udd39 WhatsApp, Telegram, Viber \u00fczerinden bize ula\u015f\u0131n veya a\u015fa\u011f\u0131daki sipari\u015f formunu doldurun. \ud83d\udc47\ud83c\udffc<\/p>","protected":false},"excerpt":{"rendered":"<p>Side'den Antalya'ya gezi: Kalei\u00e7i Eski \u015eehir, Yukar\u0131 ve A\u015fa\u011f\u0131 D\u00fcden \u015eelaleleri, iste\u011fe ba\u011fl\u0131 tekne turu, \u00f6\u011fle yeme\u011fi ve otel transferi dahildir.<\/p>","protected":false},"featured_media":15163,"comment_status":"open","ping_status":"closed","template":"","meta":[],"product_brand":[],"product_cat":[125],"product_tag":[110],"class_list":{"0":"post-14932","1":"product","2":"type-product","3":"status-publish","4":"has-post-thumbnail","6":"tour_phys-ekskursii-v-side","7":"product_cat-ekskursii-v-side","8":"product_tag-side","9":"pa_destination-ekskursii-v-side","11":"first","12":"instock","13":"sale","14":"shipping-taxable","15":"purchasable","16":"product-type-tour_phys"},"aioseo_notices":[],"_links":{"self":[{"href":"https:\/\/mirekskursii.com\/tr\/wp-json\/wp\/v2\/product\/14932","targetHints":{"allow":["GET"]}}],"collection":[{"href":"https:\/\/mirekskursii.com\/tr\/wp-json\/wp\/v2\/product"}],"about":[{"href":"https:\/\/mirekskursii.com\/tr\/wp-json\/wp\/v2\/types\/product"}],"replies":[{"embeddable":true,"href":"https:\/\/mirekskursii.com\/tr\/wp-json\/wp\/v2\/comments?post=14932"}],"wp:featuredmedia":[{"embeddable":true,"href":"https:\/\/mirekskursii.com\/tr\/wp-json\/wp\/v2\/media\/15163"}],"wp:attachment":[{"href":"https:\/\/mirekskursii.com\/tr\/wp-json\/wp\/v2\/media?parent=14932"}],"wp:term":[{"taxonomy":"product_brand","embeddable":true,"href":"https:\/\/mirekskursii.com\/tr\/wp-json\/wp\/v2\/product_brand?post=14932"},{"taxonomy":"product_cat","embeddable":true,"href":"https:\/\/mirekskursii.com\/tr\/wp-json\/wp\/v2\/product_cat?post=14932"},{"taxonomy":"product_tag","embeddable":true,"href":"https:\/\/mirekskursii.com\/tr\/wp-json\/wp\/v2\/product_tag?post=14932"}],"curies":[{"name":"wp","href":"https:\/\/api.w.org\/{rel}","templated":true}]}}