{"id":14931,"date":"2025-11-17T20:52:34","date_gmt":"2025-11-17T17:52:34","guid":{"rendered":"https:\/\/mirekskursii.com\/?post_type=product&#038;p=14931\/"},"modified":"2025-12-11T20:47:10","modified_gmt":"2025-12-11T17:47:10","slug":"demre-myra-kekova-turu-side","status":"publish","type":"product","link":"https:\/\/mirekskursii.com\/ekskursii\/demre-mira-kekova-iz-side\/","title":{"rendered":"Demre Myra Kekova Turu \u2013 G\u00fcn\u00fcbirlik Side \u00c7\u0131k\u0131\u015fl\u0131"},"content":{"rendered":"<h3 data-start=\"0\" data-end=\"15\">\ud83c\udfdd\ufe0f Genel Bak\u0131\u015f<\/h3>\n<p data-start=\"16\" data-end=\"291\">Side'den antik Likya b\u00f6lgesine seyahat edin ve bir g\u00fcn i\u00e7inde Mira, Demre ve bat\u0131k \u015fehir Kekova'y\u0131 ziyaret edin. Likya mezarlar\u0131, Aziz Nikolaos Kilisesi ve Akdeniz'in turkuaz sular\u0131nda cam tabanl\u0131 tekne gezisi - konforlu, bilgilendirici ve sorunsuz.<\/p>\n<h3 data-start=\"338\" data-end=\"352\">Dahil:<\/h3>\n<p data-start=\"353\" data-end=\"565\"><span style=\"color: #00ff00;\"><strong>\u2713<\/strong> <\/span>Otel transferi<br data-start=\"375\" data-end=\"378\" \/><span style=\"color: #00ff00;\"><strong>\u2713<\/strong> <\/span>Klimal\u0131 konforlu otob\u00fcs<br data-start=\"419\" data-end=\"422\" \/><span style=\"color: #00ff00;\"><strong>\u2713<\/strong> <\/span>Cam tabanl\u0131 bir yatta yolculuk<br data-start=\"456\" data-end=\"459\" \/><span style=\"color: #00ff00;\"><strong>\u2713<\/strong> <\/span>Mira'ya giri\u015f biletleri<br data-start=\"482\" data-end=\"485\" \/><span style=\"color: #00ff00;\"><strong>\u2713<\/strong> <\/span>Rehber: Rus\u00e7a, \u0130ngilizce<br data-start=\"511\" data-end=\"514\" \/><span style=\"color: #00ff00;\"><strong>\u2713<\/strong> <\/span>Tam sigortal\u0131<br data-start=\"534\" data-end=\"537\" \/><span style=\"color: #00ff00;\"><strong>\u2713<\/strong> <\/span>Yerel bir restoranda \u00f6\u011fle yeme\u011fi<\/p>\n<h3 data-start=\"567\" data-end=\"584\">Dahil de\u011fil:<\/h3>\n<p data-start=\"585\" data-end=\"680\"><span style=\"color: #ff0000;\"><strong>\u2717<\/strong> <\/span>St Nicholas Kilisesi'ne giri\u015f (iste\u011fe ba\u011fl\u0131)<br data-start=\"630\" data-end=\"633\" \/><span style=\"color: #ff0000;\"><strong>\u2717<\/strong> <\/span>Ki\u015fisel harcamalar<br data-start=\"649\" data-end=\"652\" \/><span style=\"color: #ff0000;\"><strong>\u2717<\/strong> <\/span>Foto\u011fraf ve video<br data-start=\"666\" data-end=\"669\" \/><span style=\"color: #ff0000;\"><strong>\u2717<\/strong> <\/span>\u0130\u00e7ecekler<\/p>\n<h3 data-start=\"673\" data-end=\"703\">\ud83c\udf1f Turun \u00f6ne \u00e7\u0131kan \u00f6zellikleri<\/h3>\n<p data-start=\"705\" data-end=\"1119\">\ud83d\udd39 Side'den Akdeniz sahil \u015feridi boyunca manzaral\u0131 bir otob\u00fcs yolculu\u011fu<br data-start=\"779\" data-end=\"782\" \/>\ud83d\udd39 Cam tabanl\u0131 bir yatla bat\u0131k \u015fehir Kekova \u00fczerinde gezinti<br data-start=\"847\" data-end=\"850\" \/>\ud83d\udd39 Myra'da Likya kaya mezarlar\u0131 ve Roma tiyatrosu turu<br data-start=\"911\" data-end=\"914\" \/>\ud83d\udd39 Noel Baba efsanesiyle ili\u015fkilendirilen Demre'deki Aziz Nikolaos Kilisesi'ne ziyaret<br data-start=\"1003\" data-end=\"1006\" \/>\ud83d\udd39 Koylardan birinde turkuaz sularda y\u00fczmek i\u00e7in mola verin<br data-start=\"1064\" data-end=\"1067\" \/>\ud83d\udd39 Simena Kalesi ve sahil \u015feridinin tekneden g\u00f6r\u00fcn\u00fcm\u00fc<\/p>\n<h3 data-start=\"1121\" data-end=\"1145\">\ud83d\udcd6 Tam a\u00e7\u0131klama<\/h3>\n<div data-start=\"1147\" data-end=\"1436\">Likya turunuz Side veya Manavgat b\u00f6lgesindeki otelinizden sabah transferi ile ba\u015flayacakt\u0131r. Yolculuk sizi do\u011fal sahil \u015feridi ve da\u011flar boyunca g\u00f6t\u00fcrecek ve ard\u0131ndan ilk durak Myra'da olacak. Burada kayal\u0131klara oyulmu\u015f etkileyici Likya mezarlar\u0131n\u0131 ve iyi korunmu\u015f bir Roma tiyatrosunu g\u00f6receksiniz.<\/div>\n<div data-start=\"1438\" data-end=\"1734\">Tur daha sonra Aziz Nikolaos Kilisesi'nin bulundu\u011fu Demre'ye devam edecektir. \u00dcnl\u00fc piskoposa adanm\u0131\u015f olan kilise, b\u00f6lgedeki en \u00f6nemli H\u0131ristiyan merkezlerinden biri olarak kabul edilir ve Noel Baba efsanesiyle ili\u015fkilendirilir. Turdan sonra yerel bir restoranda geleneksel bir T\u00fcrk \u00f6\u011fle yeme\u011fi i\u00e7in mola vereceksiniz.<\/div>\n<div data-start=\"1736\" data-end=\"2160\">G\u00fcn\u00fcn ikinci b\u00f6l\u00fcm\u00fcnde grup \u00c7aya\u011fz\u0131 liman\u0131na gidecek ve buradan Kekova adas\u0131na cam tabanl\u0131 tekne gezisi ba\u015flayacakt\u0131r. Yol boyunca bat\u0131k bir \u015fehrin sualt\u0131 kal\u0131nt\u0131lar\u0131n\u0131, eski ev temellerini ve do\u011frudan denize inen merdivenleri g\u00f6receksiniz. Y\u00fczme ve foto\u011fraf \u00e7ekme molas\u0131n\u0131n yan\u0131 s\u0131ra Simena Kalesi'nin k\u0131y\u0131ya bakan panoramik manzaras\u0131n\u0131 da g\u00f6receksiniz. Tekne gezisinden sonra Side otellerinize geri transfer edileceksiniz.<\/div>\n<h3 data-start=\"2162\" data-end=\"2184\">\ud83d\uddfa\ufe0f Tur g\u00fczergah\u0131<\/h3>\n<p data-start=\"2186\" data-end=\"2561\">\ud83d\udd39 Side ve Manavgat b\u00f6lgesindeki otellerden \u00e7it<br data-start=\"2230\" data-end=\"2233\" \/>\ud83d\udd39 Mira'ya transfer ve kaya mezarlar\u0131 ile Roma tiyatrosunu g\u00f6rme<br data-start=\"2294\" data-end=\"2297\" \/>\ud83d\udd39 Demre'deki Aziz Nikolaos Kilisesi gezisi (iste\u011fe ba\u011fl\u0131 giri\u015f)<br data-start=\"2361\" data-end=\"2364\" \/>\ud83d\udd39 Yerel bir restoranda \u00f6\u011fle yeme\u011fi<br data-start=\"2391\" data-end=\"2394\" \/>\ud83d\udd39 Chayagza liman\u0131na transfer<br data-start=\"2418\" data-end=\"2421\" \/>\ud83d\udd39 Cam tabanl\u0131 bir yatla Kekova Adas\u0131'na yolculuk<br data-start=\"2473\" data-end=\"2476\" \/>\ud83d\udd39 Y\u00fczmek ve foto\u011fraf \u00e7ekmek i\u00e7in bir durak<br data-start=\"2513\" data-end=\"2516\" \/>\ud83d\udd39 Side otellerine d\u00f6n\u00fc\u015f transferi ve b\u0131rakma<\/p>\n<h3 data-start=\"2563\" data-end=\"2591\">\u2139\ufe0f Faydal\u0131 bilgiler<\/h3>\n<p data-start=\"2593\" data-end=\"2996\">\ud83d\udd39 S\u00fcre: yakla\u015f\u0131k 9-10 saat<br data-start=\"2631\" data-end=\"2634\" \/>\ud83d\udd39 G\u00fczergah hava ve deniz ko\u015fullar\u0131na ba\u011fl\u0131 olarak de\u011fi\u015febilir<br data-start=\"2703\" data-end=\"2706\" \/>\ud83d\udd39 Tur aileler ve bireysel gezginler i\u00e7in uygundur<br data-start=\"2771\" data-end=\"2774\" \/>\ud83d\udd39 Tarihi mekanlarda dola\u015fmak i\u00e7in rahat ayakkab\u0131lar tavsiye edilir<br data-start=\"2840\" data-end=\"2843\" \/>\ud83d\udd39 6 ya\u015f\u0131ndan k\u00fc\u00e7\u00fck \u00e7ocuklar \u00fccretsiz seyahat eder, ancak otob\u00fcs\u00fcn a\u015f\u0131r\u0131 kalabal\u0131k olmas\u0131 durumunda ebeveynleriyle birlikte bir koltuk al\u0131r veya \u00f6nceden ayr\u0131 bir koltuk rezervasyonu yap\u0131labilir<\/p>\n<h3 data-start=\"2998\" data-end=\"3024\">\ud83c\udf92 Yan\u0131n\u0131za ne almal\u0131s\u0131n\u0131z<\/h3>\n<p data-start=\"3026\" data-end=\"3238\">\ud83d\udd39 Rahat y\u00fcr\u00fcy\u00fc\u015f ayakkab\u0131lar\u0131<br data-start=\"3053\" data-end=\"3056\" \/>\ud83d\udd39 G\u00fcne\u015f g\u00f6zl\u00fc\u011f\u00fc ve g\u00fcne\u015f kremi<br data-start=\"3095\" data-end=\"3098\" \/>\ud83d\udd39 Ba\u015fl\u0131k<br data-start=\"3114\" data-end=\"3117\" \/>\ud83d\udd39 Mayo ve havlu (banyo dura\u011f\u0131 i\u00e7in)<br data-start=\"3168\" data-end=\"3171\" \/>\ud83d\udd39 \u0130\u00e7ecekler, hediyelik e\u015fyalar ve ekstralar i\u00e7in k\u00fc\u00e7\u00fck bir miktar para<\/p>\n<h3 data-start=\"3240\" data-end=\"3264\">\ud83d\udeab \u015eunlar i\u00e7in uygun de\u011fildir<\/h3>\n<p data-start=\"3266\" data-end=\"3400\">\ud83d\udd39 Hareket kabiliyeti ciddi derecede k\u0131s\u0131tl\u0131 olan ki\u015filer<br data-start=\"3309\" data-end=\"3312\" \/>\ud83d\udd39 Ciddi kardiyovask\u00fcler veya solunum rahats\u0131zl\u0131klar\u0131 olan gezginler<\/p>\n<h3 data-start=\"2884\" data-end=\"2912\">\ud83d\udcb8 Fiyat ve rezervasyon<\/h3>\n<p data-start=\"2914\" data-end=\"3054\"><strong>\ud83d\udd39 \u015eimdi rezervasyon yap\u0131n - tur g\u00fcn\u00fc \u00f6deme yap\u0131n<\/strong><br data-start=\"2960\" data-end=\"2963\" \/>\ud83d\udd39 WhatsApp, Telegram, Viber \u00fczerinden bize ula\u015f\u0131n veya a\u015fa\u011f\u0131daki sipari\u015f formunu doldurun. \ud83d\udc47\ud83c\udffc<\/p>","protected":false},"excerpt":{"rendered":"<article class=\"text-token-text-primary w-full focus:outline-none [--shadow-height:45px] has-data-writing-block:pointer-events-none has-data-writing-block:-mt-(--shadow-height) has-data-writing-block:pt-(--shadow-height) [&amp;:has([data-writing-block])&gt;*]:pointer-events-auto [content-visibility:auto] supports-[content-visibility:auto]:[contain-intrinsic-size:auto_100lvh] scroll-mt-[calc(var(--header-height)+min(200px,max(70px,20svh)))]\" dir=\"auto\" tabindex=\"-1\" data-turn-id=\"request-691836cd-f880-8328-a590-c99ebec06edd-10\" data-testid=\"conversation-turn-98\" data-scroll-anchor=\"true\" data-turn=\"assistant\">\n<div class=\"text-base my-auto mx-auto pb-10 [--thread-content-margin:--spacing(4)] thread-sm:[--thread-content-margin:--spacing(6)] thread-lg:[--thread-content-margin:--spacing(16)] px-(--thread-content-margin)\">\n<div class=\"[--thread-content-max-width:40rem] thread-lg:[--thread-content-max-width:48rem] mx-auto max-w-(--thread-content-max-width) flex-1 group\/turn-messages focus-visible:outline-hidden relative flex w-full min-w-0 flex-col agent-turn\" tabindex=\"-1\">\n<div class=\"flex max-w-full flex-col grow\">\n<div class=\"min-h-8 text-message relative flex w-full flex-col items-end gap-2 text-start break-words whitespace-normal [.text-message+&amp;]:mt-1\" dir=\"auto\" data-message-author-role=\"assistant\" data-message-id=\"1ea8af6b-280b-476a-8072-ea0c18b69fb5\" data-message-model-slug=\"gpt-5-1-thinking\">\n<div class=\"flex w-full flex-col gap-1 empty:hidden first:pt-[1px]\">\n<div class=\"markdown prose dark:prose-invert w-full break-words light markdown-new-styling\">\n<p data-start=\"3056\" data-end=\"3256\" data-is-last-node=\"\" data-is-only-node=\"\">\u042d\u043a\u0441\u043a\u0443\u0440\u0441\u0438\u044f \u0414\u0435\u043c\u0440\u0435\u2013\u041c\u0438\u0440\u0430\u2013\u041a\u0435\u043a\u043e\u0432\u0430 \u0438\u0437 \u0421\u0438\u0434\u0435: \u043b\u0438\u043a\u0438\u0439\u0441\u043a\u0438\u0435 \u0433\u0440\u043e\u0431\u043d\u0438\u0446\u044b, \u0446\u0435\u0440\u043a\u043e\u0432\u044c \u0421\u0432\u044f\u0442\u043e\u0433\u043e \u041d\u0438\u043a\u043e\u043b\u0430\u044f, \u043a\u0440\u0443\u0438\u0437 \u043d\u0430 \u044f\u0445\u0442\u0435 \u0441\u043e \u0441\u0442\u0435\u043a\u043b\u044f\u043d\u043d\u044b\u043c \u0434\u043d\u043e\u043c \u0438 \u043a\u0443\u043f\u0430\u043d\u0438\u0435 \u0432 \u043c\u043e\u0440\u0435. \u0422\u0440\u0430\u043d\u0441\u0444\u0435\u0440 \u0438 \u043e\u0431\u0435\u0434 \u0432\u043a\u043b\u044e\u0447\u0435\u043d\u044b.<\/p>\n<\/div>\n<\/div>\n<\/div>\n<\/div>\n<div class=\"z-0 flex min-h-[46px] justify-start\"><\/div>\n<div class=\"mt-3 w-full empty:hidden\">\n<div class=\"text-center\"><\/div>\n<\/div>\n<\/div>\n<\/div>\n<\/article>\n<div class=\"pointer-events-none h-px w-px\" aria-hidden=\"true\" data-edge=\"true\"><\/div>\n","protected":false},"featured_media":12563,"comment_status":"open","ping_status":"closed","template":"","meta":[],"product_brand":[],"product_cat":[125],"product_tag":[110],"class_list":{"0":"post-14931","1":"product","2":"type-product","3":"status-publish","4":"has-post-thumbnail","6":"tour_phys-ekskursii-v-side","7":"product_cat-ekskursii-v-side","8":"product_tag-side","9":"pa_destination-ekskursii-v-side","11":"first","12":"instock","13":"sale","14":"shipping-taxable","15":"purchasable","16":"product-type-tour_phys"},"aioseo_notices":[],"_links":{"self":[{"href":"https:\/\/mirekskursii.com\/tr\/wp-json\/wp\/v2\/product\/14931","targetHints":{"allow":["GET"]}}],"collection":[{"href":"https:\/\/mirekskursii.com\/tr\/wp-json\/wp\/v2\/product"}],"about":[{"href":"https:\/\/mirekskursii.com\/tr\/wp-json\/wp\/v2\/types\/product"}],"replies":[{"embeddable":true,"href":"https:\/\/mirekskursii.com\/tr\/wp-json\/wp\/v2\/comments?post=14931"}],"wp:featuredmedia":[{"embeddable":true,"href":"https:\/\/mirekskursii.com\/tr\/wp-json\/wp\/v2\/media\/12563"}],"wp:attachment":[{"href":"https:\/\/mirekskursii.com\/tr\/wp-json\/wp\/v2\/media?parent=14931"}],"wp:term":[{"taxonomy":"product_brand","embeddable":true,"href":"https:\/\/mirekskursii.com\/tr\/wp-json\/wp\/v2\/product_brand?post=14931"},{"taxonomy":"product_cat","embeddable":true,"href":"https:\/\/mirekskursii.com\/tr\/wp-json\/wp\/v2\/product_cat?post=14931"},{"taxonomy":"product_tag","embeddable":true,"href":"https:\/\/mirekskursii.com\/tr\/wp-json\/wp\/v2\/product_tag?post=14931"}],"curies":[{"name":"wp","href":"https:\/\/api.w.org\/{rel}","templated":true}]}}