{"id":14930,"date":"2025-11-17T20:43:47","date_gmt":"2025-11-17T17:43:47","guid":{"rendered":"https:\/\/mirekskursii.com\/?post_type=product&#038;p=14930\/"},"modified":"2025-12-11T20:47:21","modified_gmt":"2025-12-11T17:47:21","slug":"pamukkale-salda-golu-turu-side","status":"publish","type":"product","link":"https:\/\/mirekskursii.com\/ekskursii\/pamukkale-ozero-salda-iz-side\/","title":{"rendered":"Pamukkale ve Salda G\u00f6l\u00fc Turu \u2013 G\u00fcn\u00fcbirlik Side \u00c7\u0131k\u0131\u015fl\u0131"},"content":{"rendered":"<h3 data-start=\"0\" data-end=\"15\">\ud83c\udfdd\ufe0f Genel Bak\u0131\u015f<\/h3>\n<p data-start=\"16\" data-end=\"287\">Side'den Pamukkale ve Salda G\u00f6l\u00fc'ne bir g\u00fcnde seyahat edin ve do\u011fa ile tarihi tek bir turda birle\u015ftirin. Pamukkale'nin beyaz teraslar\u0131nda y\u00fcr\u00fcy\u00fcn, antik Hierapolis'i ziyaret edin ve kahvalt\u0131, \u00f6\u011fle yeme\u011fi, ak\u015fam yeme\u011fi ve transferler dahil \u00abT\u00fcrk Maldivleri \u00bbnde foto\u011fraf \u00e7ekin.<\/p>\n<h3 data-start=\"289\" data-end=\"305\">\u00a0Dahil:<\/h3>\n<p data-start=\"307\" data-end=\"500\"><span style=\"color: #00ff00;\"><strong>\u2713<\/strong> <\/span>Otel transferi<br data-start=\"329\" data-end=\"332\" \/><span style=\"color: #00ff00;\"><strong>\u2713<\/strong> <\/span>Klimal\u0131 otob\u00fcs<br data-start=\"357\" data-end=\"360\" \/><span style=\"color: #00ff00;\"><strong>\u2713<\/strong> <\/span>Pamukkale ve Hierapolis giri\u015f \u00fccretleri<br data-start=\"400\" data-end=\"403\" \/><span style=\"color: #00ff00;\"><strong>\u2713<\/strong> <\/span>Rehber: Rus\u00e7a, \u0130ngilizce<br data-start=\"429\" data-end=\"432\" \/><span style=\"color: #00ff00;\"><strong>\u2713<\/strong> <\/span>Tam sigortal\u0131<br data-start=\"452\" data-end=\"455\" \/><span style=\"color: #00ff00;\"><strong>\u2713<\/strong> <\/span>Kahvalt\u0131<br data-start=\"464\" data-end=\"467\" \/><span style=\"color: #00ff00;\"><strong>\u2713<\/strong> <\/span>\u00d6\u011fle yeme\u011fi (a\u00e7\u0131k b\u00fcfe)<br data-start=\"489\" data-end=\"492\" \/><span style=\"color: #00ff00;\"><strong>\u2713<\/strong> <\/span>Ak\u015fam Yeme\u011fi<\/p>\n<h3 data-start=\"502\" data-end=\"521\">\u00a0Dahil de\u011fil:<\/h3>\n<p data-start=\"523\" data-end=\"582\"><span style=\"color: #ff0000;\"><strong>\u2717<\/strong> <\/span>Kleopatra'n\u0131n havuzunun giri\u015fi<br data-start=\"549\" data-end=\"552\" \/><span style=\"color: #ff0000;\"><strong>\u2717<\/strong> <\/span>Ki\u015fisel harcamalar<br data-start=\"568\" data-end=\"571\" \/><span style=\"color: #ff0000;\"><strong>\u2717<\/strong> <\/span>\u0130\u00e7ecekler<\/p>\n<h3 data-start=\"584\" data-end=\"614\">\ud83c\udf1f Turun \u00f6ne \u00e7\u0131kan \u00f6zellikleri<\/h3>\n<p data-start=\"616\" data-end=\"932\">\ud83d\udd39 Pamukkale'nin beyaz teraslar\u0131nda yal\u0131nayak y\u00fcr\u00fcy\u00fc\u015f<br data-start=\"669\" data-end=\"672\" \/>\ud83d\udd39 Roma tiyatrosu ve antik Hierapolis kal\u0131nt\u0131lar\u0131 turu<br data-start=\"724\" data-end=\"727\" \/>\ud83d\udd39 Kapl\u0131calarda rahatlama f\u0131rsat\u0131<br data-start=\"778\" data-end=\"781\" \/>\ud83d\udd39 Turkuaz renkli Salda G\u00f6l\u00fc'ne bir ziyaret - T\u00fcrkiye'nin \u00abMaldivleri\u00bb<br data-start=\"835\" data-end=\"838\" \/>\ud83d\udd39 Kahvalt\u0131, \u00f6\u011fle ve ak\u015fam yemekleri fiyata dahildir<br data-start=\"882\" data-end=\"885\" \/>\ud83d\udd39 Side'ye ve Side'den konforlu transferler<\/p>\n<h3 data-start=\"934\" data-end=\"958\">\ud83d\udcd6 Tam a\u00e7\u0131klama<\/h3>\n<p data-start=\"960\" data-end=\"1252\">Sabah Side'deki otelinizden al\u0131nacak ve yol \u00fczerinde kahvalt\u0131 i\u00e7in mola vererek Pamukkale'ye g\u00f6t\u00fcr\u00fcleceksiniz. Var\u0131\u015fta \u00fcnl\u00fc beyaz travertenleri ve Roma tiyatrosu ve tap\u0131nak kal\u0131nt\u0131lar\u0131 ile antik tatil beldesi Hierapolis'i ke\u015ffedeceksiniz. Dileyenler ayr\u0131ca Kleopatra'n\u0131n efsanevi havuzunda y\u00fczebilirler.<\/p>\n<p data-start=\"1254\" data-end=\"1525\">A\u00e7\u0131k b\u00fcfe \u00f6\u011fle yeme\u011finin ard\u0131ndan rota, beyaz k\u0131y\u0131lar\u0131 ve kristal berrakl\u0131\u011f\u0131ndaki turkuaz suyuyla \u00fcnl\u00fc Salda G\u00f6l\u00fc'ne devam edecek. Burada y\u00fcr\u00fcy\u00fc\u015f yapmak, foto\u011fraf \u00e7ekmek ve do\u011fada dinlenmek i\u00e7in zaman\u0131n\u0131z olacak. G\u00fcn\u00fcn sonunda ak\u015fam yeme\u011fi ve Side'deki otellere konforlu bir d\u00f6n\u00fc\u015f olacak.<\/p>\n<h3 data-start=\"1527\" data-end=\"1549\">\ud83d\uddfa\ufe0f Tur g\u00fczergah\u0131<\/h3>\n<p data-start=\"1551\" data-end=\"1879\">\ud83d\udd39 Side b\u00f6lgesindeki otellerden \u00e7it<br data-start=\"1584\" data-end=\"1587\" \/>\ud83d\udd39 Kahvalt\u0131 i\u00e7in durakl\u0131 transfer<br data-start=\"1621\" data-end=\"1624\" \/>\ud83d\udd39 Pamukkale'ye var\u0131\u015f<br data-start=\"1647\" data-end=\"1650\" \/>\ud83d\udd39 \u00d6\u011fle yeme\u011fi (a\u00e7\u0131k b\u00fcfe)<br data-start=\"1673\" data-end=\"1676\" \/>\ud83d\udd39 Pamukkale teraslar\u0131n\u0131 ve Hierapolis kal\u0131nt\u0131lar\u0131n\u0131 ziyaret etmek<br data-start=\"1723\" data-end=\"1726\" \/>\ud83d\udd39 Kleopatra'n\u0131n havuzunu ziyaret etmek i\u00e7in serbest zaman (iste\u011fe ba\u011fl\u0131)<br data-start=\"1790\" data-end=\"1793\" \/>\ud83d\udd39 Salda G\u00f6l\u00fc'ne transfer, gezi ve foto\u011fraf molalar\u0131<br data-start=\"1837\" data-end=\"1840\" \/>\ud83d\udd39 Ak\u015fam Yeme\u011fi<br data-start=\"1847\" data-end=\"1850\" \/>\ud83d\udd39 Side Otellerine D\u00f6n\u00fc\u015f<\/p>\n<h3 data-start=\"1881\" data-end=\"1909\">\u2139\ufe0f Faydal\u0131 bilgiler<\/h3>\n<p data-start=\"1911\" data-end=\"2259\">\ud83d\udd39 S\u00fcre: yakla\u015f\u0131k 12 saat (tam g\u00fcn tur)<br data-start=\"1973\" data-end=\"1976\" \/>\ud83d\udd39 Rota hava ko\u015fullar\u0131na ba\u011fl\u0131 olarak de\u011fi\u015febilir<br data-start=\"2035\" data-end=\"2038\" \/>\ud83d\udd39 Orta d\u00fczeyde fiziksel aktivite gerektirir (e\u011fimlerde ve patikalarda y\u00fcr\u00fcme)<br data-start=\"2114\" data-end=\"2117\" \/>\ud83d\udd39 5 ya\u015f\u0131ndan k\u00fc\u00e7\u00fck \u00e7ocuklar \u00fccretsiz olarak kat\u0131labilir; dolu bir otob\u00fcste bir yeti\u015fkinin kuca\u011f\u0131nda oturabilir veya \u00f6nceden ayr\u0131 bir koltuk rezervasyonu yap\u0131labilir.<\/p>\n<h3 data-start=\"2261\" data-end=\"2287\">\ud83c\udf92 Yan\u0131n\u0131za ne almal\u0131s\u0131n\u0131z<\/h3>\n<p data-start=\"2289\" data-end=\"2489\">\ud83d\udd39 Pasaport veya kimlik kart\u0131<br data-start=\"2326\" data-end=\"2329\" \/>\ud83d\udd39 Rahat y\u00fcr\u00fcy\u00fc\u015f ayakkab\u0131lar\u0131<br data-start=\"2356\" data-end=\"2359\" \/>\ud83d\udd39 \u015eapka, g\u00fcne\u015f g\u00f6zl\u00fc\u011f\u00fc ve g\u00fcne\u015f kremi<br data-start=\"2405\" data-end=\"2408\" \/>\ud83d\udd39 Mayo ve havlu.<br data-start=\"2432\" data-end=\"2435\" \/>\ud83d\udd39 Ki\u015fisel harcamalar ve i\u00e7ecekler i\u00e7in k\u00fc\u00e7\u00fck bir miktar para<\/p>\n<h3 data-start=\"2491\" data-end=\"2515\">\ud83d\udeab \u015eunlar i\u00e7in uygun de\u011fildir<\/h3>\n<p data-start=\"2517\" data-end=\"2623\">\ud83d\udd39 Hareket kabiliyeti k\u0131s\u0131tl\u0131 ki\u015filer<br data-start=\"2552\" data-end=\"2555\" \/>\ud83d\udd39 Ciddi kalp veya solunum rahats\u0131zl\u0131\u011f\u0131 olan misafirler<\/p>\n<h3 data-start=\"3076\" data-end=\"3104\">\ud83d\udcb8 Fiyat ve rezervasyon<\/h3>\n<p data-start=\"3106\" data-end=\"3246\"><strong>\ud83d\udd39 \u015eimdi rezervasyon yap\u0131n - tur g\u00fcn\u00fc \u00f6deme yap\u0131n<\/strong><br data-start=\"3152\" data-end=\"3155\" \/>\ud83d\udd39 WhatsApp, Telegram, Viber \u00fczerinden bize ula\u015f\u0131n veya a\u015fa\u011f\u0131daki sipari\u015f formunu doldurun. \ud83d\udc47\ud83c\udffc<\/p>","protected":false},"excerpt":{"rendered":"<p>Side'den Pamukkale ve Salda G\u00f6l\u00fc - Rus\u00e7a konu\u015fan rehber e\u015fli\u011finde tam g\u00fcnl\u00fck gezi, kapl\u0131calar, \u00abT\u00fcrk Maldivleri\u00bb, yemekler ve transferler.<\/p>","protected":false},"featured_media":13671,"comment_status":"open","ping_status":"closed","template":"","meta":[],"product_brand":[],"product_cat":[125],"product_tag":[110],"class_list":{"0":"post-14930","1":"product","2":"type-product","3":"status-publish","4":"has-post-thumbnail","6":"tour_phys-ekskursii-v-side","7":"product_cat-ekskursii-v-side","8":"product_tag-side","9":"pa_destination-ekskursii-v-side","11":"first","12":"instock","13":"sale","14":"shipping-taxable","15":"purchasable","16":"product-type-tour_phys"},"aioseo_notices":[],"_links":{"self":[{"href":"https:\/\/mirekskursii.com\/tr\/wp-json\/wp\/v2\/product\/14930","targetHints":{"allow":["GET"]}}],"collection":[{"href":"https:\/\/mirekskursii.com\/tr\/wp-json\/wp\/v2\/product"}],"about":[{"href":"https:\/\/mirekskursii.com\/tr\/wp-json\/wp\/v2\/types\/product"}],"replies":[{"embeddable":true,"href":"https:\/\/mirekskursii.com\/tr\/wp-json\/wp\/v2\/comments?post=14930"}],"wp:featuredmedia":[{"embeddable":true,"href":"https:\/\/mirekskursii.com\/tr\/wp-json\/wp\/v2\/media\/13671"}],"wp:attachment":[{"href":"https:\/\/mirekskursii.com\/tr\/wp-json\/wp\/v2\/media?parent=14930"}],"wp:term":[{"taxonomy":"product_brand","embeddable":true,"href":"https:\/\/mirekskursii.com\/tr\/wp-json\/wp\/v2\/product_brand?post=14930"},{"taxonomy":"product_cat","embeddable":true,"href":"https:\/\/mirekskursii.com\/tr\/wp-json\/wp\/v2\/product_cat?post=14930"},{"taxonomy":"product_tag","embeddable":true,"href":"https:\/\/mirekskursii.com\/tr\/wp-json\/wp\/v2\/product_tag?post=14930"}],"curies":[{"name":"wp","href":"https:\/\/api.w.org\/{rel}","templated":true}]}}