{"id":14929,"date":"2025-11-17T20:36:18","date_gmt":"2025-11-17T17:36:18","guid":{"rendered":"https:\/\/mirekskursii.com\/?post_type=product&#038;p=14929\/"},"modified":"2025-12-11T20:48:15","modified_gmt":"2025-12-11T17:48:15","slug":"pamukkale-sicak-hava-balonu-turu-side","status":"publish","type":"product","link":"https:\/\/mirekskursii.com\/ekskursii\/pamukkale-vozdushnyy-shar-iz-side\/","title":{"rendered":"Side'den Pamukkale S\u0131cak Hava Balonu Turu \u2013 G\u00fcn Do\u011fumu"},"content":{"rendered":"<h3 data-start=\"0\" data-end=\"15\">\ud83c\udfdd\ufe0f Genel Bak\u0131\u015f<\/h3>\n<p data-start=\"16\" data-end=\"260\">G\u00fcn do\u011fumu s\u0131cak hava balonu gezisi ve Hierapolis'te bir g\u00fcnl\u00fck tur i\u00e7in Pamukkale'ye do\u011fru Side'den hareket edin. Beyaz badanal\u0131 teraslara hayran kal\u0131n, e\u015fsiz foto\u011fraflar \u00e7ekin ve konforlu bir transfer, rehber ve \u00f6\u011fle yeme\u011fi ile termal alanda rahatlay\u0131n.<\/p>\n<h3 data-start=\"262\" data-end=\"278\">\u00a0Dahil:<\/h3>\n<p data-start=\"280\" data-end=\"562\"><span style=\"color: #00ff00;\"><strong>\u2713<\/strong> <\/span>Otel transferi (Side b\u00f6lgesi)<br data-start=\"316\" data-end=\"319\" \/><span style=\"color: #00ff00;\"><strong>\u2713<\/strong> <\/span>Klimal\u0131 konforlu otob\u00fcs<br data-start=\"360\" data-end=\"363\" \/><span style=\"color: #00ff00;\"><strong>\u2713<\/strong> <\/span>\u015eafak vakti s\u0131cak hava balonu yolculu\u011fu<br data-start=\"400\" data-end=\"403\" \/><span style=\"color: #00ff00;\"><strong>\u2713<\/strong> <\/span>Pamukkale ve Hierapolis giri\u015f \u00fccretleri<br data-start=\"443\" data-end=\"446\" \/><span style=\"color: #00ff00;\"><strong>\u2713<\/strong> <\/span>Rehber: Rus\u00e7a, \u0130ngilizce<br data-start=\"472\" data-end=\"475\" \/><span style=\"color: #00ff00;\"><strong>\u2713<\/strong> <\/span>\u00d6\u011fle Yeme\u011fi<br data-start=\"481\" data-end=\"484\" \/><span style=\"color: #00ff00;\"><strong>\u2713<\/strong> <\/span>Profesyonel bir pilot<br data-start=\"508\" data-end=\"511\" \/><span style=\"color: #00ff00;\"><strong>\u2713<\/strong> <\/span>U\u00e7u\u015f sertifikas\u0131<br data-start=\"530\" data-end=\"533\" \/><span style=\"color: #00ff00;\"><strong>\u2713<\/strong> <\/span>Tam sigorta kapsam\u0131<\/p>\n<h3 data-start=\"564\" data-end=\"583\">\u00a0Dahil de\u011fil:<\/h3>\n<p data-start=\"585\" data-end=\"644\"><span style=\"color: #ff0000;\"><strong>\u2717<\/strong> <\/span>Kleopatra'n\u0131n havuzunun giri\u015fi<br data-start=\"611\" data-end=\"614\" \/><span style=\"color: #ff0000;\"><strong>\u2717<\/strong> <\/span>Ki\u015fisel harcamalar<br data-start=\"630\" data-end=\"633\" \/><span style=\"color: #ff0000;\"><strong>\u2717<\/strong> <\/span>\u0130\u00e7ecekler<\/p>\n<h3 data-start=\"646\" data-end=\"676\">\ud83c\udf1f Turun \u00f6ne \u00e7\u0131kan \u00f6zellikleri<\/h3>\n<p data-start=\"678\" data-end=\"1000\">\ud83d\udd39 \u015eafak vakti Pamukkale'nin beyaz travertenleri \u00fczerinde s\u0131cak hava balonu yolculu\u011fu<br data-start=\"750\" data-end=\"753\" \/>\ud83d\udd39 Panoramik manzaralar ve e\u015fsiz foto\u011fraf f\u0131rsatlar\u0131<br data-start=\"811\" data-end=\"814\" \/>\ud83d\udd39 \u0130ni\u015ften sonra \u015fampanya ve u\u00e7u\u015f sertifikas\u0131<br data-start=\"867\" data-end=\"870\" \/>\ud83d\udd39 Hierapolis Turu: Roma tiyatrosu, kal\u0131nt\u0131lar ve termal alanlar<br data-start=\"936\" data-end=\"939\" \/>\ud83d\udd39 Kleopatra'n\u0131n havuzunda y\u00fczme imkan\u0131 (ekstra \u00fccret)<\/p>\n<h3 data-start=\"1002\" data-end=\"1026\">\ud83d\udcd6 Tam a\u00e7\u0131klama<\/h3>\n<p data-start=\"1028\" data-end=\"1343\">Sabah erken saatlerde Side b\u00f6lgesindeki otelinizden al\u0131nacak ve Pamukkale'ye g\u00f6t\u00fcr\u00fcleceksiniz (yakla\u015f\u0131k 3,5 saat seyahat s\u00fcresi). Var\u0131\u015fta bir s\u0131cak hava balonuyla havalanacak ve \u00fcnl\u00fc \u00abPamuk Kale\u00bb ve Hierapolis antik kal\u0131nt\u0131lar\u0131 \u00fczerinde g\u00fcn do\u011fumunu izleyeceksiniz. \u0130ni\u015ften sonra size \u015fampanya ikram edilecek ve bir u\u00e7u\u015f sertifikas\u0131 verilecektir.<\/p>\n<p data-start=\"1345\" data-end=\"1651\">Ard\u0131ndan Hierapolis'te rehberli bir y\u00fcr\u00fcy\u00fc\u015f turuna \u00e7\u0131kacaks\u0131n\u0131z: Roma tiyatrosu, termal alanlar ve tarihi kal\u0131nt\u0131lar. Pamukkale teraslar\u0131nda y\u00fcr\u00fcmek, foto\u011fraf \u00e7ekmek ve ek \u00fccret kar\u015f\u0131l\u0131\u011f\u0131nda Kleopatra'n\u0131n havuzunu ziyaret etmek i\u00e7in zaman\u0131n\u0131z olacak. \u00d6\u011fle yeme\u011fi ile bitirin ve Side otellerine d\u00f6n\u00fc\u015f transferi.<\/p>\n<h3 data-start=\"1653\" data-end=\"1675\">\ud83d\uddfa\ufe0f Tur g\u00fczergah\u0131<\/h3>\n<p data-start=\"1677\" data-end=\"1987\">\ud83d\udd39 Side b\u00f6lgesindeki otellerden erken transfer<br data-start=\"1720\" data-end=\"1723\" \/>\ud83d\udd39 Pamukkale'ye var\u0131\u015f<br data-start=\"1746\" data-end=\"1749\" \/>\ud83d\udd39 \u015eafak vakti s\u0131cak hava balonu<br data-start=\"1787\" data-end=\"1790\" \/>\ud83d\udd39 \u015eampanya ve sertifika verme<br data-start=\"1825\" data-end=\"1828\" \/>\ud83d\udd39 Rehberli Pamukkale ve Hierapolis turu<br data-start=\"1874\" data-end=\"1877\" \/>\ud83d\udd39 Serbest zaman ve Kleopatra'n\u0131n havuzunda iste\u011fe ba\u011fl\u0131 y\u00fczme<br data-start=\"1939\" data-end=\"1942\" \/>\ud83d\udd39 \u00d6\u011fle Yeme\u011fi<br data-start=\"1949\" data-end=\"1952\" \/>\ud83d\udd39 Side otellerine d\u00f6n\u00fc\u015f transferi<\/p>\n<h3 data-start=\"1989\" data-end=\"2017\">\u2139\ufe0f Faydal\u0131 bilgiler<\/h3>\n<p data-start=\"2019\" data-end=\"2391\">\ud83d\udd39 S\u00fcre: yakla\u015f\u0131k 12 saat<br data-start=\"2055\" data-end=\"2058\" \/>\ud83d\udd39 Balon u\u00e7u\u015flar\u0131 hava \u015fartlar\u0131na ba\u011fl\u0131d\u0131r (iptal durumunda u\u00e7u\u015f k\u0131sm\u0131 tamamen iade edilir)<br data-start=\"2174\" data-end=\"2177\" \/>\ud83d\udd39 Yol boyunca k\u0131sa teknik duraklar m\u00fcmk\u00fcnd\u00fcr<br data-start=\"2227\" data-end=\"2230\" \/>\ud83d\udd39 5 ya\u015f\u0131ndan k\u00fc\u00e7\u00fck \u00e7ocuklar \u00fccretsiz seyahat eder ancak ayr\u0131 bir koltuklar\u0131 yoktur; otob\u00fcslerin a\u015f\u0131r\u0131 kalabal\u0131k olmas\u0131 durumunda bir yeti\u015fkinin kuca\u011f\u0131nda otururlar veya \u00f6nceden bir koltuk rezerve edilebilir<\/p>\n<h3 data-start=\"2393\" data-end=\"2419\">\ud83c\udf92 Yan\u0131n\u0131za ne almal\u0131s\u0131n\u0131z<\/h3>\n<p data-start=\"2421\" data-end=\"2618\">\ud83d\udd39 G\u00fcne\u015f G\u00f6zl\u00fc\u011f\u00fc<br data-start=\"2443\" data-end=\"2446\" \/>\ud83d\udd39 \u015eapka veya kep<br data-start=\"2464\" data-end=\"2467\" \/>\ud83d\udd39 Mayo ve havlu (Kleopatra havuzu ve termal alanlar i\u00e7in)<br data-start=\"2533\" data-end=\"2536\" \/>\ud83d\udd39 Rahat k\u0131yafetler ve spor ayakkab\u0131lar<br data-start=\"2565\" data-end=\"2568\" \/>\ud83d\udd39 Ki\u015fisel harcamalar ve i\u00e7ecekler i\u00e7in nakit<\/p>\n<h3 data-start=\"2620\" data-end=\"2644\">\ud83d\udeab \u015eunlar i\u00e7in uygun de\u011fildir<\/h3>\n<p data-start=\"2646\" data-end=\"2688\">\ud83d\udd39 7 ya\u015f\u0131ndan k\u00fc\u00e7\u00fck \u00e7ocuklar<br data-start=\"2662\" data-end=\"2665\" \/>\ud83d\udd39 Hamile kad\u0131nlar<\/p>\n<h3 data-start=\"2757\" data-end=\"2785\">\ud83d\udcb8 Fiyat ve rezervasyon<\/h3>\n<p data-start=\"2787\" data-end=\"2927\"><strong>\ud83d\udd39 \u015eimdi rezervasyon yap\u0131n - tur g\u00fcn\u00fc \u00f6deme yap\u0131n<\/strong><br data-start=\"2833\" data-end=\"2836\" \/>\ud83d\udd39 WhatsApp, Telegram, Viber \u00fczerinden bize ula\u015f\u0131n veya a\u015fa\u011f\u0131daki sipari\u015f formunu doldurun. \ud83d\udc47\ud83c\udffc<\/p>","protected":false},"excerpt":{"rendered":"<p>Side'den Pamukkale s\u0131cak hava balon turu: g\u00fcn do\u011fumu u\u00e7u\u015fu, beyaz teraslar, Hierapolis, Rus\u00e7a konu\u015fan rehber, transferler ve \u00f6\u011fle yeme\u011fi dahil. Turunuzu online olarak ay\u0131rt\u0131n!<\/p>","protected":false},"featured_media":12607,"comment_status":"open","ping_status":"closed","template":"","meta":[],"product_brand":[],"product_cat":[125],"product_tag":[110],"class_list":{"0":"post-14929","1":"product","2":"type-product","3":"status-publish","4":"has-post-thumbnail","6":"tour_phys-ekskursii-v-side","7":"product_cat-ekskursii-v-side","8":"product_tag-side","9":"pa_destination-ekskursii-v-side","11":"first","12":"instock","13":"sale","14":"shipping-taxable","15":"purchasable","16":"product-type-tour_phys"},"aioseo_notices":[],"_links":{"self":[{"href":"https:\/\/mirekskursii.com\/tr\/wp-json\/wp\/v2\/product\/14929","targetHints":{"allow":["GET"]}}],"collection":[{"href":"https:\/\/mirekskursii.com\/tr\/wp-json\/wp\/v2\/product"}],"about":[{"href":"https:\/\/mirekskursii.com\/tr\/wp-json\/wp\/v2\/types\/product"}],"replies":[{"embeddable":true,"href":"https:\/\/mirekskursii.com\/tr\/wp-json\/wp\/v2\/comments?post=14929"}],"wp:featuredmedia":[{"embeddable":true,"href":"https:\/\/mirekskursii.com\/tr\/wp-json\/wp\/v2\/media\/12607"}],"wp:attachment":[{"href":"https:\/\/mirekskursii.com\/tr\/wp-json\/wp\/v2\/media?parent=14929"}],"wp:term":[{"taxonomy":"product_brand","embeddable":true,"href":"https:\/\/mirekskursii.com\/tr\/wp-json\/wp\/v2\/product_brand?post=14929"},{"taxonomy":"product_cat","embeddable":true,"href":"https:\/\/mirekskursii.com\/tr\/wp-json\/wp\/v2\/product_cat?post=14929"},{"taxonomy":"product_tag","embeddable":true,"href":"https:\/\/mirekskursii.com\/tr\/wp-json\/wp\/v2\/product_tag?post=14929"}],"curies":[{"name":"wp","href":"https:\/\/api.w.org\/{rel}","templated":true}]}}