{"id":14928,"date":"2025-11-17T20:25:36","date_gmt":"2025-11-17T17:25:36","guid":{"rendered":"https:\/\/mirekskursii.com\/?post_type=product&#038;p=14928\/"},"modified":"2026-02-21T15:09:04","modified_gmt":"2026-02-21T12:09:04","slug":"kapadokya-2-gunluk-turu-side","status":"publish","type":"product","link":"https:\/\/mirekskursii.com\/ekskursii\/kappadokiya-2-dnya-iz-side\/","title":{"rendered":"Side'den 2 g\u00fcnl\u00fck Kapadokya Turu \u2013 S\u0131cak Hava Balonu"},"content":{"rendered":"<h3 data-start=\"0\" data-end=\"14\">\ud83c\udf04 \u0130nceleme<\/h3>\n<p data-start=\"15\" data-end=\"283\">Side'den Kapadokya'ya 2 g\u00fcnl\u00fck bir tura kat\u0131l\u0131n ve muhte\u015fem bacalar\u0131, yeralt\u0131 \u015fehrini, ma\u011fara kiliselerini ve panoramik vadileri ke\u015ffedin. Konforlu transferler, gece otel konaklamas\u0131, rehberli turlar ve dengeli bir program geziyi rahat ve tatmin edici hale getirecektir.<\/p>\n<h3 data-start=\"151\" data-end=\"378\"><strong data-start=\"151\" data-end=\"164\">Dahil:<\/strong><\/h3>\n<p data-start=\"151\" data-end=\"378\"><span style=\"color: #00ff00;\"><strong>\u2713<\/strong> <\/span>Otelden\/otele transfer<br data-start=\"188\" data-end=\"191\" \/><span style=\"color: #00ff00;\"><strong>\u2713<\/strong> <\/span>Konaklama 1 gece (standart)<br data-start=\"221\" data-end=\"224\" \/><span style=\"color: #00ff00;\"><strong>\u2713<\/strong> <\/span>\u0130lk gece ak\u015fam yeme\u011fi<br data-start=\"245\" data-end=\"248\" \/><span style=\"color: #00ff00;\"><strong>\u2713<\/strong> <\/span>Kahvalt\u0131 (2. g\u00fcn, otelde)<br data-start=\"277\" data-end=\"280\" \/><span style=\"color: #00ff00;\"><strong>\u2713<\/strong> <\/span>Programa g\u00f6re giri\u015f biletleri<br data-start=\"309\" data-end=\"312\" \/><span style=\"color: #00ff00;\"><strong>\u2713<\/strong> <\/span>Profesyonel rehber<br data-start=\"334\" data-end=\"337\" \/><span style=\"color: #00ff00;\"><strong>\u2713<\/strong> <\/span>Sigorta<br data-start=\"348\" data-end=\"351\" \/><span style=\"color: #00ff00;\"><strong>\u2713<\/strong> <\/span>Klimal\u0131 otob\u00fcs<\/p>\n<h3 data-start=\"380\" data-end=\"601\"><strong data-start=\"380\" data-end=\"396\">Dahil de\u011fil:<\/strong><\/h3>\n<p data-start=\"380\" data-end=\"601\"><span style=\"color: #ff0000;\"><strong>\u2717<\/strong> <\/span>Yemeklerle birlikte i\u00e7ecekler<br data-start=\"421\" data-end=\"424\" \/><span style=\"color: #ff0000;\"><strong>\u2717<\/strong> <\/span>Tek ki\u015filik oda ilavesi<br data-start=\"454\" data-end=\"457\" \/><span style=\"color: #ff0000;\"><strong>\u2717<\/strong> <\/span>Her iki g\u00fcnde de \u00f6\u011fle yeme\u011fi<br data-start=\"474\" data-end=\"477\" \/><span style=\"color: #ff0000;\"><strong>\u2717<\/strong> <\/span><strong>Ek Se\u00e7enekler:<\/strong><br data-start=\"500\" data-end=\"503\" \/><strong>\u2022<\/strong> T\u00fcrk Gecesi - 35 $<br data-start=\"524\" data-end=\"527\" \/><strong>\u2022<\/strong> Panoramik tur - otob\u00fcs ile - 35 $<br data-start=\"563\" data-end=\"566\" \/><strong>\u2022<\/strong> Panoramik tur - jeep ile - 55 $<\/p>\n<h3 data-start=\"845\" data-end=\"875\">\ud83c\udff0 Turun \u00f6nemli noktalar\u0131<\/h3>\n<p data-start=\"877\" data-end=\"1308\">\ud83d\udd39 Me\u015fhur \u00abperi bacalar\u0131\u00bb ile A\u015fk Vadisi.\u00bb<br data-start=\"933\" data-end=\"936\" \/>\ud83d\udd39 Antik bir yeralt\u0131 \u015fehrine ziyaret<br data-start=\"975\" data-end=\"978\" \/>\ud83d\udd39 Mantar kayalar\u0131 ile Pa\u015faba\u011f Vadisi\u00ab<br data-start=\"1016\" data-end=\"1019\" \/>\ud83d\udd39 Panoramik Kapadokya manzaral\u0131 U\u00e7hisar Kalesi<br data-start=\"1068\" data-end=\"1071\" \/>\ud83d\udd39 Zelwe A\u00e7\u0131k Hava M\u00fczesi - ger\u00e7ek bir ma\u011fara k\u00f6y\u00fc<br data-start=\"1134\" data-end=\"1137\" \/>\ud83d\udd39 Hayvan \u015fekilli kayalar\u0131n bulundu\u011fu Devrent Vadisi<br data-start=\"1182\" data-end=\"1185\" \/>\ud83d\udd39 Avanos'ta \u00e7\u00f6mlek\u00e7ilik g\u00f6sterisi<br data-start=\"1231\" data-end=\"1234\" \/>\ud83d\udd39 \u015eafak vakti balon u\u00e7u\u015fu rezervasyonu yapma imkan\u0131 (ekstra \u00fccret)<\/p>\n<h3 data-start=\"1310\" data-end=\"1334\">\ud83d\udcd6 Tam a\u00e7\u0131klama<\/h3>\n<p data-start=\"1336\" data-end=\"1752\">Yolculu\u011funuz sabah\u0131n erken saatlerinde Side, Manavgat, K\u0131z\u0131lot veya Evrenseki'den Kapadokya'ya do\u011fru pitoresk Toros Da\u011flar\u0131 \u00fczerinden hareketle ba\u015flar. \u0130lk g\u00fcn yeralt\u0131 \u015fehirlerinden birini ziyaret edecek, A\u015fk Vadisi ve G\u00f6reme'nin manzaralar\u0131n\u0131 g\u00f6recek, U\u00e7hisar Kalesi'ne t\u0131rmanacak ve Pa\u015faba\u011f Vadisi'nde y\u00fcr\u00fcyeceksiniz. Avanos'ta geleneksel \u00e7\u00f6mlek\u00e7ili\u011fi \u00f6\u011frenecek ve ak\u015famlar\u0131 ak\u015fam yeme\u011fi dahil bir otelde kalacaks\u0131n\u0131z.<\/p>\n<p data-start=\"1754\" data-end=\"2069\">\u0130kinci g\u00fcn, program ma\u011fara kiliseleri, manzara noktalar\u0131, bir hal\u0131 merkezi ve antik \u0130pek Yolu \u00fczerindeki bir kervansaray ziyaretleri ile devam eder. D\u00f6n\u00fc\u015f yolunda Konya b\u00f6lgesinde \u00f6\u011fle yeme\u011fi verilecektir. Ak\u015fam saatlerinde Side'deki otellere geri d\u00f6necek ve T\u00fcrkiye'nin en s\u0131ra d\u0131\u015f\u0131 b\u00f6lgelerinden birine dair canl\u0131 izlenimler edineceksiniz.<\/p>\n<h3 data-start=\"2071\" data-end=\"2093\">\ud83d\uddfa\ufe0f Tur g\u00fczergah\u0131<\/h3>\n<p data-start=\"2095\" data-end=\"2442\"><strong data-start=\"2095\" data-end=\"2105\">1. G\u00fcn<\/strong><br data-start=\"2105\" data-end=\"2108\" \/>\ud83d\udd39 Side ve \u00e7evresindeki otellerden erken kar\u015f\u0131lama<br data-start=\"2160\" data-end=\"2163\" \/>\ud83d\udd39 Yol boyunca kahvalt\u0131 i\u00e7in durun<br data-start=\"2194\" data-end=\"2197\" \/>\ud83d\udd39 Yeralt\u0131 \u015fehrine bir ziyaret<br data-start=\"2227\" data-end=\"2230\" \/>\ud83d\udd39 U\u00e7hisar b\u00f6lgesinde \u00f6\u011fle yeme\u011fi (program dahilinde)<br data-start=\"2270\" data-end=\"2273\" \/>\ud83d\udd39 U\u00e7hisar Kalesi ve G\u00f6reme Vadisi panoramas\u0131<br data-start=\"2314\" data-end=\"2317\" \/>\ud83d\udd39 Pa\u015faba\u011f Vadisi ve Avanos'ta bir \u00e7\u00f6mlek at\u00f6lyesi<br data-start=\"2367\" data-end=\"2370\" \/>\ud83d\udd39 Otele giri\u015f, ak\u015fam yeme\u011fi<br data-start=\"2396\" data-end=\"2399\" \/>\ud83d\udd39 \u0130ste\u011fe ba\u011fl\u0131: T\u00fcrk gecesi (\u00fccretli)<\/p>\n<p data-start=\"2444\" data-end=\"2649\"><strong data-start=\"2444\" data-end=\"2454\">2. G\u00fcn<\/strong><br data-start=\"2454\" data-end=\"2457\" \/>\ud83d\udd39 Otelde kahvalt\u0131<br data-start=\"2475\" data-end=\"2478\" \/>\ud83d\udd39 A\u015fk Vadisi ve ma\u011fara kiliseleri ziyareti (program dahilinde)<br data-start=\"2537\" data-end=\"2540\" \/>\ud83d\udd39 Hal\u0131 dokuma merkezinde ve kervansarayda mola<br data-start=\"2592\" data-end=\"2595\" \/>\ud83d\udd39 Konya b\u00f6lgesinde \u00f6\u011fle yeme\u011fi<br data-start=\"2617\" data-end=\"2620\" \/>\ud83d\udd39 Side Otellerine D\u00f6n\u00fc\u015f<\/p>\n<h3 data-start=\"2651\" data-end=\"2679\">\u2139\ufe0f Faydal\u0131 bilgiler<\/h3>\n<p data-start=\"2681\" data-end=\"3038\">\ud83d\udd39 S\u00fcre: 2 g\u00fcn \/ 1 gece<br data-start=\"2717\" data-end=\"2720\" \/>\ud83d\udd39 Orta d\u00fczeyde fiziksel aktivite (engebeli arazide y\u00fcr\u00fcy\u00fc\u015f)<br data-start=\"2784\" data-end=\"2787\" \/>\ud83d\udd39 Balon u\u00e7u\u015fu talep \u00fczerine ve hava durumuna ba\u011fl\u0131 olarak mevcuttur<br data-start=\"2853\" data-end=\"2856\" \/>\ud83d\udd39 Standart odada konaklama; tek ki\u015filik konaklama ek \u00fccrete tabidir<br data-start=\"2925\" data-end=\"2928\" \/>\ud83d\udd39 6 ya\u015f\u0131ndan k\u00fc\u00e7\u00fck \u00e7ocuklar \u00fccretsiz seyahat edebilir, ancak ayr\u0131 olarak rezervasyon yap\u0131lmad\u0131\u011f\u0131 s\u00fcrece ayr\u0131 bir koltuk olmadan<\/p>\n<h3 data-start=\"3040\" data-end=\"3066\">\ud83c\udf92 Yan\u0131n\u0131za ne almal\u0131s\u0131n\u0131z<\/h3>\n<p data-start=\"3068\" data-end=\"3322\">\ud83d\udd39 Pasaport veya kimlik kart\u0131<br data-start=\"3105\" data-end=\"3108\" \/>\ud83d\udd39 Rahat y\u00fcr\u00fcy\u00fc\u015f ayakkab\u0131lar\u0131<br data-start=\"3135\" data-end=\"3138\" \/>\ud83d\udd39 G\u00fcne\u015f g\u00f6zl\u00fc\u011f\u00fc, \u015fapka ve g\u00fcne\u015f kremi<br data-start=\"3184\" data-end=\"3187\" \/>\ud83d\udd39 Sabahlar\u0131 ve ak\u015famlar\u0131 i\u00e7in hafif bir ceket veya sweatshirt<br data-start=\"3229\" data-end=\"3232\" \/>\ud83d\udd39 Kamera veya ak\u0131ll\u0131 telefon<br data-start=\"3259\" data-end=\"3262\" \/>\ud83d\udd39 \u00d6\u011fle yemekleri, i\u00e7ecekler ve iste\u011fe ba\u011fl\u0131 aktiviteler i\u00e7in nakit<\/p>\n<h3 data-start=\"3324\" data-end=\"3348\">\ud83d\udeab \u015eunlar i\u00e7in uygun de\u011fildir<\/h3>\n<p data-start=\"3350\" data-end=\"3424\">\ud83d\udd39 Hareket kabiliyeti ciddi derecede k\u0131s\u0131tl\u0131 misafirler<br data-start=\"3394\" data-end=\"3397\" \/>\ud83d\udd39 \u00c7ok k\u00fc\u00e7\u00fck \u00e7ocuklar<\/p>\n<h3 data-start=\"3426\" data-end=\"3454\">\ud83d\udcb8 Fiyat ve rezervasyon<\/h3>\n<p data-start=\"3456\" data-end=\"3605\"><strong>\ud83d\udd39 \u015eimdi rezervasyon yap\u0131n, tur g\u00fcn\u00fc \u00f6deyin<\/strong><br data-start=\"3505\" data-end=\"3508\" \/>\ud83d\udd39 WhatsApp, Telegram, Viber \u00fczerinden bize ula\u015f\u0131n veya a\u015fa\u011f\u0131daki rezervasyon formunu doldurun. \ud83d\udc47\ud83c\udffc<\/p>","protected":false},"excerpt":{"rendered":"<p>Side'den Kapadokya'ya 2 g\u00fcnl\u00fck tur: yeralt\u0131 \u015fehri, A\u015fk Vadisi, Pa\u015faba\u011f, U\u00e7hisar ve Avanos. Transfer, otel, rehberlik ve sigorta dahildir.<\/p>","protected":false},"featured_media":12798,"comment_status":"open","ping_status":"closed","template":"","meta":[],"product_brand":[],"product_cat":[125],"product_tag":[110],"class_list":{"0":"post-14928","1":"product","2":"type-product","3":"status-publish","4":"has-post-thumbnail","6":"tour_phys-ekskursii-v-side","7":"product_cat-ekskursii-v-side","8":"product_tag-side","9":"pa_destination-ekskursii-v-side","11":"first","12":"instock","13":"sale","14":"shipping-taxable","15":"purchasable","16":"product-type-tour_phys"},"aioseo_notices":[],"_links":{"self":[{"href":"https:\/\/mirekskursii.com\/tr\/wp-json\/wp\/v2\/product\/14928","targetHints":{"allow":["GET"]}}],"collection":[{"href":"https:\/\/mirekskursii.com\/tr\/wp-json\/wp\/v2\/product"}],"about":[{"href":"https:\/\/mirekskursii.com\/tr\/wp-json\/wp\/v2\/types\/product"}],"replies":[{"embeddable":true,"href":"https:\/\/mirekskursii.com\/tr\/wp-json\/wp\/v2\/comments?post=14928"}],"wp:featuredmedia":[{"embeddable":true,"href":"https:\/\/mirekskursii.com\/tr\/wp-json\/wp\/v2\/media\/12798"}],"wp:attachment":[{"href":"https:\/\/mirekskursii.com\/tr\/wp-json\/wp\/v2\/media?parent=14928"}],"wp:term":[{"taxonomy":"product_brand","embeddable":true,"href":"https:\/\/mirekskursii.com\/tr\/wp-json\/wp\/v2\/product_brand?post=14928"},{"taxonomy":"product_cat","embeddable":true,"href":"https:\/\/mirekskursii.com\/tr\/wp-json\/wp\/v2\/product_cat?post=14928"},{"taxonomy":"product_tag","embeddable":true,"href":"https:\/\/mirekskursii.com\/tr\/wp-json\/wp\/v2\/product_tag?post=14928"}],"curies":[{"name":"wp","href":"https:\/\/api.w.org\/{rel}","templated":true}]}}