{"id":14926,"date":"2025-11-17T20:04:40","date_gmt":"2025-11-17T17:04:40","guid":{"rendered":"https:\/\/mirekskursii.com\/?post_type=product&#038;p=14926\/"},"modified":"2025-12-12T11:28:32","modified_gmt":"2025-12-12T08:28:32","slug":"green-canyon-jeep-safari-turu-side","status":"publish","type":"product","link":"https:\/\/mirekskursii.com\/ekskursii\/zelenyy-kanion-dzhip-safari-iz-side\/","title":{"rendered":"Green Canyon Jeep Safari Turu Side \u00c7\u0131k\u0131\u015fl\u0131 \u2013 G\u00f6l Keyfi"},"content":{"rendered":"<h3 data-start=\"0\" data-end=\"15\">\ud83c\udfdd\ufe0f Genel Bak\u0131\u015f<\/h3>\n<p data-start=\"16\" data-end=\"309\">Side'den Ye\u015fil Kanyon'a bir jeep safari yap\u0131n ve da\u011flar, g\u00f6l ve i\u011fne yaprakl\u0131 ormanlar aras\u0131nda b\u00fct\u00fcn bir g\u00fcn ge\u00e7irin. Heyecan verici bir 4\u00d74 jeep yolculu\u011fu, z\u00fcmr\u00fct Oymap\u0131nar G\u00f6l\u00fc'nde tekne gezintisi, y\u00fczme ve k\u0131y\u0131daki bir restoranda \u00f6\u011fle yeme\u011fi sizi bekliyor - aileler ve do\u011fa severler i\u00e7in m\u00fckemmel.<\/p>\n<h3 data-start=\"311\" data-end=\"327\">\u00a0Dahil:<\/h3>\n<p data-start=\"329\" data-end=\"516\"><span style=\"color: #00ff00;\"><strong>\u2713<\/strong> <\/span>Otel transferi<br data-start=\"351\" data-end=\"354\" \/><span style=\"color: #00ff00;\"><strong>\u2713<\/strong> <\/span>Rehber: Rus\u00e7a, \u0130ngilizce<br data-start=\"380\" data-end=\"383\" \/><span style=\"color: #00ff00;\"><strong>\u2713<\/strong> <\/span>Off-road ciplerde safari<br data-start=\"413\" data-end=\"416\" \/><span style=\"color: #00ff00;\"><strong>\u2713<\/strong> <\/span>Ye\u015fil G\u00f6l'de bir saatlik tekne turu<br data-start=\"461\" data-end=\"464\" \/><span style=\"color: #00ff00;\"><strong>\u2713<\/strong> <\/span>G\u00f6l kenar\u0131nda bir restoranda \u00f6\u011fle yeme\u011fi<br data-start=\"498\" data-end=\"501\" \/><span style=\"color: #00ff00;\"><strong>\u2713<\/strong> <\/span>Sigorta<\/p>\n<h3 data-start=\"518\" data-end=\"537\">\u00a0Dahil de\u011fil:<\/h3>\n<p data-start=\"539\" data-end=\"586\"><span style=\"color: #ff0000;\"><strong>\u2717<\/strong> <\/span>\u0130\u00e7ecekler<br data-start=\"548\" data-end=\"551\" \/><span style=\"color: #ff0000;\"><strong>\u2717<\/strong> <\/span>Ki\u015fisel harcamalar<br data-start=\"567\" data-end=\"570\" \/><span style=\"color: #ff0000;\"><strong>\u2717<\/strong> <\/span>Foto\u011fraf ve video<\/p>\n<h3 data-start=\"588\" data-end=\"618\">\ud83c\udf1f Turun \u00f6ne \u00e7\u0131kan \u00f6zellikleri<\/h3>\n<p data-start=\"620\" data-end=\"938\">\ud83d\udd39 Pitoresk Toros Da\u011flar\u0131'nda Jeep safari<br data-start=\"663\" data-end=\"666\" \/>\ud83d\udd39 Ye\u015fil G\u00f6l'de rahatlat\u0131c\u0131 tekne gezintisi<br data-start=\"718\" data-end=\"721\" \/>\ud83d\udd39 G\u00f6\u00e7ebe k\u00f6y\u00fcnde ve meyve bah\u00e7elerinde mola<br data-start=\"772\" data-end=\"775\" \/>\ud83d\udd39 Akdeniz ve kanyon manzaral\u0131 panoramik noktalar<br data-start=\"832\" data-end=\"835\" \/>\ud83d\udd39 Y\u00fczme veya kano i\u00e7in serbest zaman<br data-start=\"886\" data-end=\"889\" \/>\ud83d\udd39 Macera, do\u011fa ve dinlenmenin m\u00fckemmel kar\u0131\u015f\u0131m\u0131<\/p>\n<h3 data-start=\"940\" data-end=\"964\">\ud83d\udcd6 Tam a\u00e7\u0131klama<\/h3>\n<p data-start=\"966\" data-end=\"1315\">Yolculu\u011funuz Side ve Manavgat'taki otellerinizden b\u00f6lgenin en g\u00fczel yerlerinden biri olan Ye\u015fil Kanyon ve Oymap\u0131nar Baraj\u0131'na transferle ba\u015fl\u0131yor. \u00d6nce \u00fcst\u00fc a\u00e7\u0131k jeeplerle da\u011f yollar\u0131 ve orman patikalar\u0131 boyunca yola \u00e7\u0131kacak, antik Roma su kemerleri ve meyve bah\u00e7eleri ile k\u0131rsal ya\u015fam\u0131 g\u00f6rebilece\u011finiz bir y\u00f6r\u00fck k\u00f6y\u00fcnde mola vereceksiniz.<\/p>\n<p data-start=\"1317\" data-end=\"1693\">Daha sonra z\u00fcmr\u00fct g\u00f6l\u00fcn k\u0131y\u0131s\u0131ndaki bir restoranda lezzetli bir \u00f6\u011fle yeme\u011finin tad\u0131n\u0131 \u00e7\u0131karacaks\u0131n\u0131z. Bunu, kayal\u0131klar ve \u00e7am ormanlar\u0131yla \u00e7evrili Ye\u015fil G\u00f6l'\u00fcn sakin sular\u0131nda yakla\u015f\u0131k bir saatlik tekne yolculu\u011fu izleyecektir. Y\u00fczmek, kano yapmak (ekstra \u00fccret) veya sadece su kenar\u0131nda dinlenmek i\u00e7in serbest zaman olacakt\u0131r. G\u00fcn, da\u011flar\u0131n aras\u0131ndan geri d\u00f6n\u00fc\u015f ve Side'deki otelinize konforlu bir transfer ile sona erecektir.<\/p>\n<h3 data-start=\"1695\" data-end=\"1717\">\ud83d\uddfa\ufe0f Tur g\u00fczergah\u0131<\/h3>\n<p data-start=\"1719\" data-end=\"2215\">\ud83d\udd39 Side ve Manavgat'taki otellerden kar\u015f\u0131lama<br data-start=\"1756\" data-end=\"1759\" \/>\ud83d\udd39 \u00dcst\u00fc a\u00e7\u0131k ciplerle Ye\u015fil Kanyon b\u00f6lgesine bir gezi<br data-start=\"1822\" data-end=\"1825\" \/>\ud83d\udd39 Arazi s\u00fcr\u00fc\u015f\u00fcn\u00fcn ilk b\u00f6l\u00fcm\u00fc ve Roma su kemerlerinde bir foto\u011fraf molas\u0131<br data-start=\"1884\" data-end=\"1887\" \/>\ud83d\udd39 Bir g\u00f6\u00e7ebe k\u00f6y\u00fcne, meyve bah\u00e7elerine ve mini bir hayvanat bah\u00e7esine ziyaret<br data-start=\"1951\" data-end=\"1954\" \/>\ud83d\udd39 Akdeniz ve kanyon manzaral\u0131 panoramik nokta<br data-start=\"2010\" data-end=\"2013\" \/>\ud83d\udd39 G\u00f6l kenar\u0131nda bir restoranda \u00f6\u011fle yeme\u011fi<br data-start=\"2048\" data-end=\"2051\" \/>\ud83d\udd39 Ye\u015fil G\u00f6l'de bir saatlik tekne turu<br data-start=\"2097\" data-end=\"2100\" \/>\ud83d\udd39 Y\u00fczme veya kano i\u00e7in serbest zaman<br data-start=\"2151\" data-end=\"2154\" \/>\ud83d\udd39 \u0130kinci off-road b\u00f6l\u00fcm\u00fc.<br data-start=\"2182\" data-end=\"2185\" \/>\ud83d\udd39 Otellere d\u00f6n\u00fc\u015f transferi<\/p>\n<h3 data-start=\"2217\" data-end=\"2245\">\u2139\ufe0f Faydal\u0131 bilgiler<\/h3>\n<p data-start=\"2247\" data-end=\"2518\">\ud83d\udd39 S\u00fcre: yakla\u015f\u0131k 7-8 saat<br data-start=\"2284\" data-end=\"2287\" \/>\ud83d\udd39 Aileler ve macerac\u0131 gezginler i\u00e7in uygundur<br data-start=\"2332\" data-end=\"2335\" \/>\ud83d\udd39 Jeepler ve\/veya \u00fcst\u00fc a\u00e7\u0131k otob\u00fcsler kullan\u0131l\u0131r<br data-start=\"2378\" data-end=\"2381\" \/>\ud83d\udd39 Y\u00fczmeyi planl\u0131yorsan\u0131z bir y\u00fczme k\u0131yafeti getirmeniz \u00f6nerilir<br data-start=\"2439\" data-end=\"2442\" \/>\ud83d\udd39 5 ya\u015f\u0131ndan k\u00fc\u00e7\u00fck \u00e7ocuklar \u00fccretsiz seyahat eder ancak otob\u00fcste bir koltuk i\u015fgal eder<\/p>\n<h3 data-start=\"2520\" data-end=\"2546\">\ud83c\udf92 Yan\u0131n\u0131za ne almal\u0131s\u0131n\u0131z<\/h3>\n<p data-start=\"2548\" data-end=\"2744\">\ud83d\udd39 Mayo ve havlu.<br data-start=\"2572\" data-end=\"2575\" \/>\ud83d\udd39 G\u00fcne\u015f kremi ve g\u00fcne\u015f g\u00f6zl\u00fc\u011f\u00fc<br data-start=\"2619\" data-end=\"2622\" \/>\ud83d\udd39 \u015eapka veya kep<br data-start=\"2640\" data-end=\"2643\" \/>\ud83d\udd39 Kamera veya telefon<br data-start=\"2669\" data-end=\"2672\" \/>\ud83d\udd39 \u0130\u00e7ecekler, hediyelik e\u015fyalar veya ekstra etkinlikler i\u00e7in k\u00fc\u00e7\u00fck bir miktar para<\/p>\n<h3 data-start=\"2746\" data-end=\"2770\">\ud83d\udeab \u015eunlar i\u00e7in uygun de\u011fildir<\/h3>\n<p data-start=\"2772\" data-end=\"2844\">\ud83d\udd39 Ciddi bel veya boyun sorunlar\u0131 olan konuklar<br data-start=\"2819\" data-end=\"2822\" \/>\ud83d\udd39 Hamile kad\u0131nlar<\/p>\n<h3 data-start=\"2839\" data-end=\"2867\">\ud83d\udcb8 Fiyat ve rezervasyon<\/h3>\n<p data-start=\"2868\" data-end=\"3008\"><strong>\ud83d\udd39 \u015eimdi rezervasyon yap\u0131n - tur g\u00fcn\u00fc \u00f6deme yap\u0131n<\/strong><br data-start=\"2914\" data-end=\"2917\" \/>\ud83d\udd39 WhatsApp, Telegram, Viber \u00fczerinden bize ula\u015f\u0131n veya a\u015fa\u011f\u0131daki sipari\u015f formunu doldurun. \ud83d\udc47\ud83c\udffc<\/p>","protected":false},"excerpt":{"rendered":"<article class=\"text-token-text-primary w-full focus:outline-none [--shadow-height:45px] has-data-writing-block:pointer-events-none has-data-writing-block:-mt-(--shadow-height) has-data-writing-block:pt-(--shadow-height) [&amp;:has([data-writing-block])&gt;*]:pointer-events-auto [content-visibility:auto] supports-[content-visibility:auto]:[contain-intrinsic-size:auto_100lvh] scroll-mt-[calc(var(--header-height)+min(200px,max(70px,20svh)))]\" dir=\"auto\" tabindex=\"-1\" data-turn-id=\"request-691836cd-f880-8328-a590-c99ebec06edd-3\" data-testid=\"conversation-turn-84\" data-scroll-anchor=\"true\" data-turn=\"assistant\">\n<div class=\"text-base my-auto mx-auto pb-10 [--thread-content-margin:--spacing(4)] thread-sm:[--thread-content-margin:--spacing(6)] thread-lg:[--thread-content-margin:--spacing(16)] px-(--thread-content-margin)\">\n<div class=\"[--thread-content-max-width:40rem] thread-lg:[--thread-content-max-width:48rem] mx-auto max-w-(--thread-content-max-width) flex-1 group\/turn-messages focus-visible:outline-hidden relative flex w-full min-w-0 flex-col agent-turn\" tabindex=\"-1\">\n<div class=\"flex max-w-full flex-col grow\">\n<div class=\"min-h-8 text-message relative flex w-full flex-col items-end gap-2 text-start break-words whitespace-normal [.text-message+&amp;]:mt-1\" dir=\"auto\" data-message-author-role=\"assistant\" data-message-id=\"4604497e-bd6b-4f1f-a874-8cfbc2515a0d\" data-message-model-slug=\"gpt-5-1-thinking\">\n<div class=\"flex w-full flex-col gap-1 empty:hidden first:pt-[1px]\">\n<div class=\"markdown prose dark:prose-invert w-full break-words light markdown-new-styling\">\n<p data-start=\"2753\" data-end=\"2929\" data-is-last-node=\"\" data-is-only-node=\"\">\u0414\u0436\u0438\u043f-\u0441\u0430\u0444\u0430\u0440\u0438 \u0432 \u0417\u0435\u043b\u0451\u043d\u044b\u0439 \u043a\u0430\u043d\u044c\u043e\u043d \u0438\u0437 \u0421\u0438\u0434\u0435: \u0433\u043e\u0440\u044b \u0422\u0430\u0443\u0440\u0443\u0441, \u043f\u0440\u043e\u0433\u0443\u043b\u043a\u0430 \u043d\u0430 \u043b\u043e\u0434\u043a\u0435 \u043f\u043e \u0417\u0435\u043b\u0435\u043d\u043e\u043c\u0443 \u043e\u0437\u0435\u0440\u0443, \u043a\u0443\u043f\u0430\u043d\u0438\u0435 \u0438 \u043e\u0431\u0435\u0434 \u0443 \u043e\u0437\u0435\u0440\u0430. \u0422\u0440\u0430\u043d\u0441\u0444\u0435\u0440 \u0438\u0437 \u043e\u0442\u0435\u043b\u0435\u0439 \u0421\u0438\u0434\u0435 \u0438 \u041c\u0430\u043d\u0430\u0432\u0433\u0430\u0442\u0430 \u0432\u043a\u043b\u044e\u0447\u0451\u043d.<\/p>\n<\/div>\n<\/div>\n<\/div>\n<\/div>\n<div class=\"z-0 flex min-h-[46px] justify-start\"><\/div>\n<div class=\"mt-3 w-full empty:hidden\">\n<div class=\"text-center\"><\/div>\n<\/div>\n<\/div>\n<\/div>\n<\/article>\n<div class=\"pointer-events-none h-px w-px\" aria-hidden=\"true\" data-edge=\"true\"><\/div>\n","protected":false},"featured_media":14853,"comment_status":"open","ping_status":"closed","template":"","meta":[],"product_brand":[],"product_cat":[125],"product_tag":[110],"class_list":{"0":"post-14926","1":"product","2":"type-product","3":"status-publish","4":"has-post-thumbnail","6":"tour_phys-ekskursii-v-side","7":"product_cat-ekskursii-v-side","8":"product_tag-side","9":"pa_destination-ekskursii-v-side","11":"first","12":"instock","13":"sale","14":"shipping-taxable","15":"purchasable","16":"product-type-tour_phys"},"aioseo_notices":[],"_links":{"self":[{"href":"https:\/\/mirekskursii.com\/tr\/wp-json\/wp\/v2\/product\/14926","targetHints":{"allow":["GET"]}}],"collection":[{"href":"https:\/\/mirekskursii.com\/tr\/wp-json\/wp\/v2\/product"}],"about":[{"href":"https:\/\/mirekskursii.com\/tr\/wp-json\/wp\/v2\/types\/product"}],"replies":[{"embeddable":true,"href":"https:\/\/mirekskursii.com\/tr\/wp-json\/wp\/v2\/comments?post=14926"}],"wp:featuredmedia":[{"embeddable":true,"href":"https:\/\/mirekskursii.com\/tr\/wp-json\/wp\/v2\/media\/14853"}],"wp:attachment":[{"href":"https:\/\/mirekskursii.com\/tr\/wp-json\/wp\/v2\/media?parent=14926"}],"wp:term":[{"taxonomy":"product_brand","embeddable":true,"href":"https:\/\/mirekskursii.com\/tr\/wp-json\/wp\/v2\/product_brand?post=14926"},{"taxonomy":"product_cat","embeddable":true,"href":"https:\/\/mirekskursii.com\/tr\/wp-json\/wp\/v2\/product_cat?post=14926"},{"taxonomy":"product_tag","embeddable":true,"href":"https:\/\/mirekskursii.com\/tr\/wp-json\/wp\/v2\/product_tag?post=14926"}],"curies":[{"name":"wp","href":"https:\/\/api.w.org\/{rel}","templated":true}]}}