{"id":14924,"date":"2025-11-17T19:51:48","date_gmt":"2025-11-17T16:51:48","guid":{"rendered":"https:\/\/mirekskursii.com\/?post_type=product&#038;p=14924\/"},"modified":"2025-12-12T11:27:53","modified_gmt":"2025-12-12T08:27:53","slug":"sapadere-kanyonu-dim-cayi-turu-side","status":"publish","type":"product","link":"https:\/\/mirekskursii.com\/ekskursii\/sapadere-kanion-iz-side\/","title":{"rendered":"Sapadere Kanyonu ve Dim \u00c7ay\u0131 Turu Side \u00c7\u0131k\u0131\u015fl\u0131 \u2013 Ma\u011fara Ziyareti"},"content":{"rendered":"<h3 data-start=\"0\" data-end=\"15\">\ud83c\udfdd\ufe0f Genel Bak\u0131\u015f<\/h3>\n<p data-start=\"16\" data-end=\"308\">Side'den Sapadere Kanyonu ve Dim Nehri'ne g\u00fcn\u00fcbirlik bir gezi ile yaz s\u0131ca\u011f\u0131ndan ka\u00e7\u0131n\u0131n. \u015eelaleler boyunca uzanan ah\u015fap patikalarda y\u00fcr\u00fcy\u00fcn, muhte\u015fem Dim Ma\u011faras\u0131'na g\u00f6z at\u0131n ve suyun \u00fczerindeki \u00e7ardaklarda \u00f6\u011fle yeme\u011fi yiyerek serin nehir kenar\u0131nda dinlenin - kalabal\u0131k sahil \u015feridinden uzakta do\u011fada m\u00fckemmel bir g\u00fcn.<\/p>\n<h3 data-start=\"310\" data-end=\"326\">\u00a0Dahil:<\/h3>\n<p data-start=\"327\" data-end=\"463\"><span style=\"color: #00ff00;\"><strong>\u2713<\/strong> <\/span>Otel transferi<br data-start=\"349\" data-end=\"352\" \/><span style=\"color: #00ff00;\"><strong>\u2713<\/strong> <\/span>Rehber: Rus\u00e7a, \u0130ngilizce<br data-start=\"378\" data-end=\"381\" \/><span style=\"color: #00ff00;\"><strong>\u2713<\/strong> <\/span>Tam sigortal\u0131<br data-start=\"401\" data-end=\"404\" \/><span style=\"color: #00ff00;\"><strong>\u2713<\/strong> <\/span>Dim Nehri \u00fczerindeki bir restoranda \u00f6\u011fle yeme\u011fi<br data-start=\"434\" data-end=\"437\" \/><span style=\"color: #00ff00;\"><strong>\u2713<\/strong> <\/span>Sapadere Kanyonu'nun giri\u015fi<\/p>\n<h3 data-start=\"465\" data-end=\"484\">\u00a0Dahil de\u011fil:<\/h3>\n<p data-start=\"485\" data-end=\"580\"><span style=\"color: #ff0000;\"><strong>\u2717<\/strong> <\/span>Dim Ma\u011faras\u0131'na giri\u015f (iste\u011fe ba\u011fl\u0131)<br data-start=\"517\" data-end=\"520\" \/><span style=\"color: #ff0000;\"><strong>\u2717<\/strong> <\/span>\u0130\u00e7ecekler<br data-start=\"529\" data-end=\"532\" \/><span style=\"color: #ff0000;\"><strong>\u2717<\/strong> <\/span>Ki\u015fisel harcamalar (foto\u011fraflar, hediyelik e\u015fyalar, vb.)<\/p>\n<h3 data-start=\"582\" data-end=\"612\">\ud83c\udf1f Turun \u00f6ne \u00e7\u0131kan \u00f6zellikleri<\/h3>\n<p data-start=\"613\" data-end=\"1033\">\ud83d\udd39 Sapadere Kanyonu'nda 600 metrelik ah\u015fap patika boyunca \u015felaleler ve do\u011fal havuzlar aras\u0131nda y\u00fcr\u00fcy\u00fc\u015f<br data-start=\"714\" data-end=\"717\" \/>\ud83d\udd39 Etkileyici sark\u0131t ve dikitlerin bulundu\u011fu Dim Ma\u011faras\u0131 ziyareti (giri\u015f \u00fccretli)<br data-start=\"802\" data-end=\"805\" \/>\ud83d\udd39 Dim Nehri'nin serin sular\u0131nda, su \u00fczerindeki rahat \u00e7ardaklarda \u00f6\u011fle yeme\u011fi ve y\u00fczme<br data-start=\"878\" data-end=\"881\" \/>\ud83d\udd39 Toros Da\u011flar\u0131'n\u0131n pitoresk da\u011f manzaras\u0131 ve k\u0131y\u0131 \u015feridinden uzakta temiz hava<br data-start=\"957\" data-end=\"960\" \/>\ud83d\udd39 Do\u011fa severler ve sakin aile tatilleri i\u00e7in harika bir se\u00e7enek<\/p>\n<h3 data-start=\"1035\" data-end=\"1059\">\ud83d\udcd6 Tam a\u00e7\u0131klama<\/h3>\n<p data-start=\"1060\" data-end=\"1400\">Tur, Side b\u00f6lgesindeki otellerden konforlu bir transferle ba\u015flar ve Alanya yak\u0131nlar\u0131ndaki yemye\u015fil da\u011flara do\u011fru ilerler. \u0130lk durak, sarp kayal\u0131klar, g\u00fcr\u00fclt\u00fcl\u00fc \u015felaleler ve kristal berrakl\u0131\u011f\u0131nda do\u011fal havuzlar boyunca g\u00fcvenli ah\u015fap platformlarda y\u00fcr\u00fcyece\u011finiz Sapadere Kanyonu'dur. Dileyenler so\u011fuk da\u011f suyunda kendilerini yenileyebilirler.<\/p>\n<p data-start=\"1402\" data-end=\"1561\">Ard\u0131ndan dilerseniz etkileyici kire\u00e7ta\u015f\u0131 olu\u015fumlar\u0131 ve do\u011fal \u00abklimal\u0131\u00bb atmosferiyle serin bir yeralt\u0131 d\u00fcnyas\u0131 olan Dim Ma\u011faras\u0131'n\u0131 ziyaret edebilirsiniz.<\/p>\n<p data-start=\"1563\" data-end=\"1812\">Turun son b\u00f6l\u00fcm\u00fc Dim Nehri \u00fczerinde bir dinlenme: suyun hemen \u00fczerinde \u00e7ardakl\u0131 bir restoranda lezzetli bir \u00f6\u011fle yeme\u011fi yiyecek ve serin nehirde y\u00fczeceksiniz. Dinlenmek ve foto\u011fraf \u00e7ekmek i\u00e7in serbest zaman\u0131n ard\u0131ndan grup Side'ye geri d\u00f6necek.<\/p>\n<h3 data-start=\"1814\" data-end=\"1836\">\ud83d\uddfa\ufe0f Tur g\u00fczergah\u0131<\/h3>\n<p data-start=\"1837\" data-end=\"2110\">\ud83d\udd39 Side b\u00f6lgesindeki otellerden \u00e7it<br data-start=\"1870\" data-end=\"1873\" \/>\ud83d\udd39 Foto\u011fraf duraklar\u0131yla da\u011f yollar\u0131nda manzaral\u0131 bir s\u00fcr\u00fc\u015f<br data-start=\"1926\" data-end=\"1929\" \/>\ud83d\udd39 Sapadere Kanyonu ziyareti (ah\u015fap bir patika boyunca y\u00fcr\u00fcy\u00fc\u015f)<br data-start=\"1989\" data-end=\"1992\" \/>\ud83d\udd39 Dim Ma\u011faras\u0131 Ziyareti (iste\u011fe ba\u011fl\u0131, ekstra \u00fccret)<br data-start=\"2040\" data-end=\"2043\" \/>\ud83d\udd39 Dim Nehri'nde \u00f6\u011fle yeme\u011fi ve y\u00fczme<br data-start=\"2072\" data-end=\"2075\" \/>\ud83d\udd39 Side otellerine d\u00f6n\u00fc\u015f transferi<\/p>\n<h3 data-start=\"2112\" data-end=\"2140\">\u2139\ufe0f Faydal\u0131 bilgiler<\/h3>\n<p data-start=\"2141\" data-end=\"2450\">\ud83d\udd39 S\u00fcre: yakla\u015f\u0131k 8 saat (tam g\u00fcn tur)<br data-start=\"2202\" data-end=\"2205\" \/>\ud83d\udd39 Ula\u015f\u0131m t\u00fcr\u00fc: iyi g\u00f6r\u00fcn\u00fcrl\u00fc\u011fe sahip cipler veya minib\u00fcsler<br data-start=\"2265\" data-end=\"2268\" \/>\ud83d\udd39 Tur her g\u00fcn yap\u0131lmaktad\u0131r (hava durumuna ba\u011fl\u0131d\u0131r)<br data-start=\"2325\" data-end=\"2328\" \/>\ud83d\udd39 Rahat, kaymayan y\u00fcr\u00fcy\u00fc\u015f ayakkab\u0131lar\u0131 ve k\u0131yafetleri tavsiye edilir<br data-start=\"2390\" data-end=\"2393\" \/>\ud83d\udd39 Kanyon ve nehirdeki su yaz\u0131n bile olduk\u00e7a serin<\/p>\n<h3 data-start=\"2452\" data-end=\"2478\">\ud83c\udf92 Yan\u0131n\u0131za ne almal\u0131s\u0131n\u0131z<\/h3>\n<p data-start=\"2479\" data-end=\"2703\">\ud83d\udd39 Rahat y\u00fcr\u00fcy\u00fc\u015f ayakkab\u0131lar\u0131<br data-start=\"2506\" data-end=\"2509\" \/>\ud83d\udd39 Mayo ve havlu.<br data-start=\"2533\" data-end=\"2536\" \/>\ud83d\udd39 G\u00fcne\u015f g\u00f6zl\u00fc\u011f\u00fc ve g\u00fcne\u015f kremi<br data-start=\"2575\" data-end=\"2578\" \/>\ud83d\udd39 Da\u011flarda havan\u0131n serin olmas\u0131 ihtimaline kar\u015f\u0131 hafif d\u0131\u015f giyim<br data-start=\"2638\" data-end=\"2641\" \/>\ud83d\udd39 \u0130\u00e7ecekler, Dim Ma\u011faras\u0131'na giri\u015f ve hediyelik e\u015fyalar i\u00e7in biraz para<\/p>\n<h3 data-start=\"2705\" data-end=\"2729\">\ud83d\udeab \u015eunlar i\u00e7in uygun de\u011fildir<\/h3>\n<p data-start=\"2730\" data-end=\"2837\">\ud83d\udd39 Ciddi hareket k\u0131s\u0131tl\u0131l\u0131\u011f\u0131 olan misafirler<br data-start=\"2778\" data-end=\"2781\" \/>\ud83d\udd39 Ciddi kardiyovask\u00fcler hastal\u0131\u011f\u0131 olan ki\u015filer<\/p>\n<h3 data-start=\"2839\" data-end=\"2867\">\ud83d\udcb8 Fiyat ve rezervasyon<\/h3>\n<p data-start=\"2868\" data-end=\"3008\"><strong>\ud83d\udd39 \u015eimdi rezervasyon yap\u0131n - tur g\u00fcn\u00fc \u00f6deme yap\u0131n<\/strong><br data-start=\"2914\" data-end=\"2917\" \/>\ud83d\udd39 WhatsApp, Telegram, Viber \u00fczerinden bize ula\u015f\u0131n veya a\u015fa\u011f\u0131daki sipari\u015f formunu doldurun. \ud83d\udc47\ud83c\udffc<\/p>","protected":false},"excerpt":{"rendered":"<article class=\"text-token-text-primary w-full focus:outline-none [--shadow-height:45px] has-data-writing-block:pointer-events-none has-data-writing-block:-mt-(--shadow-height) has-data-writing-block:pt-(--shadow-height) [&amp;:has([data-writing-block])&gt;*]:pointer-events-auto [content-visibility:auto] supports-[content-visibility:auto]:[contain-intrinsic-size:auto_100lvh] scroll-mt-[calc(var(--header-height)+min(200px,max(70px,20svh)))]\" dir=\"auto\" tabindex=\"-1\" data-turn-id=\"request-691836cd-f880-8328-a590-c99ebec06edd-3\" data-testid=\"conversation-turn-84\" data-scroll-anchor=\"true\" data-turn=\"assistant\">\n<div class=\"text-base my-auto mx-auto pb-10 [--thread-content-margin:--spacing(4)] thread-sm:[--thread-content-margin:--spacing(6)] thread-lg:[--thread-content-margin:--spacing(16)] px-(--thread-content-margin)\">\n<div class=\"[--thread-content-max-width:40rem] thread-lg:[--thread-content-max-width:48rem] mx-auto max-w-(--thread-content-max-width) flex-1 group\/turn-messages focus-visible:outline-hidden relative flex w-full min-w-0 flex-col agent-turn\" tabindex=\"-1\">\n<div class=\"flex max-w-full flex-col grow\">\n<div class=\"min-h-8 text-message relative flex w-full flex-col items-end gap-2 text-start break-words whitespace-normal [.text-message+&amp;]:mt-1\" dir=\"auto\" data-message-author-role=\"assistant\" data-message-id=\"4604497e-bd6b-4f1f-a874-8cfbc2515a0d\" data-message-model-slug=\"gpt-5-1-thinking\">\n<div class=\"flex w-full flex-col gap-1 empty:hidden first:pt-[1px]\">\n<div class=\"markdown prose dark:prose-invert w-full break-words light markdown-new-styling\">\n<p data-start=\"2753\" data-end=\"2929\" data-is-last-node=\"\" data-is-only-node=\"\">\u042d\u043a\u0441\u043a\u0443\u0440\u0441\u0438\u044f \u0432 \u043a\u0430\u043d\u044c\u043e\u043d \u0421\u0430\u043f\u0430\u0434\u0435\u0440\u0435 \u0438 \u043d\u0430 \u0440\u0435\u043a\u0443 \u0414\u0438\u043c \u0438\u0437 \u0421\u0438\u0434\u0435: \u043a\u0430\u043d\u044c\u043e\u043d, \u043f\u0435\u0449\u0435\u0440\u0430 \u0414\u0438\u043c, \u043e\u0431\u0435\u0434 \u043d\u0430 \u0440\u0435\u043a\u0435 \u0438 \u043a\u0443\u043f\u0430\u043d\u0438\u0435. \u0422\u0440\u0430\u043d\u0441\u0444\u0435\u0440 \u043e\u0442\/\u0434\u043e \u043e\u0442\u0435\u043b\u044f \u0432\u043a\u043b\u044e\u0447\u0451\u043d, \u0438\u0434\u0435\u0430\u043b\u044c\u043d\u043e \u0434\u043b\u044f \u043b\u044e\u0431\u0438\u0442\u0435\u043b\u0435\u0439 \u043f\u0440\u0438\u0440\u043e\u0434\u044b.<\/p>\n<\/div>\n<\/div>\n<\/div>\n<\/div>\n<div class=\"z-0 flex min-h-[46px] justify-start\"><\/div>\n<div class=\"mt-3 w-full empty:hidden\">\n<div class=\"text-center\"><\/div>\n<\/div>\n<\/div>\n<\/div>\n<\/article>\n<div class=\"pointer-events-none h-px w-px\" aria-hidden=\"true\" data-edge=\"true\"><\/div>\n","protected":false},"featured_media":14844,"comment_status":"open","ping_status":"closed","template":"","meta":[],"product_brand":[],"product_cat":[125],"product_tag":[110],"class_list":{"0":"post-14924","1":"product","2":"type-product","3":"status-publish","4":"has-post-thumbnail","6":"tour_phys-ekskursii-v-side","7":"product_cat-ekskursii-v-side","8":"product_tag-side","9":"pa_destination-ekskursii-v-side","11":"first","12":"instock","13":"sale","14":"shipping-taxable","15":"purchasable","16":"product-type-tour_phys"},"aioseo_notices":[],"_links":{"self":[{"href":"https:\/\/mirekskursii.com\/tr\/wp-json\/wp\/v2\/product\/14924","targetHints":{"allow":["GET"]}}],"collection":[{"href":"https:\/\/mirekskursii.com\/tr\/wp-json\/wp\/v2\/product"}],"about":[{"href":"https:\/\/mirekskursii.com\/tr\/wp-json\/wp\/v2\/types\/product"}],"replies":[{"embeddable":true,"href":"https:\/\/mirekskursii.com\/tr\/wp-json\/wp\/v2\/comments?post=14924"}],"wp:featuredmedia":[{"embeddable":true,"href":"https:\/\/mirekskursii.com\/tr\/wp-json\/wp\/v2\/media\/14844"}],"wp:attachment":[{"href":"https:\/\/mirekskursii.com\/tr\/wp-json\/wp\/v2\/media?parent=14924"}],"wp:term":[{"taxonomy":"product_brand","embeddable":true,"href":"https:\/\/mirekskursii.com\/tr\/wp-json\/wp\/v2\/product_brand?post=14924"},{"taxonomy":"product_cat","embeddable":true,"href":"https:\/\/mirekskursii.com\/tr\/wp-json\/wp\/v2\/product_cat?post=14924"},{"taxonomy":"product_tag","embeddable":true,"href":"https:\/\/mirekskursii.com\/tr\/wp-json\/wp\/v2\/product_tag?post=14924"}],"curies":[{"name":"wp","href":"https:\/\/api.w.org\/{rel}","templated":true}]}}