{"id":14923,"date":"2025-11-17T19:40:08","date_gmt":"2025-11-17T16:40:08","guid":{"rendered":"https:\/\/mirekskursii.com\/?post_type=product&#038;p=14923\/"},"modified":"2025-12-11T20:51:03","modified_gmt":"2025-12-11T17:51:03","slug":"dalis-turu-side","status":"publish","type":"product","link":"https:\/\/mirekskursii.com\/ekskursii\/dayving-v-side\/","title":{"rendered":"Side T\u00fcpl\u00fc Dal\u0131\u015f Turu \u2013 Denizalt\u0131 D\u00fcnyas\u0131"},"content":{"rendered":"<h3 data-start=\"0\" data-end=\"14\">\ud83c\udf0a \u0130nceleme<\/h3>\n<p data-start=\"15\" data-end=\"254\">Side'nin b\u00fcy\u00fcleyici sualt\u0131 d\u00fcnyas\u0131na ve Avrupa'n\u0131n en b\u00fcy\u00fck Sualt\u0131 M\u00fczesine dal\u0131n. E\u011fitmen e\u015fli\u011finde iki dal\u0131\u015f, teknede \u00f6\u011fle yeme\u011fi ve otel transferi - hem yeni ba\u015flayanlar (14 ya\u015f\u0131ndan itibaren) hem de sertifikal\u0131 dalg\u0131\u00e7lar i\u00e7in ideal bir g\u00fcn.<\/p>\n<h3 data-start=\"256\" data-end=\"272\">\u00a0Dahil:<\/h3>\n<p data-start=\"273\" data-end=\"455\"><span style=\"color: #00ff00;\"><strong>\u2713<\/strong> <\/span>Otel transferi<br data-start=\"295\" data-end=\"298\" \/><span style=\"color: #00ff00;\"><strong>\u2713<\/strong> <\/span>Tam sigortal\u0131<br data-start=\"318\" data-end=\"321\" \/><span style=\"color: #00ff00;\"><strong>\u2713<\/strong> <\/span>Profesyonel dal\u0131\u015f e\u011fitmenleri<br data-start=\"363\" data-end=\"366\" \/><span style=\"color: #00ff00;\"><strong>\u2713<\/strong> <\/span>Komple dal\u0131\u015f ekipmanlar\u0131<br data-start=\"398\" data-end=\"401\" \/><span style=\"color: #00ff00;\"><strong>\u2713<\/strong> <\/span>Sualt\u0131 M\u00fczesi'nde iki dal\u0131\u015f<br data-start=\"435\" data-end=\"438\" \/><span style=\"color: #00ff00;\"><strong>\u2713<\/strong> <\/span>Teknede \u00f6\u011fle yeme\u011fi<\/p>\n<h3 data-start=\"457\" data-end=\"476\">\u00a0Dahil de\u011fil:<\/h3>\n<p data-start=\"477\" data-end=\"507\"><span style=\"color: #ff0000;\"><strong>\u2717<\/strong> <\/span>Ki\u015fisel harcamalar<br data-start=\"493\" data-end=\"496\" \/><span style=\"color: #ff0000;\"><strong>\u2717<\/strong> <\/span>\u0130\u00e7ecekler<\/p>\n<h3 data-start=\"509\" data-end=\"539\">\ud83c\udf1f Turun \u00f6ne \u00e7\u0131kan \u00f6zellikleri<\/h3>\n<p data-start=\"540\" data-end=\"795\">\ud83d\udd39 Avrupa'n\u0131n En B\u00fcy\u00fck Sualt\u0131 M\u00fczesinde Dal\u0131\u015f<br data-start=\"588\" data-end=\"591\" \/>\ud83d\udd39 Sertifikal\u0131 e\u011fitmenler e\u015fli\u011finde iki dal\u0131\u015f<br data-start=\"643\" data-end=\"646\" \/>\ud83d\udd39 Hem yeni ba\u015flayanlar hem de deneyimli dalg\u0131\u00e7lar i\u00e7in uygundur<br data-start=\"696\" data-end=\"699\" \/>\ud83d\udd39 Dal\u0131\u015flar aras\u0131nda g\u00fcvertede \u00f6\u011fle yeme\u011fi ve dinlenme<br data-start=\"743\" data-end=\"746\" \/>\ud83d\udd39 Side b\u00f6lgesindeki t\u00fcm otellerden uygun transferler<\/p>\n<h3 data-start=\"797\" data-end=\"821\">\ud83d\udcd6 Tam a\u00e7\u0131klama<\/h3>\n<p data-start=\"822\" data-end=\"1502\">Sabah Side b\u00f6lgesindeki otelinizden al\u0131nacak ve limana g\u00f6t\u00fcr\u00fcleceksiniz. Check-in i\u015fleminden sonra profesyonel e\u011fitmenlerinizle tan\u0131\u015facak, g\u00fcvenlik brifingi ve tam dal\u0131\u015f ekipman\u0131 alacaks\u0131n\u0131z. Tekne sizi iki dal\u0131\u015f yapaca\u011f\u0131n\u0131z Sualt\u0131 M\u00fczesi'ne g\u00f6t\u00fcrecek: ilki yeni ba\u015flayanlar i\u00e7in daha s\u0131\u011f ve rahat, ikincisi kendine g\u00fcvenen ve sertifikal\u0131 dalg\u0131\u00e7lar i\u00e7in biraz daha derin ve daha uzun (e\u011fitim seviyesine ba\u011fl\u0131 olarak her biri yakla\u015f\u0131k 20-40 dakika). Dal\u0131\u015flar aras\u0131nda g\u00fcvertede dinlenebilir, g\u00fcne\u015flenebilir ve teknede \u00f6\u011fle yeme\u011finin tad\u0131n\u0131 \u00e7\u0131karabilirsiniz. Dal\u0131\u015f program\u0131n\u0131n tamamlanmas\u0131n\u0131n ard\u0131ndan tekne Side liman\u0131na geri d\u00f6ner ve buradan otelinize transfer edilirsiniz.<\/p>\n<h3 data-start=\"1504\" data-end=\"1526\">\ud83d\uddfa\ufe0f Tur g\u00fczergah\u0131<\/h3>\n<p data-start=\"1527\" data-end=\"1842\">\ud83d\udd39 Side b\u00f6lgesindeki otellerden \u00e7it<br data-start=\"1560\" data-end=\"1563\" \/>\ud83d\udd39 Side liman\u0131na var\u0131\u015f ve tekneye bini\u015f<br data-start=\"1607\" data-end=\"1610\" \/>\ud83d\udd39 G\u00fcvenlik brifingi ve ekipmanlar\u0131n verilmesi<br data-start=\"1659\" data-end=\"1662\" \/>\ud83d\udd39 Sualt\u0131 M\u00fczesi'ne gidin<br data-start=\"1691\" data-end=\"1694\" \/>\ud83d\udd39 \u0130lk dal\u0131\u015f (\u224820-40 dakika)<br data-start=\"1729\" data-end=\"1732\" \/>\ud83d\udd39 G\u00fcvertede \u00f6\u011fle yeme\u011fi ve dinlenme<br data-start=\"1757\" data-end=\"1760\" \/>\ud83d\udd39 \u0130kinci dal\u0131\u015f (\u224820-40 dakika)<br data-start=\"1795\" data-end=\"1798\" \/>\ud83d\udd39 Limana d\u00f6n\u00fc\u015f ve otele transfer<\/p>\n<h3 data-start=\"1844\" data-end=\"1872\">\u2139\ufe0f Faydal\u0131 bilgiler<\/h3>\n<p data-start=\"1873\" data-end=\"2182\">\ud83d\udd39 Dal\u0131\u015f i\u00e7in minimum ya\u015f: 14 ya\u015f<br data-start=\"1918\" data-end=\"1921\" \/>\ud83d\udd39 Tur her g\u00fcn mevcuttur (hava durumuna ba\u011fl\u0131d\u0131r)<br data-start=\"1972\" data-end=\"1975\" \/>\ud83d\udd39 Refakat\u00e7i dalg\u0131\u00e7lar (dal\u0131\u015f yapmayan) indirimli fiyattan kat\u0131labilir<br data-start=\"2053\" data-end=\"2056\" \/>\ud83d\udd39 Unutmay\u0131n: y\u00fczme k\u0131yafeti, havlu ve g\u00fcne\u015f kremi<br data-start=\"2110\" data-end=\"2113\" \/>\ud83d\udd39 Dal\u0131\u015fa kat\u0131lmak i\u00e7in normal bir sa\u011fl\u0131k durumu gereklidir<\/p>\n<h3 data-start=\"2184\" data-end=\"2210\">\ud83c\udf92 Yan\u0131n\u0131za ne almal\u0131s\u0131n\u0131z<\/h3>\n<p data-start=\"2211\" data-end=\"2355\">\ud83d\udd39 Mayo ve havlu.<br data-start=\"2235\" data-end=\"2238\" \/>\ud83d\udd39 G\u00fcne\u015f kremi ve \u015fapka<br data-start=\"2268\" data-end=\"2271\" \/>\ud83d\udd39 Rahat ve hafif giysiler<br data-start=\"2295\" data-end=\"2298\" \/>\ud83d\udd39 \u0130\u00e7ecekler ve ekstralar i\u00e7in biraz para<\/p>\n<h3 data-start=\"2357\" data-end=\"2381\">\ud83d\udeab \u015eunlar i\u00e7in uygun de\u011fildir<\/h3>\n<p data-start=\"2382\" data-end=\"2537\">\ud83d\udd39 Hamile kad\u0131nlar<br data-start=\"2402\" data-end=\"2405\" \/>\ud83d\udd39 Ciddi kardiyovask\u00fcler veya ciddi s\u0131rt problemleri olan misafirler<br data-start=\"2482\" data-end=\"2485\" \/>\ud83d\udd39 Ciddi solunum yolu hastal\u0131\u011f\u0131 olan ki\u015filer<\/p>\n<h3 data-start=\"2539\" data-end=\"2567\">\ud83d\udcb8 Fiyat ve rezervasyon<\/h3>\n<p data-start=\"2568\" data-end=\"2708\"><strong>\ud83d\udd39 \u015eimdi rezervasyon yap\u0131n - tur g\u00fcn\u00fc \u00f6deme yap\u0131n<\/strong><br data-start=\"2614\" data-end=\"2617\" \/>\ud83d\udd39 WhatsApp, Telegram, Viber \u00fczerinden bize ula\u015f\u0131n veya a\u015fa\u011f\u0131daki sipari\u015f formunu doldurun. \ud83d\udc47\ud83c\udffc<\/p>","protected":false},"excerpt":{"rendered":"<article class=\"text-token-text-primary w-full focus:outline-none [--shadow-height:45px] has-data-writing-block:pointer-events-none has-data-writing-block:-mt-(--shadow-height) has-data-writing-block:pt-(--shadow-height) [&amp;:has([data-writing-block])&gt;*]:pointer-events-auto [content-visibility:auto] supports-[content-visibility:auto]:[contain-intrinsic-size:auto_100lvh] scroll-mt-[calc(var(--header-height)+min(200px,max(70px,20svh)))]\" dir=\"auto\" tabindex=\"-1\" data-turn-id=\"request-691836cd-f880-8328-a590-c99ebec06edd-3\" data-testid=\"conversation-turn-84\" data-scroll-anchor=\"true\" data-turn=\"assistant\">\n<div class=\"text-base my-auto mx-auto pb-10 [--thread-content-margin:--spacing(4)] thread-sm:[--thread-content-margin:--spacing(6)] thread-lg:[--thread-content-margin:--spacing(16)] px-(--thread-content-margin)\">\n<div class=\"[--thread-content-max-width:40rem] thread-lg:[--thread-content-max-width:48rem] mx-auto max-w-(--thread-content-max-width) flex-1 group\/turn-messages focus-visible:outline-hidden relative flex w-full min-w-0 flex-col agent-turn\" tabindex=\"-1\">\n<div class=\"flex max-w-full flex-col grow\">\n<div class=\"min-h-8 text-message relative flex w-full flex-col items-end gap-2 text-start break-words whitespace-normal [.text-message+&amp;]:mt-1\" dir=\"auto\" data-message-author-role=\"assistant\" data-message-id=\"4604497e-bd6b-4f1f-a874-8cfbc2515a0d\" data-message-model-slug=\"gpt-5-1-thinking\">\n<div class=\"flex w-full flex-col gap-1 empty:hidden first:pt-[1px]\">\n<div class=\"markdown prose dark:prose-invert w-full break-words light markdown-new-styling\">\n<p data-start=\"2753\" data-end=\"2929\" data-is-last-node=\"\" data-is-only-node=\"\">\u0414\u0430\u0439\u0432\u0438\u043d\u0433 \u0432 \u0421\u0438\u0434\u0435 \u0438 \u041f\u043e\u0434\u0432\u043e\u0434\u043d\u044b\u0439 \u043c\u0443\u0437\u0435\u0439: 2 \u043f\u043e\u0433\u0440\u0443\u0436\u0435\u043d\u0438\u044f \u0441 \u0438\u043d\u0441\u0442\u0440\u0443\u043a\u0442\u043e\u0440\u043e\u043c, \u043e\u0431\u0435\u0434 \u043d\u0430 \u043b\u043e\u0434\u043a\u0435 \u0438 \u0442\u0440\u0430\u043d\u0441\u0444\u0435\u0440 \u043e\u0442\/\u0434\u043e \u043e\u0442\u0435\u043b\u044f. \u0418\u0434\u0435\u0430\u043b\u044c\u043d\u043e \u0434\u043b\u044f \u043d\u043e\u0432\u0438\u0447\u043a\u043e\u0432 \u043e\u0442 14 \u043b\u0435\u0442 \u0438 \u0441\u0435\u0440\u0442\u0438\u0444\u0438\u0446\u0438\u0440\u043e\u0432\u0430\u043d\u043d\u044b\u0445 \u0434\u0430\u0439\u0432\u0435\u0440\u043e\u0432.<\/p>\n<\/div>\n<\/div>\n<\/div>\n<\/div>\n<div class=\"z-0 flex min-h-[46px] justify-start\"><\/div>\n<div class=\"mt-3 w-full empty:hidden\">\n<div class=\"text-center\"><\/div>\n<\/div>\n<\/div>\n<\/div>\n<\/article>\n<div class=\"pointer-events-none h-px w-px\" aria-hidden=\"true\" data-edge=\"true\"><\/div>\n","protected":false},"featured_media":14837,"comment_status":"open","ping_status":"closed","template":"","meta":[],"product_brand":[],"product_cat":[125],"product_tag":[110],"class_list":{"0":"post-14923","1":"product","2":"type-product","3":"status-publish","4":"has-post-thumbnail","6":"tour_phys-ekskursii-v-side","7":"product_cat-ekskursii-v-side","8":"product_tag-side","9":"pa_destination-ekskursii-v-side","11":"first","12":"instock","13":"shipping-taxable","14":"purchasable","15":"product-type-tour_phys"},"aioseo_notices":[],"_links":{"self":[{"href":"https:\/\/mirekskursii.com\/tr\/wp-json\/wp\/v2\/product\/14923","targetHints":{"allow":["GET"]}}],"collection":[{"href":"https:\/\/mirekskursii.com\/tr\/wp-json\/wp\/v2\/product"}],"about":[{"href":"https:\/\/mirekskursii.com\/tr\/wp-json\/wp\/v2\/types\/product"}],"replies":[{"embeddable":true,"href":"https:\/\/mirekskursii.com\/tr\/wp-json\/wp\/v2\/comments?post=14923"}],"wp:featuredmedia":[{"embeddable":true,"href":"https:\/\/mirekskursii.com\/tr\/wp-json\/wp\/v2\/media\/14837"}],"wp:attachment":[{"href":"https:\/\/mirekskursii.com\/tr\/wp-json\/wp\/v2\/media?parent=14923"}],"wp:term":[{"taxonomy":"product_brand","embeddable":true,"href":"https:\/\/mirekskursii.com\/tr\/wp-json\/wp\/v2\/product_brand?post=14923"},{"taxonomy":"product_cat","embeddable":true,"href":"https:\/\/mirekskursii.com\/tr\/wp-json\/wp\/v2\/product_cat?post=14923"},{"taxonomy":"product_tag","embeddable":true,"href":"https:\/\/mirekskursii.com\/tr\/wp-json\/wp\/v2\/product_tag?post=14923"}],"curies":[{"name":"wp","href":"https:\/\/api.w.org\/{rel}","templated":true}]}}