{"id":14922,"date":"2025-11-17T19:22:33","date_gmt":"2025-11-17T16:22:33","guid":{"rendered":"https:\/\/mirekskursii.com\/?post_type=product&#038;p=14922\/"},"modified":"2025-12-12T11:29:40","modified_gmt":"2025-12-12T08:29:40","slug":"balik-turu-side","status":"publish","type":"product","link":"https:\/\/mirekskursii.com\/ekskursii\/morskaya-rybalka-v-side\/","title":{"rendered":"Side Bal\u0131k Turu \u2013 Tekne ile Deniz Bal\u0131k\u00e7\u0131l\u0131\u011f\u0131"},"content":{"rendered":"<h3 data-start=\"0\" data-end=\"14\">\ud83c\udfa3 \u0130nceleme<\/h3>\n<p data-start=\"15\" data-end=\"301\">Akdeniz'de 4-5 saatlik rahatlat\u0131c\u0131 bir turda Side'de bir yatta deniz bal\u0131k\u00e7\u0131l\u0131\u011f\u0131n\u0131n tad\u0131n\u0131 \u00e7\u0131kar\u0131n. K\u00fc\u00e7\u00fck ve rahat bir tekne, maksimum \u224812 misafir, profesyonel kaptan, 30-60 m derinlikte bal\u0131k tutma, y\u00fczme ve g\u00fcne\u015flenme - yeni ba\u015flayanlar ve deneyimli olta bal\u0131k\u00e7\u0131lar\u0131 i\u00e7in ideal bir yar\u0131m g\u00fcn se\u00e7ene\u011fi.<\/p>\n<h3 data-start=\"303\" data-end=\"319\">\u00a0Dahil:<\/h3>\n<p data-start=\"320\" data-end=\"540\"><span style=\"color: #00ff00;\"><strong>\u2713<\/strong> <\/span>Otel transferi<br data-start=\"342\" data-end=\"345\" \/><span style=\"color: #00ff00;\"><strong>\u2713<\/strong> <\/span>Tam sigorta kapsam\u0131<br data-start=\"372\" data-end=\"375\" \/><span style=\"color: #00ff00;\"><strong>\u2713<\/strong> <\/span>Profesyonel kaptan ve bal\u0131k\u00e7\u0131l\u0131k e\u011fitmeni<br data-start=\"425\" data-end=\"428\" \/><span style=\"color: #00ff00;\"><strong>\u2713<\/strong> <\/span>Gemide hafif kahvalt\u0131 (sabah turu i\u00e7in)<br data-start=\"474\" data-end=\"477\" \/><span style=\"color: #00ff00;\"><strong>\u2713<\/strong> <\/span>T\u00fcm bal\u0131k\u00e7\u0131l\u0131k ekipmanlar\u0131 ve yemler.<br data-start=\"514\" data-end=\"517\" \/><span style=\"color: #00ff00;\"><strong>\u2713<\/strong> <\/span>Teknede \u00e7ay ve kahve<\/p>\n<h3 data-start=\"542\" data-end=\"561\">\u00a0Dahil de\u011fil:<\/h3>\n<p data-start=\"562\" data-end=\"737\"><span style=\"color: #ff0000;\"><strong>\u2717<\/strong> <\/span>Alkols\u00fcz i\u00e7ecekler ve alkoll\u00fc i\u00e7ecekler (\u00e7ay\/kahve hari\u00e7)<br data-start=\"617\" data-end=\"620\" \/><span style=\"color: #ff0000;\"><strong>\u2717<\/strong> <\/span>Foto\u011fraflar ve videolar \/ DVD'ler<br data-start=\"646\" data-end=\"649\" \/><span style=\"color: #ff0000;\"><strong>\u2717<\/strong> <\/span>Ki\u015fisel harcamalar ve bah\u015fi\u015fler<br data-start=\"674\" data-end=\"677\" \/><span style=\"color: #ff0000;\"><strong>\u2717<\/strong> <\/span>Av\u0131n \u0131zgarada pi\u015firilmesi (ki\u015fi ba\u015f\u0131 5 \u20ac, iste\u011fe ba\u011fl\u0131)<\/p>\n<h3 data-start=\"739\" data-end=\"769\">\ud83c\udf1f Turun \u00f6ne \u00e7\u0131kan \u00f6zellikleri<\/h3>\n<p data-start=\"770\" data-end=\"1142\">\ud83d\udd39 10 metrelik k\u00fc\u00e7\u00fck bir teknede otantik deniz bal\u0131k\u00e7\u0131l\u0131\u011f\u0131 (12 ki\u015fiye kadar)<br data-start=\"846\" data-end=\"849\" \/>\ud83d\udd39 Profesyonel bir bal\u0131k\u00e7\u0131 Karaburun Burnu veya Yunus Adas\u0131 a\u00e7\u0131klar\u0131ndaki en iyi noktalar\u0131 g\u00f6steriyor<br data-start=\"939\" data-end=\"942\" \/>\ud83d\udd39 Echo sounder (bal\u0131k bulucu sonar) ile 30-60 m derinliklerde bal\u0131k avlama<br data-start=\"1006\" data-end=\"1009\" \/>\ud83d\udd39 Kristal berrakl\u0131\u011f\u0131ndaki Akdeniz'de y\u00fczme ve g\u00fcne\u015flenme zaman\u0131<br data-start=\"1075\" data-end=\"1078\" \/>\ud83d\udd39 Sabah ve \u00f6\u011fleden sonra turlar\u0131: tatil program\u0131n\u0131za uygun<\/p>\n<h3 data-start=\"1144\" data-end=\"1168\">\ud83d\udcd6 Tam a\u00e7\u0131klama<\/h3>\n<p data-start=\"1169\" data-end=\"1468\">Turunuz Side b\u00f6lgesindeki otelinizden yerel limana konforlu bir transfer ile ba\u015flayacakt\u0131r. \u0130skelede g\u00fcler y\u00fczl\u00fc kaptan taraf\u0131ndan kar\u015f\u0131lanacak ve rota, m\u00fccadele ve g\u00fcvenlik hakk\u0131nda bilgilendirileceksiniz. Tekneye bindikten sonra, tekne Karaburun veya Yunus Adas\u0131 \u00e7evresindeki en iyi bal\u0131k\u00e7\u0131l\u0131k noktalar\u0131na do\u011fru denize a\u00e7\u0131lacakt\u0131r.<\/p>\n<p data-start=\"1470\" data-end=\"1866\">3-4 saatlik bal\u0131k tutma gezisi s\u0131ras\u0131nda kaptan ve e\u011fitmen, ilk kez bal\u0131k tutuyor olsan\u0131z bile donan\u0131m, d\u00f6k\u00fcm ve \u00e7ekme konular\u0131nda size yard\u0131mc\u0131 olacakt\u0131r. Kat\u0131l\u0131mc\u0131lar bal\u0131k tutma ile y\u00fczme ve g\u00fcvertede dinlenmeyi d\u00f6n\u00fc\u015f\u00fcml\u00fc olarak yapabilirler. Sabah turlar\u0131 i\u00e7in hafif bir kahvalt\u0131 servis edilir ve ek bir \u00fccret kar\u015f\u0131l\u0131\u011f\u0131nda av\u0131n\u0131z temizlenebilir ve \u0131zgara yap\u0131labilir. Gezinin sonunda tekne Side liman\u0131na geri d\u00f6necek ve sizi otelinize g\u00f6t\u00fcrecektir.<\/p>\n<h3 data-start=\"1868\" data-end=\"1890\">\ud83d\uddfa\ufe0f Tur g\u00fczergah\u0131<\/h3>\n<p data-start=\"1891\" data-end=\"2204\">\ud83d\udd39 Side b\u00f6lgesindeki otellerden \u00e7it<br data-start=\"1924\" data-end=\"1927\" \/>\ud83d\udd39 Side liman\u0131na var\u0131\u015f ve kaptan taraf\u0131ndan kar\u015f\u0131lanma<br data-start=\"1975\" data-end=\"1978\" \/>\ud83d\udd39 M\u00fccadele, rota ve g\u00fcvenlik hakk\u0131nda k\u0131sa brifing<br data-start=\"2035\" data-end=\"2038\" \/>\ud83d\udd39 3-4 saat denizde bal\u0131k tutma, dinlenme ve istenirse y\u00fczme<br data-start=\"2097\" data-end=\"2100\" \/>\ud83d\udd39 Gemide hafif kahvalt\u0131 (sabah turu)<br data-start=\"2141\" data-end=\"2144\" \/>\ud83d\udd39 Side Liman\u0131'na D\u00f6n\u00fc\u015f<br data-start=\"2172\" data-end=\"2175\" \/>\ud83d\udd39 Otellere geri transfer<\/p>\n<h3 data-start=\"2206\" data-end=\"2234\">\u2139\ufe0f Faydal\u0131 bilgiler<\/h3>\n<p data-start=\"2235\" data-end=\"2565\">\ud83d\udd39 S\u00fcre: yakla\u015f\u0131k 5 saat (transferler dahil)<br data-start=\"2290\" data-end=\"2293\" \/>\ud83d\udd39 Tekne kapasitesi: 10-12 ki\u015fiye kadar<br data-start=\"2330\" data-end=\"2333\" \/>\ud83d\udd39 Bal\u0131k\u00e7\u0131l\u0131k deneyimi gerekli de\u011fildir - her \u015fey e\u011fitmen taraf\u0131ndan a\u00e7\u0131klanacakt\u0131r<br data-start=\"2388\" data-end=\"2391\" \/>\ud83d\udd39 Sabah (yakla\u015f\u0131k 08:00-12:30) ve \u00f6\u011fleden sonra (yakla\u015f\u0131k 15:00-19:30) u\u00e7u\u015flar\u0131 mevcuttur<br data-start=\"2473\" data-end=\"2476\" \/>\ud83d\udd39 Ayr\u0131 olarak \u00f6denecek bal\u0131k temizleme ve haz\u0131rlama hizmeti (ki\u015fi ba\u015f\u0131 5 \u20ac, iste\u011fe ba\u011fl\u0131)<\/p>\n<h3 data-start=\"2567\" data-end=\"2593\">\ud83c\udf92 Yan\u0131n\u0131za ne almal\u0131s\u0131n\u0131z<\/h3>\n<p data-start=\"2594\" data-end=\"2753\">\ud83d\udd39 G\u00fcne\u015f g\u00f6zl\u00fc\u011f\u00fc ve g\u00fcne\u015f kremi<br data-start=\"2633\" data-end=\"2636\" \/>\ud83d\udd39 Rahat, hafif k\u0131yafetler ve ayakkab\u0131lar<br data-start=\"2668\" data-end=\"2671\" \/>\ud83d\udd39 Mayo ve havlu.<br data-start=\"2695\" data-end=\"2698\" \/>\ud83d\udd39 \u0130\u00e7ecekler, foto\u011fraflar ve ki\u015fisel harcamalar i\u00e7in k\u00fc\u00e7\u00fck bir miktar para<\/p>\n<h3 data-start=\"2755\" data-end=\"2779\">\ud83d\udeab \u015eunlar i\u00e7in uygun de\u011fildir<\/h3>\n<p data-start=\"2780\" data-end=\"2896\">\ud83d\udd39 Hamile kad\u0131nlar<br data-start=\"2800\" data-end=\"2803\" \/>\ud83d\udd39 Ciddi kalp veya s\u0131rt sorunlar\u0131 olan konuklar<br data-start=\"2853\" data-end=\"2856\" \/>\ud83d\udd39 \u015eiddetli deniz tutmas\u0131 olan ki\u015filer<\/p>\n<h3 data-start=\"2898\" data-end=\"2926\">\ud83d\udcb8 Fiyat ve rezervasyon<\/h3>\n<p data-start=\"2927\" data-end=\"3067\"><strong>\ud83d\udd39 \u015eimdi rezervasyon yap\u0131n - tur g\u00fcn\u00fc \u00f6deme yap\u0131n<\/strong><br data-start=\"2973\" data-end=\"2976\" \/>\ud83d\udd39 WhatsApp, Telegram, Viber \u00fczerinden bize ula\u015f\u0131n veya a\u015fa\u011f\u0131daki sipari\u015f formunu doldurun. \ud83d\udc47\ud83c\udffc<\/p>","protected":false},"excerpt":{"rendered":"<p>Side'de k\u00fc\u00e7\u00fck bir yatta deniz bal\u0131k\u00e7\u0131l\u0131\u011f\u0131: Akdeniz'de 4-5 saat, olta tak\u0131m\u0131 ve yem dahil, otelden\/otele transfer, kaptan-e\u011fitmen, y\u00fczme ve g\u00fcvertede dinlenme.<\/p>","protected":false},"featured_media":14835,"comment_status":"open","ping_status":"closed","template":"","meta":[],"product_brand":[],"product_cat":[125],"product_tag":[110],"class_list":{"0":"post-14922","1":"product","2":"type-product","3":"status-publish","4":"has-post-thumbnail","6":"tour_phys-ekskursii-v-side","7":"product_cat-ekskursii-v-side","8":"product_tag-side","9":"pa_destination-ekskursii-v-side","11":"first","12":"instock","13":"sale","14":"shipping-taxable","15":"purchasable","16":"product-type-tour_phys"},"aioseo_notices":[],"_links":{"self":[{"href":"https:\/\/mirekskursii.com\/tr\/wp-json\/wp\/v2\/product\/14922","targetHints":{"allow":["GET"]}}],"collection":[{"href":"https:\/\/mirekskursii.com\/tr\/wp-json\/wp\/v2\/product"}],"about":[{"href":"https:\/\/mirekskursii.com\/tr\/wp-json\/wp\/v2\/types\/product"}],"replies":[{"embeddable":true,"href":"https:\/\/mirekskursii.com\/tr\/wp-json\/wp\/v2\/comments?post=14922"}],"wp:featuredmedia":[{"embeddable":true,"href":"https:\/\/mirekskursii.com\/tr\/wp-json\/wp\/v2\/media\/14835"}],"wp:attachment":[{"href":"https:\/\/mirekskursii.com\/tr\/wp-json\/wp\/v2\/media?parent=14922"}],"wp:term":[{"taxonomy":"product_brand","embeddable":true,"href":"https:\/\/mirekskursii.com\/tr\/wp-json\/wp\/v2\/product_brand?post=14922"},{"taxonomy":"product_cat","embeddable":true,"href":"https:\/\/mirekskursii.com\/tr\/wp-json\/wp\/v2\/product_cat?post=14922"},{"taxonomy":"product_tag","embeddable":true,"href":"https:\/\/mirekskursii.com\/tr\/wp-json\/wp\/v2\/product_tag?post=14922"}],"curies":[{"name":"wp","href":"https:\/\/api.w.org\/{rel}","templated":true}]}}