{"id":14918,"date":"2025-11-17T19:06:51","date_gmt":"2025-11-17T16:06:51","guid":{"rendered":"https:\/\/mirekskursii.com\/?post_type=product&#038;p=14918\/"},"modified":"2025-12-11T20:51:48","modified_gmt":"2025-12-11T17:51:48","slug":"jeep-safari-turu-side","status":"publish","type":"product","link":"https:\/\/mirekskursii.com\/ekskursii\/dzhip-safari-v-side\/","title":{"rendered":"Side Jeep Safari Turu \u2013 Do\u011fa ve Macera"},"content":{"rendered":"<h3 data-start=\"39\" data-end=\"53\">\ud83d\ude99 \u0130nceleme<\/h3>\n<p data-start=\"54\" data-end=\"277\">Side'den bir jeep safarisine \u00e7\u0131k\u0131n ve Toros Da\u011flar\u0131'n\u0131n vah\u015fi g\u00fczelli\u011fini ke\u015ffedin. Da\u011f k\u00f6yleri, off-road, nehirde serinletici bir y\u00fczme ve do\u011fada barbek\u00fc \u00f6\u011fle yeme\u011fi sizi bekliyor - macerac\u0131lar ve aileler i\u00e7in m\u00fckemmel bir g\u00fcn.<\/p>\n<h3 data-start=\"279\" data-end=\"295\">\u00a0Dahil:<\/h3>\n<p data-start=\"296\" data-end=\"444\"><span style=\"color: #00ff00;\"><strong>\u2713<\/strong> <\/span>Otel transferi<br data-start=\"318\" data-end=\"321\" \/><span style=\"color: #00ff00;\"><strong>\u2713<\/strong> <\/span>4\u00d74 jeep turu (Land Rover veya benzeri)<br data-start=\"364\" data-end=\"367\" \/><span style=\"color: #00ff00;\"><strong>\u2713<\/strong> <\/span>Rehber: Rus\u00e7a, \u0130ngilizce<br data-start=\"393\" data-end=\"396\" \/><span style=\"color: #00ff00;\"><strong>\u2713<\/strong> <\/span>\u00d6\u011fle yeme\u011fi (barbek\u00fc)<br data-start=\"412\" data-end=\"415\" \/><span style=\"color: #00ff00;\"><strong>\u2713<\/strong> <\/span>Tam sigorta kapsam\u0131<\/p>\n<h3 data-start=\"446\" data-end=\"465\">\u00a0Dahil de\u011fil:<\/h3>\n<p data-start=\"466\" data-end=\"513\"><span style=\"color: #ff0000;\"><strong>\u2717<\/strong> <\/span>\u0130\u00e7ecekler<br data-start=\"475\" data-end=\"478\" \/><span style=\"color: #ff0000;\"><strong>\u2717<\/strong> <\/span>Ki\u015fisel harcamalar<br data-start=\"494\" data-end=\"497\" \/><span style=\"color: #ff0000;\"><strong>\u2717<\/strong> <\/span>Foto\u011fraf ve video<\/p>\n<h3 data-start=\"515\" data-end=\"545\">\ud83c\udf1f Turun \u00f6ne \u00e7\u0131kan \u00f6zellikleri<\/h3>\n<p data-start=\"546\" data-end=\"918\">\ud83d\udd39 Ormanlar, serpantinler ve da\u011f nehirleri aras\u0131nda heyecan verici bir off-road s\u00fcr\u00fc\u015f\u00fc<br data-start=\"621\" data-end=\"624\" \/>\ud83d\udd39 Geleneksel bir T\u00fcrk k\u00f6y\u00fcn\u00fc ziyaret etmek ve yerel ya\u015fam\u0131 deneyimlemek<br data-start=\"696\" data-end=\"699\" \/>\ud83d\udd39 Toros ve \u00e7evre manzaral\u0131 foto\u011fraflar i\u00e7in pitoresk seyir noktalar\u0131<br data-start=\"772\" data-end=\"775\" \/>\ud83d\udd39 K\u0131rsal kesimde rustik bir restoranda barbek\u00fc \u00f6\u011fle yeme\u011fi<br data-start=\"825\" data-end=\"828\" \/>\ud83d\udd39 Serin bir da\u011f nehrinde y\u0131kanmak<br data-start=\"863\" data-end=\"866\" \/>\ud83d\udd39 Jipler aras\u0131nda e\u011flenceli su sava\u015f\u0131 (iste\u011fe ba\u011fl\u0131)<\/p>\n<h3 data-start=\"920\" data-end=\"944\">\ud83d\udcd6 Tam a\u00e7\u0131klama<\/h3>\n<p data-start=\"945\" data-end=\"1648\">Sabah Side b\u00f6lgesindeki otelinizden al\u0131nacak ve jeep safari kalk\u0131\u015f noktan\u0131za transfer edileceksiniz. \u015eof\u00f6r\u00fcn\u00fcz\u00fc ve rehberinizi tan\u0131d\u0131ktan sonra \u00fcst\u00fc a\u00e7\u0131k bir jeep ile Toros Da\u011flar\u0131'na do\u011fru yola \u00e7\u0131kacaks\u0131n\u0131z. Yol boyunca toprak yollar, ormanl\u0131k alanlar ve panoramik manzaral\u0131 y\u0131lankavi yollarla kar\u015f\u0131la\u015facaks\u0131n\u0131z. Rota, yerel halk\u0131n g\u00fcnl\u00fck ya\u015fam\u0131n\u0131 g\u00f6rmek i\u00e7in geleneksel bir T\u00fcrk k\u00f6y\u00fcnde duraklamalar\u0131n yan\u0131 s\u0131ra renkli foto\u011fraflar i\u00e7in \u00e7e\u015fitli bak\u0131\u015f a\u00e7\u0131lar\u0131n\u0131 da i\u00e7eriyor. G\u00fcn ortas\u0131nda k\u0131rsal alanda lezzetli bir barbek\u00fc \u00f6\u011fle yeme\u011finin tad\u0131n\u0131 \u00e7\u0131karacak ve ard\u0131ndan da\u011f nehrinde serinletici bir y\u00fczme i\u00e7in zaman ay\u0131racaks\u0131n\u0131z. D\u00f6n\u00fc\u015f yolunda dilerseniz cipler aras\u0131nda e\u011flenceli bir su sava\u015f\u0131 yapabilirsiniz. Turun sonunda konforlu bir \u015fekilde otelinize geri g\u00f6t\u00fcr\u00fcleceksiniz.<\/p>\n<h3 data-start=\"1650\" data-end=\"1672\">\ud83d\uddfa\ufe0f Tur g\u00fczergah\u0131<\/h3>\n<p data-start=\"1673\" data-end=\"1969\">\ud83d\udd39 Side b\u00f6lgesindeki otellerden \u00e7it<br data-start=\"1706\" data-end=\"1709\" \/>\ud83d\udd39 Toros Da\u011flar\u0131'nda Jeep yolculu\u011fu<br data-start=\"1749\" data-end=\"1752\" \/>\ud83d\udd39 Yerel bir k\u00f6yde mola<br data-start=\"1782\" data-end=\"1785\" \/>\ud83d\udd39 Pitoresk foto\u011fraf duraklar\u0131 ve manzara noktalar\u0131<br data-start=\"1833\" data-end=\"1836\" \/>\ud83d\udd39 K\u0131rsalda bir barbek\u00fc \u00f6\u011fle yeme\u011fi<br data-start=\"1862\" data-end=\"1865\" \/>\ud83d\udd39 Bir da\u011f nehrinde y\u0131kanmak<br data-start=\"1889\" data-end=\"1892\" \/>\ud83d\udd39 Cipler aras\u0131nda gereksiz su sava\u015f\u0131<br data-start=\"1936\" data-end=\"1939\" \/>\ud83d\udd39 Otellere d\u00f6n\u00fc\u015f transferi<\/p>\n<h3 data-start=\"1971\" data-end=\"1999\">\u2139\ufe0f Faydal\u0131 bilgiler<\/h3>\n<p data-start=\"2000\" data-end=\"2427\">\ud83d\udd39 S\u00fcre: yakla\u015f\u0131k 7-8 saat (tam g\u00fcn tur)<br data-start=\"2063\" data-end=\"2066\" \/>\ud83d\udd39 \u00c7ocuklu aileler i\u00e7in uygundur (yeti\u015fkinler e\u015fli\u011finde)<br data-start=\"2123\" data-end=\"2126\" \/>\ud83d\udd39 Rota, hava ve yol ko\u015fullar\u0131na ba\u011fl\u0131 olarak ayarlanabilir<br data-start=\"2203\" data-end=\"2206\" \/>\ud83d\udd39 S\u00fcr\u00fc\u015f s\u0131ras\u0131nda, yol d\u0131\u015f\u0131 b\u00f6l\u00fcmler nedeniyle sars\u0131nt\u0131 meydana gelebilir<br data-start=\"2268\" data-end=\"2271\" \/>\ud83d\udd39 \u00dccretsiz seyahat eden \u00e7ocuklar, tam dolu oldu\u011funda otob\u00fcste\/cipte ayr\u0131 bir koltu\u011fa sahip de\u011fildir (ek \u00fccret kar\u015f\u0131l\u0131\u011f\u0131nda \u00f6nceden ayr\u0131 bir koltuk rezerve edilebilir)<\/p>\n<h3 data-start=\"2429\" data-end=\"2455\">\ud83c\udf92 Yan\u0131n\u0131za ne almal\u0131s\u0131n\u0131z<\/h3>\n<p data-start=\"2456\" data-end=\"2649\">\ud83d\udd39 Rahat k\u0131yafetler ve ayakkab\u0131lar<br data-start=\"2481\" data-end=\"2484\" \/>\ud83d\udd39 G\u00fcne\u015f g\u00f6zl\u00fc\u011f\u00fc ve \u015fapka\/bere<br data-start=\"2520\" data-end=\"2523\" \/>\ud83d\udd39 G\u00fcne\u015f Kremi<br data-start=\"2545\" data-end=\"2548\" \/>\ud83d\udd39 Nehirde y\u00fczmek i\u00e7in mayo ve havlu<br data-start=\"2591\" data-end=\"2594\" \/>\ud83d\udd39 \u0130\u00e7ecekler, foto\u011fraflar ve ki\u015fisel harcamalar i\u00e7in k\u00fc\u00e7\u00fck bir miktar para<\/p>\n<h3 data-start=\"2651\" data-end=\"2675\">\ud83d\udeab \u015eunlar i\u00e7in uygun de\u011fildir<\/h3>\n<p data-start=\"2676\" data-end=\"2787\">\ud83d\udd39 Hamile kad\u0131nlar<br data-start=\"2696\" data-end=\"2699\" \/>\ud83d\udd39 Ciddi bel veya boyun sorunlar\u0131 olan konuklar<br data-start=\"2746\" data-end=\"2749\" \/>\ud83d\udd39 Hareket kabiliyeti k\u0131s\u0131tl\u0131 ki\u015filer<\/p>\n<h3 data-start=\"2789\" data-end=\"2817\">\ud83d\udcb8 Fiyat ve rezervasyon<\/h3>\n<p data-start=\"2818\" data-end=\"2964\"><strong>\ud83d\udd39 \u015eimdi rezervasyon yap\u0131n - tur g\u00fcn\u00fc \u00f6deme yap\u0131n<\/strong><br data-start=\"2864\" data-end=\"2867\" \/>\ud83d\udd39 WhatsApp, Telegram, Viber \u00fczerinden bize ula\u015f\u0131n veya a\u015fa\u011f\u0131daki rezervasyon formunu doldurun. \ud83d\udc47\ud83c\udffc<\/p>","protected":false},"excerpt":{"rendered":"<p>Toros Da\u011flar\u0131 boyunca Side'de jeep safari: k\u00f6yler, off-road, da\u011f nehrinde y\u00fczme ve barbek\u00fc \u00f6\u011fle yeme\u011fi. Otel transferi, Rus\u00e7a ve \u0130ngilizce rehberlik, sigorta dahildir.<\/p>","protected":false},"featured_media":14823,"comment_status":"open","ping_status":"closed","template":"","meta":[],"product_brand":[],"product_cat":[125],"product_tag":[110],"class_list":{"0":"post-14918","1":"product","2":"type-product","3":"status-publish","4":"has-post-thumbnail","6":"tour_phys-ekskursii-v-side","7":"product_cat-ekskursii-v-side","8":"product_tag-side","9":"pa_destination-ekskursii-v-side","11":"first","12":"instock","13":"sale","14":"shipping-taxable","15":"purchasable","16":"product-type-tour_phys"},"aioseo_notices":[],"_links":{"self":[{"href":"https:\/\/mirekskursii.com\/tr\/wp-json\/wp\/v2\/product\/14918","targetHints":{"allow":["GET"]}}],"collection":[{"href":"https:\/\/mirekskursii.com\/tr\/wp-json\/wp\/v2\/product"}],"about":[{"href":"https:\/\/mirekskursii.com\/tr\/wp-json\/wp\/v2\/types\/product"}],"replies":[{"embeddable":true,"href":"https:\/\/mirekskursii.com\/tr\/wp-json\/wp\/v2\/comments?post=14918"}],"wp:featuredmedia":[{"embeddable":true,"href":"https:\/\/mirekskursii.com\/tr\/wp-json\/wp\/v2\/media\/14823"}],"wp:attachment":[{"href":"https:\/\/mirekskursii.com\/tr\/wp-json\/wp\/v2\/media?parent=14918"}],"wp:term":[{"taxonomy":"product_brand","embeddable":true,"href":"https:\/\/mirekskursii.com\/tr\/wp-json\/wp\/v2\/product_brand?post=14918"},{"taxonomy":"product_cat","embeddable":true,"href":"https:\/\/mirekskursii.com\/tr\/wp-json\/wp\/v2\/product_cat?post=14918"},{"taxonomy":"product_tag","embeddable":true,"href":"https:\/\/mirekskursii.com\/tr\/wp-json\/wp\/v2\/product_tag?post=14918"}],"curies":[{"name":"wp","href":"https:\/\/api.w.org\/{rel}","templated":true}]}}